{"id":21421,"date":"2025-05-13T08:30:17","date_gmt":"2025-05-13T08:30:17","guid":{"rendered":"https:\/\/jopanautica.com\/producto\/torqeedo-travel-xp-l\/"},"modified":"2025-05-13T08:41:12","modified_gmt":"2025-05-13T08:41:12","slug":"torqeedo-travel-xp-l","status":"publish","type":"product","link":"https:\/\/jopanautica.com\/fr\/producto\/torqeedo-travel-xp-l\/","title":{"rendered":"Torqeedo Travel XP L"},"content":{"rendered":"<ul>\n<li><b>Une performance puissante :<\/b>\u00a0Le Travel XP offre 44 % de pouss\u00e9e en plus que le mod\u00e8le Travel standard, ce qui le rend id\u00e9al pour les grands bateaux et les conditions difficiles.<\/li>\n<li><b>\u00c9quivalent 5 CV :<\/b>\u00a0Avec une puissance \u00e9lectrique de 1600 W, le Travel XP offre une pouss\u00e9e \u00e9quivalente \u00e0 celle d&rsquo;un moteur hors-bord de 5 CV, ce qui garantit des performances efficaces et fiables.<\/li>\n<li><b>L\u00e9ger et portable :\u00a0<\/b>Le moteur du Travel XP ne p\u00e8se que 12,6 kg (27,8 lbs), ce qui le rend facile \u00e0 manipuler et \u00e0 installer.<\/li>\n<li><b>Batterie au lithium :<\/b>\u00a0Le Travel XP est disponible avec une batterie au lithium haute capacit\u00e9 de 1425 Wh (9,6 kg), facile \u00e0 utiliser et compatible avec diff\u00e9rentes options de chargement, y compris l&rsquo;\u00e9nergie solaire.<\/li>\n<li><b>La navigation de plaisance sans \u00e9missions :<\/b>\u00a0Avec le Travel XP, faites l&rsquo;exp\u00e9rience d&rsquo;une navigation de plaisance sans \u00e9missions et respectueuse de l&rsquo;environnement, et contribuez \u00e0 un environnement plus propre et plus vert.<\/li>\n<li>Longueurs d&rsquo;arbre: 62,5cm (Travel S), 75cm (Travel L)<\/li>\n<li>Disponible avec commande de barre franche<\/li>\n<\/ul>\n","protected":false},"excerpt":{"rendered":"<ul>\n<li>Fourniture : moteur hors-bord avec commande de barre franche (type de commande T) ou t\u00e9l\u00e9commande incl. Acc\u00e9l\u00e9rateur Torqlink (type de commande R, 1976-00), puce magn\u00e9tique d&rsquo;arr\u00eat d&rsquo;urgence (1978-00), chargeur 180 W ((7012-00), h\u00e9lice 11&#215;8 WDR (7007-00), anode pour arbre moteur, aileron, mode d&#8217;emploi<\/li>\n<li>Garantie : 2 ans pour plaisanciers<\/li>\n<li><\/li>\n<\/ul>\n","protected":false},"featured_media":21396,"template":"","meta":{"_acf_changed":false},"product_brand":[],"product_cat":[904],"product_tag":[],"class_list":{"0":"post-21421","1":"product","2":"type-product","3":"status-publish","4":"has-post-thumbnail","6":"product_cat-torqeedo-nuevo-fr","8":"first","9":"instock","10":"taxable","11":"shipping-taxable","12":"purchasable","13":"product-type-simple"},"acf":[],"yoast_head":"<!-- This site is optimized with the Yoast SEO Premium plugin v26.7 (Yoast SEO v26.7) - https:\/\/yoast.com\/wordpress\/plugins\/seo\/ -->\n<title>Torqeedo Travel XP L - Jopa N\u00e0utica<\/title>\n<meta name=\"robots\" content=\"index, follow, max-snippet:-1, max-image-preview:large, max-video-preview:-1\" \/>\n<link rel=\"canonical\" href=\"https:\/\/jopanautica.com\/fr\/producto\/torqeedo-travel-xp-l\/\" \/>\n<meta property=\"og:locale\" content=\"fr_FR\" \/>\n<meta property=\"og:type\" content=\"article\" \/>\n<meta property=\"og:title\" content=\"Torqeedo Travel XP L\" \/>\n<meta property=\"og:description\" content=\"Fourniture : moteur hors-bord avec commande de barre franche (type de commande T) ou t\u00e9l\u00e9commande incl. Acc\u00e9l\u00e9rateur Torqlink (type de commande R, 1976-00), puce magn\u00e9tique d&#039;arr\u00eat d&#039;urgence (1978-00), chargeur 180 W ((7012-00), h\u00e9lice 11x8 WDR (7007-00), anode pour arbre moteur, aileron, mode d&#039;emploi  Garantie : 2 ans pour plaisanciers\" \/>\n<meta property=\"og:url\" content=\"https:\/\/jopanautica.com\/fr\/producto\/torqeedo-travel-xp-l\/\" \/>\n<meta property=\"og:site_name\" content=\"Jopa N\u00e0utica\" \/>\n<meta property=\"article:modified_time\" content=\"2025-05-13T08:41:12+00:00\" \/>\n<meta property=\"og:image\" content=\"https:\/\/jopanautica.com\/wp-content\/uploads\/torqeedo-travel-xp-2000x2000-1.jpg\" \/>\n\t<meta property=\"og:image:width\" content=\"348\" \/>\n\t<meta property=\"og:image:height\" content=\"348\" \/>\n\t<meta property=\"og:image:type\" content=\"image\/jpeg\" \/>\n<meta name=\"twitter:card\" content=\"summary_large_image\" \/>\n<meta name=\"twitter:label1\" content=\"Dur\u00e9e de lecture estim\u00e9e\" \/>\n\t<meta name=\"twitter:data1\" content=\"1 minute\" \/>\n<script type=\"application\/ld+json\" class=\"yoast-schema-graph\">{\"@context\":\"https:\/\/schema.org\",\"@graph\":[{\"@type\":\"WebPage\",\"@id\":\"https:\/\/jopanautica.com\/fr\/producto\/torqeedo-travel-xp-l\/\",\"url\":\"https:\/\/jopanautica.com\/fr\/producto\/torqeedo-travel-xp-l\/\",\"name\":\"Torqeedo Travel XP L - Jopa N\u00e0utica\",\"isPartOf\":{\"@id\":\"https:\/\/jopanautica.com\/#website\"},\"primaryImageOfPage\":{\"@id\":\"https:\/\/jopanautica.com\/fr\/producto\/torqeedo-travel-xp-l\/#primaryimage\"},\"image\":{\"@id\":\"https:\/\/jopanautica.com\/fr\/producto\/torqeedo-travel-xp-l\/#primaryimage\"},\"thumbnailUrl\":\"https:\/\/jopanautica.com\/wp-content\/uploads\/torqeedo-travel-xp-2000x2000-1.jpg\",\"datePublished\":\"2025-05-13T08:30:17+00:00\",\"dateModified\":\"2025-05-13T08:41:12+00:00\",\"breadcrumb\":{\"@id\":\"https:\/\/jopanautica.com\/fr\/producto\/torqeedo-travel-xp-l\/#breadcrumb\"},\"inLanguage\":\"fr-FR\",\"potentialAction\":[{\"@type\":\"ReadAction\",\"target\":[\"https:\/\/jopanautica.com\/fr\/producto\/torqeedo-travel-xp-l\/\"]}]},{\"@type\":\"ImageObject\",\"inLanguage\":\"fr-FR\",\"@id\":\"https:\/\/jopanautica.com\/fr\/producto\/torqeedo-travel-xp-l\/#primaryimage\",\"url\":\"https:\/\/jopanautica.com\/wp-content\/uploads\/torqeedo-travel-xp-2000x2000-1.jpg\",\"contentUrl\":\"https:\/\/jopanautica.com\/wp-content\/uploads\/torqeedo-travel-xp-2000x2000-1.jpg\",\"width\":348,\"height\":348},{\"@type\":\"BreadcrumbList\",\"@id\":\"https:\/\/jopanautica.com\/fr\/producto\/torqeedo-travel-xp-l\/#breadcrumb\",\"itemListElement\":[{\"@type\":\"ListItem\",\"position\":1,\"name\":\"Portada\",\"item\":\"https:\/\/jopanautica.com\/fr\/\"},{\"@type\":\"ListItem\",\"position\":2,\"name\":\"Boutique\",\"item\":\"https:\/\/jopanautica.com\/fr\/boutique\/\"},{\"@type\":\"ListItem\",\"position\":3,\"name\":\"Torqeedo Travel XP L\"}]},{\"@type\":\"WebSite\",\"@id\":\"https:\/\/jopanautica.com\/#website\",\"url\":\"https:\/\/jopanautica.com\/\",\"name\":\"Jopa N\u00e0utica\",\"description\":\"Jopa N\u00e0utica l&#039; Escala\",\"publisher\":{\"@id\":\"https:\/\/jopanautica.com\/#organization\"},\"potentialAction\":[{\"@type\":\"SearchAction\",\"target\":{\"@type\":\"EntryPoint\",\"urlTemplate\":\"https:\/\/jopanautica.com\/?s={search_term_string}\"},\"query-input\":{\"@type\":\"PropertyValueSpecification\",\"valueRequired\":true,\"valueName\":\"search_term_string\"}}],\"inLanguage\":\"fr-FR\"},{\"@type\":\"Organization\",\"@id\":\"https:\/\/jopanautica.com\/#organization\",\"name\":\"Jopa N\u00e0utica\",\"url\":\"https:\/\/jopanautica.com\/\",\"logo\":{\"@type\":\"ImageObject\",\"inLanguage\":\"fr-FR\",\"@id\":\"https:\/\/jopanautica.com\/#\/schema\/logo\/image\/\",\"url\":\"https:\/\/jopanautica.com\/wp-content\/uploads\/2020\/06\/jopa-nautica-logo.png\",\"contentUrl\":\"https:\/\/jopanautica.com\/wp-content\/uploads\/2020\/06\/jopa-nautica-logo.png\",\"width\":600,\"height\":159,\"caption\":\"Jopa N\u00e0utica\"},\"image\":{\"@id\":\"https:\/\/jopanautica.com\/#\/schema\/logo\/image\/\"}}]}<\/script>\n<!-- \/ Yoast SEO Premium plugin. -->","yoast_head_json":{"title":"Torqeedo Travel XP L - Jopa N\u00e0utica","robots":{"index":"index","follow":"follow","max-snippet":"max-snippet:-1","max-image-preview":"max-image-preview:large","max-video-preview":"max-video-preview:-1"},"canonical":"https:\/\/jopanautica.com\/fr\/producto\/torqeedo-travel-xp-l\/","og_locale":"fr_FR","og_type":"article","og_title":"Torqeedo Travel XP L","og_description":"Fourniture : moteur hors-bord avec commande de barre franche (type de commande T) ou t\u00e9l\u00e9commande incl. Acc\u00e9l\u00e9rateur Torqlink (type de commande R, 1976-00), puce magn\u00e9tique d'arr\u00eat d'urgence (1978-00), chargeur 180 W ((7012-00), h\u00e9lice 11x8 WDR (7007-00), anode pour arbre moteur, aileron, mode d'emploi  Garantie : 2 ans pour plaisanciers","og_url":"https:\/\/jopanautica.com\/fr\/producto\/torqeedo-travel-xp-l\/","og_site_name":"Jopa N\u00e0utica","article_modified_time":"2025-05-13T08:41:12+00:00","og_image":[{"width":348,"height":348,"url":"https:\/\/jopanautica.com\/wp-content\/uploads\/torqeedo-travel-xp-2000x2000-1.jpg","type":"image\/jpeg"}],"twitter_card":"summary_large_image","twitter_misc":{"Dur\u00e9e de lecture estim\u00e9e":"1 minute"},"schema":{"@context":"https:\/\/schema.org","@graph":[{"@type":"WebPage","@id":"https:\/\/jopanautica.com\/fr\/producto\/torqeedo-travel-xp-l\/","url":"https:\/\/jopanautica.com\/fr\/producto\/torqeedo-travel-xp-l\/","name":"Torqeedo Travel XP L - Jopa N\u00e0utica","isPartOf":{"@id":"https:\/\/jopanautica.com\/#website"},"primaryImageOfPage":{"@id":"https:\/\/jopanautica.com\/fr\/producto\/torqeedo-travel-xp-l\/#primaryimage"},"image":{"@id":"https:\/\/jopanautica.com\/fr\/producto\/torqeedo-travel-xp-l\/#primaryimage"},"thumbnailUrl":"https:\/\/jopanautica.com\/wp-content\/uploads\/torqeedo-travel-xp-2000x2000-1.jpg","datePublished":"2025-05-13T08:30:17+00:00","dateModified":"2025-05-13T08:41:12+00:00","breadcrumb":{"@id":"https:\/\/jopanautica.com\/fr\/producto\/torqeedo-travel-xp-l\/#breadcrumb"},"inLanguage":"fr-FR","potentialAction":[{"@type":"ReadAction","target":["https:\/\/jopanautica.com\/fr\/producto\/torqeedo-travel-xp-l\/"]}]},{"@type":"ImageObject","inLanguage":"fr-FR","@id":"https:\/\/jopanautica.com\/fr\/producto\/torqeedo-travel-xp-l\/#primaryimage","url":"https:\/\/jopanautica.com\/wp-content\/uploads\/torqeedo-travel-xp-2000x2000-1.jpg","contentUrl":"https:\/\/jopanautica.com\/wp-content\/uploads\/torqeedo-travel-xp-2000x2000-1.jpg","width":348,"height":348},{"@type":"BreadcrumbList","@id":"https:\/\/jopanautica.com\/fr\/producto\/torqeedo-travel-xp-l\/#breadcrumb","itemListElement":[{"@type":"ListItem","position":1,"name":"Portada","item":"https:\/\/jopanautica.com\/fr\/"},{"@type":"ListItem","position":2,"name":"Boutique","item":"https:\/\/jopanautica.com\/fr\/boutique\/"},{"@type":"ListItem","position":3,"name":"Torqeedo Travel XP L"}]},{"@type":"WebSite","@id":"https:\/\/jopanautica.com\/#website","url":"https:\/\/jopanautica.com\/","name":"Jopa N\u00e0utica","description":"Jopa N\u00e0utica l&#039; Escala","publisher":{"@id":"https:\/\/jopanautica.com\/#organization"},"potentialAction":[{"@type":"SearchAction","target":{"@type":"EntryPoint","urlTemplate":"https:\/\/jopanautica.com\/?s={search_term_string}"},"query-input":{"@type":"PropertyValueSpecification","valueRequired":true,"valueName":"search_term_string"}}],"inLanguage":"fr-FR"},{"@type":"Organization","@id":"https:\/\/jopanautica.com\/#organization","name":"Jopa N\u00e0utica","url":"https:\/\/jopanautica.com\/","logo":{"@type":"ImageObject","inLanguage":"fr-FR","@id":"https:\/\/jopanautica.com\/#\/schema\/logo\/image\/","url":"https:\/\/jopanautica.com\/wp-content\/uploads\/2020\/06\/jopa-nautica-logo.png","contentUrl":"https:\/\/jopanautica.com\/wp-content\/uploads\/2020\/06\/jopa-nautica-logo.png","width":600,"height":159,"caption":"Jopa N\u00e0utica"},"image":{"@id":"https:\/\/jopanautica.com\/#\/schema\/logo\/image\/"}}]}},"_links":{"self":[{"href":"https:\/\/jopanautica.com\/fr\/wp-json\/wp\/v2\/product\/21421","targetHints":{"allow":["GET"]}}],"collection":[{"href":"https:\/\/jopanautica.com\/fr\/wp-json\/wp\/v2\/product"}],"about":[{"href":"https:\/\/jopanautica.com\/fr\/wp-json\/wp\/v2\/types\/product"}],"wp:featuredmedia":[{"embeddable":true,"href":"https:\/\/jopanautica.com\/fr\/wp-json\/wp\/v2\/media\/21396"}],"wp:attachment":[{"href":"https:\/\/jopanautica.com\/fr\/wp-json\/wp\/v2\/media?parent=21421"}],"wp:term":[{"taxonomy":"product_brand","embeddable":true,"href":"https:\/\/jopanautica.com\/fr\/wp-json\/wp\/v2\/product_brand?post=21421"},{"taxonomy":"product_cat","embeddable":true,"href":"https:\/\/jopanautica.com\/fr\/wp-json\/wp\/v2\/product_cat?post=21421"},{"taxonomy":"product_tag","embeddable":true,"href":"https:\/\/jopanautica.com\/fr\/wp-json\/wp\/v2\/product_tag?post=21421"}],"curies":[{"name":"wp","href":"https:\/\/api.w.org\/{rel}","templated":true}]}}