{"id":21415,"date":"2025-05-13T08:08:35","date_gmt":"2025-05-13T08:08:35","guid":{"rendered":"https:\/\/jopanautica.com\/producto\/torqeedo-travel-xp-s\/"},"modified":"2025-05-13T08:08:35","modified_gmt":"2025-05-13T08:08:35","slug":"torqeedo-travel-xp-s","status":"publish","type":"product","link":"https:\/\/jopanautica.com\/fr\/producto\/torqeedo-travel-xp-s\/","title":{"rendered":"Torqeedo Travel XP S"},"content":{"rendered":"<ul>\n<li><b>Potente rendimiento:<\/b>\u00a0El Travel XP proporciona un 44 % m\u00e1s de propulsi\u00f3n que el modelo Travel est\u00e1ndar, lo que lo hace ideal para embarcaciones m\u00e1s grandes y condiciones dif\u00edciles.<\/li>\n<li><b>Equivalente a 5 CV:<\/b>\u00a0Con 1600 W de potencia el\u00e9ctrica, la Travel XP ofrece la propulsi\u00f3n equivalente a un motor fueraborda de 5 CV, lo que garantiza un rendimiento eficiente y fiable.<\/li>\n<li><b>Ligero y port\u00e1til:<\/b>\u00a0El motor de Travel XP pesa solo 12,6 kg (27,8 lb), lo que facilita el manejo y la instalaci\u00f3n.<\/li>\n<li><b>Bater\u00eda de litio:<\/b>\u00a0Travel XP est\u00e1 disponible con un pack de bater\u00edas de litio de alta capacidad de 1425 Wh (9,6 kg), que es f\u00e1cil de usar y admite varias opciones de carga, incluida la energ\u00eda solar.<\/li>\n<li><b>Navegaci\u00f3n sin emisiones:<\/b>\u00a0Experimente una navegaci\u00f3n sin emisiones y respetuosa con el medioambiente con Travel XP, contribuyendo a un entorno m\u00e1s limpio y ecol\u00f3gico.<\/li>\n<li>Longitudes de eje: 62,5cm (Travel S), 75cm (Travel L)<\/li>\n<li>Disponible con control de ca\u00f1a (tipo T) o control remoto (tipo R)<\/li>\n<\/ul>\n","protected":false},"excerpt":{"rendered":"<ul>\n<li>Productos incluidos: motor fueraborda con control de ca\u00f1a (control tipo T) o control remoto incl. Acelerador Torqlink (control tipo R, 1976-00), chip magn\u00e9tico de parada de emergencia (1978-00), cargador de 180W (7012-00), h\u00e9lice 11&#215;8 WDR (7007-00), \u00e1nodo de eje para el eje del motor, aleta, manual de instrucciones<\/li>\n<li>Garant\u00eda: 2 a\u00f1os si se usa para fines privados<\/li>\n<\/ul>\n","protected":false},"featured_media":21396,"template":"","meta":{"_acf_changed":false},"product_brand":[],"product_cat":[416,904],"product_tag":[],"class_list":{"0":"post-21415","1":"product","2":"type-product","3":"status-publish","4":"has-post-thumbnail","6":"product_cat-neuf","7":"product_cat-torqeedo-nuevo-fr","9":"first","10":"instock","11":"taxable","12":"shipping-taxable","13":"purchasable","14":"product-type-simple"},"acf":[],"yoast_head":"<!-- This site is optimized with the Yoast SEO Premium plugin v26.7 (Yoast SEO v26.7) - https:\/\/yoast.com\/wordpress\/plugins\/seo\/ -->\n<title>Torqeedo Travel XP S - Jopa N\u00e0utica<\/title>\n<meta name=\"robots\" content=\"index, follow, max-snippet:-1, max-image-preview:large, max-video-preview:-1\" \/>\n<link rel=\"canonical\" href=\"https:\/\/jopanautica.com\/fr\/producto\/torqeedo-travel-xp-s\/\" \/>\n<meta property=\"og:locale\" content=\"fr_FR\" \/>\n<meta property=\"og:type\" content=\"article\" \/>\n<meta property=\"og:title\" content=\"Torqeedo Travel XP S\" \/>\n<meta property=\"og:description\" content=\"Productos incluidos: motor fueraborda con control de ca\u00f1a (control tipo T) o control remoto incl. Acelerador Torqlink (control tipo R, 1976-00), chip magn\u00e9tico de parada de emergencia (1978-00), cargador de 180W (7012-00), h\u00e9lice 11x8 WDR (7007-00), \u00e1nodo de eje para el eje del motor, aleta, manual de instrucciones  Garant\u00eda: 2 a\u00f1os si se usa para fines privados\" \/>\n<meta property=\"og:url\" content=\"https:\/\/jopanautica.com\/fr\/producto\/torqeedo-travel-xp-s\/\" \/>\n<meta property=\"og:site_name\" content=\"Jopa N\u00e0utica\" \/>\n<meta name=\"twitter:card\" content=\"summary_large_image\" \/>\n<meta name=\"twitter:label1\" content=\"Dur\u00e9e de lecture estim\u00e9e\" \/>\n\t<meta name=\"twitter:data1\" content=\"1 minute\" \/>\n<script type=\"application\/ld+json\" class=\"yoast-schema-graph\">{\"@context\":\"https:\/\/schema.org\",\"@graph\":[{\"@type\":\"WebPage\",\"@id\":\"https:\/\/jopanautica.com\/fr\/producto\/torqeedo-travel-xp-s\/\",\"url\":\"https:\/\/jopanautica.com\/fr\/producto\/torqeedo-travel-xp-s\/\",\"name\":\"Torqeedo Travel XP S - Jopa N\u00e0utica\",\"isPartOf\":{\"@id\":\"https:\/\/jopanautica.com\/#website\"},\"primaryImageOfPage\":{\"@id\":\"https:\/\/jopanautica.com\/fr\/producto\/torqeedo-travel-xp-s\/#primaryimage\"},\"image\":{\"@id\":\"https:\/\/jopanautica.com\/fr\/producto\/torqeedo-travel-xp-s\/#primaryimage\"},\"thumbnailUrl\":\"https:\/\/jopanautica.com\/wp-content\/uploads\/torqeedo-travel-xp-2000x2000-1.jpg\",\"datePublished\":\"2025-05-13T08:08:35+00:00\",\"breadcrumb\":{\"@id\":\"https:\/\/jopanautica.com\/fr\/producto\/torqeedo-travel-xp-s\/#breadcrumb\"},\"inLanguage\":\"fr-FR\",\"potentialAction\":[{\"@type\":\"ReadAction\",\"target\":[\"https:\/\/jopanautica.com\/fr\/producto\/torqeedo-travel-xp-s\/\"]}]},{\"@type\":\"ImageObject\",\"inLanguage\":\"fr-FR\",\"@id\":\"https:\/\/jopanautica.com\/fr\/producto\/torqeedo-travel-xp-s\/#primaryimage\",\"url\":\"https:\/\/jopanautica.com\/wp-content\/uploads\/torqeedo-travel-xp-2000x2000-1.jpg\",\"contentUrl\":\"https:\/\/jopanautica.com\/wp-content\/uploads\/torqeedo-travel-xp-2000x2000-1.jpg\",\"width\":348,\"height\":348},{\"@type\":\"BreadcrumbList\",\"@id\":\"https:\/\/jopanautica.com\/fr\/producto\/torqeedo-travel-xp-s\/#breadcrumb\",\"itemListElement\":[{\"@type\":\"ListItem\",\"position\":1,\"name\":\"Portada\",\"item\":\"https:\/\/jopanautica.com\/fr\/\"},{\"@type\":\"ListItem\",\"position\":2,\"name\":\"Boutique\",\"item\":\"https:\/\/jopanautica.com\/fr\/boutique\/\"},{\"@type\":\"ListItem\",\"position\":3,\"name\":\"Torqeedo Travel XP S\"}]},{\"@type\":\"WebSite\",\"@id\":\"https:\/\/jopanautica.com\/#website\",\"url\":\"https:\/\/jopanautica.com\/\",\"name\":\"Jopa N\u00e0utica\",\"description\":\"Jopa N\u00e0utica l&#039; Escala\",\"publisher\":{\"@id\":\"https:\/\/jopanautica.com\/#organization\"},\"potentialAction\":[{\"@type\":\"SearchAction\",\"target\":{\"@type\":\"EntryPoint\",\"urlTemplate\":\"https:\/\/jopanautica.com\/?s={search_term_string}\"},\"query-input\":{\"@type\":\"PropertyValueSpecification\",\"valueRequired\":true,\"valueName\":\"search_term_string\"}}],\"inLanguage\":\"fr-FR\"},{\"@type\":\"Organization\",\"@id\":\"https:\/\/jopanautica.com\/#organization\",\"name\":\"Jopa N\u00e0utica\",\"url\":\"https:\/\/jopanautica.com\/\",\"logo\":{\"@type\":\"ImageObject\",\"inLanguage\":\"fr-FR\",\"@id\":\"https:\/\/jopanautica.com\/#\/schema\/logo\/image\/\",\"url\":\"https:\/\/jopanautica.com\/wp-content\/uploads\/2020\/06\/jopa-nautica-logo.png\",\"contentUrl\":\"https:\/\/jopanautica.com\/wp-content\/uploads\/2020\/06\/jopa-nautica-logo.png\",\"width\":600,\"height\":159,\"caption\":\"Jopa N\u00e0utica\"},\"image\":{\"@id\":\"https:\/\/jopanautica.com\/#\/schema\/logo\/image\/\"}}]}<\/script>\n<!-- \/ Yoast SEO Premium plugin. -->","yoast_head_json":{"title":"Torqeedo Travel XP S - Jopa N\u00e0utica","robots":{"index":"index","follow":"follow","max-snippet":"max-snippet:-1","max-image-preview":"max-image-preview:large","max-video-preview":"max-video-preview:-1"},"canonical":"https:\/\/jopanautica.com\/fr\/producto\/torqeedo-travel-xp-s\/","og_locale":"fr_FR","og_type":"article","og_title":"Torqeedo Travel XP S","og_description":"Productos incluidos: motor fueraborda con control de ca\u00f1a (control tipo T) o control remoto incl. Acelerador Torqlink (control tipo R, 1976-00), chip magn\u00e9tico de parada de emergencia (1978-00), cargador de 180W (7012-00), h\u00e9lice 11x8 WDR (7007-00), \u00e1nodo de eje para el eje del motor, aleta, manual de instrucciones  Garant\u00eda: 2 a\u00f1os si se usa para fines privados","og_url":"https:\/\/jopanautica.com\/fr\/producto\/torqeedo-travel-xp-s\/","og_site_name":"Jopa N\u00e0utica","twitter_card":"summary_large_image","twitter_misc":{"Dur\u00e9e de lecture estim\u00e9e":"1 minute"},"schema":{"@context":"https:\/\/schema.org","@graph":[{"@type":"WebPage","@id":"https:\/\/jopanautica.com\/fr\/producto\/torqeedo-travel-xp-s\/","url":"https:\/\/jopanautica.com\/fr\/producto\/torqeedo-travel-xp-s\/","name":"Torqeedo Travel XP S - Jopa N\u00e0utica","isPartOf":{"@id":"https:\/\/jopanautica.com\/#website"},"primaryImageOfPage":{"@id":"https:\/\/jopanautica.com\/fr\/producto\/torqeedo-travel-xp-s\/#primaryimage"},"image":{"@id":"https:\/\/jopanautica.com\/fr\/producto\/torqeedo-travel-xp-s\/#primaryimage"},"thumbnailUrl":"https:\/\/jopanautica.com\/wp-content\/uploads\/torqeedo-travel-xp-2000x2000-1.jpg","datePublished":"2025-05-13T08:08:35+00:00","breadcrumb":{"@id":"https:\/\/jopanautica.com\/fr\/producto\/torqeedo-travel-xp-s\/#breadcrumb"},"inLanguage":"fr-FR","potentialAction":[{"@type":"ReadAction","target":["https:\/\/jopanautica.com\/fr\/producto\/torqeedo-travel-xp-s\/"]}]},{"@type":"ImageObject","inLanguage":"fr-FR","@id":"https:\/\/jopanautica.com\/fr\/producto\/torqeedo-travel-xp-s\/#primaryimage","url":"https:\/\/jopanautica.com\/wp-content\/uploads\/torqeedo-travel-xp-2000x2000-1.jpg","contentUrl":"https:\/\/jopanautica.com\/wp-content\/uploads\/torqeedo-travel-xp-2000x2000-1.jpg","width":348,"height":348},{"@type":"BreadcrumbList","@id":"https:\/\/jopanautica.com\/fr\/producto\/torqeedo-travel-xp-s\/#breadcrumb","itemListElement":[{"@type":"ListItem","position":1,"name":"Portada","item":"https:\/\/jopanautica.com\/fr\/"},{"@type":"ListItem","position":2,"name":"Boutique","item":"https:\/\/jopanautica.com\/fr\/boutique\/"},{"@type":"ListItem","position":3,"name":"Torqeedo Travel XP S"}]},{"@type":"WebSite","@id":"https:\/\/jopanautica.com\/#website","url":"https:\/\/jopanautica.com\/","name":"Jopa N\u00e0utica","description":"Jopa N\u00e0utica l&#039; Escala","publisher":{"@id":"https:\/\/jopanautica.com\/#organization"},"potentialAction":[{"@type":"SearchAction","target":{"@type":"EntryPoint","urlTemplate":"https:\/\/jopanautica.com\/?s={search_term_string}"},"query-input":{"@type":"PropertyValueSpecification","valueRequired":true,"valueName":"search_term_string"}}],"inLanguage":"fr-FR"},{"@type":"Organization","@id":"https:\/\/jopanautica.com\/#organization","name":"Jopa N\u00e0utica","url":"https:\/\/jopanautica.com\/","logo":{"@type":"ImageObject","inLanguage":"fr-FR","@id":"https:\/\/jopanautica.com\/#\/schema\/logo\/image\/","url":"https:\/\/jopanautica.com\/wp-content\/uploads\/2020\/06\/jopa-nautica-logo.png","contentUrl":"https:\/\/jopanautica.com\/wp-content\/uploads\/2020\/06\/jopa-nautica-logo.png","width":600,"height":159,"caption":"Jopa N\u00e0utica"},"image":{"@id":"https:\/\/jopanautica.com\/#\/schema\/logo\/image\/"}}]}},"_links":{"self":[{"href":"https:\/\/jopanautica.com\/fr\/wp-json\/wp\/v2\/product\/21415","targetHints":{"allow":["GET"]}}],"collection":[{"href":"https:\/\/jopanautica.com\/fr\/wp-json\/wp\/v2\/product"}],"about":[{"href":"https:\/\/jopanautica.com\/fr\/wp-json\/wp\/v2\/types\/product"}],"wp:featuredmedia":[{"embeddable":true,"href":"https:\/\/jopanautica.com\/fr\/wp-json\/wp\/v2\/media\/21396"}],"wp:attachment":[{"href":"https:\/\/jopanautica.com\/fr\/wp-json\/wp\/v2\/media?parent=21415"}],"wp:term":[{"taxonomy":"product_brand","embeddable":true,"href":"https:\/\/jopanautica.com\/fr\/wp-json\/wp\/v2\/product_brand?post=21415"},{"taxonomy":"product_cat","embeddable":true,"href":"https:\/\/jopanautica.com\/fr\/wp-json\/wp\/v2\/product_cat?post=21415"},{"taxonomy":"product_tag","embeddable":true,"href":"https:\/\/jopanautica.com\/fr\/wp-json\/wp\/v2\/product_tag?post=21415"}],"curies":[{"name":"wp","href":"https:\/\/api.w.org\/{rel}","templated":true}]}}