{"id":21389,"date":"2025-05-13T07:54:55","date_gmt":"2025-05-13T07:54:55","guid":{"rendered":"https:\/\/jopanautica.com\/producto\/torqeedo-travel-s\/"},"modified":"2025-05-13T08:25:22","modified_gmt":"2025-05-13T08:25:22","slug":"torqeedo-travel-s","status":"publish","type":"product","link":"https:\/\/jopanautica.com\/fr\/producto\/torqeedo-travel-s\/","title":{"rendered":"Torqeedo Travel S"},"content":{"rendered":"<ul>\n<li><b>Parfait pour les petits bateaux :<\/b>\u00a0Le moteur Travel \u00e0 entra\u00eenement direct ultra-silencieux et fiable de 1100 W, \u00e9quivalent \u00e0 3 CV, est id\u00e9al pour les annexes, les d\u00e9riveurs et les voiliers de jour jusqu&rsquo;\u00e0 1,5 tonne, ce qui le rend adapt\u00e9 aux voies navigables int\u00e9rieures et aux ports.<\/li>\n<li><b>L\u00e9ger et portable :<\/b>\u00a0Sans \u00e9missions, l\u00e9ger et facile \u00e0 manipuler avec seulement 11,6 kg (25,5 lbs).<\/li>\n<li><b>Facile \u00e0 utiliser :<\/b>\u00a0Une batterie click-and-play signifie qu&rsquo;il n&rsquo;y a pas de c\u00e2bles \u00e0 brancher et la technologie intelligente du moteur ajoute des fonctions de pointe. Il est disponible en deux longueurs d&rsquo;arbre et comprend un timon pliable et r\u00e9glable ainsi qu&rsquo;un \u00e9cran r\u00e9tro\u00e9clair\u00e9 en couleur.<\/li>\n<li><b>Exactement ce dont vous avez besoin :<\/b>\u00a0L&rsquo;Essential Package est le plus l\u00e9ger des hors-bord Travel nouvelle g\u00e9n\u00e9ration.<\/li>\n<li><b>Prolongez votre s\u00e9jour sur l&rsquo;eau :<\/b>\u00a0La batterie de plus grande capacit\u00e9 du Range Package augmente l&rsquo;autonomie jusqu&rsquo;\u00e0 32 %.<\/li>\n<li>Longueurs d&rsquo;arbre: 62,5cm (Travel S), 75cm (Travel L)<\/li>\n<\/ul>\n","protected":false},"excerpt":{"rendered":"<ul>\n<li>Fourniture : moteur hors-bord avec commande de barre franche, puce magn\u00e9tique d&rsquo;arr\u00eat d&rsquo;urgence (1978-00), chargeur 180 W (7012-00), h\u00e9lice 10&#215;6,5 WDR (7006-00), anode pour arbre moteur (1905-00), aileron (7013-00), mode d&#8217;emploi<\/li>\n<li>Garantie : 2 ans pour plaisanciers<\/li>\n<\/ul>\n","protected":false},"featured_media":21370,"template":"","meta":{"_acf_changed":false},"product_brand":[],"product_cat":[416,904],"product_tag":[],"class_list":{"0":"post-21389","1":"product","2":"type-product","3":"status-publish","4":"has-post-thumbnail","6":"product_cat-neuf","7":"product_cat-torqeedo-nuevo-fr","9":"first","10":"outofstock","11":"taxable","12":"shipping-taxable","13":"purchasable","14":"product-type-simple"},"acf":[],"yoast_head":"<!-- This site is optimized with the Yoast SEO Premium plugin v26.7 (Yoast SEO v26.7) - https:\/\/yoast.com\/wordpress\/plugins\/seo\/ -->\n<title>Torqeedo Travel S - Jopa N\u00e0utica<\/title>\n<meta name=\"robots\" content=\"index, follow, max-snippet:-1, max-image-preview:large, max-video-preview:-1\" \/>\n<link rel=\"canonical\" href=\"https:\/\/jopanautica.com\/fr\/producto\/torqeedo-travel-s\/\" \/>\n<meta property=\"og:locale\" content=\"fr_FR\" \/>\n<meta property=\"og:type\" content=\"article\" \/>\n<meta property=\"og:title\" content=\"Torqeedo Travel S\" \/>\n<meta property=\"og:description\" content=\"Fourniture : moteur hors-bord avec commande de barre franche, puce magn\u00e9tique d&#039;arr\u00eat d&#039;urgence (1978-00), chargeur 180 W (7012-00), h\u00e9lice 10x6,5 WDR (7006-00), anode pour arbre moteur (1905-00), aileron (7013-00), mode d&#039;emploi  Garantie : 2 ans pour plaisanciers\" \/>\n<meta property=\"og:url\" content=\"https:\/\/jopanautica.com\/fr\/producto\/torqeedo-travel-s\/\" \/>\n<meta property=\"og:site_name\" content=\"Jopa N\u00e0utica\" \/>\n<meta property=\"article:modified_time\" content=\"2025-05-13T08:25:22+00:00\" \/>\n<meta property=\"og:image\" content=\"https:\/\/jopanautica.com\/wp-content\/uploads\/torqeedo_travel-S_perspective-A_0009.jpg\" \/>\n\t<meta property=\"og:image:width\" content=\"510\" \/>\n\t<meta property=\"og:image:height\" content=\"510\" \/>\n\t<meta property=\"og:image:type\" content=\"image\/jpeg\" \/>\n<meta name=\"twitter:card\" content=\"summary_large_image\" \/>\n<meta name=\"twitter:label1\" content=\"Dur\u00e9e de lecture estim\u00e9e\" \/>\n\t<meta name=\"twitter:data1\" content=\"1 minute\" \/>\n<script type=\"application\/ld+json\" class=\"yoast-schema-graph\">{\"@context\":\"https:\/\/schema.org\",\"@graph\":[{\"@type\":\"WebPage\",\"@id\":\"https:\/\/jopanautica.com\/fr\/producto\/torqeedo-travel-s\/\",\"url\":\"https:\/\/jopanautica.com\/fr\/producto\/torqeedo-travel-s\/\",\"name\":\"Torqeedo Travel S - Jopa N\u00e0utica\",\"isPartOf\":{\"@id\":\"https:\/\/jopanautica.com\/#website\"},\"primaryImageOfPage\":{\"@id\":\"https:\/\/jopanautica.com\/fr\/producto\/torqeedo-travel-s\/#primaryimage\"},\"image\":{\"@id\":\"https:\/\/jopanautica.com\/fr\/producto\/torqeedo-travel-s\/#primaryimage\"},\"thumbnailUrl\":\"https:\/\/jopanautica.com\/wp-content\/uploads\/torqeedo_travel-S_perspective-A_0009.jpg\",\"datePublished\":\"2025-05-13T07:54:55+00:00\",\"dateModified\":\"2025-05-13T08:25:22+00:00\",\"breadcrumb\":{\"@id\":\"https:\/\/jopanautica.com\/fr\/producto\/torqeedo-travel-s\/#breadcrumb\"},\"inLanguage\":\"fr-FR\",\"potentialAction\":[{\"@type\":\"ReadAction\",\"target\":[\"https:\/\/jopanautica.com\/fr\/producto\/torqeedo-travel-s\/\"]}]},{\"@type\":\"ImageObject\",\"inLanguage\":\"fr-FR\",\"@id\":\"https:\/\/jopanautica.com\/fr\/producto\/torqeedo-travel-s\/#primaryimage\",\"url\":\"https:\/\/jopanautica.com\/wp-content\/uploads\/torqeedo_travel-S_perspective-A_0009.jpg\",\"contentUrl\":\"https:\/\/jopanautica.com\/wp-content\/uploads\/torqeedo_travel-S_perspective-A_0009.jpg\",\"width\":510,\"height\":510},{\"@type\":\"BreadcrumbList\",\"@id\":\"https:\/\/jopanautica.com\/fr\/producto\/torqeedo-travel-s\/#breadcrumb\",\"itemListElement\":[{\"@type\":\"ListItem\",\"position\":1,\"name\":\"Portada\",\"item\":\"https:\/\/jopanautica.com\/fr\/\"},{\"@type\":\"ListItem\",\"position\":2,\"name\":\"Boutique\",\"item\":\"https:\/\/jopanautica.com\/fr\/boutique\/\"},{\"@type\":\"ListItem\",\"position\":3,\"name\":\"Torqeedo Travel S\"}]},{\"@type\":\"WebSite\",\"@id\":\"https:\/\/jopanautica.com\/#website\",\"url\":\"https:\/\/jopanautica.com\/\",\"name\":\"Jopa N\u00e0utica\",\"description\":\"Jopa N\u00e0utica l&#039; Escala\",\"publisher\":{\"@id\":\"https:\/\/jopanautica.com\/#organization\"},\"potentialAction\":[{\"@type\":\"SearchAction\",\"target\":{\"@type\":\"EntryPoint\",\"urlTemplate\":\"https:\/\/jopanautica.com\/?s={search_term_string}\"},\"query-input\":{\"@type\":\"PropertyValueSpecification\",\"valueRequired\":true,\"valueName\":\"search_term_string\"}}],\"inLanguage\":\"fr-FR\"},{\"@type\":\"Organization\",\"@id\":\"https:\/\/jopanautica.com\/#organization\",\"name\":\"Jopa N\u00e0utica\",\"url\":\"https:\/\/jopanautica.com\/\",\"logo\":{\"@type\":\"ImageObject\",\"inLanguage\":\"fr-FR\",\"@id\":\"https:\/\/jopanautica.com\/#\/schema\/logo\/image\/\",\"url\":\"https:\/\/jopanautica.com\/wp-content\/uploads\/2020\/06\/jopa-nautica-logo.png\",\"contentUrl\":\"https:\/\/jopanautica.com\/wp-content\/uploads\/2020\/06\/jopa-nautica-logo.png\",\"width\":600,\"height\":159,\"caption\":\"Jopa N\u00e0utica\"},\"image\":{\"@id\":\"https:\/\/jopanautica.com\/#\/schema\/logo\/image\/\"}}]}<\/script>\n<!-- \/ Yoast SEO Premium plugin. -->","yoast_head_json":{"title":"Torqeedo Travel S - Jopa N\u00e0utica","robots":{"index":"index","follow":"follow","max-snippet":"max-snippet:-1","max-image-preview":"max-image-preview:large","max-video-preview":"max-video-preview:-1"},"canonical":"https:\/\/jopanautica.com\/fr\/producto\/torqeedo-travel-s\/","og_locale":"fr_FR","og_type":"article","og_title":"Torqeedo Travel S","og_description":"Fourniture : moteur hors-bord avec commande de barre franche, puce magn\u00e9tique d'arr\u00eat d'urgence (1978-00), chargeur 180 W (7012-00), h\u00e9lice 10x6,5 WDR (7006-00), anode pour arbre moteur (1905-00), aileron (7013-00), mode d'emploi  Garantie : 2 ans pour plaisanciers","og_url":"https:\/\/jopanautica.com\/fr\/producto\/torqeedo-travel-s\/","og_site_name":"Jopa N\u00e0utica","article_modified_time":"2025-05-13T08:25:22+00:00","og_image":[{"width":510,"height":510,"url":"https:\/\/jopanautica.com\/wp-content\/uploads\/torqeedo_travel-S_perspective-A_0009.jpg","type":"image\/jpeg"}],"twitter_card":"summary_large_image","twitter_misc":{"Dur\u00e9e de lecture estim\u00e9e":"1 minute"},"schema":{"@context":"https:\/\/schema.org","@graph":[{"@type":"WebPage","@id":"https:\/\/jopanautica.com\/fr\/producto\/torqeedo-travel-s\/","url":"https:\/\/jopanautica.com\/fr\/producto\/torqeedo-travel-s\/","name":"Torqeedo Travel S - Jopa N\u00e0utica","isPartOf":{"@id":"https:\/\/jopanautica.com\/#website"},"primaryImageOfPage":{"@id":"https:\/\/jopanautica.com\/fr\/producto\/torqeedo-travel-s\/#primaryimage"},"image":{"@id":"https:\/\/jopanautica.com\/fr\/producto\/torqeedo-travel-s\/#primaryimage"},"thumbnailUrl":"https:\/\/jopanautica.com\/wp-content\/uploads\/torqeedo_travel-S_perspective-A_0009.jpg","datePublished":"2025-05-13T07:54:55+00:00","dateModified":"2025-05-13T08:25:22+00:00","breadcrumb":{"@id":"https:\/\/jopanautica.com\/fr\/producto\/torqeedo-travel-s\/#breadcrumb"},"inLanguage":"fr-FR","potentialAction":[{"@type":"ReadAction","target":["https:\/\/jopanautica.com\/fr\/producto\/torqeedo-travel-s\/"]}]},{"@type":"ImageObject","inLanguage":"fr-FR","@id":"https:\/\/jopanautica.com\/fr\/producto\/torqeedo-travel-s\/#primaryimage","url":"https:\/\/jopanautica.com\/wp-content\/uploads\/torqeedo_travel-S_perspective-A_0009.jpg","contentUrl":"https:\/\/jopanautica.com\/wp-content\/uploads\/torqeedo_travel-S_perspective-A_0009.jpg","width":510,"height":510},{"@type":"BreadcrumbList","@id":"https:\/\/jopanautica.com\/fr\/producto\/torqeedo-travel-s\/#breadcrumb","itemListElement":[{"@type":"ListItem","position":1,"name":"Portada","item":"https:\/\/jopanautica.com\/fr\/"},{"@type":"ListItem","position":2,"name":"Boutique","item":"https:\/\/jopanautica.com\/fr\/boutique\/"},{"@type":"ListItem","position":3,"name":"Torqeedo Travel S"}]},{"@type":"WebSite","@id":"https:\/\/jopanautica.com\/#website","url":"https:\/\/jopanautica.com\/","name":"Jopa N\u00e0utica","description":"Jopa N\u00e0utica l&#039; Escala","publisher":{"@id":"https:\/\/jopanautica.com\/#organization"},"potentialAction":[{"@type":"SearchAction","target":{"@type":"EntryPoint","urlTemplate":"https:\/\/jopanautica.com\/?s={search_term_string}"},"query-input":{"@type":"PropertyValueSpecification","valueRequired":true,"valueName":"search_term_string"}}],"inLanguage":"fr-FR"},{"@type":"Organization","@id":"https:\/\/jopanautica.com\/#organization","name":"Jopa N\u00e0utica","url":"https:\/\/jopanautica.com\/","logo":{"@type":"ImageObject","inLanguage":"fr-FR","@id":"https:\/\/jopanautica.com\/#\/schema\/logo\/image\/","url":"https:\/\/jopanautica.com\/wp-content\/uploads\/2020\/06\/jopa-nautica-logo.png","contentUrl":"https:\/\/jopanautica.com\/wp-content\/uploads\/2020\/06\/jopa-nautica-logo.png","width":600,"height":159,"caption":"Jopa N\u00e0utica"},"image":{"@id":"https:\/\/jopanautica.com\/#\/schema\/logo\/image\/"}}]}},"_links":{"self":[{"href":"https:\/\/jopanautica.com\/fr\/wp-json\/wp\/v2\/product\/21389","targetHints":{"allow":["GET"]}}],"collection":[{"href":"https:\/\/jopanautica.com\/fr\/wp-json\/wp\/v2\/product"}],"about":[{"href":"https:\/\/jopanautica.com\/fr\/wp-json\/wp\/v2\/types\/product"}],"wp:featuredmedia":[{"embeddable":true,"href":"https:\/\/jopanautica.com\/fr\/wp-json\/wp\/v2\/media\/21370"}],"wp:attachment":[{"href":"https:\/\/jopanautica.com\/fr\/wp-json\/wp\/v2\/media?parent=21389"}],"wp:term":[{"taxonomy":"product_brand","embeddable":true,"href":"https:\/\/jopanautica.com\/fr\/wp-json\/wp\/v2\/product_brand?post=21389"},{"taxonomy":"product_cat","embeddable":true,"href":"https:\/\/jopanautica.com\/fr\/wp-json\/wp\/v2\/product_cat?post=21389"},{"taxonomy":"product_tag","embeddable":true,"href":"https:\/\/jopanautica.com\/fr\/wp-json\/wp\/v2\/product_tag?post=21389"}],"curies":[{"name":"wp","href":"https:\/\/api.w.org\/{rel}","templated":true}]}}