{"id":21174,"date":"2025-02-27T08:45:26","date_gmt":"2025-02-27T08:45:26","guid":{"rendered":"https:\/\/jopanautica.com\/producto\/motor-yamaha-6-cv\/"},"modified":"2025-02-27T08:55:57","modified_gmt":"2025-02-27T08:55:57","slug":"motor-yamaha-6-cv","status":"publish","type":"product","link":"https:\/\/jopanautica.com\/fr\/producto\/motor-yamaha-6-cv\/","title":{"rendered":"Moteur Yamaha 6 cv"},"content":{"rendered":"<p>Ce moteur s\u00e9duisant, au look \u00e9l\u00e9gant et styl\u00e9, offre toute la puissance n\u00e9cessaire pour naviguer en toute s\u00e9r\u00e9nit\u00e9. Le 6hp se range \u00e9galement sans probl\u00e8me et est si l\u00e9ger et maniable que vous pouvez le transporter sans effort du rivage au pont de votre bateau.<\/p>\n","protected":false},"excerpt":{"rendered":"<p>Ce moteur s\u00e9duisant, au look \u00e9l\u00e9gant et styl\u00e9, offre toute la puissance n\u00e9cessaire pour naviguer en toute s\u00e9r\u00e9nit\u00e9. Le 6hp se range \u00e9galement sans probl\u00e8me et est si l\u00e9ger et maniable que vous pouvez le transporter sans effort du rivage au pont de votre bateau.<\/p>\n","protected":false},"featured_media":21166,"template":"","meta":{"_acf_changed":false},"product_brand":[],"product_cat":[416,851],"product_tag":[],"class_list":{"0":"post-21174","1":"product","2":"type-product","3":"status-publish","4":"has-post-thumbnail","6":"product_cat-neuf","7":"product_cat-yamaha-nuevo-fr","9":"first","10":"instock","11":"taxable","12":"shipping-taxable","13":"purchasable","14":"product-type-simple"},"acf":[],"yoast_head":"<!-- This site is optimized with the Yoast SEO Premium plugin v26.7 (Yoast SEO v26.7) - https:\/\/yoast.com\/wordpress\/plugins\/seo\/ -->\n<title>Moteur Yamaha 6 cv - Jopa N\u00e0utica<\/title>\n<meta name=\"robots\" content=\"index, follow, max-snippet:-1, max-image-preview:large, max-video-preview:-1\" \/>\n<link rel=\"canonical\" href=\"https:\/\/jopanautica.com\/fr\/producto\/motor-yamaha-6-cv\/\" \/>\n<meta property=\"og:locale\" content=\"fr_FR\" \/>\n<meta property=\"og:type\" content=\"article\" \/>\n<meta property=\"og:title\" content=\"Moteur Yamaha 6 cv\" \/>\n<meta property=\"og:description\" content=\"Ce moteur s\u00e9duisant, au look \u00e9l\u00e9gant et styl\u00e9, offre toute la puissance n\u00e9cessaire pour naviguer en toute s\u00e9r\u00e9nit\u00e9. Le 6hp se range \u00e9galement sans probl\u00e8me et est si l\u00e9ger et maniable que vous pouvez le transporter sans effort du rivage au pont de votre bateau.\" \/>\n<meta property=\"og:url\" content=\"https:\/\/jopanautica.com\/fr\/producto\/motor-yamaha-6-cv\/\" \/>\n<meta property=\"og:site_name\" content=\"Jopa N\u00e0utica\" \/>\n<meta property=\"article:modified_time\" content=\"2025-02-27T08:55:57+00:00\" \/>\n<meta property=\"og:image\" content=\"https:\/\/jopanautica.com\/wp-content\/uploads\/20250227_092625.jpg\" \/>\n\t<meta property=\"og:image:width\" content=\"1500\" \/>\n\t<meta property=\"og:image:height\" content=\"693\" \/>\n\t<meta property=\"og:image:type\" content=\"image\/jpeg\" \/>\n<meta name=\"twitter:card\" content=\"summary_large_image\" \/>\n<script type=\"application\/ld+json\" class=\"yoast-schema-graph\">{\"@context\":\"https:\/\/schema.org\",\"@graph\":[{\"@type\":\"WebPage\",\"@id\":\"https:\/\/jopanautica.com\/fr\/producto\/motor-yamaha-6-cv\/\",\"url\":\"https:\/\/jopanautica.com\/fr\/producto\/motor-yamaha-6-cv\/\",\"name\":\"Moteur Yamaha 6 cv - Jopa N\u00e0utica\",\"isPartOf\":{\"@id\":\"https:\/\/jopanautica.com\/#website\"},\"primaryImageOfPage\":{\"@id\":\"https:\/\/jopanautica.com\/fr\/producto\/motor-yamaha-6-cv\/#primaryimage\"},\"image\":{\"@id\":\"https:\/\/jopanautica.com\/fr\/producto\/motor-yamaha-6-cv\/#primaryimage\"},\"thumbnailUrl\":\"https:\/\/jopanautica.com\/wp-content\/uploads\/20250227_092625.jpg\",\"datePublished\":\"2025-02-27T08:45:26+00:00\",\"dateModified\":\"2025-02-27T08:55:57+00:00\",\"breadcrumb\":{\"@id\":\"https:\/\/jopanautica.com\/fr\/producto\/motor-yamaha-6-cv\/#breadcrumb\"},\"inLanguage\":\"fr-FR\",\"potentialAction\":[{\"@type\":\"ReadAction\",\"target\":[\"https:\/\/jopanautica.com\/fr\/producto\/motor-yamaha-6-cv\/\"]}]},{\"@type\":\"ImageObject\",\"inLanguage\":\"fr-FR\",\"@id\":\"https:\/\/jopanautica.com\/fr\/producto\/motor-yamaha-6-cv\/#primaryimage\",\"url\":\"https:\/\/jopanautica.com\/wp-content\/uploads\/20250227_092625.jpg\",\"contentUrl\":\"https:\/\/jopanautica.com\/wp-content\/uploads\/20250227_092625.jpg\",\"width\":1500,\"height\":693},{\"@type\":\"BreadcrumbList\",\"@id\":\"https:\/\/jopanautica.com\/fr\/producto\/motor-yamaha-6-cv\/#breadcrumb\",\"itemListElement\":[{\"@type\":\"ListItem\",\"position\":1,\"name\":\"Portada\",\"item\":\"https:\/\/jopanautica.com\/fr\/\"},{\"@type\":\"ListItem\",\"position\":2,\"name\":\"Boutique\",\"item\":\"https:\/\/jopanautica.com\/fr\/boutique\/\"},{\"@type\":\"ListItem\",\"position\":3,\"name\":\"Moteur Yamaha 6 cv\"}]},{\"@type\":\"WebSite\",\"@id\":\"https:\/\/jopanautica.com\/#website\",\"url\":\"https:\/\/jopanautica.com\/\",\"name\":\"Jopa N\u00e0utica\",\"description\":\"Jopa N\u00e0utica l&#039; Escala\",\"publisher\":{\"@id\":\"https:\/\/jopanautica.com\/#organization\"},\"potentialAction\":[{\"@type\":\"SearchAction\",\"target\":{\"@type\":\"EntryPoint\",\"urlTemplate\":\"https:\/\/jopanautica.com\/?s={search_term_string}\"},\"query-input\":{\"@type\":\"PropertyValueSpecification\",\"valueRequired\":true,\"valueName\":\"search_term_string\"}}],\"inLanguage\":\"fr-FR\"},{\"@type\":\"Organization\",\"@id\":\"https:\/\/jopanautica.com\/#organization\",\"name\":\"Jopa N\u00e0utica\",\"url\":\"https:\/\/jopanautica.com\/\",\"logo\":{\"@type\":\"ImageObject\",\"inLanguage\":\"fr-FR\",\"@id\":\"https:\/\/jopanautica.com\/#\/schema\/logo\/image\/\",\"url\":\"https:\/\/jopanautica.com\/wp-content\/uploads\/2020\/06\/jopa-nautica-logo.png\",\"contentUrl\":\"https:\/\/jopanautica.com\/wp-content\/uploads\/2020\/06\/jopa-nautica-logo.png\",\"width\":600,\"height\":159,\"caption\":\"Jopa N\u00e0utica\"},\"image\":{\"@id\":\"https:\/\/jopanautica.com\/#\/schema\/logo\/image\/\"}}]}<\/script>\n<!-- \/ Yoast SEO Premium plugin. -->","yoast_head_json":{"title":"Moteur Yamaha 6 cv - Jopa N\u00e0utica","robots":{"index":"index","follow":"follow","max-snippet":"max-snippet:-1","max-image-preview":"max-image-preview:large","max-video-preview":"max-video-preview:-1"},"canonical":"https:\/\/jopanautica.com\/fr\/producto\/motor-yamaha-6-cv\/","og_locale":"fr_FR","og_type":"article","og_title":"Moteur Yamaha 6 cv","og_description":"Ce moteur s\u00e9duisant, au look \u00e9l\u00e9gant et styl\u00e9, offre toute la puissance n\u00e9cessaire pour naviguer en toute s\u00e9r\u00e9nit\u00e9. Le 6hp se range \u00e9galement sans probl\u00e8me et est si l\u00e9ger et maniable que vous pouvez le transporter sans effort du rivage au pont de votre bateau.","og_url":"https:\/\/jopanautica.com\/fr\/producto\/motor-yamaha-6-cv\/","og_site_name":"Jopa N\u00e0utica","article_modified_time":"2025-02-27T08:55:57+00:00","og_image":[{"width":1500,"height":693,"url":"https:\/\/jopanautica.com\/wp-content\/uploads\/20250227_092625.jpg","type":"image\/jpeg"}],"twitter_card":"summary_large_image","schema":{"@context":"https:\/\/schema.org","@graph":[{"@type":"WebPage","@id":"https:\/\/jopanautica.com\/fr\/producto\/motor-yamaha-6-cv\/","url":"https:\/\/jopanautica.com\/fr\/producto\/motor-yamaha-6-cv\/","name":"Moteur Yamaha 6 cv - Jopa N\u00e0utica","isPartOf":{"@id":"https:\/\/jopanautica.com\/#website"},"primaryImageOfPage":{"@id":"https:\/\/jopanautica.com\/fr\/producto\/motor-yamaha-6-cv\/#primaryimage"},"image":{"@id":"https:\/\/jopanautica.com\/fr\/producto\/motor-yamaha-6-cv\/#primaryimage"},"thumbnailUrl":"https:\/\/jopanautica.com\/wp-content\/uploads\/20250227_092625.jpg","datePublished":"2025-02-27T08:45:26+00:00","dateModified":"2025-02-27T08:55:57+00:00","breadcrumb":{"@id":"https:\/\/jopanautica.com\/fr\/producto\/motor-yamaha-6-cv\/#breadcrumb"},"inLanguage":"fr-FR","potentialAction":[{"@type":"ReadAction","target":["https:\/\/jopanautica.com\/fr\/producto\/motor-yamaha-6-cv\/"]}]},{"@type":"ImageObject","inLanguage":"fr-FR","@id":"https:\/\/jopanautica.com\/fr\/producto\/motor-yamaha-6-cv\/#primaryimage","url":"https:\/\/jopanautica.com\/wp-content\/uploads\/20250227_092625.jpg","contentUrl":"https:\/\/jopanautica.com\/wp-content\/uploads\/20250227_092625.jpg","width":1500,"height":693},{"@type":"BreadcrumbList","@id":"https:\/\/jopanautica.com\/fr\/producto\/motor-yamaha-6-cv\/#breadcrumb","itemListElement":[{"@type":"ListItem","position":1,"name":"Portada","item":"https:\/\/jopanautica.com\/fr\/"},{"@type":"ListItem","position":2,"name":"Boutique","item":"https:\/\/jopanautica.com\/fr\/boutique\/"},{"@type":"ListItem","position":3,"name":"Moteur Yamaha 6 cv"}]},{"@type":"WebSite","@id":"https:\/\/jopanautica.com\/#website","url":"https:\/\/jopanautica.com\/","name":"Jopa N\u00e0utica","description":"Jopa N\u00e0utica l&#039; Escala","publisher":{"@id":"https:\/\/jopanautica.com\/#organization"},"potentialAction":[{"@type":"SearchAction","target":{"@type":"EntryPoint","urlTemplate":"https:\/\/jopanautica.com\/?s={search_term_string}"},"query-input":{"@type":"PropertyValueSpecification","valueRequired":true,"valueName":"search_term_string"}}],"inLanguage":"fr-FR"},{"@type":"Organization","@id":"https:\/\/jopanautica.com\/#organization","name":"Jopa N\u00e0utica","url":"https:\/\/jopanautica.com\/","logo":{"@type":"ImageObject","inLanguage":"fr-FR","@id":"https:\/\/jopanautica.com\/#\/schema\/logo\/image\/","url":"https:\/\/jopanautica.com\/wp-content\/uploads\/2020\/06\/jopa-nautica-logo.png","contentUrl":"https:\/\/jopanautica.com\/wp-content\/uploads\/2020\/06\/jopa-nautica-logo.png","width":600,"height":159,"caption":"Jopa N\u00e0utica"},"image":{"@id":"https:\/\/jopanautica.com\/#\/schema\/logo\/image\/"}}]}},"_links":{"self":[{"href":"https:\/\/jopanautica.com\/fr\/wp-json\/wp\/v2\/product\/21174","targetHints":{"allow":["GET"]}}],"collection":[{"href":"https:\/\/jopanautica.com\/fr\/wp-json\/wp\/v2\/product"}],"about":[{"href":"https:\/\/jopanautica.com\/fr\/wp-json\/wp\/v2\/types\/product"}],"wp:featuredmedia":[{"embeddable":true,"href":"https:\/\/jopanautica.com\/fr\/wp-json\/wp\/v2\/media\/21166"}],"wp:attachment":[{"href":"https:\/\/jopanautica.com\/fr\/wp-json\/wp\/v2\/media?parent=21174"}],"wp:term":[{"taxonomy":"product_brand","embeddable":true,"href":"https:\/\/jopanautica.com\/fr\/wp-json\/wp\/v2\/product_brand?post=21174"},{"taxonomy":"product_cat","embeddable":true,"href":"https:\/\/jopanautica.com\/fr\/wp-json\/wp\/v2\/product_cat?post=21174"},{"taxonomy":"product_tag","embeddable":true,"href":"https:\/\/jopanautica.com\/fr\/wp-json\/wp\/v2\/product_tag?post=21174"}],"curies":[{"name":"wp","href":"https:\/\/api.w.org\/{rel}","templated":true}]}}