{"id":21149,"date":"2023-11-09T12:35:48","date_gmt":"2023-11-09T12:35:48","guid":{"rendered":"https:\/\/jopanautica.com\/producto\/neumatica-yam-275s\/"},"modified":"2025-02-27T08:09:35","modified_gmt":"2025-02-27T08:09:35","slug":"neumatica-yam-275s","status":"publish","type":"product","link":"https:\/\/jopanautica.com\/fr\/producto\/neumatica-yam-275s\/","title":{"rendered":"YAM 275S PNEUMATIQUE"},"content":{"rendered":"<p class=\"typography__RegularTextLevel3-sc-17h5z1x-6 styled__RegularTextLevel3Styled-sc-2pzm2i-2 llHpNi kayiqw\">Ces bateaux de sport gonflables durables ont \u00e9galement un design \u00e9l\u00e9gant et moderne, ce qui en fait une excellente option comme annexe pour un navire plus grand, qu&rsquo;il s&rsquo;agisse d&rsquo;un voilier ou d&rsquo;un bateau de croisi\u00e8re. Du plus petit 275S au 380S de grande capacit\u00e9, ces bateaux sont faciles \u00e0 man\u0153uvrer et con\u00e7us \u00e9galement pour des t\u00e2ches plus s\u00e9rieuses.<\/p>\n<p class=\"typography__RegularTextLevel3-sc-17h5z1x-6 llHpNi\">Alors, si vous recherchez un bateau facile \u00e0 piloter et avec lequel vous pourrez facilement vivre des aventures en famille, remorquer des flotteurs et autres jouets, mais qui sert \u00e9galement de bateau stable pour la p\u00eache, la plong\u00e9e ou le travail, les YAM Sport sont faits pour vous.<\/p>\n","protected":false},"excerpt":{"rendered":"<p><a href=\"https:\/\/jopanautica.com\/wp-content\/uploads\/2020-YAM275S_es-ES-1.pdf\">Fiche technique Yam 275 S<\/a><\/p>\n","protected":false},"featured_media":21142,"template":"","meta":{"_acf_changed":false},"product_brand":[],"product_cat":[416,851],"product_tag":[],"class_list":{"0":"post-21149","1":"product","2":"type-product","3":"status-publish","4":"has-post-thumbnail","6":"product_cat-neuf","7":"product_cat-yamaha-nuevo-fr","9":"first","10":"instock","11":"taxable","12":"shipping-taxable","13":"purchasable","14":"product-type-simple"},"acf":[],"yoast_head":"<!-- This site is optimized with the Yoast SEO Premium plugin v26.7 (Yoast SEO v26.7) - https:\/\/yoast.com\/wordpress\/plugins\/seo\/ -->\n<title>YAM 275S PNEUMATIQUE - Jopa N\u00e0utica<\/title>\n<meta name=\"robots\" content=\"index, follow, max-snippet:-1, max-image-preview:large, max-video-preview:-1\" \/>\n<link rel=\"canonical\" href=\"https:\/\/jopanautica.com\/fr\/producto\/neumatica-yam-275s\/\" \/>\n<meta property=\"og:locale\" content=\"fr_FR\" \/>\n<meta property=\"og:type\" content=\"article\" \/>\n<meta property=\"og:title\" content=\"YAM 275S PNEUMATIQUE\" \/>\n<meta property=\"og:description\" content=\"Fiche technique Yam 275 S\" \/>\n<meta property=\"og:url\" content=\"https:\/\/jopanautica.com\/fr\/producto\/neumatica-yam-275s\/\" \/>\n<meta property=\"og:site_name\" content=\"Jopa N\u00e0utica\" \/>\n<meta property=\"article:modified_time\" content=\"2025-02-27T08:09:35+00:00\" \/>\n<meta property=\"og:image\" content=\"https:\/\/jopanautica.com\/wp-content\/uploads\/2020-Yamaha-YAM275S-EU-Arctic_Grey-Studio-001-03-1.jpg\" \/>\n\t<meta property=\"og:image:width\" content=\"1500\" \/>\n\t<meta property=\"og:image:height\" content=\"844\" \/>\n\t<meta property=\"og:image:type\" content=\"image\/jpeg\" \/>\n<meta name=\"twitter:card\" content=\"summary_large_image\" \/>\n<meta name=\"twitter:label1\" content=\"Dur\u00e9e de lecture estim\u00e9e\" \/>\n\t<meta name=\"twitter:data1\" content=\"1 minute\" \/>\n<script type=\"application\/ld+json\" class=\"yoast-schema-graph\">{\"@context\":\"https:\/\/schema.org\",\"@graph\":[{\"@type\":\"WebPage\",\"@id\":\"https:\/\/jopanautica.com\/fr\/producto\/neumatica-yam-275s\/\",\"url\":\"https:\/\/jopanautica.com\/fr\/producto\/neumatica-yam-275s\/\",\"name\":\"YAM 275S PNEUMATIQUE - Jopa N\u00e0utica\",\"isPartOf\":{\"@id\":\"https:\/\/jopanautica.com\/#website\"},\"primaryImageOfPage\":{\"@id\":\"https:\/\/jopanautica.com\/fr\/producto\/neumatica-yam-275s\/#primaryimage\"},\"image\":{\"@id\":\"https:\/\/jopanautica.com\/fr\/producto\/neumatica-yam-275s\/#primaryimage\"},\"thumbnailUrl\":\"https:\/\/jopanautica.com\/wp-content\/uploads\/2020-Yamaha-YAM275S-EU-Arctic_Grey-Studio-001-03-1.jpg\",\"datePublished\":\"2023-11-09T12:35:48+00:00\",\"dateModified\":\"2025-02-27T08:09:35+00:00\",\"breadcrumb\":{\"@id\":\"https:\/\/jopanautica.com\/fr\/producto\/neumatica-yam-275s\/#breadcrumb\"},\"inLanguage\":\"fr-FR\",\"potentialAction\":[{\"@type\":\"ReadAction\",\"target\":[\"https:\/\/jopanautica.com\/fr\/producto\/neumatica-yam-275s\/\"]}]},{\"@type\":\"ImageObject\",\"inLanguage\":\"fr-FR\",\"@id\":\"https:\/\/jopanautica.com\/fr\/producto\/neumatica-yam-275s\/#primaryimage\",\"url\":\"https:\/\/jopanautica.com\/wp-content\/uploads\/2020-Yamaha-YAM275S-EU-Arctic_Grey-Studio-001-03-1.jpg\",\"contentUrl\":\"https:\/\/jopanautica.com\/wp-content\/uploads\/2020-Yamaha-YAM275S-EU-Arctic_Grey-Studio-001-03-1.jpg\",\"width\":1500,\"height\":844,\"caption\":\"YAM 275S\"},{\"@type\":\"BreadcrumbList\",\"@id\":\"https:\/\/jopanautica.com\/fr\/producto\/neumatica-yam-275s\/#breadcrumb\",\"itemListElement\":[{\"@type\":\"ListItem\",\"position\":1,\"name\":\"Portada\",\"item\":\"https:\/\/jopanautica.com\/fr\/\"},{\"@type\":\"ListItem\",\"position\":2,\"name\":\"Boutique\",\"item\":\"https:\/\/jopanautica.com\/fr\/boutique\/\"},{\"@type\":\"ListItem\",\"position\":3,\"name\":\"YAM 275S PNEUMATIQUE\"}]},{\"@type\":\"WebSite\",\"@id\":\"https:\/\/jopanautica.com\/#website\",\"url\":\"https:\/\/jopanautica.com\/\",\"name\":\"Jopa N\u00e0utica\",\"description\":\"Jopa N\u00e0utica l&#039; Escala\",\"publisher\":{\"@id\":\"https:\/\/jopanautica.com\/#organization\"},\"potentialAction\":[{\"@type\":\"SearchAction\",\"target\":{\"@type\":\"EntryPoint\",\"urlTemplate\":\"https:\/\/jopanautica.com\/?s={search_term_string}\"},\"query-input\":{\"@type\":\"PropertyValueSpecification\",\"valueRequired\":true,\"valueName\":\"search_term_string\"}}],\"inLanguage\":\"fr-FR\"},{\"@type\":\"Organization\",\"@id\":\"https:\/\/jopanautica.com\/#organization\",\"name\":\"Jopa N\u00e0utica\",\"url\":\"https:\/\/jopanautica.com\/\",\"logo\":{\"@type\":\"ImageObject\",\"inLanguage\":\"fr-FR\",\"@id\":\"https:\/\/jopanautica.com\/#\/schema\/logo\/image\/\",\"url\":\"https:\/\/jopanautica.com\/wp-content\/uploads\/2020\/06\/jopa-nautica-logo.png\",\"contentUrl\":\"https:\/\/jopanautica.com\/wp-content\/uploads\/2020\/06\/jopa-nautica-logo.png\",\"width\":600,\"height\":159,\"caption\":\"Jopa N\u00e0utica\"},\"image\":{\"@id\":\"https:\/\/jopanautica.com\/#\/schema\/logo\/image\/\"}}]}<\/script>\n<!-- \/ Yoast SEO Premium plugin. -->","yoast_head_json":{"title":"YAM 275S PNEUMATIQUE - Jopa N\u00e0utica","robots":{"index":"index","follow":"follow","max-snippet":"max-snippet:-1","max-image-preview":"max-image-preview:large","max-video-preview":"max-video-preview:-1"},"canonical":"https:\/\/jopanautica.com\/fr\/producto\/neumatica-yam-275s\/","og_locale":"fr_FR","og_type":"article","og_title":"YAM 275S PNEUMATIQUE","og_description":"Fiche technique Yam 275 S","og_url":"https:\/\/jopanautica.com\/fr\/producto\/neumatica-yam-275s\/","og_site_name":"Jopa N\u00e0utica","article_modified_time":"2025-02-27T08:09:35+00:00","og_image":[{"width":1500,"height":844,"url":"https:\/\/jopanautica.com\/wp-content\/uploads\/2020-Yamaha-YAM275S-EU-Arctic_Grey-Studio-001-03-1.jpg","type":"image\/jpeg"}],"twitter_card":"summary_large_image","twitter_misc":{"Dur\u00e9e de lecture estim\u00e9e":"1 minute"},"schema":{"@context":"https:\/\/schema.org","@graph":[{"@type":"WebPage","@id":"https:\/\/jopanautica.com\/fr\/producto\/neumatica-yam-275s\/","url":"https:\/\/jopanautica.com\/fr\/producto\/neumatica-yam-275s\/","name":"YAM 275S PNEUMATIQUE - Jopa N\u00e0utica","isPartOf":{"@id":"https:\/\/jopanautica.com\/#website"},"primaryImageOfPage":{"@id":"https:\/\/jopanautica.com\/fr\/producto\/neumatica-yam-275s\/#primaryimage"},"image":{"@id":"https:\/\/jopanautica.com\/fr\/producto\/neumatica-yam-275s\/#primaryimage"},"thumbnailUrl":"https:\/\/jopanautica.com\/wp-content\/uploads\/2020-Yamaha-YAM275S-EU-Arctic_Grey-Studio-001-03-1.jpg","datePublished":"2023-11-09T12:35:48+00:00","dateModified":"2025-02-27T08:09:35+00:00","breadcrumb":{"@id":"https:\/\/jopanautica.com\/fr\/producto\/neumatica-yam-275s\/#breadcrumb"},"inLanguage":"fr-FR","potentialAction":[{"@type":"ReadAction","target":["https:\/\/jopanautica.com\/fr\/producto\/neumatica-yam-275s\/"]}]},{"@type":"ImageObject","inLanguage":"fr-FR","@id":"https:\/\/jopanautica.com\/fr\/producto\/neumatica-yam-275s\/#primaryimage","url":"https:\/\/jopanautica.com\/wp-content\/uploads\/2020-Yamaha-YAM275S-EU-Arctic_Grey-Studio-001-03-1.jpg","contentUrl":"https:\/\/jopanautica.com\/wp-content\/uploads\/2020-Yamaha-YAM275S-EU-Arctic_Grey-Studio-001-03-1.jpg","width":1500,"height":844,"caption":"YAM 275S"},{"@type":"BreadcrumbList","@id":"https:\/\/jopanautica.com\/fr\/producto\/neumatica-yam-275s\/#breadcrumb","itemListElement":[{"@type":"ListItem","position":1,"name":"Portada","item":"https:\/\/jopanautica.com\/fr\/"},{"@type":"ListItem","position":2,"name":"Boutique","item":"https:\/\/jopanautica.com\/fr\/boutique\/"},{"@type":"ListItem","position":3,"name":"YAM 275S PNEUMATIQUE"}]},{"@type":"WebSite","@id":"https:\/\/jopanautica.com\/#website","url":"https:\/\/jopanautica.com\/","name":"Jopa N\u00e0utica","description":"Jopa N\u00e0utica l&#039; Escala","publisher":{"@id":"https:\/\/jopanautica.com\/#organization"},"potentialAction":[{"@type":"SearchAction","target":{"@type":"EntryPoint","urlTemplate":"https:\/\/jopanautica.com\/?s={search_term_string}"},"query-input":{"@type":"PropertyValueSpecification","valueRequired":true,"valueName":"search_term_string"}}],"inLanguage":"fr-FR"},{"@type":"Organization","@id":"https:\/\/jopanautica.com\/#organization","name":"Jopa N\u00e0utica","url":"https:\/\/jopanautica.com\/","logo":{"@type":"ImageObject","inLanguage":"fr-FR","@id":"https:\/\/jopanautica.com\/#\/schema\/logo\/image\/","url":"https:\/\/jopanautica.com\/wp-content\/uploads\/2020\/06\/jopa-nautica-logo.png","contentUrl":"https:\/\/jopanautica.com\/wp-content\/uploads\/2020\/06\/jopa-nautica-logo.png","width":600,"height":159,"caption":"Jopa N\u00e0utica"},"image":{"@id":"https:\/\/jopanautica.com\/#\/schema\/logo\/image\/"}}]}},"_links":{"self":[{"href":"https:\/\/jopanautica.com\/fr\/wp-json\/wp\/v2\/product\/21149","targetHints":{"allow":["GET"]}}],"collection":[{"href":"https:\/\/jopanautica.com\/fr\/wp-json\/wp\/v2\/product"}],"about":[{"href":"https:\/\/jopanautica.com\/fr\/wp-json\/wp\/v2\/types\/product"}],"wp:featuredmedia":[{"embeddable":true,"href":"https:\/\/jopanautica.com\/fr\/wp-json\/wp\/v2\/media\/21142"}],"wp:attachment":[{"href":"https:\/\/jopanautica.com\/fr\/wp-json\/wp\/v2\/media?parent=21149"}],"wp:term":[{"taxonomy":"product_brand","embeddable":true,"href":"https:\/\/jopanautica.com\/fr\/wp-json\/wp\/v2\/product_brand?post=21149"},{"taxonomy":"product_cat","embeddable":true,"href":"https:\/\/jopanautica.com\/fr\/wp-json\/wp\/v2\/product_cat?post=21149"},{"taxonomy":"product_tag","embeddable":true,"href":"https:\/\/jopanautica.com\/fr\/wp-json\/wp\/v2\/product_tag?post=21149"}],"curies":[{"name":"wp","href":"https:\/\/api.w.org\/{rel}","templated":true}]}}