{"id":20895,"date":"2024-08-22T14:26:12","date_gmt":"2024-08-22T14:26:12","guid":{"rendered":"https:\/\/jopanautica.com\/producto\/regal-2800-bowrider-ocasion-buenestado\/"},"modified":"2024-08-23T08:54:46","modified_gmt":"2024-08-23T08:54:46","slug":"regal-2800-bowrider-ocasion-buenestado","status":"publish","type":"product","link":"https:\/\/jopanautica.com\/fr\/producto\/regal-2800-bowrider-ocasion-buenestado\/","title":{"rendered":"REGAL 2800 BOWRIDER"},"content":{"rendered":"<p>Le Regal 2800 2014 est un bateau qui allie \u00e9l\u00e9gance, performance et confort pour vous offrir une exp\u00e9rience sur l&rsquo;eau exceptionnelle. Avec tr\u00e8s peu d&rsquo;heures de navigation et d&rsquo;entretien annuel il est pr\u00eat \u00e0 naviguer.<\/p>\n","protected":false},"excerpt":{"rendered":"<p>ARC RADAR AVEC AUVENT<br \/>GUINDEAU \u00c9LECTRIQUE<br \/>PLANCHER EN TECK<br \/>CHARGEUR DE BATTERIE<br \/>2 BATTERIES<br \/>CONVERTISSEUR 12\/220 V.<br \/>FLAPS<br \/>HELICE D&rsquo;ETRAVE<br \/>TABLEAU DE BORD AVEC INDICATEURS<br \/>RADIO MUSIQUE + 4 VOIX FORTES<br \/>TOILETTE CHIMIQUE<br \/>POMPE DE CALE \u00c9LECTRIQUE<br \/>POMPE DE CALE MANUELLE<br \/>DOUCHE POUPE<br \/>PLATEFORME \u00c9TENDUE ARRI\u00c8RE<br \/>\u00c9CHELLE DE BAIN SIEGE BAIN DE SOLEIL<br \/>PLATEFORME \u00c9L\u00c9VATRICE POUPE<br \/>SI\u00c8GE LAT\u00c9RAL, SI\u00c8GE PILOTE ET CO-PILOTE<br \/>SOLARIUM PROUE<br \/>FEUX DE NAVIGATION<br \/>TOILE D&rsquo;ANCRAGE<br \/>R\u00c9SERVOIR DE CARBURANT 400 L<br \/>R\u00c9SERVOIR D&rsquo;EAU 80 L &nbsp;<\/p>\n","protected":false},"featured_media":20892,"template":"","meta":{"_acf_changed":false},"product_brand":[],"product_cat":[418],"product_tag":[],"class_list":{"0":"post-20895","1":"product","2":"type-product","3":"status-publish","4":"has-post-thumbnail","6":"product_cat-occasion","8":"first","9":"instock","10":"sale","11":"purchasable","12":"product-type-simple"},"acf":[],"yoast_head":"<!-- This site is optimized with the Yoast SEO Premium plugin v26.7 (Yoast SEO v26.7) - https:\/\/yoast.com\/wordpress\/plugins\/seo\/ -->\n<title>REGAL 2800 BOWRIDER - Jopa N\u00e0utica<\/title>\n<meta name=\"description\" content=\"bowrider royal utilis\u00e9 en bon \u00e9tat\" \/>\n<meta name=\"robots\" content=\"index, follow, max-snippet:-1, max-image-preview:large, max-video-preview:-1\" \/>\n<link rel=\"canonical\" href=\"https:\/\/jopanautica.com\/fr\/producto\/regal-2800-bowrider-ocasion-buenestado\/\" \/>\n<meta property=\"og:locale\" content=\"fr_FR\" \/>\n<meta property=\"og:type\" content=\"article\" \/>\n<meta property=\"og:title\" content=\"REGAL 2800 BOWRIDER\" \/>\n<meta property=\"og:description\" content=\"bowrider royal utilis\u00e9 en bon \u00e9tat\" \/>\n<meta property=\"og:url\" content=\"https:\/\/jopanautica.com\/fr\/producto\/regal-2800-bowrider-ocasion-buenestado\/\" \/>\n<meta property=\"og:site_name\" content=\"Jopa N\u00e0utica\" \/>\n<meta property=\"article:modified_time\" content=\"2024-08-23T08:54:46+00:00\" \/>\n<meta property=\"og:image\" content=\"https:\/\/jopanautica.com\/wp-content\/uploads\/IMG-20240819-WA0001-1-1.jpg\" \/>\n\t<meta property=\"og:image:width\" content=\"1200\" \/>\n\t<meta property=\"og:image:height\" content=\"907\" \/>\n\t<meta property=\"og:image:type\" content=\"image\/jpeg\" \/>\n<meta name=\"twitter:card\" content=\"summary_large_image\" \/>\n<script type=\"application\/ld+json\" class=\"yoast-schema-graph\">{\"@context\":\"https:\/\/schema.org\",\"@graph\":[{\"@type\":\"WebPage\",\"@id\":\"https:\/\/jopanautica.com\/fr\/producto\/regal-2800-bowrider-ocasion-buenestado\/\",\"url\":\"https:\/\/jopanautica.com\/fr\/producto\/regal-2800-bowrider-ocasion-buenestado\/\",\"name\":\"REGAL 2800 BOWRIDER - Jopa N\u00e0utica\",\"isPartOf\":{\"@id\":\"https:\/\/jopanautica.com\/#website\"},\"primaryImageOfPage\":{\"@id\":\"https:\/\/jopanautica.com\/fr\/producto\/regal-2800-bowrider-ocasion-buenestado\/#primaryimage\"},\"image\":{\"@id\":\"https:\/\/jopanautica.com\/fr\/producto\/regal-2800-bowrider-ocasion-buenestado\/#primaryimage\"},\"thumbnailUrl\":\"https:\/\/jopanautica.com\/wp-content\/uploads\/IMG-20240819-WA0001-1-1.jpg\",\"datePublished\":\"2024-08-22T14:26:12+00:00\",\"dateModified\":\"2024-08-23T08:54:46+00:00\",\"description\":\"bowrider royal utilis\u00e9 en bon \u00e9tat\",\"breadcrumb\":{\"@id\":\"https:\/\/jopanautica.com\/fr\/producto\/regal-2800-bowrider-ocasion-buenestado\/#breadcrumb\"},\"inLanguage\":\"fr-FR\",\"potentialAction\":[{\"@type\":\"ReadAction\",\"target\":[\"https:\/\/jopanautica.com\/fr\/producto\/regal-2800-bowrider-ocasion-buenestado\/\"]}]},{\"@type\":\"ImageObject\",\"inLanguage\":\"fr-FR\",\"@id\":\"https:\/\/jopanautica.com\/fr\/producto\/regal-2800-bowrider-ocasion-buenestado\/#primaryimage\",\"url\":\"https:\/\/jopanautica.com\/wp-content\/uploads\/IMG-20240819-WA0001-1-1.jpg\",\"contentUrl\":\"https:\/\/jopanautica.com\/wp-content\/uploads\/IMG-20240819-WA0001-1-1.jpg\",\"width\":1200,\"height\":907},{\"@type\":\"BreadcrumbList\",\"@id\":\"https:\/\/jopanautica.com\/fr\/producto\/regal-2800-bowrider-ocasion-buenestado\/#breadcrumb\",\"itemListElement\":[{\"@type\":\"ListItem\",\"position\":1,\"name\":\"Portada\",\"item\":\"https:\/\/jopanautica.com\/fr\/\"},{\"@type\":\"ListItem\",\"position\":2,\"name\":\"Boutique\",\"item\":\"https:\/\/jopanautica.com\/fr\/boutique\/\"},{\"@type\":\"ListItem\",\"position\":3,\"name\":\"REGAL 2800 BOWRIDER\"}]},{\"@type\":\"WebSite\",\"@id\":\"https:\/\/jopanautica.com\/#website\",\"url\":\"https:\/\/jopanautica.com\/\",\"name\":\"Jopa N\u00e0utica\",\"description\":\"Jopa N\u00e0utica l&#039; Escala\",\"publisher\":{\"@id\":\"https:\/\/jopanautica.com\/#organization\"},\"potentialAction\":[{\"@type\":\"SearchAction\",\"target\":{\"@type\":\"EntryPoint\",\"urlTemplate\":\"https:\/\/jopanautica.com\/?s={search_term_string}\"},\"query-input\":{\"@type\":\"PropertyValueSpecification\",\"valueRequired\":true,\"valueName\":\"search_term_string\"}}],\"inLanguage\":\"fr-FR\"},{\"@type\":\"Organization\",\"@id\":\"https:\/\/jopanautica.com\/#organization\",\"name\":\"Jopa N\u00e0utica\",\"url\":\"https:\/\/jopanautica.com\/\",\"logo\":{\"@type\":\"ImageObject\",\"inLanguage\":\"fr-FR\",\"@id\":\"https:\/\/jopanautica.com\/#\/schema\/logo\/image\/\",\"url\":\"https:\/\/jopanautica.com\/wp-content\/uploads\/2020\/06\/jopa-nautica-logo.png\",\"contentUrl\":\"https:\/\/jopanautica.com\/wp-content\/uploads\/2020\/06\/jopa-nautica-logo.png\",\"width\":600,\"height\":159,\"caption\":\"Jopa N\u00e0utica\"},\"image\":{\"@id\":\"https:\/\/jopanautica.com\/#\/schema\/logo\/image\/\"}}]}<\/script>\n<!-- \/ Yoast SEO Premium plugin. -->","yoast_head_json":{"title":"REGAL 2800 BOWRIDER - Jopa N\u00e0utica","description":"bowrider royal utilis\u00e9 en bon \u00e9tat","robots":{"index":"index","follow":"follow","max-snippet":"max-snippet:-1","max-image-preview":"max-image-preview:large","max-video-preview":"max-video-preview:-1"},"canonical":"https:\/\/jopanautica.com\/fr\/producto\/regal-2800-bowrider-ocasion-buenestado\/","og_locale":"fr_FR","og_type":"article","og_title":"REGAL 2800 BOWRIDER","og_description":"bowrider royal utilis\u00e9 en bon \u00e9tat","og_url":"https:\/\/jopanautica.com\/fr\/producto\/regal-2800-bowrider-ocasion-buenestado\/","og_site_name":"Jopa N\u00e0utica","article_modified_time":"2024-08-23T08:54:46+00:00","og_image":[{"width":1200,"height":907,"url":"https:\/\/jopanautica.com\/wp-content\/uploads\/IMG-20240819-WA0001-1-1.jpg","type":"image\/jpeg"}],"twitter_card":"summary_large_image","schema":{"@context":"https:\/\/schema.org","@graph":[{"@type":"WebPage","@id":"https:\/\/jopanautica.com\/fr\/producto\/regal-2800-bowrider-ocasion-buenestado\/","url":"https:\/\/jopanautica.com\/fr\/producto\/regal-2800-bowrider-ocasion-buenestado\/","name":"REGAL 2800 BOWRIDER - Jopa N\u00e0utica","isPartOf":{"@id":"https:\/\/jopanautica.com\/#website"},"primaryImageOfPage":{"@id":"https:\/\/jopanautica.com\/fr\/producto\/regal-2800-bowrider-ocasion-buenestado\/#primaryimage"},"image":{"@id":"https:\/\/jopanautica.com\/fr\/producto\/regal-2800-bowrider-ocasion-buenestado\/#primaryimage"},"thumbnailUrl":"https:\/\/jopanautica.com\/wp-content\/uploads\/IMG-20240819-WA0001-1-1.jpg","datePublished":"2024-08-22T14:26:12+00:00","dateModified":"2024-08-23T08:54:46+00:00","description":"bowrider royal utilis\u00e9 en bon \u00e9tat","breadcrumb":{"@id":"https:\/\/jopanautica.com\/fr\/producto\/regal-2800-bowrider-ocasion-buenestado\/#breadcrumb"},"inLanguage":"fr-FR","potentialAction":[{"@type":"ReadAction","target":["https:\/\/jopanautica.com\/fr\/producto\/regal-2800-bowrider-ocasion-buenestado\/"]}]},{"@type":"ImageObject","inLanguage":"fr-FR","@id":"https:\/\/jopanautica.com\/fr\/producto\/regal-2800-bowrider-ocasion-buenestado\/#primaryimage","url":"https:\/\/jopanautica.com\/wp-content\/uploads\/IMG-20240819-WA0001-1-1.jpg","contentUrl":"https:\/\/jopanautica.com\/wp-content\/uploads\/IMG-20240819-WA0001-1-1.jpg","width":1200,"height":907},{"@type":"BreadcrumbList","@id":"https:\/\/jopanautica.com\/fr\/producto\/regal-2800-bowrider-ocasion-buenestado\/#breadcrumb","itemListElement":[{"@type":"ListItem","position":1,"name":"Portada","item":"https:\/\/jopanautica.com\/fr\/"},{"@type":"ListItem","position":2,"name":"Boutique","item":"https:\/\/jopanautica.com\/fr\/boutique\/"},{"@type":"ListItem","position":3,"name":"REGAL 2800 BOWRIDER"}]},{"@type":"WebSite","@id":"https:\/\/jopanautica.com\/#website","url":"https:\/\/jopanautica.com\/","name":"Jopa N\u00e0utica","description":"Jopa N\u00e0utica l&#039; Escala","publisher":{"@id":"https:\/\/jopanautica.com\/#organization"},"potentialAction":[{"@type":"SearchAction","target":{"@type":"EntryPoint","urlTemplate":"https:\/\/jopanautica.com\/?s={search_term_string}"},"query-input":{"@type":"PropertyValueSpecification","valueRequired":true,"valueName":"search_term_string"}}],"inLanguage":"fr-FR"},{"@type":"Organization","@id":"https:\/\/jopanautica.com\/#organization","name":"Jopa N\u00e0utica","url":"https:\/\/jopanautica.com\/","logo":{"@type":"ImageObject","inLanguage":"fr-FR","@id":"https:\/\/jopanautica.com\/#\/schema\/logo\/image\/","url":"https:\/\/jopanautica.com\/wp-content\/uploads\/2020\/06\/jopa-nautica-logo.png","contentUrl":"https:\/\/jopanautica.com\/wp-content\/uploads\/2020\/06\/jopa-nautica-logo.png","width":600,"height":159,"caption":"Jopa N\u00e0utica"},"image":{"@id":"https:\/\/jopanautica.com\/#\/schema\/logo\/image\/"}}]}},"_links":{"self":[{"href":"https:\/\/jopanautica.com\/fr\/wp-json\/wp\/v2\/product\/20895","targetHints":{"allow":["GET"]}}],"collection":[{"href":"https:\/\/jopanautica.com\/fr\/wp-json\/wp\/v2\/product"}],"about":[{"href":"https:\/\/jopanautica.com\/fr\/wp-json\/wp\/v2\/types\/product"}],"wp:featuredmedia":[{"embeddable":true,"href":"https:\/\/jopanautica.com\/fr\/wp-json\/wp\/v2\/media\/20892"}],"wp:attachment":[{"href":"https:\/\/jopanautica.com\/fr\/wp-json\/wp\/v2\/media?parent=20895"}],"wp:term":[{"taxonomy":"product_brand","embeddable":true,"href":"https:\/\/jopanautica.com\/fr\/wp-json\/wp\/v2\/product_brand?post=20895"},{"taxonomy":"product_cat","embeddable":true,"href":"https:\/\/jopanautica.com\/fr\/wp-json\/wp\/v2\/product_cat?post=20895"},{"taxonomy":"product_tag","embeddable":true,"href":"https:\/\/jopanautica.com\/fr\/wp-json\/wp\/v2\/product_tag?post=20895"}],"curies":[{"name":"wp","href":"https:\/\/api.w.org\/{rel}","templated":true}]}}