{"id":20649,"date":"2024-09-27T16:19:30","date_gmt":"2024-09-27T16:19:30","guid":{"rendered":"https:\/\/jopanautica.com\/producto\/zodiac-medline-iii-yamaha\/"},"modified":"2024-08-12T10:28:07","modified_gmt":"2024-08-12T10:28:07","slug":"zodiac-medline-iii-yamaha","status":"publish","type":"product","link":"https:\/\/jopanautica.com\/fr\/producto\/zodiac-medline-iii-yamaha\/","title":{"rendered":"Zodiac Medline III"},"content":{"rendered":"<p>Bateau Zodiac Medline III de 2005 avec flotteur Hypalon et 2 moteurs Yamaha de 150 cv chacun de 2015 en bon \u00e9tat.<\/p>\n","protected":false},"excerpt":{"rendered":"<p>Flotteur \u00e0 bout en forme d&rsquo;arc en HYPALON. ANCRE ET CORDE TECK SYNTH\u00c9TIQUE TERRE FER \u00c0 CHEVAL POMPE DE SAUVETAGE GONFLAGE ARC SOLARIUM + COUSSINS SI\u00c8GE ARRI\u00c8RE DOUCHE SALLE DE BAINS ARRI\u00c8RE \u00c9CHELLE COFFRE EN M\u00c9TAL AVEC PREMIER KIT CORNE EN PLASTIQUE \u00c9VIER \u00c0 ARMOIRE SI\u00c8GES PILOTE TABLE PLIANTE \u00c0 ARMOIRE SI\u00c8GES PILOTE BIMINI INOX AVEC TOILE BEIGE 4 GILET DE SAUVETAGE 2 BATTERIES 75AH TRANSDUCTEUR<\/p>\n","protected":false},"featured_media":21441,"template":"","meta":{"_acf_changed":false},"product_brand":[],"product_cat":[418],"product_tag":[],"class_list":{"0":"post-20649","1":"product","2":"type-product","3":"status-publish","4":"has-post-thumbnail","6":"product_cat-occasion","8":"first","9":"instock","10":"sale","11":"purchasable","12":"product-type-simple"},"acf":[],"yoast_head":"<!-- This site is optimized with the Yoast SEO Premium plugin v26.7 (Yoast SEO v26.7) - https:\/\/yoast.com\/wordpress\/plugins\/seo\/ -->\n<title>Zodiac Medline III - Jopa N\u00e0utica<\/title>\n<meta name=\"description\" content=\"semi-rigide zodiac Medline III avec moteur Yamaha voile costa brava l&#039;Escala occasion\" \/>\n<meta name=\"robots\" content=\"index, follow, max-snippet:-1, max-image-preview:large, max-video-preview:-1\" \/>\n<link rel=\"canonical\" href=\"https:\/\/jopanautica.com\/fr\/producto\/zodiac-medline-iii-yamaha\/\" \/>\n<meta property=\"og:locale\" content=\"fr_FR\" \/>\n<meta property=\"og:type\" content=\"article\" \/>\n<meta property=\"og:title\" content=\"Zodiac Medline III\" \/>\n<meta property=\"og:description\" content=\"semi-rigide zodiac Medline III avec moteur Yamaha voile costa brava l&#039;Escala occasion\" \/>\n<meta property=\"og:url\" content=\"https:\/\/jopanautica.com\/fr\/producto\/zodiac-medline-iii-yamaha\/\" \/>\n<meta property=\"og:site_name\" content=\"Jopa N\u00e0utica\" \/>\n<meta property=\"og:image\" content=\"https:\/\/jopanautica.com\/wp-content\/uploads\/2024-05-27_18-16-46.jpg\" \/>\n\t<meta property=\"og:image:width\" content=\"1216\" \/>\n\t<meta property=\"og:image:height\" content=\"823\" \/>\n\t<meta property=\"og:image:type\" content=\"image\/jpeg\" \/>\n<meta name=\"twitter:card\" content=\"summary_large_image\" \/>\n<script type=\"application\/ld+json\" class=\"yoast-schema-graph\">{\"@context\":\"https:\/\/schema.org\",\"@graph\":[{\"@type\":\"WebPage\",\"@id\":\"https:\/\/jopanautica.com\/fr\/producto\/zodiac-medline-iii-yamaha\/\",\"url\":\"https:\/\/jopanautica.com\/fr\/producto\/zodiac-medline-iii-yamaha\/\",\"name\":\"Zodiac Medline III - Jopa N\u00e0utica\",\"isPartOf\":{\"@id\":\"https:\/\/jopanautica.com\/#website\"},\"primaryImageOfPage\":{\"@id\":\"https:\/\/jopanautica.com\/fr\/producto\/zodiac-medline-iii-yamaha\/#primaryimage\"},\"image\":{\"@id\":\"https:\/\/jopanautica.com\/fr\/producto\/zodiac-medline-iii-yamaha\/#primaryimage\"},\"thumbnailUrl\":\"https:\/\/jopanautica.com\/wp-content\/uploads\/20250930_153805.jpg\",\"datePublished\":\"2024-09-27T16:19:30+00:00\",\"description\":\"semi-rigide zodiac Medline III avec moteur Yamaha voile costa brava l'Escala occasion\",\"breadcrumb\":{\"@id\":\"https:\/\/jopanautica.com\/fr\/producto\/zodiac-medline-iii-yamaha\/#breadcrumb\"},\"inLanguage\":\"fr-FR\",\"potentialAction\":[{\"@type\":\"ReadAction\",\"target\":[\"https:\/\/jopanautica.com\/fr\/producto\/zodiac-medline-iii-yamaha\/\"]}]},{\"@type\":\"ImageObject\",\"inLanguage\":\"fr-FR\",\"@id\":\"https:\/\/jopanautica.com\/fr\/producto\/zodiac-medline-iii-yamaha\/#primaryimage\",\"url\":\"https:\/\/jopanautica.com\/wp-content\/uploads\/20250930_153805.jpg\",\"contentUrl\":\"https:\/\/jopanautica.com\/wp-content\/uploads\/20250930_153805.jpg\",\"width\":1500,\"height\":693},{\"@type\":\"BreadcrumbList\",\"@id\":\"https:\/\/jopanautica.com\/fr\/producto\/zodiac-medline-iii-yamaha\/#breadcrumb\",\"itemListElement\":[{\"@type\":\"ListItem\",\"position\":1,\"name\":\"Portada\",\"item\":\"https:\/\/jopanautica.com\/fr\/\"},{\"@type\":\"ListItem\",\"position\":2,\"name\":\"Boutique\",\"item\":\"https:\/\/jopanautica.com\/fr\/boutique\/\"},{\"@type\":\"ListItem\",\"position\":3,\"name\":\"Zodiac Medline III\"}]},{\"@type\":\"WebSite\",\"@id\":\"https:\/\/jopanautica.com\/#website\",\"url\":\"https:\/\/jopanautica.com\/\",\"name\":\"Jopa N\u00e0utica\",\"description\":\"Jopa N\u00e0utica l&#039; Escala\",\"publisher\":{\"@id\":\"https:\/\/jopanautica.com\/#organization\"},\"potentialAction\":[{\"@type\":\"SearchAction\",\"target\":{\"@type\":\"EntryPoint\",\"urlTemplate\":\"https:\/\/jopanautica.com\/?s={search_term_string}\"},\"query-input\":{\"@type\":\"PropertyValueSpecification\",\"valueRequired\":true,\"valueName\":\"search_term_string\"}}],\"inLanguage\":\"fr-FR\"},{\"@type\":\"Organization\",\"@id\":\"https:\/\/jopanautica.com\/#organization\",\"name\":\"Jopa N\u00e0utica\",\"url\":\"https:\/\/jopanautica.com\/\",\"logo\":{\"@type\":\"ImageObject\",\"inLanguage\":\"fr-FR\",\"@id\":\"https:\/\/jopanautica.com\/#\/schema\/logo\/image\/\",\"url\":\"https:\/\/jopanautica.com\/wp-content\/uploads\/2020\/06\/jopa-nautica-logo.png\",\"contentUrl\":\"https:\/\/jopanautica.com\/wp-content\/uploads\/2020\/06\/jopa-nautica-logo.png\",\"width\":600,\"height\":159,\"caption\":\"Jopa N\u00e0utica\"},\"image\":{\"@id\":\"https:\/\/jopanautica.com\/#\/schema\/logo\/image\/\"}}]}<\/script>\n<!-- \/ Yoast SEO Premium plugin. -->","yoast_head_json":{"title":"Zodiac Medline III - Jopa N\u00e0utica","description":"semi-rigide zodiac Medline III avec moteur Yamaha voile costa brava l'Escala occasion","robots":{"index":"index","follow":"follow","max-snippet":"max-snippet:-1","max-image-preview":"max-image-preview:large","max-video-preview":"max-video-preview:-1"},"canonical":"https:\/\/jopanautica.com\/fr\/producto\/zodiac-medline-iii-yamaha\/","og_locale":"fr_FR","og_type":"article","og_title":"Zodiac Medline III","og_description":"semi-rigide zodiac Medline III avec moteur Yamaha voile costa brava l'Escala occasion","og_url":"https:\/\/jopanautica.com\/fr\/producto\/zodiac-medline-iii-yamaha\/","og_site_name":"Jopa N\u00e0utica","og_image":[{"width":1216,"height":823,"url":"https:\/\/jopanautica.com\/wp-content\/uploads\/2024-05-27_18-16-46.jpg","type":"image\/jpeg"}],"twitter_card":"summary_large_image","schema":{"@context":"https:\/\/schema.org","@graph":[{"@type":"WebPage","@id":"https:\/\/jopanautica.com\/fr\/producto\/zodiac-medline-iii-yamaha\/","url":"https:\/\/jopanautica.com\/fr\/producto\/zodiac-medline-iii-yamaha\/","name":"Zodiac Medline III - Jopa N\u00e0utica","isPartOf":{"@id":"https:\/\/jopanautica.com\/#website"},"primaryImageOfPage":{"@id":"https:\/\/jopanautica.com\/fr\/producto\/zodiac-medline-iii-yamaha\/#primaryimage"},"image":{"@id":"https:\/\/jopanautica.com\/fr\/producto\/zodiac-medline-iii-yamaha\/#primaryimage"},"thumbnailUrl":"https:\/\/jopanautica.com\/wp-content\/uploads\/20250930_153805.jpg","datePublished":"2024-09-27T16:19:30+00:00","description":"semi-rigide zodiac Medline III avec moteur Yamaha voile costa brava l'Escala occasion","breadcrumb":{"@id":"https:\/\/jopanautica.com\/fr\/producto\/zodiac-medline-iii-yamaha\/#breadcrumb"},"inLanguage":"fr-FR","potentialAction":[{"@type":"ReadAction","target":["https:\/\/jopanautica.com\/fr\/producto\/zodiac-medline-iii-yamaha\/"]}]},{"@type":"ImageObject","inLanguage":"fr-FR","@id":"https:\/\/jopanautica.com\/fr\/producto\/zodiac-medline-iii-yamaha\/#primaryimage","url":"https:\/\/jopanautica.com\/wp-content\/uploads\/20250930_153805.jpg","contentUrl":"https:\/\/jopanautica.com\/wp-content\/uploads\/20250930_153805.jpg","width":1500,"height":693},{"@type":"BreadcrumbList","@id":"https:\/\/jopanautica.com\/fr\/producto\/zodiac-medline-iii-yamaha\/#breadcrumb","itemListElement":[{"@type":"ListItem","position":1,"name":"Portada","item":"https:\/\/jopanautica.com\/fr\/"},{"@type":"ListItem","position":2,"name":"Boutique","item":"https:\/\/jopanautica.com\/fr\/boutique\/"},{"@type":"ListItem","position":3,"name":"Zodiac Medline III"}]},{"@type":"WebSite","@id":"https:\/\/jopanautica.com\/#website","url":"https:\/\/jopanautica.com\/","name":"Jopa N\u00e0utica","description":"Jopa N\u00e0utica l&#039; Escala","publisher":{"@id":"https:\/\/jopanautica.com\/#organization"},"potentialAction":[{"@type":"SearchAction","target":{"@type":"EntryPoint","urlTemplate":"https:\/\/jopanautica.com\/?s={search_term_string}"},"query-input":{"@type":"PropertyValueSpecification","valueRequired":true,"valueName":"search_term_string"}}],"inLanguage":"fr-FR"},{"@type":"Organization","@id":"https:\/\/jopanautica.com\/#organization","name":"Jopa N\u00e0utica","url":"https:\/\/jopanautica.com\/","logo":{"@type":"ImageObject","inLanguage":"fr-FR","@id":"https:\/\/jopanautica.com\/#\/schema\/logo\/image\/","url":"https:\/\/jopanautica.com\/wp-content\/uploads\/2020\/06\/jopa-nautica-logo.png","contentUrl":"https:\/\/jopanautica.com\/wp-content\/uploads\/2020\/06\/jopa-nautica-logo.png","width":600,"height":159,"caption":"Jopa N\u00e0utica"},"image":{"@id":"https:\/\/jopanautica.com\/#\/schema\/logo\/image\/"}}]}},"_links":{"self":[{"href":"https:\/\/jopanautica.com\/fr\/wp-json\/wp\/v2\/product\/20649","targetHints":{"allow":["GET"]}}],"collection":[{"href":"https:\/\/jopanautica.com\/fr\/wp-json\/wp\/v2\/product"}],"about":[{"href":"https:\/\/jopanautica.com\/fr\/wp-json\/wp\/v2\/types\/product"}],"wp:featuredmedia":[{"embeddable":true,"href":"https:\/\/jopanautica.com\/fr\/wp-json\/wp\/v2\/media\/21441"}],"wp:attachment":[{"href":"https:\/\/jopanautica.com\/fr\/wp-json\/wp\/v2\/media?parent=20649"}],"wp:term":[{"taxonomy":"product_brand","embeddable":true,"href":"https:\/\/jopanautica.com\/fr\/wp-json\/wp\/v2\/product_brand?post=20649"},{"taxonomy":"product_cat","embeddable":true,"href":"https:\/\/jopanautica.com\/fr\/wp-json\/wp\/v2\/product_cat?post=20649"},{"taxonomy":"product_tag","embeddable":true,"href":"https:\/\/jopanautica.com\/fr\/wp-json\/wp\/v2\/product_tag?post=20649"}],"curies":[{"name":"wp","href":"https:\/\/api.w.org\/{rel}","templated":true}]}}