{"id":20122,"date":"2023-11-13T09:38:37","date_gmt":"2023-11-28T12:29:24","guid":{"rendered":"https:\/\/jopanautica.com\/producto\/bma-x222\/"},"modified":"2025-02-26T14:11:28","modified_gmt":"2025-02-26T14:11:28","slug":"bma-x222","status":"publish","type":"product","link":"https:\/\/jopanautica.com\/fr\/producto\/bma-x222\/","title":{"rendered":"BMA X222"},"content":{"rendered":"<section class=\"row aboutUsWelcome\">\n<div class=\"col-12 col-sm-10 col-lg-3 offset-0 offset-sm-1 offset-lg-0 px-3 px-sm-0 px-lg-4 mt-5 mt-md-0\">\n<div class=\"aboutUsWelcomeDescriptionContainer\">\n<p id=\"modelIntroDescription\" class=\"aboutUsDescriptionText\" data-pb=\"Description\">Une personnalit\u00e9 s\u00e9duisante La silhouette \u00e9pur\u00e9e et minimaliste a \u00e9t\u00e9 con\u00e7ue pour exprimer l&rsquo;exclusivit\u00e9 et le style tout en garantissant confort et performance tout en naviguant en toute s\u00e9curit\u00e9.<\/p>\n<\/div>\n<\/div>\n<\/section>\n<section class=\"row\">\n<div class=\"col-12 col-sm-10 offset-0 offset-sm-1 aboutUsDescriptionText px-3 px-sm-0 mt-xl-4\">\n<div class=\"modelSpecsSummaryContainer ml-0 ml-lg-3\">\n<div class=\"modelSpecsSummary py-3 d-inline-block text-blue font-weight-bold mb-4 mb-md-0\"><\/div>\n<\/div>\n<\/div>\n<\/section>\n","protected":false},"excerpt":{"rendered":"<p>Taquets sport inox, Blower, Main courante inox, Pompe de cale, Echelle de bain, R\u00e9servoir carburant 190 L, Extracteur de gaz, Console avec si\u00e8ge, Davier d&rsquo;\u00e9trave inox, Coupe batterie, Direction hydraulique, Sellerie sport,<br \/>\nSi\u00e8ge sport, si\u00e8ges avant en forme de U avec coussins et trappes, table avant, si\u00e8ge super confort, sellerie luxe, volant Touring, c\u00f4t\u00e9s avant rembourr\u00e9s, spoiler arri\u00e8re rembourr\u00e9, guindeau \u00e9lectrique, toit Bimini, gantelets lat\u00e9raux, douche.<br \/>\nCertificat et documents CE<br \/>\nAntifouling \u00e9poxy, mise \u00e0 l\u2019eau, livraison et tests dans le port de l\u2019Escala.<\/p>\n","protected":false},"featured_media":19454,"template":"","meta":{"_acf_changed":false},"product_brand":[],"product_cat":[401,416],"product_tag":[],"class_list":{"0":"post-20122","1":"product","2":"type-product","3":"status-publish","4":"has-post-thumbnail","6":"product_cat-bma-fr","7":"product_cat-neuf","9":"first","10":"instock","11":"sale","12":"taxable","13":"shipping-taxable","14":"purchasable","15":"product-type-simple"},"acf":[],"yoast_head":"<!-- This site is optimized with the Yoast SEO Premium plugin v26.7 (Yoast SEO v26.7) - https:\/\/yoast.com\/wordpress\/plugins\/seo\/ -->\n<title>BMA X222 - Jopa N\u00e0utica<\/title>\n<meta name=\"robots\" content=\"index, follow, max-snippet:-1, max-image-preview:large, max-video-preview:-1\" \/>\n<link rel=\"canonical\" href=\"https:\/\/jopanautica.com\/fr\/producto\/bma-x222\/\" \/>\n<meta property=\"og:locale\" content=\"fr_FR\" \/>\n<meta property=\"og:type\" content=\"article\" \/>\n<meta property=\"og:title\" content=\"BMA X222\" \/>\n<meta property=\"og:description\" content=\"Taquets sport inox, Blower, Main courante inox, Pompe de cale, Echelle de bain, R\u00e9servoir carburant 190 L, Extracteur de gaz, Console avec si\u00e8ge, Davier d&#039;\u00e9trave inox, Coupe batterie, Direction hydraulique, Sellerie sport, Si\u00e8ge sport, si\u00e8ges avant en forme de U avec coussins et trappes, table avant, si\u00e8ge super confort, sellerie luxe, volant Touring, c\u00f4t\u00e9s avant rembourr\u00e9s, spoiler arri\u00e8re rembourr\u00e9, guindeau \u00e9lectrique, toit Bimini, gantelets lat\u00e9raux, douche. Certificat et documents CE Antifouling \u00e9poxy, mise \u00e0 l\u2019eau, livraison et tests dans le port de l\u2019Escala.\" \/>\n<meta property=\"og:url\" content=\"https:\/\/jopanautica.com\/fr\/producto\/bma-x222\/\" \/>\n<meta property=\"og:site_name\" content=\"Jopa N\u00e0utica\" \/>\n<meta property=\"article:modified_time\" content=\"2025-02-26T14:11:28+00:00\" \/>\n<meta property=\"og:image\" content=\"https:\/\/jopanautica.com\/wp-content\/uploads\/BMA-X-222-1-e1703152829615.jpg\" \/>\n\t<meta property=\"og:image:width\" content=\"1302\" \/>\n\t<meta property=\"og:image:height\" content=\"667\" \/>\n\t<meta property=\"og:image:type\" content=\"image\/jpeg\" \/>\n<meta name=\"twitter:card\" content=\"summary_large_image\" \/>\n<script type=\"application\/ld+json\" class=\"yoast-schema-graph\">{\"@context\":\"https:\/\/schema.org\",\"@graph\":[{\"@type\":\"WebPage\",\"@id\":\"https:\/\/jopanautica.com\/fr\/producto\/bma-x222\/\",\"url\":\"https:\/\/jopanautica.com\/fr\/producto\/bma-x222\/\",\"name\":\"BMA X222 - Jopa N\u00e0utica\",\"isPartOf\":{\"@id\":\"https:\/\/jopanautica.com\/#website\"},\"primaryImageOfPage\":{\"@id\":\"https:\/\/jopanautica.com\/fr\/producto\/bma-x222\/#primaryimage\"},\"image\":{\"@id\":\"https:\/\/jopanautica.com\/fr\/producto\/bma-x222\/#primaryimage\"},\"thumbnailUrl\":\"https:\/\/jopanautica.com\/wp-content\/uploads\/BMA-X-222-1-e1703152829615.jpg\",\"datePublished\":\"2023-11-28T12:29:24+00:00\",\"dateModified\":\"2025-02-26T14:11:28+00:00\",\"breadcrumb\":{\"@id\":\"https:\/\/jopanautica.com\/fr\/producto\/bma-x222\/#breadcrumb\"},\"inLanguage\":\"fr-FR\",\"potentialAction\":[{\"@type\":\"ReadAction\",\"target\":[\"https:\/\/jopanautica.com\/fr\/producto\/bma-x222\/\"]}]},{\"@type\":\"ImageObject\",\"inLanguage\":\"fr-FR\",\"@id\":\"https:\/\/jopanautica.com\/fr\/producto\/bma-x222\/#primaryimage\",\"url\":\"https:\/\/jopanautica.com\/wp-content\/uploads\/BMA-X-222-1-e1703152829615.jpg\",\"contentUrl\":\"https:\/\/jopanautica.com\/wp-content\/uploads\/BMA-X-222-1-e1703152829615.jpg\",\"width\":1302,\"height\":667},{\"@type\":\"BreadcrumbList\",\"@id\":\"https:\/\/jopanautica.com\/fr\/producto\/bma-x222\/#breadcrumb\",\"itemListElement\":[{\"@type\":\"ListItem\",\"position\":1,\"name\":\"Portada\",\"item\":\"https:\/\/jopanautica.com\/fr\/\"},{\"@type\":\"ListItem\",\"position\":2,\"name\":\"Boutique\",\"item\":\"https:\/\/jopanautica.com\/fr\/boutique\/\"},{\"@type\":\"ListItem\",\"position\":3,\"name\":\"BMA X222\"}]},{\"@type\":\"WebSite\",\"@id\":\"https:\/\/jopanautica.com\/#website\",\"url\":\"https:\/\/jopanautica.com\/\",\"name\":\"Jopa N\u00e0utica\",\"description\":\"Jopa N\u00e0utica l&#039; Escala\",\"publisher\":{\"@id\":\"https:\/\/jopanautica.com\/#organization\"},\"potentialAction\":[{\"@type\":\"SearchAction\",\"target\":{\"@type\":\"EntryPoint\",\"urlTemplate\":\"https:\/\/jopanautica.com\/?s={search_term_string}\"},\"query-input\":{\"@type\":\"PropertyValueSpecification\",\"valueRequired\":true,\"valueName\":\"search_term_string\"}}],\"inLanguage\":\"fr-FR\"},{\"@type\":\"Organization\",\"@id\":\"https:\/\/jopanautica.com\/#organization\",\"name\":\"Jopa N\u00e0utica\",\"url\":\"https:\/\/jopanautica.com\/\",\"logo\":{\"@type\":\"ImageObject\",\"inLanguage\":\"fr-FR\",\"@id\":\"https:\/\/jopanautica.com\/#\/schema\/logo\/image\/\",\"url\":\"https:\/\/jopanautica.com\/wp-content\/uploads\/2020\/06\/jopa-nautica-logo.png\",\"contentUrl\":\"https:\/\/jopanautica.com\/wp-content\/uploads\/2020\/06\/jopa-nautica-logo.png\",\"width\":600,\"height\":159,\"caption\":\"Jopa N\u00e0utica\"},\"image\":{\"@id\":\"https:\/\/jopanautica.com\/#\/schema\/logo\/image\/\"}}]}<\/script>\n<!-- \/ Yoast SEO Premium plugin. -->","yoast_head_json":{"title":"BMA X222 - Jopa N\u00e0utica","robots":{"index":"index","follow":"follow","max-snippet":"max-snippet:-1","max-image-preview":"max-image-preview:large","max-video-preview":"max-video-preview:-1"},"canonical":"https:\/\/jopanautica.com\/fr\/producto\/bma-x222\/","og_locale":"fr_FR","og_type":"article","og_title":"BMA X222","og_description":"Taquets sport inox, Blower, Main courante inox, Pompe de cale, Echelle de bain, R\u00e9servoir carburant 190 L, Extracteur de gaz, Console avec si\u00e8ge, Davier d'\u00e9trave inox, Coupe batterie, Direction hydraulique, Sellerie sport, Si\u00e8ge sport, si\u00e8ges avant en forme de U avec coussins et trappes, table avant, si\u00e8ge super confort, sellerie luxe, volant Touring, c\u00f4t\u00e9s avant rembourr\u00e9s, spoiler arri\u00e8re rembourr\u00e9, guindeau \u00e9lectrique, toit Bimini, gantelets lat\u00e9raux, douche. Certificat et documents CE Antifouling \u00e9poxy, mise \u00e0 l\u2019eau, livraison et tests dans le port de l\u2019Escala.","og_url":"https:\/\/jopanautica.com\/fr\/producto\/bma-x222\/","og_site_name":"Jopa N\u00e0utica","article_modified_time":"2025-02-26T14:11:28+00:00","og_image":[{"width":1302,"height":667,"url":"https:\/\/jopanautica.com\/wp-content\/uploads\/BMA-X-222-1-e1703152829615.jpg","type":"image\/jpeg"}],"twitter_card":"summary_large_image","schema":{"@context":"https:\/\/schema.org","@graph":[{"@type":"WebPage","@id":"https:\/\/jopanautica.com\/fr\/producto\/bma-x222\/","url":"https:\/\/jopanautica.com\/fr\/producto\/bma-x222\/","name":"BMA X222 - Jopa N\u00e0utica","isPartOf":{"@id":"https:\/\/jopanautica.com\/#website"},"primaryImageOfPage":{"@id":"https:\/\/jopanautica.com\/fr\/producto\/bma-x222\/#primaryimage"},"image":{"@id":"https:\/\/jopanautica.com\/fr\/producto\/bma-x222\/#primaryimage"},"thumbnailUrl":"https:\/\/jopanautica.com\/wp-content\/uploads\/BMA-X-222-1-e1703152829615.jpg","datePublished":"2023-11-28T12:29:24+00:00","dateModified":"2025-02-26T14:11:28+00:00","breadcrumb":{"@id":"https:\/\/jopanautica.com\/fr\/producto\/bma-x222\/#breadcrumb"},"inLanguage":"fr-FR","potentialAction":[{"@type":"ReadAction","target":["https:\/\/jopanautica.com\/fr\/producto\/bma-x222\/"]}]},{"@type":"ImageObject","inLanguage":"fr-FR","@id":"https:\/\/jopanautica.com\/fr\/producto\/bma-x222\/#primaryimage","url":"https:\/\/jopanautica.com\/wp-content\/uploads\/BMA-X-222-1-e1703152829615.jpg","contentUrl":"https:\/\/jopanautica.com\/wp-content\/uploads\/BMA-X-222-1-e1703152829615.jpg","width":1302,"height":667},{"@type":"BreadcrumbList","@id":"https:\/\/jopanautica.com\/fr\/producto\/bma-x222\/#breadcrumb","itemListElement":[{"@type":"ListItem","position":1,"name":"Portada","item":"https:\/\/jopanautica.com\/fr\/"},{"@type":"ListItem","position":2,"name":"Boutique","item":"https:\/\/jopanautica.com\/fr\/boutique\/"},{"@type":"ListItem","position":3,"name":"BMA X222"}]},{"@type":"WebSite","@id":"https:\/\/jopanautica.com\/#website","url":"https:\/\/jopanautica.com\/","name":"Jopa N\u00e0utica","description":"Jopa N\u00e0utica l&#039; Escala","publisher":{"@id":"https:\/\/jopanautica.com\/#organization"},"potentialAction":[{"@type":"SearchAction","target":{"@type":"EntryPoint","urlTemplate":"https:\/\/jopanautica.com\/?s={search_term_string}"},"query-input":{"@type":"PropertyValueSpecification","valueRequired":true,"valueName":"search_term_string"}}],"inLanguage":"fr-FR"},{"@type":"Organization","@id":"https:\/\/jopanautica.com\/#organization","name":"Jopa N\u00e0utica","url":"https:\/\/jopanautica.com\/","logo":{"@type":"ImageObject","inLanguage":"fr-FR","@id":"https:\/\/jopanautica.com\/#\/schema\/logo\/image\/","url":"https:\/\/jopanautica.com\/wp-content\/uploads\/2020\/06\/jopa-nautica-logo.png","contentUrl":"https:\/\/jopanautica.com\/wp-content\/uploads\/2020\/06\/jopa-nautica-logo.png","width":600,"height":159,"caption":"Jopa N\u00e0utica"},"image":{"@id":"https:\/\/jopanautica.com\/#\/schema\/logo\/image\/"}}]}},"_links":{"self":[{"href":"https:\/\/jopanautica.com\/fr\/wp-json\/wp\/v2\/product\/20122","targetHints":{"allow":["GET"]}}],"collection":[{"href":"https:\/\/jopanautica.com\/fr\/wp-json\/wp\/v2\/product"}],"about":[{"href":"https:\/\/jopanautica.com\/fr\/wp-json\/wp\/v2\/types\/product"}],"wp:featuredmedia":[{"embeddable":true,"href":"https:\/\/jopanautica.com\/fr\/wp-json\/wp\/v2\/media\/19454"}],"wp:attachment":[{"href":"https:\/\/jopanautica.com\/fr\/wp-json\/wp\/v2\/media?parent=20122"}],"wp:term":[{"taxonomy":"product_brand","embeddable":true,"href":"https:\/\/jopanautica.com\/fr\/wp-json\/wp\/v2\/product_brand?post=20122"},{"taxonomy":"product_cat","embeddable":true,"href":"https:\/\/jopanautica.com\/fr\/wp-json\/wp\/v2\/product_cat?post=20122"},{"taxonomy":"product_tag","embeddable":true,"href":"https:\/\/jopanautica.com\/fr\/wp-json\/wp\/v2\/product_tag?post=20122"}],"curies":[{"name":"wp","href":"https:\/\/api.w.org\/{rel}","templated":true}]}}