{"id":20116,"date":"2023-11-13T12:07:16","date_gmt":"2023-11-28T12:13:11","guid":{"rendered":"https:\/\/jopanautica.com\/producto\/bwa-sport-18-gt\/"},"modified":"2023-11-28T12:13:11","modified_gmt":"2023-11-28T12:13:11","slug":"bwa-sport-18-gt","status":"publish","type":"product","link":"https:\/\/jopanautica.com\/fr\/producto\/bwa-sport-18-gt\/","title":{"rendered":"BWA SPORT 18 GT"},"content":{"rendered":"<p>Le BWA Sport 18 GT de BWA est un semi-rigide en n\u00e9opr\u00e8ne id\u00e9al pour les d\u00e9butants et pour ceux qui recherchent un mod\u00e8le compact et utilis\u00e9, qui avec une longueur de 5,54 offre suffisamment d&rsquo;espace confortable pour 4 passagers ou plus gr\u00e2ce \u00e0 son design r\u00e9ussi et innovant. solutions, comme le si\u00e8ge pilote central et relevable.<\/p>\n<p>Le pont a \u00e9t\u00e9 utilis\u00e9 pour un confort maximal, avec deux bains de soleil, sur la proue et sur le si\u00e8ge double avec dossier rabattable qui occupe la poupe. \u00c0 l&rsquo;avant, la section centrale rembourr\u00e9e est remplac\u00e9e par une table \u00e0 manger pouvant accueillir 4 personnes, tandis qu&rsquo;\u00e0 l&rsquo;arri\u00e8re, elle comprend des dossiers lat\u00e9raux pratiques pour augmenter le confort et la s\u00e9curit\u00e9.<\/p>\n","protected":false},"excerpt":{"rendered":"<p>Console compl\u00e8te, Panneau de commande couleur, Coussins complets avec mousse \u00e0 cellules ferm\u00e9es, Remorque et crochets d&rsquo;amarrage, Coffres sous bain de soleil avant, Bout d&rsquo;\u00e9trave VTR, Tableau \u00e9lectrique, Plateformes arri\u00e8re int\u00e9gr\u00e9es, Pompe de cale, Bain de soleil arri\u00e8re, Console de si\u00e8ge avant, Pilote et copilote si\u00e8ge, Direction m\u00e9canique, Plateforme arri\u00e8re extra longue, Flotteur bicolore blanc\/gris, R\u00e9servoir de carburant 90 L, Certificat et documents CE, Transport depuis l&rsquo;Italie, Antifouling \u00e9poxy, Mise \u00e0 l&rsquo;eau, livraison et Essais au port de l&rsquo;Escala.<\/p>\n","protected":false},"featured_media":19526,"template":"","meta":{"_acf_changed":false},"product_brand":[],"product_cat":[401,416],"product_tag":[],"class_list":{"0":"post-20116","1":"product","2":"type-product","3":"status-publish","4":"has-post-thumbnail","6":"product_cat-bma-fr","7":"product_cat-neuf","9":"first","10":"instock","11":"sale","12":"taxable","13":"shipping-taxable","14":"purchasable","15":"product-type-simple"},"acf":[],"yoast_head":"<!-- This site is optimized with the Yoast SEO Premium plugin v26.7 (Yoast SEO v26.7) - https:\/\/yoast.com\/wordpress\/plugins\/seo\/ -->\n<title>BWA SPORT 18 GT - Jopa N\u00e0utica<\/title>\n<meta name=\"robots\" content=\"index, follow, max-snippet:-1, max-image-preview:large, max-video-preview:-1\" \/>\n<link rel=\"canonical\" href=\"https:\/\/jopanautica.com\/fr\/producto\/bwa-sport-18-gt\/\" \/>\n<meta property=\"og:locale\" content=\"fr_FR\" \/>\n<meta property=\"og:type\" content=\"article\" \/>\n<meta property=\"og:title\" content=\"BWA SPORT 18 GT\" \/>\n<meta property=\"og:description\" content=\"Console compl\u00e8te, Panneau de commande couleur, Coussins complets avec mousse \u00e0 cellules ferm\u00e9es, Remorque et crochets d&#039;amarrage, Coffres sous bain de soleil avant, Bout d&#039;\u00e9trave VTR, Tableau \u00e9lectrique, Plateformes arri\u00e8re int\u00e9gr\u00e9es, Pompe de cale, Bain de soleil arri\u00e8re, Console de si\u00e8ge avant, Pilote et copilote si\u00e8ge, Direction m\u00e9canique, Plateforme arri\u00e8re extra longue, Flotteur bicolore blanc\/gris, R\u00e9servoir de carburant 90 L, Certificat et documents CE, Transport depuis l&#039;Italie, Antifouling \u00e9poxy, Mise \u00e0 l&#039;eau, livraison et Essais au port de l&#039;Escala.\" \/>\n<meta property=\"og:url\" content=\"https:\/\/jopanautica.com\/fr\/producto\/bwa-sport-18-gt\/\" \/>\n<meta property=\"og:site_name\" content=\"Jopa N\u00e0utica\" \/>\n<meta property=\"og:image\" content=\"https:\/\/jopanautica.com\/wp-content\/uploads\/BWA-Sport-18-GT-2.jpg\" \/>\n\t<meta property=\"og:image:width\" content=\"1500\" \/>\n\t<meta property=\"og:image:height\" content=\"845\" \/>\n\t<meta property=\"og:image:type\" content=\"image\/jpeg\" \/>\n<meta name=\"twitter:card\" content=\"summary_large_image\" \/>\n<meta name=\"twitter:label1\" content=\"Dur\u00e9e de lecture estim\u00e9e\" \/>\n\t<meta name=\"twitter:data1\" content=\"1 minute\" \/>\n<script type=\"application\/ld+json\" class=\"yoast-schema-graph\">{\"@context\":\"https:\/\/schema.org\",\"@graph\":[{\"@type\":\"WebPage\",\"@id\":\"https:\/\/jopanautica.com\/fr\/producto\/bwa-sport-18-gt\/\",\"url\":\"https:\/\/jopanautica.com\/fr\/producto\/bwa-sport-18-gt\/\",\"name\":\"BWA SPORT 18 GT - Jopa N\u00e0utica\",\"isPartOf\":{\"@id\":\"https:\/\/jopanautica.com\/#website\"},\"primaryImageOfPage\":{\"@id\":\"https:\/\/jopanautica.com\/fr\/producto\/bwa-sport-18-gt\/#primaryimage\"},\"image\":{\"@id\":\"https:\/\/jopanautica.com\/fr\/producto\/bwa-sport-18-gt\/#primaryimage\"},\"thumbnailUrl\":\"https:\/\/jopanautica.com\/wp-content\/uploads\/BWA-Sport-18-GT-2-e1703152558567.jpg\",\"datePublished\":\"2023-11-28T12:13:11+00:00\",\"breadcrumb\":{\"@id\":\"https:\/\/jopanautica.com\/fr\/producto\/bwa-sport-18-gt\/#breadcrumb\"},\"inLanguage\":\"fr-FR\",\"potentialAction\":[{\"@type\":\"ReadAction\",\"target\":[\"https:\/\/jopanautica.com\/fr\/producto\/bwa-sport-18-gt\/\"]}]},{\"@type\":\"ImageObject\",\"inLanguage\":\"fr-FR\",\"@id\":\"https:\/\/jopanautica.com\/fr\/producto\/bwa-sport-18-gt\/#primaryimage\",\"url\":\"https:\/\/jopanautica.com\/wp-content\/uploads\/BWA-Sport-18-GT-2-e1703152558567.jpg\",\"contentUrl\":\"https:\/\/jopanautica.com\/wp-content\/uploads\/BWA-Sport-18-GT-2-e1703152558567.jpg\",\"width\":1342,\"height\":842},{\"@type\":\"BreadcrumbList\",\"@id\":\"https:\/\/jopanautica.com\/fr\/producto\/bwa-sport-18-gt\/#breadcrumb\",\"itemListElement\":[{\"@type\":\"ListItem\",\"position\":1,\"name\":\"Portada\",\"item\":\"https:\/\/jopanautica.com\/fr\/\"},{\"@type\":\"ListItem\",\"position\":2,\"name\":\"Boutique\",\"item\":\"https:\/\/jopanautica.com\/fr\/boutique\/\"},{\"@type\":\"ListItem\",\"position\":3,\"name\":\"BWA SPORT 18 GT\"}]},{\"@type\":\"WebSite\",\"@id\":\"https:\/\/jopanautica.com\/#website\",\"url\":\"https:\/\/jopanautica.com\/\",\"name\":\"Jopa N\u00e0utica\",\"description\":\"Jopa N\u00e0utica l&#039; Escala\",\"publisher\":{\"@id\":\"https:\/\/jopanautica.com\/#organization\"},\"potentialAction\":[{\"@type\":\"SearchAction\",\"target\":{\"@type\":\"EntryPoint\",\"urlTemplate\":\"https:\/\/jopanautica.com\/?s={search_term_string}\"},\"query-input\":{\"@type\":\"PropertyValueSpecification\",\"valueRequired\":true,\"valueName\":\"search_term_string\"}}],\"inLanguage\":\"fr-FR\"},{\"@type\":\"Organization\",\"@id\":\"https:\/\/jopanautica.com\/#organization\",\"name\":\"Jopa N\u00e0utica\",\"url\":\"https:\/\/jopanautica.com\/\",\"logo\":{\"@type\":\"ImageObject\",\"inLanguage\":\"fr-FR\",\"@id\":\"https:\/\/jopanautica.com\/#\/schema\/logo\/image\/\",\"url\":\"https:\/\/jopanautica.com\/wp-content\/uploads\/2020\/06\/jopa-nautica-logo.png\",\"contentUrl\":\"https:\/\/jopanautica.com\/wp-content\/uploads\/2020\/06\/jopa-nautica-logo.png\",\"width\":600,\"height\":159,\"caption\":\"Jopa N\u00e0utica\"},\"image\":{\"@id\":\"https:\/\/jopanautica.com\/#\/schema\/logo\/image\/\"}}]}<\/script>\n<!-- \/ Yoast SEO Premium plugin. -->","yoast_head_json":{"title":"BWA SPORT 18 GT - Jopa N\u00e0utica","robots":{"index":"index","follow":"follow","max-snippet":"max-snippet:-1","max-image-preview":"max-image-preview:large","max-video-preview":"max-video-preview:-1"},"canonical":"https:\/\/jopanautica.com\/fr\/producto\/bwa-sport-18-gt\/","og_locale":"fr_FR","og_type":"article","og_title":"BWA SPORT 18 GT","og_description":"Console compl\u00e8te, Panneau de commande couleur, Coussins complets avec mousse \u00e0 cellules ferm\u00e9es, Remorque et crochets d'amarrage, Coffres sous bain de soleil avant, Bout d'\u00e9trave VTR, Tableau \u00e9lectrique, Plateformes arri\u00e8re int\u00e9gr\u00e9es, Pompe de cale, Bain de soleil arri\u00e8re, Console de si\u00e8ge avant, Pilote et copilote si\u00e8ge, Direction m\u00e9canique, Plateforme arri\u00e8re extra longue, Flotteur bicolore blanc\/gris, R\u00e9servoir de carburant 90 L, Certificat et documents CE, Transport depuis l'Italie, Antifouling \u00e9poxy, Mise \u00e0 l'eau, livraison et Essais au port de l'Escala.","og_url":"https:\/\/jopanautica.com\/fr\/producto\/bwa-sport-18-gt\/","og_site_name":"Jopa N\u00e0utica","og_image":[{"width":1500,"height":845,"url":"https:\/\/jopanautica.com\/wp-content\/uploads\/BWA-Sport-18-GT-2.jpg","type":"image\/jpeg"}],"twitter_card":"summary_large_image","twitter_misc":{"Dur\u00e9e de lecture estim\u00e9e":"1 minute"},"schema":{"@context":"https:\/\/schema.org","@graph":[{"@type":"WebPage","@id":"https:\/\/jopanautica.com\/fr\/producto\/bwa-sport-18-gt\/","url":"https:\/\/jopanautica.com\/fr\/producto\/bwa-sport-18-gt\/","name":"BWA SPORT 18 GT - Jopa N\u00e0utica","isPartOf":{"@id":"https:\/\/jopanautica.com\/#website"},"primaryImageOfPage":{"@id":"https:\/\/jopanautica.com\/fr\/producto\/bwa-sport-18-gt\/#primaryimage"},"image":{"@id":"https:\/\/jopanautica.com\/fr\/producto\/bwa-sport-18-gt\/#primaryimage"},"thumbnailUrl":"https:\/\/jopanautica.com\/wp-content\/uploads\/BWA-Sport-18-GT-2-e1703152558567.jpg","datePublished":"2023-11-28T12:13:11+00:00","breadcrumb":{"@id":"https:\/\/jopanautica.com\/fr\/producto\/bwa-sport-18-gt\/#breadcrumb"},"inLanguage":"fr-FR","potentialAction":[{"@type":"ReadAction","target":["https:\/\/jopanautica.com\/fr\/producto\/bwa-sport-18-gt\/"]}]},{"@type":"ImageObject","inLanguage":"fr-FR","@id":"https:\/\/jopanautica.com\/fr\/producto\/bwa-sport-18-gt\/#primaryimage","url":"https:\/\/jopanautica.com\/wp-content\/uploads\/BWA-Sport-18-GT-2-e1703152558567.jpg","contentUrl":"https:\/\/jopanautica.com\/wp-content\/uploads\/BWA-Sport-18-GT-2-e1703152558567.jpg","width":1342,"height":842},{"@type":"BreadcrumbList","@id":"https:\/\/jopanautica.com\/fr\/producto\/bwa-sport-18-gt\/#breadcrumb","itemListElement":[{"@type":"ListItem","position":1,"name":"Portada","item":"https:\/\/jopanautica.com\/fr\/"},{"@type":"ListItem","position":2,"name":"Boutique","item":"https:\/\/jopanautica.com\/fr\/boutique\/"},{"@type":"ListItem","position":3,"name":"BWA SPORT 18 GT"}]},{"@type":"WebSite","@id":"https:\/\/jopanautica.com\/#website","url":"https:\/\/jopanautica.com\/","name":"Jopa N\u00e0utica","description":"Jopa N\u00e0utica l&#039; Escala","publisher":{"@id":"https:\/\/jopanautica.com\/#organization"},"potentialAction":[{"@type":"SearchAction","target":{"@type":"EntryPoint","urlTemplate":"https:\/\/jopanautica.com\/?s={search_term_string}"},"query-input":{"@type":"PropertyValueSpecification","valueRequired":true,"valueName":"search_term_string"}}],"inLanguage":"fr-FR"},{"@type":"Organization","@id":"https:\/\/jopanautica.com\/#organization","name":"Jopa N\u00e0utica","url":"https:\/\/jopanautica.com\/","logo":{"@type":"ImageObject","inLanguage":"fr-FR","@id":"https:\/\/jopanautica.com\/#\/schema\/logo\/image\/","url":"https:\/\/jopanautica.com\/wp-content\/uploads\/2020\/06\/jopa-nautica-logo.png","contentUrl":"https:\/\/jopanautica.com\/wp-content\/uploads\/2020\/06\/jopa-nautica-logo.png","width":600,"height":159,"caption":"Jopa N\u00e0utica"},"image":{"@id":"https:\/\/jopanautica.com\/#\/schema\/logo\/image\/"}}]}},"_links":{"self":[{"href":"https:\/\/jopanautica.com\/fr\/wp-json\/wp\/v2\/product\/20116","targetHints":{"allow":["GET"]}}],"collection":[{"href":"https:\/\/jopanautica.com\/fr\/wp-json\/wp\/v2\/product"}],"about":[{"href":"https:\/\/jopanautica.com\/fr\/wp-json\/wp\/v2\/types\/product"}],"wp:featuredmedia":[{"embeddable":true,"href":"https:\/\/jopanautica.com\/fr\/wp-json\/wp\/v2\/media\/19526"}],"wp:attachment":[{"href":"https:\/\/jopanautica.com\/fr\/wp-json\/wp\/v2\/media?parent=20116"}],"wp:term":[{"taxonomy":"product_brand","embeddable":true,"href":"https:\/\/jopanautica.com\/fr\/wp-json\/wp\/v2\/product_brand?post=20116"},{"taxonomy":"product_cat","embeddable":true,"href":"https:\/\/jopanautica.com\/fr\/wp-json\/wp\/v2\/product_cat?post=20116"},{"taxonomy":"product_tag","embeddable":true,"href":"https:\/\/jopanautica.com\/fr\/wp-json\/wp\/v2\/product_tag?post=20116"}],"curies":[{"name":"wp","href":"https:\/\/api.w.org\/{rel}","templated":true}]}}