{"id":20113,"date":"2023-11-20T11:59:56","date_gmt":"2023-11-28T12:04:51","guid":{"rendered":"https:\/\/jopanautica.com\/producto\/jeanneau-merry-fisher-805\/"},"modified":"2023-11-28T12:04:51","modified_gmt":"2023-11-28T12:04:51","slug":"jeanneau-merry-fisher-805","status":"publish","type":"product","link":"https:\/\/jopanautica.com\/fr\/producto\/jeanneau-merry-fisher-805\/","title":{"rendered":"JEANNEAU MERRY FISHER 805"},"content":{"rendered":"<p>Bateau de p\u00eache Merry Fisher 805 avec moteur in-bord diesel Nanni de 200 ch en bon \u00e9tat id\u00e9al.<\/p>\n","protected":false},"excerpt":{"rendered":"<p>ARCHE RADAR, RAMPE D&rsquo;ARC HAUTE, CHARGEUR DE BATTERIE, 3 BATTERIES, BOUSSOLE, GPS\/SONAR AVEC ANTENNE, 12\/220 V. CONVERTISSEUR, DEP. EAU NOIRE, D\u00c9P. EAU DOUCE 100 L, DOUCHE EXT\u00c9RIEURE, FEUX DE NAVIGATION, BAIGNOIRE ARRI\u00c8RE, \u00c9CHELLE DE NATATION, VOLETS, RIDEAU DE COCKPIT, PARE-BRISE \u00c9LECTRIQUE, RADIO FM\/CD ET HAUT-PARLEURS, PLANCHER EN BOIS DANS LA CABINE, BARRAGE ACTUEL AU PORT, R\u00c9SERVOIR DIESEL 225L, VHF COBRA, AVERTISSEUR, PRISE DE BAIN 12 V, CUISINI\u00c8RE \u00c0 GAZ ET \u00c9VIER (INT\u00c9RIEUR), TOILETTE \u00c0 SOUS VIDE AVEC COMPARTIMENT LAVABO, S\u00c9PAR\u00c9, R\u00c9FRIG\u00c9RATEUR, LIT 2 PLACES, CANAP\u00c9 INT\u00c9RIEUR AVEC TABLE, TRANSFORMABLE EN LIT (2 PERS), ARMOIRE INT\u00c9RIEURE, ESSUIE-GLACE, LUMI\u00c8RES DE CABINE, POMPE DE CALE AUTOMATIQUE, H\u00c9LICE D&rsquo;ARC, SOLARIUM DE TOIT.<\/p>\n","protected":false},"featured_media":19615,"template":"","meta":{"_acf_changed":false},"product_brand":[],"product_cat":[418],"product_tag":[],"class_list":{"0":"post-20113","1":"product","2":"type-product","3":"status-publish","4":"has-post-thumbnail","6":"product_cat-occasion","8":"first","9":"instock","10":"purchasable","11":"product-type-simple"},"acf":[],"yoast_head":"<!-- This site is optimized with the Yoast SEO Premium plugin v26.7 (Yoast SEO v26.7) - https:\/\/yoast.com\/wordpress\/plugins\/seo\/ -->\n<title>JEANNEAU MERRY FISHER 805 - Jopa N\u00e0utica<\/title>\n<meta name=\"robots\" content=\"index, follow, max-snippet:-1, max-image-preview:large, max-video-preview:-1\" \/>\n<link rel=\"canonical\" href=\"https:\/\/jopanautica.com\/fr\/producto\/jeanneau-merry-fisher-805\/\" \/>\n<meta property=\"og:locale\" content=\"fr_FR\" \/>\n<meta property=\"og:type\" content=\"article\" \/>\n<meta property=\"og:title\" content=\"JEANNEAU MERRY FISHER 805\" \/>\n<meta property=\"og:description\" content=\"ARCHE RADAR, RAMPE D&#039;ARC HAUTE, CHARGEUR DE BATTERIE, 3 BATTERIES, BOUSSOLE, GPS\/SONAR AVEC ANTENNE, 12\/220 V. CONVERTISSEUR, DEP. EAU NOIRE, D\u00c9P. EAU DOUCE 100 L, DOUCHE EXT\u00c9RIEURE, FEUX DE NAVIGATION, BAIGNOIRE ARRI\u00c8RE, \u00c9CHELLE DE NATATION, VOLETS, RIDEAU DE COCKPIT, PARE-BRISE \u00c9LECTRIQUE, RADIO FM\/CD ET HAUT-PARLEURS, PLANCHER EN BOIS DANS LA CABINE, BARRAGE ACTUEL AU PORT, R\u00c9SERVOIR DIESEL 225L, VHF COBRA, AVERTISSEUR, PRISE DE BAIN 12 V, CUISINI\u00c8RE \u00c0 GAZ ET \u00c9VIER (INT\u00c9RIEUR), TOILETTE \u00c0 SOUS VIDE AVEC COMPARTIMENT LAVABO, S\u00c9PAR\u00c9, R\u00c9FRIG\u00c9RATEUR, LIT 2 PLACES, CANAP\u00c9 INT\u00c9RIEUR AVEC TABLE, TRANSFORMABLE EN LIT (2 PERS), ARMOIRE INT\u00c9RIEURE, ESSUIE-GLACE, LUMI\u00c8RES DE CABINE, POMPE DE CALE AUTOMATIQUE, H\u00c9LICE D&#039;ARC, SOLARIUM DE TOIT.\" \/>\n<meta property=\"og:url\" content=\"https:\/\/jopanautica.com\/fr\/producto\/jeanneau-merry-fisher-805\/\" \/>\n<meta property=\"og:site_name\" content=\"Jopa N\u00e0utica\" \/>\n<meta property=\"og:image\" content=\"https:\/\/jopanautica.com\/wp-content\/uploads\/Jeanneau_Merry_Fsher_850_1.jpg\" \/>\n\t<meta property=\"og:image:width\" content=\"800\" \/>\n\t<meta property=\"og:image:height\" content=\"360\" \/>\n\t<meta property=\"og:image:type\" content=\"image\/jpeg\" \/>\n<meta name=\"twitter:card\" content=\"summary_large_image\" \/>\n<script type=\"application\/ld+json\" class=\"yoast-schema-graph\">{\"@context\":\"https:\/\/schema.org\",\"@graph\":[{\"@type\":\"WebPage\",\"@id\":\"https:\/\/jopanautica.com\/fr\/producto\/jeanneau-merry-fisher-805\/\",\"url\":\"https:\/\/jopanautica.com\/fr\/producto\/jeanneau-merry-fisher-805\/\",\"name\":\"JEANNEAU MERRY FISHER 805 - Jopa N\u00e0utica\",\"isPartOf\":{\"@id\":\"https:\/\/jopanautica.com\/#website\"},\"primaryImageOfPage\":{\"@id\":\"https:\/\/jopanautica.com\/fr\/producto\/jeanneau-merry-fisher-805\/#primaryimage\"},\"image\":{\"@id\":\"https:\/\/jopanautica.com\/fr\/producto\/jeanneau-merry-fisher-805\/#primaryimage\"},\"thumbnailUrl\":\"https:\/\/jopanautica.com\/wp-content\/uploads\/Jeanneau_Merry_Fsher_850_1-e1703151335231.jpg\",\"datePublished\":\"2023-11-28T12:04:51+00:00\",\"breadcrumb\":{\"@id\":\"https:\/\/jopanautica.com\/fr\/producto\/jeanneau-merry-fisher-805\/#breadcrumb\"},\"inLanguage\":\"fr-FR\",\"potentialAction\":[{\"@type\":\"ReadAction\",\"target\":[\"https:\/\/jopanautica.com\/fr\/producto\/jeanneau-merry-fisher-805\/\"]}]},{\"@type\":\"ImageObject\",\"inLanguage\":\"fr-FR\",\"@id\":\"https:\/\/jopanautica.com\/fr\/producto\/jeanneau-merry-fisher-805\/#primaryimage\",\"url\":\"https:\/\/jopanautica.com\/wp-content\/uploads\/Jeanneau_Merry_Fsher_850_1-e1703151335231.jpg\",\"contentUrl\":\"https:\/\/jopanautica.com\/wp-content\/uploads\/Jeanneau_Merry_Fsher_850_1-e1703151335231.jpg\",\"width\":469,\"height\":262},{\"@type\":\"BreadcrumbList\",\"@id\":\"https:\/\/jopanautica.com\/fr\/producto\/jeanneau-merry-fisher-805\/#breadcrumb\",\"itemListElement\":[{\"@type\":\"ListItem\",\"position\":1,\"name\":\"Portada\",\"item\":\"https:\/\/jopanautica.com\/fr\/\"},{\"@type\":\"ListItem\",\"position\":2,\"name\":\"Boutique\",\"item\":\"https:\/\/jopanautica.com\/fr\/boutique\/\"},{\"@type\":\"ListItem\",\"position\":3,\"name\":\"JEANNEAU MERRY FISHER 805\"}]},{\"@type\":\"WebSite\",\"@id\":\"https:\/\/jopanautica.com\/#website\",\"url\":\"https:\/\/jopanautica.com\/\",\"name\":\"Jopa N\u00e0utica\",\"description\":\"Jopa N\u00e0utica l&#039; Escala\",\"publisher\":{\"@id\":\"https:\/\/jopanautica.com\/#organization\"},\"potentialAction\":[{\"@type\":\"SearchAction\",\"target\":{\"@type\":\"EntryPoint\",\"urlTemplate\":\"https:\/\/jopanautica.com\/?s={search_term_string}\"},\"query-input\":{\"@type\":\"PropertyValueSpecification\",\"valueRequired\":true,\"valueName\":\"search_term_string\"}}],\"inLanguage\":\"fr-FR\"},{\"@type\":\"Organization\",\"@id\":\"https:\/\/jopanautica.com\/#organization\",\"name\":\"Jopa N\u00e0utica\",\"url\":\"https:\/\/jopanautica.com\/\",\"logo\":{\"@type\":\"ImageObject\",\"inLanguage\":\"fr-FR\",\"@id\":\"https:\/\/jopanautica.com\/#\/schema\/logo\/image\/\",\"url\":\"https:\/\/jopanautica.com\/wp-content\/uploads\/2020\/06\/jopa-nautica-logo.png\",\"contentUrl\":\"https:\/\/jopanautica.com\/wp-content\/uploads\/2020\/06\/jopa-nautica-logo.png\",\"width\":600,\"height\":159,\"caption\":\"Jopa N\u00e0utica\"},\"image\":{\"@id\":\"https:\/\/jopanautica.com\/#\/schema\/logo\/image\/\"}}]}<\/script>\n<!-- \/ Yoast SEO Premium plugin. -->","yoast_head_json":{"title":"JEANNEAU MERRY FISHER 805 - Jopa N\u00e0utica","robots":{"index":"index","follow":"follow","max-snippet":"max-snippet:-1","max-image-preview":"max-image-preview:large","max-video-preview":"max-video-preview:-1"},"canonical":"https:\/\/jopanautica.com\/fr\/producto\/jeanneau-merry-fisher-805\/","og_locale":"fr_FR","og_type":"article","og_title":"JEANNEAU MERRY FISHER 805","og_description":"ARCHE RADAR, RAMPE D'ARC HAUTE, CHARGEUR DE BATTERIE, 3 BATTERIES, BOUSSOLE, GPS\/SONAR AVEC ANTENNE, 12\/220 V. CONVERTISSEUR, DEP. EAU NOIRE, D\u00c9P. EAU DOUCE 100 L, DOUCHE EXT\u00c9RIEURE, FEUX DE NAVIGATION, BAIGNOIRE ARRI\u00c8RE, \u00c9CHELLE DE NATATION, VOLETS, RIDEAU DE COCKPIT, PARE-BRISE \u00c9LECTRIQUE, RADIO FM\/CD ET HAUT-PARLEURS, PLANCHER EN BOIS DANS LA CABINE, BARRAGE ACTUEL AU PORT, R\u00c9SERVOIR DIESEL 225L, VHF COBRA, AVERTISSEUR, PRISE DE BAIN 12 V, CUISINI\u00c8RE \u00c0 GAZ ET \u00c9VIER (INT\u00c9RIEUR), TOILETTE \u00c0 SOUS VIDE AVEC COMPARTIMENT LAVABO, S\u00c9PAR\u00c9, R\u00c9FRIG\u00c9RATEUR, LIT 2 PLACES, CANAP\u00c9 INT\u00c9RIEUR AVEC TABLE, TRANSFORMABLE EN LIT (2 PERS), ARMOIRE INT\u00c9RIEURE, ESSUIE-GLACE, LUMI\u00c8RES DE CABINE, POMPE DE CALE AUTOMATIQUE, H\u00c9LICE D'ARC, SOLARIUM DE TOIT.","og_url":"https:\/\/jopanautica.com\/fr\/producto\/jeanneau-merry-fisher-805\/","og_site_name":"Jopa N\u00e0utica","og_image":[{"width":800,"height":360,"url":"https:\/\/jopanautica.com\/wp-content\/uploads\/Jeanneau_Merry_Fsher_850_1.jpg","type":"image\/jpeg"}],"twitter_card":"summary_large_image","schema":{"@context":"https:\/\/schema.org","@graph":[{"@type":"WebPage","@id":"https:\/\/jopanautica.com\/fr\/producto\/jeanneau-merry-fisher-805\/","url":"https:\/\/jopanautica.com\/fr\/producto\/jeanneau-merry-fisher-805\/","name":"JEANNEAU MERRY FISHER 805 - Jopa N\u00e0utica","isPartOf":{"@id":"https:\/\/jopanautica.com\/#website"},"primaryImageOfPage":{"@id":"https:\/\/jopanautica.com\/fr\/producto\/jeanneau-merry-fisher-805\/#primaryimage"},"image":{"@id":"https:\/\/jopanautica.com\/fr\/producto\/jeanneau-merry-fisher-805\/#primaryimage"},"thumbnailUrl":"https:\/\/jopanautica.com\/wp-content\/uploads\/Jeanneau_Merry_Fsher_850_1-e1703151335231.jpg","datePublished":"2023-11-28T12:04:51+00:00","breadcrumb":{"@id":"https:\/\/jopanautica.com\/fr\/producto\/jeanneau-merry-fisher-805\/#breadcrumb"},"inLanguage":"fr-FR","potentialAction":[{"@type":"ReadAction","target":["https:\/\/jopanautica.com\/fr\/producto\/jeanneau-merry-fisher-805\/"]}]},{"@type":"ImageObject","inLanguage":"fr-FR","@id":"https:\/\/jopanautica.com\/fr\/producto\/jeanneau-merry-fisher-805\/#primaryimage","url":"https:\/\/jopanautica.com\/wp-content\/uploads\/Jeanneau_Merry_Fsher_850_1-e1703151335231.jpg","contentUrl":"https:\/\/jopanautica.com\/wp-content\/uploads\/Jeanneau_Merry_Fsher_850_1-e1703151335231.jpg","width":469,"height":262},{"@type":"BreadcrumbList","@id":"https:\/\/jopanautica.com\/fr\/producto\/jeanneau-merry-fisher-805\/#breadcrumb","itemListElement":[{"@type":"ListItem","position":1,"name":"Portada","item":"https:\/\/jopanautica.com\/fr\/"},{"@type":"ListItem","position":2,"name":"Boutique","item":"https:\/\/jopanautica.com\/fr\/boutique\/"},{"@type":"ListItem","position":3,"name":"JEANNEAU MERRY FISHER 805"}]},{"@type":"WebSite","@id":"https:\/\/jopanautica.com\/#website","url":"https:\/\/jopanautica.com\/","name":"Jopa N\u00e0utica","description":"Jopa N\u00e0utica l&#039; Escala","publisher":{"@id":"https:\/\/jopanautica.com\/#organization"},"potentialAction":[{"@type":"SearchAction","target":{"@type":"EntryPoint","urlTemplate":"https:\/\/jopanautica.com\/?s={search_term_string}"},"query-input":{"@type":"PropertyValueSpecification","valueRequired":true,"valueName":"search_term_string"}}],"inLanguage":"fr-FR"},{"@type":"Organization","@id":"https:\/\/jopanautica.com\/#organization","name":"Jopa N\u00e0utica","url":"https:\/\/jopanautica.com\/","logo":{"@type":"ImageObject","inLanguage":"fr-FR","@id":"https:\/\/jopanautica.com\/#\/schema\/logo\/image\/","url":"https:\/\/jopanautica.com\/wp-content\/uploads\/2020\/06\/jopa-nautica-logo.png","contentUrl":"https:\/\/jopanautica.com\/wp-content\/uploads\/2020\/06\/jopa-nautica-logo.png","width":600,"height":159,"caption":"Jopa N\u00e0utica"},"image":{"@id":"https:\/\/jopanautica.com\/#\/schema\/logo\/image\/"}}]}},"_links":{"self":[{"href":"https:\/\/jopanautica.com\/fr\/wp-json\/wp\/v2\/product\/20113","targetHints":{"allow":["GET"]}}],"collection":[{"href":"https:\/\/jopanautica.com\/fr\/wp-json\/wp\/v2\/product"}],"about":[{"href":"https:\/\/jopanautica.com\/fr\/wp-json\/wp\/v2\/types\/product"}],"wp:featuredmedia":[{"embeddable":true,"href":"https:\/\/jopanautica.com\/fr\/wp-json\/wp\/v2\/media\/19615"}],"wp:attachment":[{"href":"https:\/\/jopanautica.com\/fr\/wp-json\/wp\/v2\/media?parent=20113"}],"wp:term":[{"taxonomy":"product_brand","embeddable":true,"href":"https:\/\/jopanautica.com\/fr\/wp-json\/wp\/v2\/product_brand?post=20113"},{"taxonomy":"product_cat","embeddable":true,"href":"https:\/\/jopanautica.com\/fr\/wp-json\/wp\/v2\/product_cat?post=20113"},{"taxonomy":"product_tag","embeddable":true,"href":"https:\/\/jopanautica.com\/fr\/wp-json\/wp\/v2\/product_tag?post=20113"}],"curies":[{"name":"wp","href":"https:\/\/api.w.org\/{rel}","templated":true}]}}