{"id":20103,"date":"2025-05-13T10:46:29","date_gmt":"2023-11-28T11:36:36","guid":{"rendered":"https:\/\/jopanautica.com\/producto\/paddle-surf-jobe-leona-10-6\/"},"modified":"2023-11-28T11:36:36","modified_gmt":"2023-11-28T11:36:36","slug":"paddle-surf-jobe-leona-10-6","status":"publish","type":"product","link":"https:\/\/jopanautica.com\/fr\/producto\/paddle-surf-jobe-leona-10-6\/","title":{"rendered":"Paddle Surf Jobe Leona 10.6"},"content":{"rendered":"<p>Le pack de planches de paddle gonflables Leona 10.6 est le nouvel ajout \u00e0 la collection 2021. Ce nouveau Paddle Board a la haute qualit\u00e9 que vous pouvez attendre, mais \u00e0 un prix plus attractif ! La planche poss\u00e8de tous les aspects techniques, comme un longeron sur le dessus et une construction X-Foundation pour une planche de paddle gonflable plus l\u00e9g\u00e8re et plus performante. Bien que la forme du Paddle Board en fasse un v\u00e9ritable polyvalent, il est parfait pour le fan de Paddle Board r\u00e9cr\u00e9atif qui veut tout faire !<\/p>\n","protected":false},"excerpt":{"rendered":"<p>Technologie de thermocollage : qualit\u00e9 et s\u00e9curit\u00e9 de la couche de jument Mod\u00e8le en mousse EVA antid\u00e9rapante, permet un SUP Paddle Bungee confortable \u00e0 long terme Filet de rangement Halkey Roberts Valve 8\u2033 EZ Lock Fin Anneau en D sur la pointe et la queue Valve Patch Assist Nose rocker : 9\u2033, Rocker arri\u00e8re : 0\u2033 Poids maximum du pilote 120 kg | 264,6 Ibs Poids de la planche : 8,2 kg | 18 lb Poids du colis : 13,2 kg | 29,1 lb Dimensions gonfl\u00e9es : 10&rsquo;6\u2033 x 32\u2033 x 4,75\u2033 | 320 x 81,3 x 12 cm Volume : 246 l Le paquet contient : Aero Leona Paddlesurf Board 10.6, pagaie r\u00e9glable en 3 parties en aluminium, sac \u00e0 dos \u00e9tanche, pompe double action, leash enroul\u00e9 de 10 pieds \/ 3,04 m.<\/p>\n","protected":false},"featured_media":20238,"template":"","meta":{"_acf_changed":false},"product_brand":[],"product_cat":[407,416],"product_tag":[],"class_list":{"0":"post-20103","1":"product","2":"type-product","3":"status-publish","4":"has-post-thumbnail","6":"product_cat-jobe-fr","7":"product_cat-neuf","9":"first","10":"instock","11":"taxable","12":"shipping-taxable","13":"purchasable","14":"product-type-simple"},"acf":[],"yoast_head":"<!-- This site is optimized with the Yoast SEO Premium plugin v26.7 (Yoast SEO v26.7) - https:\/\/yoast.com\/wordpress\/plugins\/seo\/ -->\n<title>Paddle Surf Jobe Leona 10.6 - Jopa N\u00e0utica<\/title>\n<meta name=\"robots\" content=\"index, follow, max-snippet:-1, max-image-preview:large, max-video-preview:-1\" \/>\n<link rel=\"canonical\" href=\"https:\/\/jopanautica.com\/fr\/producto\/paddle-surf-jobe-leona-10-6\/\" \/>\n<meta property=\"og:locale\" content=\"fr_FR\" \/>\n<meta property=\"og:type\" content=\"article\" \/>\n<meta property=\"og:title\" content=\"Paddle Surf Jobe Leona 10.6\" \/>\n<meta property=\"og:description\" content=\"Technologie de thermocollage : qualit\u00e9 et s\u00e9curit\u00e9 de la couche de jument Mod\u00e8le en mousse EVA antid\u00e9rapante, permet un SUP Paddle Bungee confortable \u00e0 long terme Filet de rangement Halkey Roberts Valve 8\u2033 EZ Lock Fin Anneau en D sur la pointe et la queue Valve Patch Assist Nose rocker : 9\u2033, Rocker arri\u00e8re : 0\u2033 Poids maximum du pilote 120 kg | 264,6 Ibs Poids de la planche : 8,2 kg | 18 lb Poids du colis : 13,2 kg | 29,1 lb Dimensions gonfl\u00e9es : 10&#039;6\u2033 x 32\u2033 x 4,75\u2033 | 320 x 81,3 x 12 cm Volume : 246 l Le paquet contient : Aero Leona Paddlesurf Board 10.6, pagaie r\u00e9glable en 3 parties en aluminium, sac \u00e0 dos \u00e9tanche, pompe double action, leash enroul\u00e9 de 10 pieds \/ 3,04 m.\" \/>\n<meta property=\"og:url\" content=\"https:\/\/jopanautica.com\/fr\/producto\/paddle-surf-jobe-leona-10-6\/\" \/>\n<meta property=\"og:site_name\" content=\"Jopa N\u00e0utica\" \/>\n<meta property=\"og:image\" content=\"https:\/\/jopanautica.com\/wp-content\/uploads\/486421010-big.jpg\" \/>\n\t<meta property=\"og:image:width\" content=\"480\" \/>\n\t<meta property=\"og:image:height\" content=\"600\" \/>\n\t<meta property=\"og:image:type\" content=\"image\/jpeg\" \/>\n<meta name=\"twitter:card\" content=\"summary_large_image\" \/>\n<script type=\"application\/ld+json\" class=\"yoast-schema-graph\">{\"@context\":\"https:\/\/schema.org\",\"@graph\":[{\"@type\":\"WebPage\",\"@id\":\"https:\/\/jopanautica.com\/fr\/producto\/paddle-surf-jobe-leona-10-6\/\",\"url\":\"https:\/\/jopanautica.com\/fr\/producto\/paddle-surf-jobe-leona-10-6\/\",\"name\":\"Paddle Surf Jobe Leona 10.6 - Jopa N\u00e0utica\",\"isPartOf\":{\"@id\":\"https:\/\/jopanautica.com\/#website\"},\"primaryImageOfPage\":{\"@id\":\"https:\/\/jopanautica.com\/fr\/producto\/paddle-surf-jobe-leona-10-6\/#primaryimage\"},\"image\":{\"@id\":\"https:\/\/jopanautica.com\/fr\/producto\/paddle-surf-jobe-leona-10-6\/#primaryimage\"},\"thumbnailUrl\":\"https:\/\/jopanautica.com\/wp-content\/uploads\/pack-stand-up-paddle-hinchable-aero-106-leona-jobe-jopa-nautica.jpg\",\"datePublished\":\"2023-11-28T11:36:36+00:00\",\"breadcrumb\":{\"@id\":\"https:\/\/jopanautica.com\/fr\/producto\/paddle-surf-jobe-leona-10-6\/#breadcrumb\"},\"inLanguage\":\"fr-FR\",\"potentialAction\":[{\"@type\":\"ReadAction\",\"target\":[\"https:\/\/jopanautica.com\/fr\/producto\/paddle-surf-jobe-leona-10-6\/\"]}]},{\"@type\":\"ImageObject\",\"inLanguage\":\"fr-FR\",\"@id\":\"https:\/\/jopanautica.com\/fr\/producto\/paddle-surf-jobe-leona-10-6\/#primaryimage\",\"url\":\"https:\/\/jopanautica.com\/wp-content\/uploads\/pack-stand-up-paddle-hinchable-aero-106-leona-jobe-jopa-nautica.jpg\",\"contentUrl\":\"https:\/\/jopanautica.com\/wp-content\/uploads\/pack-stand-up-paddle-hinchable-aero-106-leona-jobe-jopa-nautica.jpg\",\"width\":800,\"height\":666},{\"@type\":\"BreadcrumbList\",\"@id\":\"https:\/\/jopanautica.com\/fr\/producto\/paddle-surf-jobe-leona-10-6\/#breadcrumb\",\"itemListElement\":[{\"@type\":\"ListItem\",\"position\":1,\"name\":\"Portada\",\"item\":\"https:\/\/jopanautica.com\/fr\/\"},{\"@type\":\"ListItem\",\"position\":2,\"name\":\"Boutique\",\"item\":\"https:\/\/jopanautica.com\/fr\/boutique\/\"},{\"@type\":\"ListItem\",\"position\":3,\"name\":\"Paddle Surf Jobe Leona 10.6\"}]},{\"@type\":\"WebSite\",\"@id\":\"https:\/\/jopanautica.com\/#website\",\"url\":\"https:\/\/jopanautica.com\/\",\"name\":\"Jopa N\u00e0utica\",\"description\":\"Jopa N\u00e0utica l&#039; Escala\",\"publisher\":{\"@id\":\"https:\/\/jopanautica.com\/#organization\"},\"potentialAction\":[{\"@type\":\"SearchAction\",\"target\":{\"@type\":\"EntryPoint\",\"urlTemplate\":\"https:\/\/jopanautica.com\/?s={search_term_string}\"},\"query-input\":{\"@type\":\"PropertyValueSpecification\",\"valueRequired\":true,\"valueName\":\"search_term_string\"}}],\"inLanguage\":\"fr-FR\"},{\"@type\":\"Organization\",\"@id\":\"https:\/\/jopanautica.com\/#organization\",\"name\":\"Jopa N\u00e0utica\",\"url\":\"https:\/\/jopanautica.com\/\",\"logo\":{\"@type\":\"ImageObject\",\"inLanguage\":\"fr-FR\",\"@id\":\"https:\/\/jopanautica.com\/#\/schema\/logo\/image\/\",\"url\":\"https:\/\/jopanautica.com\/wp-content\/uploads\/2020\/06\/jopa-nautica-logo.png\",\"contentUrl\":\"https:\/\/jopanautica.com\/wp-content\/uploads\/2020\/06\/jopa-nautica-logo.png\",\"width\":600,\"height\":159,\"caption\":\"Jopa N\u00e0utica\"},\"image\":{\"@id\":\"https:\/\/jopanautica.com\/#\/schema\/logo\/image\/\"}}]}<\/script>\n<!-- \/ Yoast SEO Premium plugin. -->","yoast_head_json":{"title":"Paddle Surf Jobe Leona 10.6 - Jopa N\u00e0utica","robots":{"index":"index","follow":"follow","max-snippet":"max-snippet:-1","max-image-preview":"max-image-preview:large","max-video-preview":"max-video-preview:-1"},"canonical":"https:\/\/jopanautica.com\/fr\/producto\/paddle-surf-jobe-leona-10-6\/","og_locale":"fr_FR","og_type":"article","og_title":"Paddle Surf Jobe Leona 10.6","og_description":"Technologie de thermocollage : qualit\u00e9 et s\u00e9curit\u00e9 de la couche de jument Mod\u00e8le en mousse EVA antid\u00e9rapante, permet un SUP Paddle Bungee confortable \u00e0 long terme Filet de rangement Halkey Roberts Valve 8\u2033 EZ Lock Fin Anneau en D sur la pointe et la queue Valve Patch Assist Nose rocker : 9\u2033, Rocker arri\u00e8re : 0\u2033 Poids maximum du pilote 120 kg | 264,6 Ibs Poids de la planche : 8,2 kg | 18 lb Poids du colis : 13,2 kg | 29,1 lb Dimensions gonfl\u00e9es : 10'6\u2033 x 32\u2033 x 4,75\u2033 | 320 x 81,3 x 12 cm Volume : 246 l Le paquet contient : Aero Leona Paddlesurf Board 10.6, pagaie r\u00e9glable en 3 parties en aluminium, sac \u00e0 dos \u00e9tanche, pompe double action, leash enroul\u00e9 de 10 pieds \/ 3,04 m.","og_url":"https:\/\/jopanautica.com\/fr\/producto\/paddle-surf-jobe-leona-10-6\/","og_site_name":"Jopa N\u00e0utica","og_image":[{"width":480,"height":600,"url":"https:\/\/jopanautica.com\/wp-content\/uploads\/486421010-big.jpg","type":"image\/jpeg"}],"twitter_card":"summary_large_image","schema":{"@context":"https:\/\/schema.org","@graph":[{"@type":"WebPage","@id":"https:\/\/jopanautica.com\/fr\/producto\/paddle-surf-jobe-leona-10-6\/","url":"https:\/\/jopanautica.com\/fr\/producto\/paddle-surf-jobe-leona-10-6\/","name":"Paddle Surf Jobe Leona 10.6 - Jopa N\u00e0utica","isPartOf":{"@id":"https:\/\/jopanautica.com\/#website"},"primaryImageOfPage":{"@id":"https:\/\/jopanautica.com\/fr\/producto\/paddle-surf-jobe-leona-10-6\/#primaryimage"},"image":{"@id":"https:\/\/jopanautica.com\/fr\/producto\/paddle-surf-jobe-leona-10-6\/#primaryimage"},"thumbnailUrl":"https:\/\/jopanautica.com\/wp-content\/uploads\/pack-stand-up-paddle-hinchable-aero-106-leona-jobe-jopa-nautica.jpg","datePublished":"2023-11-28T11:36:36+00:00","breadcrumb":{"@id":"https:\/\/jopanautica.com\/fr\/producto\/paddle-surf-jobe-leona-10-6\/#breadcrumb"},"inLanguage":"fr-FR","potentialAction":[{"@type":"ReadAction","target":["https:\/\/jopanautica.com\/fr\/producto\/paddle-surf-jobe-leona-10-6\/"]}]},{"@type":"ImageObject","inLanguage":"fr-FR","@id":"https:\/\/jopanautica.com\/fr\/producto\/paddle-surf-jobe-leona-10-6\/#primaryimage","url":"https:\/\/jopanautica.com\/wp-content\/uploads\/pack-stand-up-paddle-hinchable-aero-106-leona-jobe-jopa-nautica.jpg","contentUrl":"https:\/\/jopanautica.com\/wp-content\/uploads\/pack-stand-up-paddle-hinchable-aero-106-leona-jobe-jopa-nautica.jpg","width":800,"height":666},{"@type":"BreadcrumbList","@id":"https:\/\/jopanautica.com\/fr\/producto\/paddle-surf-jobe-leona-10-6\/#breadcrumb","itemListElement":[{"@type":"ListItem","position":1,"name":"Portada","item":"https:\/\/jopanautica.com\/fr\/"},{"@type":"ListItem","position":2,"name":"Boutique","item":"https:\/\/jopanautica.com\/fr\/boutique\/"},{"@type":"ListItem","position":3,"name":"Paddle Surf Jobe Leona 10.6"}]},{"@type":"WebSite","@id":"https:\/\/jopanautica.com\/#website","url":"https:\/\/jopanautica.com\/","name":"Jopa N\u00e0utica","description":"Jopa N\u00e0utica l&#039; Escala","publisher":{"@id":"https:\/\/jopanautica.com\/#organization"},"potentialAction":[{"@type":"SearchAction","target":{"@type":"EntryPoint","urlTemplate":"https:\/\/jopanautica.com\/?s={search_term_string}"},"query-input":{"@type":"PropertyValueSpecification","valueRequired":true,"valueName":"search_term_string"}}],"inLanguage":"fr-FR"},{"@type":"Organization","@id":"https:\/\/jopanautica.com\/#organization","name":"Jopa N\u00e0utica","url":"https:\/\/jopanautica.com\/","logo":{"@type":"ImageObject","inLanguage":"fr-FR","@id":"https:\/\/jopanautica.com\/#\/schema\/logo\/image\/","url":"https:\/\/jopanautica.com\/wp-content\/uploads\/2020\/06\/jopa-nautica-logo.png","contentUrl":"https:\/\/jopanautica.com\/wp-content\/uploads\/2020\/06\/jopa-nautica-logo.png","width":600,"height":159,"caption":"Jopa N\u00e0utica"},"image":{"@id":"https:\/\/jopanautica.com\/#\/schema\/logo\/image\/"}}]}},"_links":{"self":[{"href":"https:\/\/jopanautica.com\/fr\/wp-json\/wp\/v2\/product\/20103","targetHints":{"allow":["GET"]}}],"collection":[{"href":"https:\/\/jopanautica.com\/fr\/wp-json\/wp\/v2\/product"}],"about":[{"href":"https:\/\/jopanautica.com\/fr\/wp-json\/wp\/v2\/types\/product"}],"wp:featuredmedia":[{"embeddable":true,"href":"https:\/\/jopanautica.com\/fr\/wp-json\/wp\/v2\/media\/20238"}],"wp:attachment":[{"href":"https:\/\/jopanautica.com\/fr\/wp-json\/wp\/v2\/media?parent=20103"}],"wp:term":[{"taxonomy":"product_brand","embeddable":true,"href":"https:\/\/jopanautica.com\/fr\/wp-json\/wp\/v2\/product_brand?post=20103"},{"taxonomy":"product_cat","embeddable":true,"href":"https:\/\/jopanautica.com\/fr\/wp-json\/wp\/v2\/product_cat?post=20103"},{"taxonomy":"product_tag","embeddable":true,"href":"https:\/\/jopanautica.com\/fr\/wp-json\/wp\/v2\/product_tag?post=20103"}],"curies":[{"name":"wp","href":"https:\/\/api.w.org\/{rel}","templated":true}]}}