{"id":16371,"date":"2020-06-11T09:15:45","date_gmt":"2020-06-11T09:15:45","guid":{"rendered":"https:\/\/jopanautica.com\/consentimiento-para-el-tratamiento-de-datos\/"},"modified":"2022-04-06T08:32:51","modified_gmt":"2022-04-06T08:32:51","slug":"consentimiento-para-el-tratamiento-de-datos","status":"publish","type":"page","link":"https:\/\/jopanautica.com\/fr\/consentimiento-para-el-tratamiento-de-datos\/","title":{"rendered":"Consentement pour le traitement des donn\u00e9es"},"content":{"rendered":"\t\t<div data-elementor-type=\"wp-page\" data-elementor-id=\"16371\" class=\"elementor elementor-16371 elementor-13788\" data-elementor-post-type=\"page\">\n\t\t\t\t\t\t<section class=\"elementor-section elementor-top-section elementor-element elementor-element-6ee3cd9 elementor-section-boxed elementor-section-height-default elementor-section-height-default\" data-id=\"6ee3cd9\" data-element_type=\"section\">\n\t\t\t\t\t\t<div class=\"elementor-container elementor-column-gap-default\">\n\t\t\t\t\t<div class=\"elementor-column elementor-col-100 elementor-top-column elementor-element elementor-element-ffc6d40\" data-id=\"ffc6d40\" data-element_type=\"column\">\n\t\t\t<div class=\"elementor-widget-wrap elementor-element-populated\">\n\t\t\t\t\t\t<div class=\"elementor-element elementor-element-54c2cd8 elementor-widget elementor-widget-heading\" data-id=\"54c2cd8\" data-element_type=\"widget\" data-widget_type=\"heading.default\">\n\t\t\t\t<div class=\"elementor-widget-container\">\n\t\t\t\t\t<h1 class=\"elementor-heading-title elementor-size-default\">Consentement pour le traitement des donn\u00e9es<\/h1>\t\t\t\t<\/div>\n\t\t\t\t<\/div>\n\t\t\t\t<div class=\"elementor-element elementor-element-ae79b80 elementor-widget elementor-widget-text-editor\" data-id=\"ae79b80\" data-element_type=\"widget\" data-widget_type=\"text-editor.default\">\n\t\t\t\t<div class=\"elementor-widget-container\">\n\t\t\t\t\t\t\t\t\t<p><span style=\"font-family: &quot;Uniform Bold&quot;, sans-serif; color: var( --e-global-color-text );\">JOPA NAUTICA S.L<\/span>&nbsp;est RESPONSABLE du traitement des donn\u00e9es \u00e0 caract\u00e8re personnel de l\u2019UTILISATEUR et vous informe que ces donn\u00e9es seront trait\u00e9es conform\u00e9ment aux dispositions du R\u00e8glement (UE) 2016\/679 du 27 avril (RGP) et de la loi organique. 3\/2018 du 5 d\u00e9cembre (LOPDGDD), pour laquelle les informations de traitement suivantes sont fournies:<\/p>\n<p><strong>Fin du traitement:<\/strong>&nbsp;maintenir une relation commerciale et envoyer des communications sur nos produits et services.<\/p>\n<p><strong>Donn\u00e9es sur les crit\u00e8res de conservation:<\/strong>&nbsp;seront conserv\u00e9s aussi longtemps que il y a un int\u00e9r\u00eat commun pour maintenir la fin du traitement lorsqu\u2019elles ne sont plus n\u00e9cessaires \u00e0 cette fin sont supprim\u00e9s par des mesures de s\u00e9curit\u00e9 appropri\u00e9es pour assurer des donn\u00e9es de pseudonymisation ou la destruction totale de m\u00eame.<\/p>\n<p><strong>Communication des donn\u00e9es:<\/strong>&nbsp;Les donn\u00e9es ne seront pas communiqu\u00e9es \u00e0 des tiers, sauf obligation l\u00e9gale.<\/p>\n<p><strong>Droits qui aident l\u2019utilisateur:<\/strong><\/p>\n<ul>\n<li>Droit de retirer son consentement \u00e0 tout moment.<\/li>\n<li>Droit d\u2019acc\u00e8s, de rectification, de portabilit\u00e9 et de suppression de vos donn\u00e9es et limitation ou opposition \u00e0 votre traitement.<\/li>\n<li>Droit de d\u00e9poser une r\u00e9clamation aupr\u00e8s de l\u2019Autorit\u00e9 de Contr\u00f4le (agpd.es) si elle consid\u00e8re que le traitement n\u2019est pas conforme \u00e0 la r\u00e9glementation en vigueur.<\/li>\n<\/ul>\n<p><strong>Coordonn\u00e9es pour exercer vos droits :<\/strong><\/p>\n<p>Adresse postale:&nbsp;<span style=\"font-family: &quot;Uniform Bold&quot;, sans-serif;\">JOPA NAUTICA S.L<\/span>. CLOSA D\u2019EN LLOP, 116 17130 L\u2019ESCALA (G\u00c9RONE)<br>Adresse \u00e9lectronique:&nbsp;<a href=\"mailto:info@jopanautica.com\">info@jopanautica.com<\/a><\/p>\t\t\t\t\t\t\t\t<\/div>\n\t\t\t\t<\/div>\n\t\t\t\t\t<\/div>\n\t\t<\/div>\n\t\t\t\t\t<\/div>\n\t\t<\/section>\n\t\t\t\t<\/div>\n\t\t","protected":false},"excerpt":{"rendered":"<p>JOPA NAUTICA S.L&nbsp;est RESPONSABLE du traitement des donn\u00e9es \u00e0 caract\u00e8re personnel de l\u2019UTILISATEUR et vous informe que ces donn\u00e9es seront trait\u00e9es conform\u00e9ment aux dispositions du R\u00e8glement (UE) 2016\/679 du 27 avril (RGP) et de la loi organique. 3\/2018 du 5 d\u00e9cembre (LOPDGDD), pour laquelle les informations de traitement suivantes sont fournies: Fin du traitement:&nbsp;maintenir une &#8230; <a title=\"Consentement pour le traitement des donn\u00e9es\" class=\"read-more\" href=\"https:\/\/jopanautica.com\/fr\/consentimiento-para-el-tratamiento-de-datos\/\" aria-label=\"En savoir plus sur Consentement pour le traitement des donn\u00e9es\">Lire la suite<\/a><\/p>\n","protected":false},"author":1,"featured_media":0,"parent":0,"menu_order":0,"comment_status":"closed","ping_status":"closed","template":"","meta":{"_acf_changed":false,"footnotes":""},"class_list":["post-16371","page","type-page","status-publish"],"acf":[],"yoast_head":"<!-- This site is optimized with the Yoast SEO Premium plugin v26.7 (Yoast SEO v26.7) - https:\/\/yoast.com\/wordpress\/plugins\/seo\/ -->\n<title>Consentement pour le traitement des donn\u00e9es - Jopa N\u00e0utica<\/title>\n<meta name=\"robots\" content=\"index, follow, max-snippet:-1, max-image-preview:large, max-video-preview:-1\" \/>\n<link rel=\"canonical\" href=\"https:\/\/jopanautica.com\/fr\/consentimiento-para-el-tratamiento-de-datos\/\" \/>\n<meta property=\"og:locale\" content=\"fr_FR\" \/>\n<meta property=\"og:type\" content=\"article\" \/>\n<meta property=\"og:title\" content=\"Consentement pour le traitement des donn\u00e9es\" \/>\n<meta property=\"og:description\" content=\"JOPA NAUTICA S.L&nbsp;est RESPONSABLE du traitement des donn\u00e9es \u00e0 caract\u00e8re personnel de l\u2019UTILISATEUR et vous informe que ces donn\u00e9es seront trait\u00e9es conform\u00e9ment aux dispositions du R\u00e8glement (UE) 2016\/679 du 27 avril (RGP) et de la loi organique. 3\/2018 du 5 d\u00e9cembre (LOPDGDD), pour laquelle les informations de traitement suivantes sont fournies: Fin du traitement:&nbsp;maintenir une ... Lire la suite\" \/>\n<meta property=\"og:url\" content=\"https:\/\/jopanautica.com\/fr\/consentimiento-para-el-tratamiento-de-datos\/\" \/>\n<meta property=\"og:site_name\" content=\"Jopa N\u00e0utica\" \/>\n<meta property=\"article:modified_time\" content=\"2022-04-06T08:32:51+00:00\" \/>\n<meta name=\"twitter:card\" content=\"summary_large_image\" \/>\n<meta name=\"twitter:label1\" content=\"Dur\u00e9e de lecture estim\u00e9e\" \/>\n\t<meta name=\"twitter:data1\" content=\"2 minutes\" \/>\n<script type=\"application\/ld+json\" class=\"yoast-schema-graph\">{\"@context\":\"https:\/\/schema.org\",\"@graph\":[{\"@type\":\"WebPage\",\"@id\":\"https:\/\/jopanautica.com\/fr\/consentimiento-para-el-tratamiento-de-datos\/\",\"url\":\"https:\/\/jopanautica.com\/fr\/consentimiento-para-el-tratamiento-de-datos\/\",\"name\":\"Consentement pour le traitement des donn\u00e9es - Jopa N\u00e0utica\",\"isPartOf\":{\"@id\":\"https:\/\/jopanautica.com\/#website\"},\"datePublished\":\"2020-06-11T09:15:45+00:00\",\"dateModified\":\"2022-04-06T08:32:51+00:00\",\"breadcrumb\":{\"@id\":\"https:\/\/jopanautica.com\/fr\/consentimiento-para-el-tratamiento-de-datos\/#breadcrumb\"},\"inLanguage\":\"fr-FR\",\"potentialAction\":[{\"@type\":\"ReadAction\",\"target\":[\"https:\/\/jopanautica.com\/fr\/consentimiento-para-el-tratamiento-de-datos\/\"]}]},{\"@type\":\"BreadcrumbList\",\"@id\":\"https:\/\/jopanautica.com\/fr\/consentimiento-para-el-tratamiento-de-datos\/#breadcrumb\",\"itemListElement\":[{\"@type\":\"ListItem\",\"position\":1,\"name\":\"Portada\",\"item\":\"https:\/\/jopanautica.com\/fr\/\"},{\"@type\":\"ListItem\",\"position\":2,\"name\":\"Consentement pour le traitement des donn\u00e9es\"}]},{\"@type\":\"WebSite\",\"@id\":\"https:\/\/jopanautica.com\/#website\",\"url\":\"https:\/\/jopanautica.com\/\",\"name\":\"Jopa N\u00e0utica\",\"description\":\"Jopa N\u00e0utica l&#039; Escala\",\"publisher\":{\"@id\":\"https:\/\/jopanautica.com\/#organization\"},\"potentialAction\":[{\"@type\":\"SearchAction\",\"target\":{\"@type\":\"EntryPoint\",\"urlTemplate\":\"https:\/\/jopanautica.com\/?s={search_term_string}\"},\"query-input\":{\"@type\":\"PropertyValueSpecification\",\"valueRequired\":true,\"valueName\":\"search_term_string\"}}],\"inLanguage\":\"fr-FR\"},{\"@type\":\"Organization\",\"@id\":\"https:\/\/jopanautica.com\/#organization\",\"name\":\"Jopa N\u00e0utica\",\"url\":\"https:\/\/jopanautica.com\/\",\"logo\":{\"@type\":\"ImageObject\",\"inLanguage\":\"fr-FR\",\"@id\":\"https:\/\/jopanautica.com\/#\/schema\/logo\/image\/\",\"url\":\"https:\/\/jopanautica.com\/wp-content\/uploads\/2020\/06\/jopa-nautica-logo.png\",\"contentUrl\":\"https:\/\/jopanautica.com\/wp-content\/uploads\/2020\/06\/jopa-nautica-logo.png\",\"width\":600,\"height\":159,\"caption\":\"Jopa N\u00e0utica\"},\"image\":{\"@id\":\"https:\/\/jopanautica.com\/#\/schema\/logo\/image\/\"}}]}<\/script>\n<!-- \/ Yoast SEO Premium plugin. -->","yoast_head_json":{"title":"Consentement pour le traitement des donn\u00e9es - Jopa N\u00e0utica","robots":{"index":"index","follow":"follow","max-snippet":"max-snippet:-1","max-image-preview":"max-image-preview:large","max-video-preview":"max-video-preview:-1"},"canonical":"https:\/\/jopanautica.com\/fr\/consentimiento-para-el-tratamiento-de-datos\/","og_locale":"fr_FR","og_type":"article","og_title":"Consentement pour le traitement des donn\u00e9es","og_description":"JOPA NAUTICA S.L&nbsp;est RESPONSABLE du traitement des donn\u00e9es \u00e0 caract\u00e8re personnel de l\u2019UTILISATEUR et vous informe que ces donn\u00e9es seront trait\u00e9es conform\u00e9ment aux dispositions du R\u00e8glement (UE) 2016\/679 du 27 avril (RGP) et de la loi organique. 3\/2018 du 5 d\u00e9cembre (LOPDGDD), pour laquelle les informations de traitement suivantes sont fournies: Fin du traitement:&nbsp;maintenir une ... Lire la suite","og_url":"https:\/\/jopanautica.com\/fr\/consentimiento-para-el-tratamiento-de-datos\/","og_site_name":"Jopa N\u00e0utica","article_modified_time":"2022-04-06T08:32:51+00:00","twitter_card":"summary_large_image","twitter_misc":{"Dur\u00e9e de lecture estim\u00e9e":"2 minutes"},"schema":{"@context":"https:\/\/schema.org","@graph":[{"@type":"WebPage","@id":"https:\/\/jopanautica.com\/fr\/consentimiento-para-el-tratamiento-de-datos\/","url":"https:\/\/jopanautica.com\/fr\/consentimiento-para-el-tratamiento-de-datos\/","name":"Consentement pour le traitement des donn\u00e9es - Jopa N\u00e0utica","isPartOf":{"@id":"https:\/\/jopanautica.com\/#website"},"datePublished":"2020-06-11T09:15:45+00:00","dateModified":"2022-04-06T08:32:51+00:00","breadcrumb":{"@id":"https:\/\/jopanautica.com\/fr\/consentimiento-para-el-tratamiento-de-datos\/#breadcrumb"},"inLanguage":"fr-FR","potentialAction":[{"@type":"ReadAction","target":["https:\/\/jopanautica.com\/fr\/consentimiento-para-el-tratamiento-de-datos\/"]}]},{"@type":"BreadcrumbList","@id":"https:\/\/jopanautica.com\/fr\/consentimiento-para-el-tratamiento-de-datos\/#breadcrumb","itemListElement":[{"@type":"ListItem","position":1,"name":"Portada","item":"https:\/\/jopanautica.com\/fr\/"},{"@type":"ListItem","position":2,"name":"Consentement pour le traitement des donn\u00e9es"}]},{"@type":"WebSite","@id":"https:\/\/jopanautica.com\/#website","url":"https:\/\/jopanautica.com\/","name":"Jopa N\u00e0utica","description":"Jopa N\u00e0utica l&#039; Escala","publisher":{"@id":"https:\/\/jopanautica.com\/#organization"},"potentialAction":[{"@type":"SearchAction","target":{"@type":"EntryPoint","urlTemplate":"https:\/\/jopanautica.com\/?s={search_term_string}"},"query-input":{"@type":"PropertyValueSpecification","valueRequired":true,"valueName":"search_term_string"}}],"inLanguage":"fr-FR"},{"@type":"Organization","@id":"https:\/\/jopanautica.com\/#organization","name":"Jopa N\u00e0utica","url":"https:\/\/jopanautica.com\/","logo":{"@type":"ImageObject","inLanguage":"fr-FR","@id":"https:\/\/jopanautica.com\/#\/schema\/logo\/image\/","url":"https:\/\/jopanautica.com\/wp-content\/uploads\/2020\/06\/jopa-nautica-logo.png","contentUrl":"https:\/\/jopanautica.com\/wp-content\/uploads\/2020\/06\/jopa-nautica-logo.png","width":600,"height":159,"caption":"Jopa N\u00e0utica"},"image":{"@id":"https:\/\/jopanautica.com\/#\/schema\/logo\/image\/"}}]}},"_links":{"self":[{"href":"https:\/\/jopanautica.com\/fr\/wp-json\/wp\/v2\/pages\/16371","targetHints":{"allow":["GET"]}}],"collection":[{"href":"https:\/\/jopanautica.com\/fr\/wp-json\/wp\/v2\/pages"}],"about":[{"href":"https:\/\/jopanautica.com\/fr\/wp-json\/wp\/v2\/types\/page"}],"author":[{"embeddable":true,"href":"https:\/\/jopanautica.com\/fr\/wp-json\/wp\/v2\/users\/1"}],"replies":[{"embeddable":true,"href":"https:\/\/jopanautica.com\/fr\/wp-json\/wp\/v2\/comments?post=16371"}],"version-history":[{"count":5,"href":"https:\/\/jopanautica.com\/fr\/wp-json\/wp\/v2\/pages\/16371\/revisions"}],"predecessor-version":[{"id":18407,"href":"https:\/\/jopanautica.com\/fr\/wp-json\/wp\/v2\/pages\/16371\/revisions\/18407"}],"wp:attachment":[{"href":"https:\/\/jopanautica.com\/fr\/wp-json\/wp\/v2\/media?parent=16371"}],"curies":[{"name":"wp","href":"https:\/\/api.w.org\/{rel}","templated":true}]}}