{"id":16327,"date":"2020-06-11T09:16:48","date_gmt":"2020-06-11T09:16:48","guid":{"rendered":"https:\/\/jopanautica.com\/politica-de-privacidad\/"},"modified":"2022-09-16T09:16:06","modified_gmt":"2022-09-16T09:16:06","slug":"politica-de-privacidad","status":"publish","type":"page","link":"https:\/\/jopanautica.com\/fr\/politica-de-privacidad\/","title":{"rendered":"Politique de confidentialit\u00e9"},"content":{"rendered":"\t\t<div data-elementor-type=\"wp-page\" data-elementor-id=\"16327\" class=\"elementor elementor-16327 elementor-13793\" data-elementor-post-type=\"page\">\n\t\t\t\t\t\t<section class=\"elementor-section elementor-top-section elementor-element elementor-element-b82e0b1 elementor-section-boxed elementor-section-height-default elementor-section-height-default\" data-id=\"b82e0b1\" data-element_type=\"section\">\n\t\t\t\t\t\t<div class=\"elementor-container elementor-column-gap-default\">\n\t\t\t\t\t<div class=\"elementor-column elementor-col-100 elementor-top-column elementor-element elementor-element-11cf35f\" data-id=\"11cf35f\" data-element_type=\"column\">\n\t\t\t<div class=\"elementor-widget-wrap elementor-element-populated\">\n\t\t\t\t\t\t<div class=\"elementor-element elementor-element-a28040b elementor-widget elementor-widget-heading\" data-id=\"a28040b\" data-element_type=\"widget\" data-widget_type=\"heading.default\">\n\t\t\t\t<div class=\"elementor-widget-container\">\n\t\t\t\t\t<h1 class=\"elementor-heading-title elementor-size-default\">Politique de confidentialit\u00e9<\/h1>\t\t\t\t<\/div>\n\t\t\t\t<\/div>\n\t\t\t\t<div class=\"elementor-element elementor-element-c00a735 elementor-widget elementor-widget-text-editor\" data-id=\"c00a735\" data-element_type=\"widget\" data-widget_type=\"text-editor.default\">\n\t\t\t\t<div class=\"elementor-widget-container\">\n\t\t\t\t\t\t\t\t\t<ol>\n<li><strong>INFORMATION \u00c0 L\u2019UTILISATEUR<\/strong><\/li>\n<\/ol>\n<p>Qui est responsable du traitement de vos donn\u00e9es personnelles?<\/p>\n<p><b>JOPA NAUTICA S.L<\/b> est RESPONSABLE du traitement des donn\u00e9es \u00e0 caract\u00e8re personnel de l\u2019UTILISATEUR et vous informe que ces donn\u00e9es seront trait\u00e9es conform\u00e9ment aux dispositions du R\u00e8glement (UE) 2016\/679 du 27 avril (RGP) et de la loi organique. 3\/2018 du 5 d\u00e9cembre (LOPDGDD).<\/p>\n<p>Pour quoi traitons-nous vos donn\u00e9es personnelles?<\/p>\n<p>Entretenir une relation commerciale avec l\u2019utilisateur. Les op\u00e9rations pr\u00e9vues pour effectuer le traitement sont les suivantes: R\u00e9f\u00e9rence des communications publicitaires commerciales par courrier \u00e9lectronique, fax, SMS, MMS, r\u00e9seaux sociaux ou tout autre moyen \u00e9lectronique ou physique, pr\u00e9sent ou futur, permettant des communications commerciales. Ces communications seront effectu\u00e9es par le RESPONSABLE et seront li\u00e9es \u00e0 leurs produits et services, ou \u00e0 leurs collaborateurs ou fournisseurs, avec lesquels ils ont conclu un accord de promotion. Dans ce cas, les tiers n\u2019auront jamais acc\u00e8s aux donn\u00e9es personnelles. R\u00e9aliser des \u00e9tudes de march\u00e9 et des analyses statistiques. Traiter les commandes, les demandes, r\u00e9pondre aux demandes de renseignements ou \u00e0 tout type de demande formul\u00e9e par l\u2019UTILISATEUR au moyen d\u2019un des formulaires de contact mis \u00e0 disposition sur le site Web de RESPONSABLE. Envoyez la newsletter en ligne sur les nouvelles, les offres et les promotions de notre activit\u00e9.<\/p>\n<p>Pourquoi pouvons-nous traiter vos donn\u00e9es personnelles?<\/p>\n<p>Parce que le traitement est l\u00e9gitim\u00e9 par l\u2019article 6 du RGPD comme suit: Avec le consentement de l\u2019UTILISATEUR: renvoi de communications commerciales et du bulletin d\u2019information. Pour l\u2019int\u00e9r\u00eat l\u00e9gitime du RESPONSABLE: r\u00e9aliser des \u00e9tudes de march\u00e9, des analyses statistiques, etc. et traiter les commandes, les demandes, etc. \u00e0 la demande de l\u2019UTILISATEUR.<\/p>\n<p>Combien de temps allons-nous conserver vos donn\u00e9es personnelles?<\/p>\n<p>Ils ne seront pas conserv\u00e9s plus longtemps que n\u00e9cessaire pour maintenir la fin du traitement. Des exigences l\u00e9gales dictent leur garde et, lorsqu\u2019ils ne sont plus n\u00e9cessaires, ils seront supprim\u00e9s avec des mesures de s\u00e9curit\u00e9 ad\u00e9quates garantissant l\u2019anonymisation des donn\u00e9es ou la destruction totale des donn\u00e9es. les m\u00eames.<\/p>\n<p>Qui fournissons-nous vos informations personnelles?<\/p>\n<p>Aucune communication de donn\u00e9es \u00e0 caract\u00e8re personnel \u00e0 des tiers n\u2019est pr\u00e9vue, \u00e0 moins, si cela est n\u00e9cessaire pour le d\u00e9veloppement et l\u2019ex\u00e9cution des finalit\u00e9s du traitement, \u00e0 nos prestataires de services li\u00e9s aux communications, avec lesquels le RESPONSABLE a sign\u00e9 les contrats de confidentialit\u00e9 et le responsable Traitement requis par la r\u00e9glementation en vigueur sur la confidentialit\u00e9.<\/p>\n<p>Quels sont tes droits?<\/p>\n<p>Les droits qui aident l\u2019utilisateur sont:<\/p>\n<ul>\n<li>Droit de retirer son consentement \u00e0 tout moment.<\/li>\n<li>Droit d\u2019acc\u00e8s, de rectification, de portabilit\u00e9 et de suppression de vos donn\u00e9es, ainsi que de limitation ou d\u2019opposition \u00e0 son traitement.<\/li>\n<li>Droit de faire une r\u00e9clamation aupr\u00e8s de l\u2019autorit\u00e9 de contr\u00f4le (www.aepd.es) si vous estimez que le traitement n\u2019est pas conforme \u00e0 la r\u00e9glementation en vigueur.<\/li>\n<\/ul>\n<p>Coordonn\u00e9es pour exercer vos droits:<\/p>\n<p><span style=\"font-weight: 700; color: var( --e-global-color-text ); font-family: var( --e-global-typography-text-font-family ), Sans-serif;\">JOPA NAUTICA S.L<\/span>. CLOSA D\u2019EN LLOP, 116 \u2013 17130 L\u2019ESCALA (G\u00e9rone). Email:&nbsp;<a href=\"mailto:info@jopanautica.com\">info@jopanautica.com<\/a><\/p>\n<ol start=\"2\">\n<li><strong>CARACT\u00c8RE OBLIGATOIRE OU OPTIONNEL DES INFORMATIONS FOURNIES PAR L\u2019UTILISATEUR<\/strong><\/li>\n<\/ol>\n<p>Les UTILISATEURS, en cochant les cases correspondantes et en saisissant les donn\u00e9es dans les champs, marqu\u00e9s d\u2019un ast\u00e9risque (*) dans le formulaire de contact ou pr\u00e9sent\u00e9s sous forme de t\u00e9l\u00e9chargement, acceptent express\u00e9ment, librement et sans \u00e9quivoque que leurs donn\u00e9es ils sont n\u00e9cessaires pour r\u00e9pondre \u00e0 votre demande, par le prestataire, \u00e9tant volontaire l\u2019inclusion de donn\u00e9es dans les champs restants. L\u2019UTILISATEUR garantit que les donn\u00e9es personnelles fournies au RESPONSABLE sont v\u00e9ridiques et est responsable de la communication de toute modification de celles-ci. Le RESPONSABLE informe que toutes les donn\u00e9es demand\u00e9es sur le site Web sont obligatoires, car elles sont n\u00e9cessaires \u00e0 la fourniture d\u2019un service optimal \u00e0 l\u2019UTILISATEUR. Si toutes les donn\u00e9es ne sont pas fournies, il n\u2019est pas garanti que les informations et les services fournis seront compl\u00e8tement adapt\u00e9s \u00e0 vos besoins.<\/p>\n<ol start=\"3\">\n<li><strong>MESURES DE S\u00c9CURIT\u00c9<\/strong><\/li>\n<\/ol>\n<p>Conform\u00e9ment aux dispositions de la r\u00e9glementation en vigueur sur la protection des donn\u00e9es \u00e0 caract\u00e8re personnel, le RESPONSABLE se conforme \u00e0 toutes les dispositions des r\u00e9glementations GDPR et LOPDGDD relatives au traitement des donn\u00e9es \u00e0 caract\u00e8re personnel de sa responsabilit\u00e9, et manifestement aux principes d\u00e9crits dans l\u2019article. 5 du RGPD, pour lesquels ils sont trait\u00e9s de mani\u00e8re licite, loyale et transparente vis-\u00e0-vis de la partie int\u00e9ress\u00e9e et appropri\u00e9s, pertinents et limit\u00e9s \u00e0 ce qui est n\u00e9cessaire au regard des finalit\u00e9s pour lesquelles ils sont trait\u00e9s.<\/p>\n<p>Le RESPONSABLE garantit qu\u2019il a mis en \u0153uvre les politiques techniques et organisationnelles appropri\u00e9es pour appliquer les mesures de s\u00e9curit\u00e9 \u00e9tablies par le GDPR et la LOPDGDD afin de prot\u00e9ger les droits et libert\u00e9s des UTILISATEURS et a communiqu\u00e9 les informations appropri\u00e9es pour qu\u2019elles puissent les exercer.<\/p>\n<p>Pour plus d\u2019informations sur les garanties de confidentialit\u00e9, vous pouvez contacter le RESPONSABLE via&nbsp;<span style=\"font-weight: 700;\">JOPA NAUTICA S.L<\/span>. CLOSA D\u2019EN LLOP, 116 \u2013 17130 L\u2019ESCALA (G\u00e9rone). Email:&nbsp;<a href=\"mailto:info@jopanautica.com\">info@jopanautica.com<\/a>JH<\/p>\t\t\t\t\t\t\t\t<\/div>\n\t\t\t\t<\/div>\n\t\t\t\t\t<\/div>\n\t\t<\/div>\n\t\t\t\t\t<\/div>\n\t\t<\/section>\n\t\t\t\t<\/div>\n\t\t","protected":false},"excerpt":{"rendered":"<p>INFORMATION \u00c0 L\u2019UTILISATEUR Qui est responsable du traitement de vos donn\u00e9es personnelles? JOPA NAUTICA S.L est RESPONSABLE du traitement des donn\u00e9es \u00e0 caract\u00e8re personnel de l\u2019UTILISATEUR et vous informe que ces donn\u00e9es seront trait\u00e9es conform\u00e9ment aux dispositions du R\u00e8glement (UE) 2016\/679 du 27 avril (RGP) et de la loi organique. 3\/2018 du 5 d\u00e9cembre (LOPDGDD). &#8230; <a title=\"Politique de confidentialit\u00e9\" class=\"read-more\" href=\"https:\/\/jopanautica.com\/fr\/politica-de-privacidad\/\" aria-label=\"En savoir plus sur Politique de confidentialit\u00e9\">Lire la suite<\/a><\/p>\n","protected":false},"author":1,"featured_media":0,"parent":0,"menu_order":0,"comment_status":"closed","ping_status":"closed","template":"","meta":{"_acf_changed":false,"footnotes":""},"class_list":["post-16327","page","type-page","status-publish"],"acf":[],"yoast_head":"<!-- This site is optimized with the Yoast SEO Premium plugin v26.7 (Yoast SEO v26.7) - https:\/\/yoast.com\/wordpress\/plugins\/seo\/ -->\n<title>Politique de confidentialit\u00e9 - Jopa N\u00e0utica<\/title>\n<meta name=\"robots\" content=\"index, follow, max-snippet:-1, max-image-preview:large, max-video-preview:-1\" \/>\n<link rel=\"canonical\" href=\"https:\/\/jopanautica.com\/fr\/politica-de-privacidad\/\" \/>\n<meta property=\"og:locale\" content=\"fr_FR\" \/>\n<meta property=\"og:type\" content=\"article\" \/>\n<meta property=\"og:title\" content=\"Politique de confidentialit\u00e9\" \/>\n<meta property=\"og:description\" content=\"INFORMATION \u00c0 L\u2019UTILISATEUR Qui est responsable du traitement de vos donn\u00e9es personnelles? JOPA NAUTICA S.L est RESPONSABLE du traitement des donn\u00e9es \u00e0 caract\u00e8re personnel de l\u2019UTILISATEUR et vous informe que ces donn\u00e9es seront trait\u00e9es conform\u00e9ment aux dispositions du R\u00e8glement (UE) 2016\/679 du 27 avril (RGP) et de la loi organique. 3\/2018 du 5 d\u00e9cembre (LOPDGDD). ... Lire la suite\" \/>\n<meta property=\"og:url\" content=\"https:\/\/jopanautica.com\/fr\/politica-de-privacidad\/\" \/>\n<meta property=\"og:site_name\" content=\"Jopa N\u00e0utica\" \/>\n<meta property=\"article:modified_time\" content=\"2022-09-16T09:16:06+00:00\" \/>\n<meta name=\"twitter:card\" content=\"summary_large_image\" \/>\n<meta name=\"twitter:label1\" content=\"Dur\u00e9e de lecture estim\u00e9e\" \/>\n\t<meta name=\"twitter:data1\" content=\"4 minutes\" \/>\n<script type=\"application\/ld+json\" class=\"yoast-schema-graph\">{\"@context\":\"https:\/\/schema.org\",\"@graph\":[{\"@type\":\"WebPage\",\"@id\":\"https:\/\/jopanautica.com\/fr\/politica-de-privacidad\/\",\"url\":\"https:\/\/jopanautica.com\/fr\/politica-de-privacidad\/\",\"name\":\"Politique de confidentialit\u00e9 - Jopa N\u00e0utica\",\"isPartOf\":{\"@id\":\"https:\/\/jopanautica.com\/#website\"},\"datePublished\":\"2020-06-11T09:16:48+00:00\",\"dateModified\":\"2022-09-16T09:16:06+00:00\",\"breadcrumb\":{\"@id\":\"https:\/\/jopanautica.com\/fr\/politica-de-privacidad\/#breadcrumb\"},\"inLanguage\":\"fr-FR\",\"potentialAction\":[{\"@type\":\"ReadAction\",\"target\":[\"https:\/\/jopanautica.com\/fr\/politica-de-privacidad\/\"]}]},{\"@type\":\"BreadcrumbList\",\"@id\":\"https:\/\/jopanautica.com\/fr\/politica-de-privacidad\/#breadcrumb\",\"itemListElement\":[{\"@type\":\"ListItem\",\"position\":1,\"name\":\"Portada\",\"item\":\"https:\/\/jopanautica.com\/fr\/\"},{\"@type\":\"ListItem\",\"position\":2,\"name\":\"Politique de confidentialit\u00e9\"}]},{\"@type\":\"WebSite\",\"@id\":\"https:\/\/jopanautica.com\/#website\",\"url\":\"https:\/\/jopanautica.com\/\",\"name\":\"Jopa N\u00e0utica\",\"description\":\"Jopa N\u00e0utica l&#039; Escala\",\"publisher\":{\"@id\":\"https:\/\/jopanautica.com\/#organization\"},\"potentialAction\":[{\"@type\":\"SearchAction\",\"target\":{\"@type\":\"EntryPoint\",\"urlTemplate\":\"https:\/\/jopanautica.com\/?s={search_term_string}\"},\"query-input\":{\"@type\":\"PropertyValueSpecification\",\"valueRequired\":true,\"valueName\":\"search_term_string\"}}],\"inLanguage\":\"fr-FR\"},{\"@type\":\"Organization\",\"@id\":\"https:\/\/jopanautica.com\/#organization\",\"name\":\"Jopa N\u00e0utica\",\"url\":\"https:\/\/jopanautica.com\/\",\"logo\":{\"@type\":\"ImageObject\",\"inLanguage\":\"fr-FR\",\"@id\":\"https:\/\/jopanautica.com\/#\/schema\/logo\/image\/\",\"url\":\"https:\/\/jopanautica.com\/wp-content\/uploads\/2020\/06\/jopa-nautica-logo.png\",\"contentUrl\":\"https:\/\/jopanautica.com\/wp-content\/uploads\/2020\/06\/jopa-nautica-logo.png\",\"width\":600,\"height\":159,\"caption\":\"Jopa N\u00e0utica\"},\"image\":{\"@id\":\"https:\/\/jopanautica.com\/#\/schema\/logo\/image\/\"}}]}<\/script>\n<!-- \/ Yoast SEO Premium plugin. -->","yoast_head_json":{"title":"Politique de confidentialit\u00e9 - Jopa N\u00e0utica","robots":{"index":"index","follow":"follow","max-snippet":"max-snippet:-1","max-image-preview":"max-image-preview:large","max-video-preview":"max-video-preview:-1"},"canonical":"https:\/\/jopanautica.com\/fr\/politica-de-privacidad\/","og_locale":"fr_FR","og_type":"article","og_title":"Politique de confidentialit\u00e9","og_description":"INFORMATION \u00c0 L\u2019UTILISATEUR Qui est responsable du traitement de vos donn\u00e9es personnelles? JOPA NAUTICA S.L est RESPONSABLE du traitement des donn\u00e9es \u00e0 caract\u00e8re personnel de l\u2019UTILISATEUR et vous informe que ces donn\u00e9es seront trait\u00e9es conform\u00e9ment aux dispositions du R\u00e8glement (UE) 2016\/679 du 27 avril (RGP) et de la loi organique. 3\/2018 du 5 d\u00e9cembre (LOPDGDD). ... Lire la suite","og_url":"https:\/\/jopanautica.com\/fr\/politica-de-privacidad\/","og_site_name":"Jopa N\u00e0utica","article_modified_time":"2022-09-16T09:16:06+00:00","twitter_card":"summary_large_image","twitter_misc":{"Dur\u00e9e de lecture estim\u00e9e":"4 minutes"},"schema":{"@context":"https:\/\/schema.org","@graph":[{"@type":"WebPage","@id":"https:\/\/jopanautica.com\/fr\/politica-de-privacidad\/","url":"https:\/\/jopanautica.com\/fr\/politica-de-privacidad\/","name":"Politique de confidentialit\u00e9 - Jopa N\u00e0utica","isPartOf":{"@id":"https:\/\/jopanautica.com\/#website"},"datePublished":"2020-06-11T09:16:48+00:00","dateModified":"2022-09-16T09:16:06+00:00","breadcrumb":{"@id":"https:\/\/jopanautica.com\/fr\/politica-de-privacidad\/#breadcrumb"},"inLanguage":"fr-FR","potentialAction":[{"@type":"ReadAction","target":["https:\/\/jopanautica.com\/fr\/politica-de-privacidad\/"]}]},{"@type":"BreadcrumbList","@id":"https:\/\/jopanautica.com\/fr\/politica-de-privacidad\/#breadcrumb","itemListElement":[{"@type":"ListItem","position":1,"name":"Portada","item":"https:\/\/jopanautica.com\/fr\/"},{"@type":"ListItem","position":2,"name":"Politique de confidentialit\u00e9"}]},{"@type":"WebSite","@id":"https:\/\/jopanautica.com\/#website","url":"https:\/\/jopanautica.com\/","name":"Jopa N\u00e0utica","description":"Jopa N\u00e0utica l&#039; Escala","publisher":{"@id":"https:\/\/jopanautica.com\/#organization"},"potentialAction":[{"@type":"SearchAction","target":{"@type":"EntryPoint","urlTemplate":"https:\/\/jopanautica.com\/?s={search_term_string}"},"query-input":{"@type":"PropertyValueSpecification","valueRequired":true,"valueName":"search_term_string"}}],"inLanguage":"fr-FR"},{"@type":"Organization","@id":"https:\/\/jopanautica.com\/#organization","name":"Jopa N\u00e0utica","url":"https:\/\/jopanautica.com\/","logo":{"@type":"ImageObject","inLanguage":"fr-FR","@id":"https:\/\/jopanautica.com\/#\/schema\/logo\/image\/","url":"https:\/\/jopanautica.com\/wp-content\/uploads\/2020\/06\/jopa-nautica-logo.png","contentUrl":"https:\/\/jopanautica.com\/wp-content\/uploads\/2020\/06\/jopa-nautica-logo.png","width":600,"height":159,"caption":"Jopa N\u00e0utica"},"image":{"@id":"https:\/\/jopanautica.com\/#\/schema\/logo\/image\/"}}]}},"_links":{"self":[{"href":"https:\/\/jopanautica.com\/fr\/wp-json\/wp\/v2\/pages\/16327","targetHints":{"allow":["GET"]}}],"collection":[{"href":"https:\/\/jopanautica.com\/fr\/wp-json\/wp\/v2\/pages"}],"about":[{"href":"https:\/\/jopanautica.com\/fr\/wp-json\/wp\/v2\/types\/page"}],"author":[{"embeddable":true,"href":"https:\/\/jopanautica.com\/fr\/wp-json\/wp\/v2\/users\/1"}],"replies":[{"embeddable":true,"href":"https:\/\/jopanautica.com\/fr\/wp-json\/wp\/v2\/comments?post=16327"}],"version-history":[{"count":5,"href":"https:\/\/jopanautica.com\/fr\/wp-json\/wp\/v2\/pages\/16327\/revisions"}],"predecessor-version":[{"id":18772,"href":"https:\/\/jopanautica.com\/fr\/wp-json\/wp\/v2\/pages\/16327\/revisions\/18772"}],"wp:attachment":[{"href":"https:\/\/jopanautica.com\/fr\/wp-json\/wp\/v2\/media?parent=16327"}],"curies":[{"name":"wp","href":"https:\/\/api.w.org\/{rel}","templated":true}]}}