{"id":16312,"date":"2020-06-11T09:16:25","date_gmt":"2020-06-11T09:16:25","guid":{"rendered":"https:\/\/jopanautica.com\/aviso-legal\/"},"modified":"2024-02-13T17:12:54","modified_gmt":"2024-02-13T17:12:54","slug":"mentions-legales","status":"publish","type":"page","link":"https:\/\/jopanautica.com\/fr\/mentions-legales\/","title":{"rendered":"Mentions legales"},"content":{"rendered":"\t\t<div data-elementor-type=\"wp-page\" data-elementor-id=\"16312\" class=\"elementor elementor-16312 elementor-13790\" data-elementor-post-type=\"page\">\n\t\t\t\t\t\t<section class=\"elementor-section elementor-top-section elementor-element elementor-element-7f0ed09 elementor-section-boxed elementor-section-height-default elementor-section-height-default\" data-id=\"7f0ed09\" data-element_type=\"section\">\n\t\t\t\t\t\t<div class=\"elementor-container elementor-column-gap-default\">\n\t\t\t\t\t<div class=\"elementor-column elementor-col-100 elementor-top-column elementor-element elementor-element-06a5c13\" data-id=\"06a5c13\" data-element_type=\"column\">\n\t\t\t<div class=\"elementor-widget-wrap elementor-element-populated\">\n\t\t\t\t\t\t<div class=\"elementor-element elementor-element-4280aa7 elementor-widget elementor-widget-heading\" data-id=\"4280aa7\" data-element_type=\"widget\" data-widget_type=\"heading.default\">\n\t\t\t\t<div class=\"elementor-widget-container\">\n\t\t\t\t\t<h1 class=\"elementor-heading-title elementor-size-default\">MENTIONS LEGALES<\/h1>\t\t\t\t<\/div>\n\t\t\t\t<\/div>\n\t\t\t\t<div class=\"elementor-element elementor-element-e89e6e1 elementor-widget elementor-widget-text-editor\" data-id=\"e89e6e1\" data-element_type=\"widget\" data-widget_type=\"text-editor.default\">\n\t\t\t\t<div class=\"elementor-widget-container\">\n\t\t\t\t\t\t\t\t\t<h3>DROIT DES SERVICES DE LA SOCI\u00c9T\u00c9 DE L\u2019INFORMATION (LSSI)<\/h3><p><span style=\"color: var( --e-global-color-text );\">JOPA NAUTICA S.L<\/span>, responsable du site, ci-apr\u00e8s RESPONSABLE, offre aux utilisateurs de ce document, qui vise \u00e0 remplir les obligations en vertu de la loi 34\/2002 du 11 Juillet, des services de la soci\u00e9t\u00e9 de l\u2019information et du commerce \u00e9lectronique (LSSICE), BOE n \u00b0 166, ainsi que d\u2019informer tous les utilisateurs du site Web sur les conditions d\u2019utilisation.<\/p><p>Toute personne acc\u00e9dant \u00e0 ce site Web assume le r\u00f4le d\u2019utilisateur, s\u2019engageant \u00e0 respecter et \u00e0 respecter strictement les dispositions \u00e9nonc\u00e9es dans le pr\u00e9sent document, ainsi que toute autre disposition l\u00e9gale applicable.<\/p><p><span style=\"color: var( --e-global-color-text );\">JOPA NAUTICA S.L<\/span>\u00a0se r\u00e9serve le droit de modifier tout type d\u2019information QUI pourrait appara\u00eetre sur le site, sans qu\u2019il y ait d\u2019obligation de pr\u00e9avis ou d\u2019informer les utilisateurs de ces obligations, \u00e9tant entendu que suffisant avec la publication sur le site de JOPA NAUTICA S.L.<\/p><p>\u00a0<\/p><h3>1. DONN\u00c9ES D\u2019IDENTIFICATION<\/h3><p>Nom de domaine: www.jopanautica.com<br \/>Nom commercial: JOPA NAUTICA<br \/>Nom de la soci\u00e9t\u00e9: JOPA NAUTICA S.L<br \/>NIF: B09638321<br \/>Si\u00e8ge social: CLOSA D\u2019EN LLOP 116, 17130 L\u2019ESCALA (GIRONA)<br \/>T\u00e9l\u00e9phone: 972770755<br \/>e-mail: info@jopanautica.com<br \/>Enregistr\u00e9 dans le registre commercial: GI-00070391, TOMO 03358, FOLIO 220<\/p><p>\u00a0<\/p><h3>2. DROITS DE PROPRI\u00c9T\u00c9 INTELLECTUELLE ET INDUSTRIELLE<\/h3><p>Le site Web, y compris, mais sans s\u2019y limiter, sa programmation, son \u00e9dition, sa compilation et les autres \u00e9l\u00e9ments n\u00e9cessaires \u00e0 son fonctionnement, ses conceptions, logos, textes et \/ ou graphiques, sont la propri\u00e9t\u00e9 du RESPONSABLE ou, le cas \u00e9ch\u00e9ant, sous licence ou exprimer une autorisation par les auteurs. Tous les contenus du site sont d\u00fbment prot\u00e9g\u00e9s par les r\u00e8gles de la propri\u00e9t\u00e9 intellectuelle et industrielle, ainsi que enregistr\u00e9s dans les registres publics correspondants.<\/p><p>Quelle que soit la finalit\u00e9 \u00e0 laquelle ils ont \u00e9t\u00e9 destin\u00e9s, la reproduction, l\u2019utilisation, l\u2019exploitation, la distribution et la commercialisation totale ou partielle requi\u00e8rent dans tous les cas une autorisation \u00e9crite pr\u00e9alable du RESPONSABLE. Toute utilisation non autoris\u00e9e est consid\u00e9r\u00e9e comme une violation grave des droits de propri\u00e9t\u00e9 intellectuelle ou industrielle de l\u2019auteur.<\/p><p>Les dessins, logos, textes et \/ ou graphismes en dehors du RESPONSABLE et qui peuvent appara\u00eetre sur le site, appartiennent \u00e0 leurs propri\u00e9taires respectifs, qui sont eux-m\u00eames responsables de toute controverse \u00e9ventuelle qui pourrait survenir \u00e0 leur \u00e9gard. Le RESPONSABLE autorise express\u00e9ment les tiers \u00e0 rediriger directement vers le contenu sp\u00e9cifique du site, et en tout cas rediriger vers le site principal de\u00a0<a href=\"https:\/\/jopanautica.com\/\">www.jopanautica.com<\/a>.<\/p><p>La personne RESPONSABLE reconna\u00eet en faveur de ses propri\u00e9taires les droits correspondants de propri\u00e9t\u00e9 intellectuelle et industrielle, n\u2019impliquant pas leur simple mention ou apparence sur le site web l\u2019existence de droits ou de toute responsabilit\u00e9 sur eux, ainsi que l\u2019endossement, le parrainage ou la recommandation par le m\u00eame.<\/p><p>Pour faire toute sorte d\u2019observation concernant d\u2019\u00e9ventuelles violations des droits de propri\u00e9t\u00e9 intellectuelle ou industrielle, ainsi que tout le contenu du site, vous pouvez le faire par l\u2019interm\u00e9diaire de l\u2019email\u00a0<a href=\"mailto:info@jopanautica.com\" target=\"_blank\" rel=\"noopener\">info@jopanautica.com<\/a>.<\/p><p>\u00a0<\/p><h3>3. EXEMPTION DE RESPONSABILIT\u00c9S<\/h3><p>Le RESPONSABLE est exempt\u00e9 de tout type de responsabilit\u00e9 d\u00e9coulant des informations publi\u00e9es sur son site Web, \u00e0 condition que ces informations aient \u00e9t\u00e9 manipul\u00e9es ou introduites par un tiers.<\/p><h3>Utilisation de cookies<\/h3><p>Ce site peut utiliser des cookies techniques (petits fichiers d\u2019information que le serveur envoie \u00e0 l\u2019ordinateur de la personne acc\u00e9dant \u00e0 la page) pour effectuer certaines fonctions jug\u00e9es essentielles au bon fonctionnement et \u00e0 la visualisation du site. Les cookies utilis\u00e9s ont, dans tous les cas, un caract\u00e8re temporaire, dans le seul but de rendre la navigation plus efficace, et disparaissent lorsque la session de l\u2019utilisateur se termine. Dans tous les cas, ces cookies fournissent des donn\u00e9es personnelles par eux-m\u00eames et ne seront pas utilis\u00e9s pour leur collecte.<\/p><p>Gr\u00e2ce \u00e0 l\u2019utilisation de cookies, il est \u00e9galement possible que le serveur sur lequel se trouve le site web reconnaisse le navigateur utilis\u00e9 par l\u2019utilisateur afin de faciliter la navigation, en permettant, par exemple, l\u2019acc\u00e8s aux utilisateurs qui se sont d\u00e9j\u00e0 enregistr\u00e9s les espaces, services, promotions ou concours r\u00e9serv\u00e9s exclusivement \u00e0 eux sans avoir \u00e0 s\u2019inscrire pour chaque visite. Ils peuvent \u00e9galement \u00eatre utilis\u00e9s pour mesurer l\u2019audience, les param\u00e8tres de trafic, contr\u00f4ler la progression et le nombre d\u2019entr\u00e9es, etc., \u00e9tant dans ces cas des cookies techniquement dispensables mais b\u00e9n\u00e9fiques pour l\u2019utilisateur. Ce site n\u2019installera pas de cookies dispensables sans l\u2019accord pr\u00e9alable de l\u2019utilisateur.<\/p><p>L\u2019utilisateur a la possibilit\u00e9 de configurer son navigateur pour \u00eatre averti de la r\u00e9ception de cookies et pour emp\u00eacher son installation sur son ordinateur. Veuillez consulter les instructions de votre navigateur pour d\u00e9velopper ces informations.<\/p><h3>Politique de lien<\/h3><p>\u00c0 partir du site Web, il est possible qu\u2019il soit redirig\u00e9 vers le contenu de sites Web tiers. \u00c9tant donn\u00e9 que le RESPONSABLE ne peut pas toujours contr\u00f4ler les contenus introduits par des tiers sur leurs sites respectifs, n\u2019assume aucune responsabilit\u00e9 quant \u00e0 ces contenus. Dans tous les cas, proc\u00e9der au retrait imm\u00e9diat de tout contenu pouvant contrevenir \u00e0 la l\u00e9gislation nationale ou internationale, \u00e0 la moralit\u00e9 ou \u00e0 l\u2019ordre public, en proc\u00e9dant \u00e0 la suppression imm\u00e9diate de la redirection dudit site, en attirant l\u2019attention des autorit\u00e9s comp\u00e9tentes sur le contenu en question.<\/p><p>Le RESPONSABLE n\u2019est pas responsable des informations et du contenu stock\u00e9, \u00e0 titre d\u2019exemple mais non limit\u00e9 aux forums, chats, g\u00e9n\u00e9rateurs de blogs, commentaires, r\u00e9seaux sociaux ou tout autre moyen permettant \u00e0 des tiers de publier du contenu de mani\u00e8re ind\u00e9pendante sur le site du RESPONSABLE Toutefois, et conform\u00e9ment aux dispositions des articles 11 et 16 de la LSSICE, il est mis \u00e0 la disposition de tous les utilisateurs, autorit\u00e9s et forces de s\u00e9curit\u00e9, en collaborant activement au retrait ou, le cas \u00e9ch\u00e9ant, au blocage de tous les contenus qui peuvent affecter ou enfreindre la l\u00e9gislation nationale ou internationale, les droits des tiers ou la moralit\u00e9 et l\u2019ordre public. Dans le cas o\u00f9 l\u2019utilisateur estime qu\u2019il existe sur le site tout contenu qui pourrait \u00eatre sensible \u00e0 cette classification, s\u2019il vous pla\u00eet aviser imm\u00e9diatement l\u2019administrateur du site. Ce site a \u00e9t\u00e9 examin\u00e9 et test\u00e9 pour fonctionner correctement. En principe, le bon fonctionnement peut \u00eatre garanti 365 jours par an, 24 heures sur 24. Toutefois, le RESPONSABLE n\u2019exclut pas la possibilit\u00e9 de certaines erreurs de programmation, ou que surviennent des causes de force majeure, des catastrophes naturelles, des gr\u00e8ves ou des circonstances similaires qui rendent l\u2019acc\u00e8s au site Web impossible.<\/p><h3>Adresses IP<\/h3><p>Les serveurs du site Web peuvent d\u00e9tecter automatiquement l\u2019adresse IP et le nom de domaine utilis\u00e9s par l\u2019utilisateur. Une adresse IP est un num\u00e9ro attribu\u00e9 automatiquement \u00e0 un ordinateur lorsqu\u2019il se connecte \u00e0 Internet. Toutes ces informations sont enregistr\u00e9es dans un fichier d\u2019activit\u00e9 de serveur correctement enregistr\u00e9 qui permet le traitement ult\u00e9rieur des donn\u00e9es afin d\u2019obtenir uniquement des mesures statistiques permettant de conna\u00eetre le nombre d\u2019impressions de pages, le nombre de visites effectu\u00e9es sur des serveurs web, l\u2019ordre des visites, le point d\u2019acc\u00e8s,\u00a0etc.<\/p><p>\u00a0<\/p><h3>4. LOI APPLICABLE ET JURIDICTION<\/h3><p>Pour la r\u00e9solution de tous les litiges ou probl\u00e8mes li\u00e9s \u00e0 ce site Web ou les activit\u00e9s d\u00e9velopp\u00e9es dans ce site, la l\u00e9gislation espagnole s\u2019appliquera, \u00e0 laquelle les parties se soumettent express\u00e9ment, \u00e9tant comp\u00e9tent pour r\u00e9soudre tous les diff\u00e9rends survenant ou li\u00e9s \u00e0 son utilisation les tribunaux et les tribunaux les plus proches de L\u2019ESCALA.<\/p>\t\t\t\t\t\t\t\t<\/div>\n\t\t\t\t<\/div>\n\t\t\t\t\t<\/div>\n\t\t<\/div>\n\t\t\t\t\t<\/div>\n\t\t<\/section>\n\t\t\t\t<\/div>\n\t\t","protected":false},"excerpt":{"rendered":"<p>MENTIONS LEGALES DROIT DES SERVICES DE LA SOCI\u00c9T\u00c9 DE L\u2019INFORMATION (LSSI) JOPA NAUTICA S.L, responsable du site, ci-apr\u00e8s RESPONSABLE, offre aux utilisateurs de ce document, qui vise \u00e0 remplir les obligations en vertu de la loi 34\/2002 du 11 Juillet, des services de la soci\u00e9t\u00e9 de l\u2019information et du commerce \u00e9lectronique (LSSICE), BOE n \u00b0 &#8230; <a title=\"Mentions legales\" class=\"read-more\" href=\"https:\/\/jopanautica.com\/fr\/mentions-legales\/\" aria-label=\"En savoir plus sur Mentions legales\">Lire la suite<\/a><\/p>\n","protected":false},"author":1,"featured_media":0,"parent":0,"menu_order":0,"comment_status":"closed","ping_status":"closed","template":"","meta":{"_acf_changed":false,"footnotes":""},"class_list":["post-16312","page","type-page","status-publish"],"acf":[],"yoast_head":"<!-- This site is optimized with the Yoast SEO Premium plugin v26.7 (Yoast SEO v26.7) - https:\/\/yoast.com\/wordpress\/plugins\/seo\/ -->\n<title>Mentions legales - Jopa N\u00e0utica<\/title>\n<meta name=\"robots\" content=\"index, follow, max-snippet:-1, max-image-preview:large, max-video-preview:-1\" \/>\n<link rel=\"canonical\" href=\"https:\/\/jopanautica.com\/fr\/mentions-legales\/\" \/>\n<meta property=\"og:locale\" content=\"fr_FR\" \/>\n<meta property=\"og:type\" content=\"article\" \/>\n<meta property=\"og:title\" content=\"Mentions legales\" \/>\n<meta property=\"og:description\" content=\"MENTIONS LEGALES DROIT DES SERVICES DE LA SOCI\u00c9T\u00c9 DE L\u2019INFORMATION (LSSI) JOPA NAUTICA S.L, responsable du site, ci-apr\u00e8s RESPONSABLE, offre aux utilisateurs de ce document, qui vise \u00e0 remplir les obligations en vertu de la loi 34\/2002 du 11 Juillet, des services de la soci\u00e9t\u00e9 de l\u2019information et du commerce \u00e9lectronique (LSSICE), BOE n \u00b0 ... Lire la suite\" \/>\n<meta property=\"og:url\" content=\"https:\/\/jopanautica.com\/fr\/mentions-legales\/\" \/>\n<meta property=\"og:site_name\" content=\"Jopa N\u00e0utica\" \/>\n<meta property=\"article:modified_time\" content=\"2024-02-13T17:12:54+00:00\" \/>\n<meta name=\"twitter:card\" content=\"summary_large_image\" \/>\n<meta name=\"twitter:label1\" content=\"Dur\u00e9e de lecture estim\u00e9e\" \/>\n\t<meta name=\"twitter:data1\" content=\"6 minutes\" \/>\n<script type=\"application\/ld+json\" class=\"yoast-schema-graph\">{\"@context\":\"https:\/\/schema.org\",\"@graph\":[{\"@type\":\"WebPage\",\"@id\":\"https:\/\/jopanautica.com\/fr\/mentions-legales\/\",\"url\":\"https:\/\/jopanautica.com\/fr\/mentions-legales\/\",\"name\":\"Mentions legales - Jopa N\u00e0utica\",\"isPartOf\":{\"@id\":\"https:\/\/jopanautica.com\/#website\"},\"datePublished\":\"2020-06-11T09:16:25+00:00\",\"dateModified\":\"2024-02-13T17:12:54+00:00\",\"breadcrumb\":{\"@id\":\"https:\/\/jopanautica.com\/fr\/mentions-legales\/#breadcrumb\"},\"inLanguage\":\"fr-FR\",\"potentialAction\":[{\"@type\":\"ReadAction\",\"target\":[\"https:\/\/jopanautica.com\/fr\/mentions-legales\/\"]}]},{\"@type\":\"BreadcrumbList\",\"@id\":\"https:\/\/jopanautica.com\/fr\/mentions-legales\/#breadcrumb\",\"itemListElement\":[{\"@type\":\"ListItem\",\"position\":1,\"name\":\"Portada\",\"item\":\"https:\/\/jopanautica.com\/fr\/\"},{\"@type\":\"ListItem\",\"position\":2,\"name\":\"Mentions legales\"}]},{\"@type\":\"WebSite\",\"@id\":\"https:\/\/jopanautica.com\/#website\",\"url\":\"https:\/\/jopanautica.com\/\",\"name\":\"Jopa N\u00e0utica\",\"description\":\"Jopa N\u00e0utica l&#039; Escala\",\"publisher\":{\"@id\":\"https:\/\/jopanautica.com\/#organization\"},\"potentialAction\":[{\"@type\":\"SearchAction\",\"target\":{\"@type\":\"EntryPoint\",\"urlTemplate\":\"https:\/\/jopanautica.com\/?s={search_term_string}\"},\"query-input\":{\"@type\":\"PropertyValueSpecification\",\"valueRequired\":true,\"valueName\":\"search_term_string\"}}],\"inLanguage\":\"fr-FR\"},{\"@type\":\"Organization\",\"@id\":\"https:\/\/jopanautica.com\/#organization\",\"name\":\"Jopa N\u00e0utica\",\"url\":\"https:\/\/jopanautica.com\/\",\"logo\":{\"@type\":\"ImageObject\",\"inLanguage\":\"fr-FR\",\"@id\":\"https:\/\/jopanautica.com\/#\/schema\/logo\/image\/\",\"url\":\"https:\/\/jopanautica.com\/wp-content\/uploads\/2020\/06\/jopa-nautica-logo.png\",\"contentUrl\":\"https:\/\/jopanautica.com\/wp-content\/uploads\/2020\/06\/jopa-nautica-logo.png\",\"width\":600,\"height\":159,\"caption\":\"Jopa N\u00e0utica\"},\"image\":{\"@id\":\"https:\/\/jopanautica.com\/#\/schema\/logo\/image\/\"}}]}<\/script>\n<!-- \/ Yoast SEO Premium plugin. -->","yoast_head_json":{"title":"Mentions legales - Jopa N\u00e0utica","robots":{"index":"index","follow":"follow","max-snippet":"max-snippet:-1","max-image-preview":"max-image-preview:large","max-video-preview":"max-video-preview:-1"},"canonical":"https:\/\/jopanautica.com\/fr\/mentions-legales\/","og_locale":"fr_FR","og_type":"article","og_title":"Mentions legales","og_description":"MENTIONS LEGALES DROIT DES SERVICES DE LA SOCI\u00c9T\u00c9 DE L\u2019INFORMATION (LSSI) JOPA NAUTICA S.L, responsable du site, ci-apr\u00e8s RESPONSABLE, offre aux utilisateurs de ce document, qui vise \u00e0 remplir les obligations en vertu de la loi 34\/2002 du 11 Juillet, des services de la soci\u00e9t\u00e9 de l\u2019information et du commerce \u00e9lectronique (LSSICE), BOE n \u00b0 ... Lire la suite","og_url":"https:\/\/jopanautica.com\/fr\/mentions-legales\/","og_site_name":"Jopa N\u00e0utica","article_modified_time":"2024-02-13T17:12:54+00:00","twitter_card":"summary_large_image","twitter_misc":{"Dur\u00e9e de lecture estim\u00e9e":"6 minutes"},"schema":{"@context":"https:\/\/schema.org","@graph":[{"@type":"WebPage","@id":"https:\/\/jopanautica.com\/fr\/mentions-legales\/","url":"https:\/\/jopanautica.com\/fr\/mentions-legales\/","name":"Mentions legales - Jopa N\u00e0utica","isPartOf":{"@id":"https:\/\/jopanautica.com\/#website"},"datePublished":"2020-06-11T09:16:25+00:00","dateModified":"2024-02-13T17:12:54+00:00","breadcrumb":{"@id":"https:\/\/jopanautica.com\/fr\/mentions-legales\/#breadcrumb"},"inLanguage":"fr-FR","potentialAction":[{"@type":"ReadAction","target":["https:\/\/jopanautica.com\/fr\/mentions-legales\/"]}]},{"@type":"BreadcrumbList","@id":"https:\/\/jopanautica.com\/fr\/mentions-legales\/#breadcrumb","itemListElement":[{"@type":"ListItem","position":1,"name":"Portada","item":"https:\/\/jopanautica.com\/fr\/"},{"@type":"ListItem","position":2,"name":"Mentions legales"}]},{"@type":"WebSite","@id":"https:\/\/jopanautica.com\/#website","url":"https:\/\/jopanautica.com\/","name":"Jopa N\u00e0utica","description":"Jopa N\u00e0utica l&#039; Escala","publisher":{"@id":"https:\/\/jopanautica.com\/#organization"},"potentialAction":[{"@type":"SearchAction","target":{"@type":"EntryPoint","urlTemplate":"https:\/\/jopanautica.com\/?s={search_term_string}"},"query-input":{"@type":"PropertyValueSpecification","valueRequired":true,"valueName":"search_term_string"}}],"inLanguage":"fr-FR"},{"@type":"Organization","@id":"https:\/\/jopanautica.com\/#organization","name":"Jopa N\u00e0utica","url":"https:\/\/jopanautica.com\/","logo":{"@type":"ImageObject","inLanguage":"fr-FR","@id":"https:\/\/jopanautica.com\/#\/schema\/logo\/image\/","url":"https:\/\/jopanautica.com\/wp-content\/uploads\/2020\/06\/jopa-nautica-logo.png","contentUrl":"https:\/\/jopanautica.com\/wp-content\/uploads\/2020\/06\/jopa-nautica-logo.png","width":600,"height":159,"caption":"Jopa N\u00e0utica"},"image":{"@id":"https:\/\/jopanautica.com\/#\/schema\/logo\/image\/"}}]}},"_links":{"self":[{"href":"https:\/\/jopanautica.com\/fr\/wp-json\/wp\/v2\/pages\/16312","targetHints":{"allow":["GET"]}}],"collection":[{"href":"https:\/\/jopanautica.com\/fr\/wp-json\/wp\/v2\/pages"}],"about":[{"href":"https:\/\/jopanautica.com\/fr\/wp-json\/wp\/v2\/types\/page"}],"author":[{"embeddable":true,"href":"https:\/\/jopanautica.com\/fr\/wp-json\/wp\/v2\/users\/1"}],"replies":[{"embeddable":true,"href":"https:\/\/jopanautica.com\/fr\/wp-json\/wp\/v2\/comments?post=16312"}],"version-history":[{"count":5,"href":"https:\/\/jopanautica.com\/fr\/wp-json\/wp\/v2\/pages\/16312\/revisions"}],"predecessor-version":[{"id":20517,"href":"https:\/\/jopanautica.com\/fr\/wp-json\/wp\/v2\/pages\/16312\/revisions\/20517"}],"wp:attachment":[{"href":"https:\/\/jopanautica.com\/fr\/wp-json\/wp\/v2\/media?parent=16312"}],"curies":[{"name":"wp","href":"https:\/\/api.w.org\/{rel}","templated":true}]}}