{"id":15739,"date":"2021-01-15T08:44:41","date_gmt":"2021-01-15T08:44:41","guid":{"rendered":"https:\/\/jopanautica.com\/marques\/ocean-master\/"},"modified":"2025-02-27T14:15:14","modified_gmt":"2025-02-27T14:15:14","slug":"3dtender","status":"publish","type":"page","link":"https:\/\/jopanautica.com\/fr\/marques\/3dtender\/","title":{"rendered":"3D Tender"},"content":{"rendered":"\t\t<div data-elementor-type=\"wp-page\" data-elementor-id=\"15739\" class=\"elementor elementor-15739 elementor-14662\" data-elementor-post-type=\"page\">\n\t\t\t\t\t\t<section class=\"elementor-section elementor-top-section elementor-element elementor-element-6ce55ee elementor-section-boxed elementor-section-height-default elementor-section-height-default\" data-id=\"6ce55ee\" data-element_type=\"section\">\n\t\t\t\t\t\t<div class=\"elementor-container elementor-column-gap-default\">\n\t\t\t\t\t<div class=\"elementor-column elementor-col-100 elementor-top-column elementor-element elementor-element-d26dacf\" data-id=\"d26dacf\" data-element_type=\"column\">\n\t\t\t<div class=\"elementor-widget-wrap elementor-element-populated\">\n\t\t\t\t\t\t<div class=\"elementor-element elementor-element-2deb752 elementor-widget elementor-widget-heading\" data-id=\"2deb752\" data-element_type=\"widget\" data-widget_type=\"heading.default\">\n\t\t\t\t<div class=\"elementor-widget-container\">\n\t\t\t\t\t<h2 class=\"elementor-heading-title elementor-size-default\">3D Tender<\/h2>\t\t\t\t<\/div>\n\t\t\t\t<\/div>\n\t\t\t\t<div class=\"elementor-element elementor-element-66ad633 elementor-widget elementor-widget-text-editor\" data-id=\"66ad633\" data-element_type=\"widget\" data-widget_type=\"text-editor.default\">\n\t\t\t\t<div class=\"elementor-widget-container\">\n\t\t\t\t\t\t\t\t\t<p>Si votre objectif est de trouver un bateau pneumatique ou semi-rigide \u00e0 un bon rapport qualit\u00e9-prix, vous pouvez faire confiance \u00e0 3DTENDER.<\/p>\n\t\t\t\t\t\t\t\t<\/div>\n\t\t\t\t<\/div>\n\t\t\t\t<div class=\"elementor-element elementor-element-b1c9f28 elementor-widget elementor-widget-image\" data-id=\"b1c9f28\" data-element_type=\"widget\" data-widget_type=\"image.default\">\n\t\t\t\t<div class=\"elementor-widget-container\">\n\t\t\t\t\t\t\t\t\t\t\t\t\t\t\t<img fetchpriority=\"high\" decoding=\"async\" width=\"915\" height=\"610\" src=\"https:\/\/jopanautica.com\/wp-content\/uploads\/502_dsc00446.jpgPrancheta-1-1-e1712151782962.jpg\" class=\"attachment-full size-full wp-image-20454\" alt=\"\" \/>\t\t\t\t\t\t\t\t\t\t\t\t\t\t\t<\/div>\n\t\t\t\t<\/div>\n\t\t\t\t\t<\/div>\n\t\t<\/div>\n\t\t\t\t\t<\/div>\n\t\t<\/section>\n\t\t\t\t<section class=\"elementor-section elementor-top-section elementor-element elementor-element-9425904 elementor-section-boxed elementor-section-height-default elementor-section-height-default\" data-id=\"9425904\" data-element_type=\"section\">\n\t\t\t\t\t\t<div class=\"elementor-container elementor-column-gap-default\">\n\t\t\t\t\t<div class=\"elementor-column elementor-col-66 elementor-top-column elementor-element elementor-element-9d60201\" data-id=\"9d60201\" data-element_type=\"column\">\n\t\t\t<div class=\"elementor-widget-wrap elementor-element-populated\">\n\t\t\t\t\t\t<div class=\"elementor-element elementor-element-80855b9 elementor-widget elementor-widget-heading\" data-id=\"80855b9\" data-element_type=\"widget\" data-widget_type=\"heading.default\">\n\t\t\t\t<div class=\"elementor-widget-container\">\n\t\t\t\t\t<h3 class=\"elementor-heading-title elementor-size-default\">Nous sommes s\u00fbrs que votre priorit\u00e9 en ce moment est que vos proches se sentent \u00e0 l'aise et en s\u00e9curit\u00e9 pendant que vous naviguez ensemble et les bateaux 3D Tender ont un avantage \u00e0 cet \u00e9gard : Semi-rigides, coques en polyester, coques en aluminium, planchers amovibles, bateaux ultral\u00e9gers \u00e0 haute r\u00e9sistance. fonds gonflables \u00e0 pression : plus de 100 000 bateaux livr\u00e9s dans le monde depuis la cr\u00e9ation de la marque 3D TENDER en 2007. <\/h3>\t\t\t\t<\/div>\n\t\t\t\t<\/div>\n\t\t\t\t<div class=\"elementor-element elementor-element-3c78bc5 elementor-widget elementor-widget-text-editor\" data-id=\"3c78bc5\" data-element_type=\"widget\" data-widget_type=\"text-editor.default\">\n\t\t\t\t<div class=\"elementor-widget-container\">\n\t\t\t\t\t\t\t\t\t<p>Performance, confort, durabilit\u00e9 et prix imbattable ont toujours \u00e9t\u00e9 au rendez-vous. les valeurs fondamentales de la marque 3D TENDER. L&rsquo;approche solide de 3D TENDER en mati\u00e8re de conception et de construction donne aux propri\u00e9taires de bateaux r\u00e9cr\u00e9atifs et commerciaux la confiance n\u00e9cessaire pour aller au-del\u00e0 de leurs attentes et affronter des conditions que beaucoup d&rsquo;autres \u00e9vitent. La gamme 3D TENDER vous offre un choix incomparable de mod\u00e8les au rapport qualit\u00e9\/prix exceptionnel.<\/p>\n\t\t\t\t\t\t\t\t<\/div>\n\t\t\t\t<\/div>\n\t\t\t\t<div class=\"elementor-element elementor-element-233efcd elementor-widget elementor-widget-image\" data-id=\"233efcd\" data-element_type=\"widget\" data-widget_type=\"image.default\">\n\t\t\t\t<div class=\"elementor-widget-container\">\n\t\t\t\t\t\t\t\t\t\t\t\t\t\t\t<img decoding=\"async\" width=\"800\" height=\"1000\" src=\"https:\/\/jopanautica.com\/wp-content\/uploads\/ExplorationetvitesseLesemi-rigideseratoujourslalliedesexplorateursdeceuxquivontplusloinmaisaussideceuxquivontplusviteAussiappelespeedboatenanglaisilssontlagarantiedesen.jpg\" class=\"attachment-large size-large wp-image-20462\" alt=\"\" srcset=\"https:\/\/jopanautica.com\/wp-content\/uploads\/ExplorationetvitesseLesemi-rigideseratoujourslalliedesexplorateursdeceuxquivontplusloinmaisaussideceuxquivontplusviteAussiappelespeedboatenanglaisilssontlagarantiedesen.jpg 800w, https:\/\/jopanautica.com\/wp-content\/uploads\/ExplorationetvitesseLesemi-rigideseratoujourslalliedesexplorateursdeceuxquivontplusloinmaisaussideceuxquivontplusviteAussiappelespeedboatenanglaisilssontlagarantiedesen-400x500.jpg 400w, https:\/\/jopanautica.com\/wp-content\/uploads\/ExplorationetvitesseLesemi-rigideseratoujourslalliedesexplorateursdeceuxquivontplusloinmaisaussideceuxquivontplusviteAussiappelespeedboatenanglaisilssontlagarantiedesen-768x960.jpg 768w, https:\/\/jopanautica.com\/wp-content\/uploads\/ExplorationetvitesseLesemi-rigideseratoujourslalliedesexplorateursdeceuxquivontplusloinmaisaussideceuxquivontplusviteAussiappelespeedboatenanglaisilssontlagarantiedesen-480x600.jpg 480w\" sizes=\"(max-width: 800px) 100vw, 800px\" \/>\t\t\t\t\t\t\t\t\t\t\t\t\t\t\t<\/div>\n\t\t\t\t<\/div>\n\t\t\t\t<div class=\"elementor-element elementor-element-ed6b31d elementor-widget elementor-widget-image-gallery\" data-id=\"ed6b31d\" data-element_type=\"widget\" data-widget_type=\"image-gallery.default\">\n\t\t\t\t<div class=\"elementor-widget-container\">\n\t\t\t\t\t\t\t<div class=\"elementor-image-gallery\">\n\t\t\t<div id='gallery-1' class='gallery galleryid-15739 gallery-columns-7 gallery-size-thumbnail'><figure class='gallery-item'>\n\t\t\t<div class='gallery-icon landscape'>\n\t\t\t\t<a data-elementor-open-lightbox=\"yes\" data-elementor-lightbox-slideshow=\"ed6b31d\" data-elementor-lightbox-title=\"L\u2019\u00e9t\u00e9+tranquilleOn+esp\u00e8re+que+vous+avez+pass\u00e9++un+bon+\u00e9t\u00e9,+de+pr\u00e9f\u00e9rence+sur+les+flots+!+Si+vous+avez+eu+la+chance+d\u2019\u00eatre+en+navigation+pendant+cette+saison+estivale,+vous+voulez+\u00e9viter+de+g\u00e2cher+votre+plaisir+avec\" data-e-action-hash=\"#elementor-action%3Aaction%3Dlightbox%26settings%3DeyJpZCI6MjA0NTgsInVybCI6Imh0dHBzOlwvXC9qb3BhbmF1dGljYS5jb21cL3dwLWNvbnRlbnRcL3VwbG9hZHNcL0xldGV0cmFucXVpbGxlT25lc3BlcmVxdWV2b3VzYXZlenBhc3NldW5ib25ldGVkZXByZWZlcmVuY2VzdXJsZXNmbG90c1Npdm91c2F2ZXpldWxhY2hhbmNlZGV0cmVlbm5hdmlnYXRpb25wZW5kYW50Y2V0dGVzYWlzb25lc3RpdmFsZXZvdXN2b3VsZXpldml0ZXJkZWdhY2hlcnZvdHJlcGxhaXNpcmF2ZWMuanBnIiwic2xpZGVzaG93IjoiZWQ2YjMxZCJ9\" href='https:\/\/jopanautica.com\/wp-content\/uploads\/LetetranquilleOnesperequevousavezpasseunbonetedepreferencesurlesflotsSivousavezeulachancedetreennavigationpendantcettesaisonestivalevousvoulezeviterdegachervotreplaisiravec.jpg'><img decoding=\"async\" width=\"96\" height=\"96\" src=\"https:\/\/jopanautica.com\/wp-content\/uploads\/LetetranquilleOnesperequevousavezpasseunbonetedepreferencesurlesflotsSivousavezeulachancedetreennavigationpendantcettesaisonestivalevousvoulezeviterdegachervotreplaisiravec.jpg\" class=\"attachment-thumbnail size-thumbnail\" alt=\"\" srcset=\"https:\/\/jopanautica.com\/wp-content\/uploads\/LetetranquilleOnesperequevousavezpasseunbonetedepreferencesurlesflotsSivousavezeulachancedetreennavigationpendantcettesaisonestivalevousvoulezeviterdegachervotreplaisiravec.jpg 1000w, https:\/\/jopanautica.com\/wp-content\/uploads\/LetetranquilleOnesperequevousavezpasseunbonetedepreferencesurlesflotsSivousavezeulachancedetreennavigationpendantcettesaisonestivalevousvoulezeviterdegachervotreplaisiravec-500x500.jpg 500w, https:\/\/jopanautica.com\/wp-content\/uploads\/LetetranquilleOnesperequevousavezpasseunbonetedepreferencesurlesflotsSivousavezeulachancedetreennavigationpendantcettesaisonestivalevousvoulezeviterdegachervotreplaisiravec-768x768.jpg 768w, https:\/\/jopanautica.com\/wp-content\/uploads\/LetetranquilleOnesperequevousavezpasseunbonetedepreferencesurlesflotsSivousavezeulachancedetreennavigationpendantcettesaisonestivalevousvoulezeviterdegachervotreplaisiravec-600x600.jpg 600w, https:\/\/jopanautica.com\/wp-content\/uploads\/LetetranquilleOnesperequevousavezpasseunbonetedepreferencesurlesflotsSivousavezeulachancedetreennavigationpendantcettesaisonestivalevousvoulezeviterdegachervotreplaisiravec-100x100.jpg 100w\" sizes=\"(max-width: 96px) 100vw, 96px\" \/><\/a>\n\t\t\t<\/div><\/figure><figure class='gallery-item'>\n\t\t\t<div class='gallery-icon landscape'>\n\t\t\t\t<a data-elementor-open-lightbox=\"yes\" data-elementor-lightbox-slideshow=\"ed6b31d\" data-elementor-lightbox-title=\"560_fejq0919.jpegPrancheta-1\" data-e-action-hash=\"#elementor-action%3Aaction%3Dlightbox%26settings%3DeyJpZCI6MjA0NjcsInVybCI6Imh0dHBzOlwvXC9qb3BhbmF1dGljYS5jb21cL3dwLWNvbnRlbnRcL3VwbG9hZHNcLzU2MF9mZWpxMDkxOS5qcGVnUHJhbmNoZXRhLTEuanBnIiwic2xpZGVzaG93IjoiZWQ2YjMxZCJ9\" href='https:\/\/jopanautica.com\/wp-content\/uploads\/560_fejq0919.jpegPrancheta-1.jpg'><img loading=\"lazy\" decoding=\"async\" width=\"128\" height=\"96\" src=\"https:\/\/jopanautica.com\/wp-content\/uploads\/560_fejq0919.jpegPrancheta-1.jpg\" class=\"attachment-thumbnail size-thumbnail\" alt=\"\" srcset=\"https:\/\/jopanautica.com\/wp-content\/uploads\/560_fejq0919.jpegPrancheta-1.jpg 1333w, https:\/\/jopanautica.com\/wp-content\/uploads\/560_fejq0919.jpegPrancheta-1-667x500.jpg 667w, https:\/\/jopanautica.com\/wp-content\/uploads\/560_fejq0919.jpegPrancheta-1-768x576.jpg 768w, https:\/\/jopanautica.com\/wp-content\/uploads\/560_fejq0919.jpegPrancheta-1-800x600.jpg 800w, https:\/\/jopanautica.com\/wp-content\/uploads\/560_fejq0919.jpegPrancheta-1-1200x900.jpg 1200w\" sizes=\"(max-width: 128px) 100vw, 128px\" \/><\/a>\n\t\t\t<\/div><\/figure><figure class='gallery-item'>\n\t\t\t<div class='gallery-icon landscape'>\n\t\t\t\t<a data-elementor-open-lightbox=\"yes\" data-elementor-lightbox-slideshow=\"ed6b31d\" data-elementor-lightbox-title=\"380_nividic_24-qaf6io635pgnkxdy4wfihidrdfsxcjlpnzbt1b3f0k\" data-e-action-hash=\"#elementor-action%3Aaction%3Dlightbox%26settings%3DeyJpZCI6MjA0NzEsInVybCI6Imh0dHBzOlwvXC9qb3BhbmF1dGljYS5jb21cL3dwLWNvbnRlbnRcL3VwbG9hZHNcLzM4MF9uaXZpZGljXzI0LXFhZjZpbzYzNXBnbmt4ZHk0d2ZpaGlkcmRmc3hjamxwbnpidDFiM2Yway5qcGciLCJzbGlkZXNob3ciOiJlZDZiMzFkIn0%3D\" href='https:\/\/jopanautica.com\/wp-content\/uploads\/380_nividic_24-qaf6io635pgnkxdy4wfihidrdfsxcjlpnzbt1b3f0k.jpg'><img loading=\"lazy\" decoding=\"async\" width=\"128\" height=\"80\" src=\"https:\/\/jopanautica.com\/wp-content\/uploads\/380_nividic_24-qaf6io635pgnkxdy4wfihidrdfsxcjlpnzbt1b3f0k.jpg\" class=\"attachment-thumbnail size-thumbnail\" alt=\"\" \/><\/a>\n\t\t\t<\/div><\/figure>\n\t\t<\/div>\n\t\t<\/div>\n\t\t\t\t\t\t<\/div>\n\t\t\t\t<\/div>\n\t\t\t\t<div class=\"elementor-element elementor-element-93c9e8c elementor-widget elementor-widget-button\" data-id=\"93c9e8c\" data-element_type=\"widget\" data-widget_type=\"button.default\">\n\t\t\t\t<div class=\"elementor-widget-container\">\n\t\t\t\t\t\t\t\t\t<div class=\"elementor-button-wrapper\">\n\t\t\t\t\t<a class=\"elementor-button elementor-button-link elementor-size-sm\" href=\"https:\/\/jopanautica.com\/fr\/comment-pouvons-nous-vous-aider\/\">\n\t\t\t\t\t\t<span class=\"elementor-button-content-wrapper\">\n\t\t\t\t\t\t\t\t\t<span class=\"elementor-button-text\">Contactez-nous<\/span>\n\t\t\t\t\t<\/span>\n\t\t\t\t\t<\/a>\n\t\t\t\t<\/div>\n\t\t\t\t\t\t\t\t<\/div>\n\t\t\t\t<\/div>\n\t\t\t\t\t<\/div>\n\t\t<\/div>\n\t\t\t\t<div class=\"elementor-column elementor-col-33 elementor-top-column elementor-element elementor-element-c6ac4a5\" data-id=\"c6ac4a5\" data-element_type=\"column\">\n\t\t\t<div class=\"elementor-widget-wrap\">\n\t\t\t\t\t\t\t<\/div>\n\t\t<\/div>\n\t\t\t\t\t<\/div>\n\t\t<\/section>\n\t\t\t\t<\/div>\n\t\t","protected":false},"excerpt":{"rendered":"<p>Si votre objectif est de trouver un bateau pneumatique ou semi-rigide \u00e0 un bon rapport qualit\u00e9-prix, vous pouvez faire confiance \u00e0 3DTENDER. Nous sommes s\u00fbrs que votre priorit\u00e9 en ce moment est que vos proches se sentent \u00e0 l&rsquo;aise et en s\u00e9curit\u00e9 pendant que vous naviguez ensemble et les bateaux 3D Tender ont un avantage &#8230; <a title=\"3D Tender\" class=\"read-more\" href=\"https:\/\/jopanautica.com\/fr\/marques\/3dtender\/\" aria-label=\"En savoir plus sur 3D Tender\">Lire la suite<\/a><\/p>\n","protected":false},"author":1,"featured_media":0,"parent":15715,"menu_order":0,"comment_status":"closed","ping_status":"closed","template":"","meta":{"_acf_changed":false,"footnotes":""},"class_list":["post-15739","page","type-page","status-publish"],"acf":[],"yoast_head":"<!-- This site is optimized with the Yoast SEO Premium plugin v26.7 (Yoast SEO v26.7) - https:\/\/yoast.com\/wordpress\/plugins\/seo\/ -->\n<title>3D Tender - Jopa N\u00e0utica<\/title>\n<meta name=\"robots\" content=\"index, follow, max-snippet:-1, max-image-preview:large, max-video-preview:-1\" \/>\n<link rel=\"canonical\" href=\"https:\/\/jopanautica.com\/fr\/marques\/3dtender\/\" \/>\n<meta property=\"og:locale\" content=\"fr_FR\" \/>\n<meta property=\"og:type\" content=\"article\" \/>\n<meta property=\"og:title\" content=\"3D Tender\" \/>\n<meta property=\"og:description\" content=\"Si votre objectif est de trouver un bateau pneumatique ou semi-rigide \u00e0 un bon rapport qualit\u00e9-prix, vous pouvez faire confiance \u00e0 3DTENDER. Nous sommes s\u00fbrs que votre priorit\u00e9 en ce moment est que vos proches se sentent \u00e0 l&rsquo;aise et en s\u00e9curit\u00e9 pendant que vous naviguez ensemble et les bateaux 3D Tender ont un avantage ... Lire la suite\" \/>\n<meta property=\"og:url\" content=\"https:\/\/jopanautica.com\/fr\/marques\/3dtender\/\" \/>\n<meta property=\"og:site_name\" content=\"Jopa N\u00e0utica\" \/>\n<meta property=\"article:modified_time\" content=\"2025-02-27T14:15:14+00:00\" \/>\n<meta property=\"og:image\" content=\"https:\/\/jopanautica.com\/wp-content\/uploads\/502_dsc00446.jpgPrancheta-1-1-e1712151782962.jpg\" \/>\n<meta name=\"twitter:card\" content=\"summary_large_image\" \/>\n<meta name=\"twitter:label1\" content=\"Dur\u00e9e de lecture estim\u00e9e\" \/>\n\t<meta name=\"twitter:data1\" content=\"1 minute\" \/>\n<script type=\"application\/ld+json\" class=\"yoast-schema-graph\">{\"@context\":\"https:\/\/schema.org\",\"@graph\":[{\"@type\":\"WebPage\",\"@id\":\"https:\/\/jopanautica.com\/fr\/marques\/3dtender\/\",\"url\":\"https:\/\/jopanautica.com\/fr\/marques\/3dtender\/\",\"name\":\"3D Tender - Jopa N\u00e0utica\",\"isPartOf\":{\"@id\":\"https:\/\/jopanautica.com\/#website\"},\"primaryImageOfPage\":{\"@id\":\"https:\/\/jopanautica.com\/fr\/marques\/3dtender\/#primaryimage\"},\"image\":{\"@id\":\"https:\/\/jopanautica.com\/fr\/marques\/3dtender\/#primaryimage\"},\"thumbnailUrl\":\"https:\/\/jopanautica.com\/wp-content\/uploads\/502_dsc00446.jpgPrancheta-1-1-e1712151782962.jpg\",\"datePublished\":\"2021-01-15T08:44:41+00:00\",\"dateModified\":\"2025-02-27T14:15:14+00:00\",\"breadcrumb\":{\"@id\":\"https:\/\/jopanautica.com\/fr\/marques\/3dtender\/#breadcrumb\"},\"inLanguage\":\"fr-FR\",\"potentialAction\":[{\"@type\":\"ReadAction\",\"target\":[\"https:\/\/jopanautica.com\/fr\/marques\/3dtender\/\"]}]},{\"@type\":\"ImageObject\",\"inLanguage\":\"fr-FR\",\"@id\":\"https:\/\/jopanautica.com\/fr\/marques\/3dtender\/#primaryimage\",\"url\":\"https:\/\/jopanautica.com\/wp-content\/uploads\/502_dsc00446.jpgPrancheta-1-1-e1712151782962.jpg\",\"contentUrl\":\"https:\/\/jopanautica.com\/wp-content\/uploads\/502_dsc00446.jpgPrancheta-1-1-e1712151782962.jpg\"},{\"@type\":\"BreadcrumbList\",\"@id\":\"https:\/\/jopanautica.com\/fr\/marques\/3dtender\/#breadcrumb\",\"itemListElement\":[{\"@type\":\"ListItem\",\"position\":1,\"name\":\"Portada\",\"item\":\"https:\/\/jopanautica.com\/fr\/\"},{\"@type\":\"ListItem\",\"position\":2,\"name\":\"Marques\",\"item\":\"https:\/\/jopanautica.com\/fr\/marques\/\"},{\"@type\":\"ListItem\",\"position\":3,\"name\":\"3D Tender\"}]},{\"@type\":\"WebSite\",\"@id\":\"https:\/\/jopanautica.com\/#website\",\"url\":\"https:\/\/jopanautica.com\/\",\"name\":\"Jopa N\u00e0utica\",\"description\":\"Jopa N\u00e0utica l&#039; Escala\",\"publisher\":{\"@id\":\"https:\/\/jopanautica.com\/#organization\"},\"potentialAction\":[{\"@type\":\"SearchAction\",\"target\":{\"@type\":\"EntryPoint\",\"urlTemplate\":\"https:\/\/jopanautica.com\/?s={search_term_string}\"},\"query-input\":{\"@type\":\"PropertyValueSpecification\",\"valueRequired\":true,\"valueName\":\"search_term_string\"}}],\"inLanguage\":\"fr-FR\"},{\"@type\":\"Organization\",\"@id\":\"https:\/\/jopanautica.com\/#organization\",\"name\":\"Jopa N\u00e0utica\",\"url\":\"https:\/\/jopanautica.com\/\",\"logo\":{\"@type\":\"ImageObject\",\"inLanguage\":\"fr-FR\",\"@id\":\"https:\/\/jopanautica.com\/#\/schema\/logo\/image\/\",\"url\":\"https:\/\/jopanautica.com\/wp-content\/uploads\/2020\/06\/jopa-nautica-logo.png\",\"contentUrl\":\"https:\/\/jopanautica.com\/wp-content\/uploads\/2020\/06\/jopa-nautica-logo.png\",\"width\":600,\"height\":159,\"caption\":\"Jopa N\u00e0utica\"},\"image\":{\"@id\":\"https:\/\/jopanautica.com\/#\/schema\/logo\/image\/\"}}]}<\/script>\n<!-- \/ Yoast SEO Premium plugin. -->","yoast_head_json":{"title":"3D Tender - Jopa N\u00e0utica","robots":{"index":"index","follow":"follow","max-snippet":"max-snippet:-1","max-image-preview":"max-image-preview:large","max-video-preview":"max-video-preview:-1"},"canonical":"https:\/\/jopanautica.com\/fr\/marques\/3dtender\/","og_locale":"fr_FR","og_type":"article","og_title":"3D Tender","og_description":"Si votre objectif est de trouver un bateau pneumatique ou semi-rigide \u00e0 un bon rapport qualit\u00e9-prix, vous pouvez faire confiance \u00e0 3DTENDER. Nous sommes s\u00fbrs que votre priorit\u00e9 en ce moment est que vos proches se sentent \u00e0 l&rsquo;aise et en s\u00e9curit\u00e9 pendant que vous naviguez ensemble et les bateaux 3D Tender ont un avantage ... Lire la suite","og_url":"https:\/\/jopanautica.com\/fr\/marques\/3dtender\/","og_site_name":"Jopa N\u00e0utica","article_modified_time":"2025-02-27T14:15:14+00:00","og_image":[{"url":"https:\/\/jopanautica.com\/wp-content\/uploads\/502_dsc00446.jpgPrancheta-1-1-e1712151782962.jpg","type":"","width":"","height":""}],"twitter_card":"summary_large_image","twitter_misc":{"Dur\u00e9e de lecture estim\u00e9e":"1 minute"},"schema":{"@context":"https:\/\/schema.org","@graph":[{"@type":"WebPage","@id":"https:\/\/jopanautica.com\/fr\/marques\/3dtender\/","url":"https:\/\/jopanautica.com\/fr\/marques\/3dtender\/","name":"3D Tender - Jopa N\u00e0utica","isPartOf":{"@id":"https:\/\/jopanautica.com\/#website"},"primaryImageOfPage":{"@id":"https:\/\/jopanautica.com\/fr\/marques\/3dtender\/#primaryimage"},"image":{"@id":"https:\/\/jopanautica.com\/fr\/marques\/3dtender\/#primaryimage"},"thumbnailUrl":"https:\/\/jopanautica.com\/wp-content\/uploads\/502_dsc00446.jpgPrancheta-1-1-e1712151782962.jpg","datePublished":"2021-01-15T08:44:41+00:00","dateModified":"2025-02-27T14:15:14+00:00","breadcrumb":{"@id":"https:\/\/jopanautica.com\/fr\/marques\/3dtender\/#breadcrumb"},"inLanguage":"fr-FR","potentialAction":[{"@type":"ReadAction","target":["https:\/\/jopanautica.com\/fr\/marques\/3dtender\/"]}]},{"@type":"ImageObject","inLanguage":"fr-FR","@id":"https:\/\/jopanautica.com\/fr\/marques\/3dtender\/#primaryimage","url":"https:\/\/jopanautica.com\/wp-content\/uploads\/502_dsc00446.jpgPrancheta-1-1-e1712151782962.jpg","contentUrl":"https:\/\/jopanautica.com\/wp-content\/uploads\/502_dsc00446.jpgPrancheta-1-1-e1712151782962.jpg"},{"@type":"BreadcrumbList","@id":"https:\/\/jopanautica.com\/fr\/marques\/3dtender\/#breadcrumb","itemListElement":[{"@type":"ListItem","position":1,"name":"Portada","item":"https:\/\/jopanautica.com\/fr\/"},{"@type":"ListItem","position":2,"name":"Marques","item":"https:\/\/jopanautica.com\/fr\/marques\/"},{"@type":"ListItem","position":3,"name":"3D Tender"}]},{"@type":"WebSite","@id":"https:\/\/jopanautica.com\/#website","url":"https:\/\/jopanautica.com\/","name":"Jopa N\u00e0utica","description":"Jopa N\u00e0utica l&#039; Escala","publisher":{"@id":"https:\/\/jopanautica.com\/#organization"},"potentialAction":[{"@type":"SearchAction","target":{"@type":"EntryPoint","urlTemplate":"https:\/\/jopanautica.com\/?s={search_term_string}"},"query-input":{"@type":"PropertyValueSpecification","valueRequired":true,"valueName":"search_term_string"}}],"inLanguage":"fr-FR"},{"@type":"Organization","@id":"https:\/\/jopanautica.com\/#organization","name":"Jopa N\u00e0utica","url":"https:\/\/jopanautica.com\/","logo":{"@type":"ImageObject","inLanguage":"fr-FR","@id":"https:\/\/jopanautica.com\/#\/schema\/logo\/image\/","url":"https:\/\/jopanautica.com\/wp-content\/uploads\/2020\/06\/jopa-nautica-logo.png","contentUrl":"https:\/\/jopanautica.com\/wp-content\/uploads\/2020\/06\/jopa-nautica-logo.png","width":600,"height":159,"caption":"Jopa N\u00e0utica"},"image":{"@id":"https:\/\/jopanautica.com\/#\/schema\/logo\/image\/"}}]}},"_links":{"self":[{"href":"https:\/\/jopanautica.com\/fr\/wp-json\/wp\/v2\/pages\/15739","targetHints":{"allow":["GET"]}}],"collection":[{"href":"https:\/\/jopanautica.com\/fr\/wp-json\/wp\/v2\/pages"}],"about":[{"href":"https:\/\/jopanautica.com\/fr\/wp-json\/wp\/v2\/types\/page"}],"author":[{"embeddable":true,"href":"https:\/\/jopanautica.com\/fr\/wp-json\/wp\/v2\/users\/1"}],"replies":[{"embeddable":true,"href":"https:\/\/jopanautica.com\/fr\/wp-json\/wp\/v2\/comments?post=15739"}],"version-history":[{"count":5,"href":"https:\/\/jopanautica.com\/fr\/wp-json\/wp\/v2\/pages\/15739\/revisions"}],"predecessor-version":[{"id":20593,"href":"https:\/\/jopanautica.com\/fr\/wp-json\/wp\/v2\/pages\/15739\/revisions\/20593"}],"up":[{"embeddable":true,"href":"https:\/\/jopanautica.com\/fr\/wp-json\/wp\/v2\/pages\/15715"}],"wp:attachment":[{"href":"https:\/\/jopanautica.com\/fr\/wp-json\/wp\/v2\/media?parent=15739"}],"curies":[{"name":"wp","href":"https:\/\/api.w.org\/{rel}","templated":true}]}}