{"id":15729,"date":"2021-01-15T08:32:34","date_gmt":"2021-01-15T08:32:34","guid":{"rendered":"https:\/\/jopanautica.com\/marques\/dubhe\/"},"modified":"2021-03-12T09:15:50","modified_gmt":"2021-03-12T09:15:50","slug":"dubhe","status":"publish","type":"page","link":"https:\/\/jopanautica.com\/fr\/marques\/dubhe\/","title":{"rendered":"Dubhe"},"content":{"rendered":"\t\t<div data-elementor-type=\"wp-page\" data-elementor-id=\"15729\" class=\"elementor elementor-15729 elementor-14618\" data-elementor-post-type=\"page\">\n\t\t\t\t\t\t<section class=\"elementor-section elementor-top-section elementor-element elementor-element-6ce55ee elementor-section-boxed elementor-section-height-default elementor-section-height-default\" data-id=\"6ce55ee\" data-element_type=\"section\">\n\t\t\t\t\t\t<div class=\"elementor-container elementor-column-gap-default\">\n\t\t\t\t\t<div class=\"elementor-column elementor-col-100 elementor-top-column elementor-element elementor-element-d26dacf\" data-id=\"d26dacf\" data-element_type=\"column\">\n\t\t\t<div class=\"elementor-widget-wrap elementor-element-populated\">\n\t\t\t\t\t\t<div class=\"elementor-element elementor-element-2deb752 elementor-widget elementor-widget-heading\" data-id=\"2deb752\" data-element_type=\"widget\" data-widget_type=\"heading.default\">\n\t\t\t\t<div class=\"elementor-widget-container\">\n\t\t\t\t\t<h2 class=\"elementor-heading-title elementor-size-default\">Dubhe<\/h2>\t\t\t\t<\/div>\n\t\t\t\t<\/div>\n\t\t\t\t<div class=\"elementor-element elementor-element-66ad633 elementor-widget elementor-widget-text-editor\" data-id=\"66ad633\" data-element_type=\"widget\" data-widget_type=\"text-editor.default\">\n\t\t\t\t<div class=\"elementor-widget-container\">\n\t\t\t\t\t\t\t\t\t<p>Les chantiers navals de Dubhe travaillent pour les amoureux de la mer qui veulent profiter de la p\u00eache toute l&rsquo;ann\u00e9e. \u00cates-vous l&rsquo;un d&rsquo;entre eux ?<\/p>\n\t\t\t\t\t\t\t\t<\/div>\n\t\t\t\t<\/div>\n\t\t\t\t<div class=\"elementor-element elementor-element-b1c9f28 elementor-widget elementor-widget-image\" data-id=\"b1c9f28\" data-element_type=\"widget\" data-widget_type=\"image.default\">\n\t\t\t\t<div class=\"elementor-widget-container\">\n\t\t\t\t\t\t\t\t\t\t\t\t\t\t\t<img fetchpriority=\"high\" decoding=\"async\" width=\"1200\" height=\"715\" src=\"https:\/\/jopanautica.com\/wp-content\/uploads\/2021\/03\/dubhe1-1.jpg\" class=\"attachment-full size-full wp-image-17322\" alt=\"\" srcset=\"https:\/\/jopanautica.com\/wp-content\/uploads\/2021\/03\/dubhe1-1.jpg 1200w, https:\/\/jopanautica.com\/wp-content\/uploads\/2021\/03\/dubhe1-1-300x179.jpg 300w, https:\/\/jopanautica.com\/wp-content\/uploads\/2021\/03\/dubhe1-1-1024x610.jpg 1024w, https:\/\/jopanautica.com\/wp-content\/uploads\/2021\/03\/dubhe1-1-768x458.jpg 768w, https:\/\/jopanautica.com\/wp-content\/uploads\/2021\/03\/dubhe1-1-600x358.jpg 600w\" sizes=\"(max-width: 1200px) 100vw, 1200px\" \/>\t\t\t\t\t\t\t\t\t\t\t\t\t\t\t<\/div>\n\t\t\t\t<\/div>\n\t\t\t\t\t<\/div>\n\t\t<\/div>\n\t\t\t\t\t<\/div>\n\t\t<\/section>\n\t\t\t\t<section class=\"elementor-section elementor-top-section elementor-element elementor-element-9425904 elementor-section-boxed elementor-section-height-default elementor-section-height-default\" data-id=\"9425904\" data-element_type=\"section\">\n\t\t\t\t\t\t<div class=\"elementor-container elementor-column-gap-default\">\n\t\t\t\t\t<div class=\"elementor-column elementor-col-66 elementor-top-column elementor-element elementor-element-9d60201\" data-id=\"9d60201\" data-element_type=\"column\">\n\t\t\t<div class=\"elementor-widget-wrap elementor-element-populated\">\n\t\t\t\t\t\t<div class=\"elementor-element elementor-element-80855b9 elementor-widget elementor-widget-heading\" data-id=\"80855b9\" data-element_type=\"widget\" data-widget_type=\"heading.default\">\n\t\t\t\t<div class=\"elementor-widget-container\">\n\t\t\t\t\t<h3 class=\"elementor-heading-title elementor-size-default\">Les chantiers navals de Dubhe travaillent pour les amoureux de la mer qui veulent profiter de la p\u00eache toute l'ann\u00e9e. \u00cates-vous l'un d'entre eux ?<\/h3>\t\t\t\t<\/div>\n\t\t\t\t<\/div>\n\t\t\t\t<div class=\"elementor-element elementor-element-3c78bc5 elementor-widget elementor-widget-text-editor\" data-id=\"3c78bc5\" data-element_type=\"widget\" data-widget_type=\"text-editor.default\">\n\t\t\t\t<div class=\"elementor-widget-container\">\n\t\t\t\t\t\t\t\t\t<p class=\"Standard\"><span lang=\"FR\">Dubhe est une marque espagnole. Ils fabriquent leurs bateaux \u00e0 Almer\u00eda depuis 1998 avec trois objectifs en t\u00eate\u00a0:<\/span><\/p><p class=\"Standard\"><span lang=\"FR\">\u00a0<\/span><\/p><p class=\"Standard\"><span lang=\"FR\">\u2022 Que leurs bateaux de dimensions r\u00e9duites soient transportables.<\/span><\/p><p class=\"Standard\"><span lang=\"FR\">\u2022 Qu&rsquo;ils soient fonctionnels.<\/span><\/p><p class=\"Standard\"><span lang=\"FR\">\u2022 Que leur prix soit appropri\u00e9.<\/span><\/p><p class=\"Standard\"><span lang=\"FR\">\u00a0<\/span><\/p><p class=\"Standard\"><span lang=\"FR\">\u00a0<\/span><\/p><p class=\"Standard\"><span lang=\"FR\">C&rsquo;est la marque \u00e0 laquelle nous faisons confiance pour les clients qui aiment sortir leur canne \u00e0 p\u00eache \u00e0 n\u2019importe quelle p\u00e9riode de l&rsquo;ann\u00e9e, puisque les bateaux sont \u00e9quip\u00e9s d\u2019une cabine qui permet de s\u2019abriter.<\/span><\/p><p class=\"Standard\"><span lang=\"FR\">\u00a0<\/span><\/p><p class=\"Standard\"><span lang=\"FR\">Nous appr\u00e9cions particuli\u00e8rement que les fen\u00eatres s&rsquo;ouvrent sur le c\u00f4t\u00e9 pour faire entrer de l\u2019air frais dans la cabine et que les bateaux disposent d\u2019un espace de bain de soleil plus grand que la concurrence.<\/span><\/p><p class=\"Standard\"><span lang=\"FR\">\u00a0<\/span><\/p><p class=\"Standard\"><span lang=\"FR\">Les mod\u00e8les les plus demand\u00e9s sont Javana 570 et 650 car leur maniement est tr\u00e8s confortable.<\/span><\/p><p class=\"Standard\"><span lang=\"FR\">\u00a0<\/span><\/p><p class=\"Standard\"><span lang=\"FR\">De toute \u00e9vidence, ils ont \u00e9t\u00e9 attentifs aux besoins concrets de leurs clients : facilit\u00e9 de glisse et vitesse avec moteur en bas r\u00e9gime, stabilit\u00e9 de navigation et de mouillage, largeur et facilit\u00e9 d&rsquo;entretien, beaucoup de rangements&#8230;<\/span><\/p><p class=\"Standard\"><span lang=\"FR\">\u00a0<\/span><\/p><p class=\"Standard\"><span lang=\"FR\">Toutes les phases de production de chaque navire sont effectu\u00e9es dans leur chantier naval. \u00c0 partir du calcul des lignes d&rsquo;eau, essais en mer, conception des couvertes, moules, etc &#8230;<\/span><\/p><p class=\"Standard\"><span lang=\"FR\">\u00a0<\/span><\/p><p>\u00a0<\/p><p class=\"Standard\"><span lang=\"FR\">Nous aimons savoir que tout le processus se trouve entre les mains d\u2019une \u00e9quipe stable de professionnels. Cela nous donne beaucoup de confiance.<\/span><\/p>\t\t\t\t\t\t\t\t<\/div>\n\t\t\t\t<\/div>\n\t\t\t\t<div class=\"elementor-element elementor-element-75018bd elementor-widget elementor-widget-image\" data-id=\"75018bd\" data-element_type=\"widget\" data-widget_type=\"image.default\">\n\t\t\t\t<div class=\"elementor-widget-container\">\n\t\t\t\t\t\t\t\t\t\t\t\t\t\t\t<img decoding=\"async\" width=\"1024\" height=\"683\" src=\"https:\/\/jopanautica.com\/wp-content\/uploads\/2020\/10\/Jopa-Nautica-Marca-DUBHE-slider-03-1024x683.jpg\" class=\"attachment-large size-large wp-image-14701\" alt=\"\" srcset=\"https:\/\/jopanautica.com\/wp-content\/uploads\/2020\/10\/Jopa-Nautica-Marca-DUBHE-slider-03-1024x683.jpg 1024w, https:\/\/jopanautica.com\/wp-content\/uploads\/2020\/10\/Jopa-Nautica-Marca-DUBHE-slider-03-600x400.jpg 600w, https:\/\/jopanautica.com\/wp-content\/uploads\/2020\/10\/Jopa-Nautica-Marca-DUBHE-slider-03-300x200.jpg 300w, https:\/\/jopanautica.com\/wp-content\/uploads\/2020\/10\/Jopa-Nautica-Marca-DUBHE-slider-03-768x512.jpg 768w, https:\/\/jopanautica.com\/wp-content\/uploads\/2020\/10\/Jopa-Nautica-Marca-DUBHE-slider-03.jpg 1200w\" sizes=\"(max-width: 1024px) 100vw, 1024px\" \/>\t\t\t\t\t\t\t\t\t\t\t\t\t\t\t<\/div>\n\t\t\t\t<\/div>\n\t\t\t\t<div class=\"elementor-element elementor-element-93c9e8c elementor-widget elementor-widget-button\" data-id=\"93c9e8c\" data-element_type=\"widget\" data-widget_type=\"button.default\">\n\t\t\t\t<div class=\"elementor-widget-container\">\n\t\t\t\t\t\t\t\t\t<div class=\"elementor-button-wrapper\">\n\t\t\t\t\t<a class=\"elementor-button elementor-button-link elementor-size-sm\" href=\"https:\/\/jopanautica.com\/fr\/comment-pouvons-nous-vous-aider\/\">\n\t\t\t\t\t\t<span class=\"elementor-button-content-wrapper\">\n\t\t\t\t\t\t\t\t\t<span class=\"elementor-button-text\">Contactez-nous<\/span>\n\t\t\t\t\t<\/span>\n\t\t\t\t\t<\/a>\n\t\t\t\t<\/div>\n\t\t\t\t\t\t\t\t<\/div>\n\t\t\t\t<\/div>\n\t\t\t\t\t<\/div>\n\t\t<\/div>\n\t\t\t\t<div class=\"elementor-column elementor-col-33 elementor-top-column elementor-element elementor-element-c6ac4a5\" data-id=\"c6ac4a5\" data-element_type=\"column\">\n\t\t\t<div class=\"elementor-widget-wrap\">\n\t\t\t\t\t\t\t<\/div>\n\t\t<\/div>\n\t\t\t\t\t<\/div>\n\t\t<\/section>\n\t\t\t\t<\/div>\n\t\t","protected":false},"excerpt":{"rendered":"<p>Les chantiers navals de Dubhe travaillent pour les amoureux de la mer qui veulent profiter de la p\u00eache toute l&rsquo;ann\u00e9e. \u00cates-vous l&rsquo;un d&rsquo;entre eux ? Les chantiers navals de Dubhe travaillent pour les amoureux de la mer qui veulent profiter de la p\u00eache toute l&rsquo;ann\u00e9e. \u00cates-vous l&rsquo;un d&rsquo;entre eux ? Dubhe est une marque espagnole. &#8230; <a title=\"Dubhe\" class=\"read-more\" href=\"https:\/\/jopanautica.com\/fr\/marques\/dubhe\/\" aria-label=\"En savoir plus sur Dubhe\">Lire la suite<\/a><\/p>\n","protected":false},"author":1,"featured_media":0,"parent":15715,"menu_order":0,"comment_status":"closed","ping_status":"closed","template":"","meta":{"_acf_changed":false,"footnotes":""},"class_list":["post-15729","page","type-page","status-publish"],"acf":[],"yoast_head":"<!-- This site is optimized with the Yoast SEO Premium plugin v26.7 (Yoast SEO v26.7) - https:\/\/yoast.com\/wordpress\/plugins\/seo\/ -->\n<title>Dubhe - Jopa N\u00e0utica<\/title>\n<meta name=\"robots\" content=\"index, follow, max-snippet:-1, max-image-preview:large, max-video-preview:-1\" \/>\n<link rel=\"canonical\" href=\"https:\/\/jopanautica.com\/fr\/marques\/dubhe\/\" \/>\n<meta property=\"og:locale\" content=\"fr_FR\" \/>\n<meta property=\"og:type\" content=\"article\" \/>\n<meta property=\"og:title\" content=\"Dubhe\" \/>\n<meta property=\"og:description\" content=\"Les chantiers navals de Dubhe travaillent pour les amoureux de la mer qui veulent profiter de la p\u00eache toute l&rsquo;ann\u00e9e. \u00cates-vous l&rsquo;un d&rsquo;entre eux ? Les chantiers navals de Dubhe travaillent pour les amoureux de la mer qui veulent profiter de la p\u00eache toute l&rsquo;ann\u00e9e. \u00cates-vous l&rsquo;un d&rsquo;entre eux ? Dubhe est une marque espagnole. ... Lire la suite\" \/>\n<meta property=\"og:url\" content=\"https:\/\/jopanautica.com\/fr\/marques\/dubhe\/\" \/>\n<meta property=\"og:site_name\" content=\"Jopa N\u00e0utica\" \/>\n<meta property=\"article:modified_time\" content=\"2021-03-12T09:15:50+00:00\" \/>\n<meta property=\"og:image\" content=\"https:\/\/jopanautica.com\/wp-content\/uploads\/2021\/03\/dubhe1-1.jpg\" \/>\n<meta name=\"twitter:card\" content=\"summary_large_image\" \/>\n<meta name=\"twitter:label1\" content=\"Dur\u00e9e de lecture estim\u00e9e\" \/>\n\t<meta name=\"twitter:data1\" content=\"2 minutes\" \/>\n<script type=\"application\/ld+json\" class=\"yoast-schema-graph\">{\"@context\":\"https:\/\/schema.org\",\"@graph\":[{\"@type\":\"WebPage\",\"@id\":\"https:\/\/jopanautica.com\/fr\/marques\/dubhe\/\",\"url\":\"https:\/\/jopanautica.com\/fr\/marques\/dubhe\/\",\"name\":\"Dubhe - Jopa N\u00e0utica\",\"isPartOf\":{\"@id\":\"https:\/\/jopanautica.com\/#website\"},\"primaryImageOfPage\":{\"@id\":\"https:\/\/jopanautica.com\/fr\/marques\/dubhe\/#primaryimage\"},\"image\":{\"@id\":\"https:\/\/jopanautica.com\/fr\/marques\/dubhe\/#primaryimage\"},\"thumbnailUrl\":\"https:\/\/jopanautica.com\/wp-content\/uploads\/2021\/03\/dubhe1-1.jpg\",\"datePublished\":\"2021-01-15T08:32:34+00:00\",\"dateModified\":\"2021-03-12T09:15:50+00:00\",\"breadcrumb\":{\"@id\":\"https:\/\/jopanautica.com\/fr\/marques\/dubhe\/#breadcrumb\"},\"inLanguage\":\"fr-FR\",\"potentialAction\":[{\"@type\":\"ReadAction\",\"target\":[\"https:\/\/jopanautica.com\/fr\/marques\/dubhe\/\"]}]},{\"@type\":\"ImageObject\",\"inLanguage\":\"fr-FR\",\"@id\":\"https:\/\/jopanautica.com\/fr\/marques\/dubhe\/#primaryimage\",\"url\":\"https:\/\/jopanautica.com\/wp-content\/uploads\/2021\/03\/dubhe1-1.jpg\",\"contentUrl\":\"https:\/\/jopanautica.com\/wp-content\/uploads\/2021\/03\/dubhe1-1.jpg\"},{\"@type\":\"BreadcrumbList\",\"@id\":\"https:\/\/jopanautica.com\/fr\/marques\/dubhe\/#breadcrumb\",\"itemListElement\":[{\"@type\":\"ListItem\",\"position\":1,\"name\":\"Portada\",\"item\":\"https:\/\/jopanautica.com\/fr\/\"},{\"@type\":\"ListItem\",\"position\":2,\"name\":\"Marques\",\"item\":\"https:\/\/jopanautica.com\/fr\/marques\/\"},{\"@type\":\"ListItem\",\"position\":3,\"name\":\"Dubhe\"}]},{\"@type\":\"WebSite\",\"@id\":\"https:\/\/jopanautica.com\/#website\",\"url\":\"https:\/\/jopanautica.com\/\",\"name\":\"Jopa N\u00e0utica\",\"description\":\"Jopa N\u00e0utica l&#039; Escala\",\"publisher\":{\"@id\":\"https:\/\/jopanautica.com\/#organization\"},\"potentialAction\":[{\"@type\":\"SearchAction\",\"target\":{\"@type\":\"EntryPoint\",\"urlTemplate\":\"https:\/\/jopanautica.com\/?s={search_term_string}\"},\"query-input\":{\"@type\":\"PropertyValueSpecification\",\"valueRequired\":true,\"valueName\":\"search_term_string\"}}],\"inLanguage\":\"fr-FR\"},{\"@type\":\"Organization\",\"@id\":\"https:\/\/jopanautica.com\/#organization\",\"name\":\"Jopa N\u00e0utica\",\"url\":\"https:\/\/jopanautica.com\/\",\"logo\":{\"@type\":\"ImageObject\",\"inLanguage\":\"fr-FR\",\"@id\":\"https:\/\/jopanautica.com\/#\/schema\/logo\/image\/\",\"url\":\"https:\/\/jopanautica.com\/wp-content\/uploads\/2020\/06\/jopa-nautica-logo.png\",\"contentUrl\":\"https:\/\/jopanautica.com\/wp-content\/uploads\/2020\/06\/jopa-nautica-logo.png\",\"width\":600,\"height\":159,\"caption\":\"Jopa N\u00e0utica\"},\"image\":{\"@id\":\"https:\/\/jopanautica.com\/#\/schema\/logo\/image\/\"}}]}<\/script>\n<!-- \/ Yoast SEO Premium plugin. -->","yoast_head_json":{"title":"Dubhe - Jopa N\u00e0utica","robots":{"index":"index","follow":"follow","max-snippet":"max-snippet:-1","max-image-preview":"max-image-preview:large","max-video-preview":"max-video-preview:-1"},"canonical":"https:\/\/jopanautica.com\/fr\/marques\/dubhe\/","og_locale":"fr_FR","og_type":"article","og_title":"Dubhe","og_description":"Les chantiers navals de Dubhe travaillent pour les amoureux de la mer qui veulent profiter de la p\u00eache toute l&rsquo;ann\u00e9e. \u00cates-vous l&rsquo;un d&rsquo;entre eux ? Les chantiers navals de Dubhe travaillent pour les amoureux de la mer qui veulent profiter de la p\u00eache toute l&rsquo;ann\u00e9e. \u00cates-vous l&rsquo;un d&rsquo;entre eux ? Dubhe est une marque espagnole. ... Lire la suite","og_url":"https:\/\/jopanautica.com\/fr\/marques\/dubhe\/","og_site_name":"Jopa N\u00e0utica","article_modified_time":"2021-03-12T09:15:50+00:00","og_image":[{"url":"https:\/\/jopanautica.com\/wp-content\/uploads\/2021\/03\/dubhe1-1.jpg","type":"","width":"","height":""}],"twitter_card":"summary_large_image","twitter_misc":{"Dur\u00e9e de lecture estim\u00e9e":"2 minutes"},"schema":{"@context":"https:\/\/schema.org","@graph":[{"@type":"WebPage","@id":"https:\/\/jopanautica.com\/fr\/marques\/dubhe\/","url":"https:\/\/jopanautica.com\/fr\/marques\/dubhe\/","name":"Dubhe - Jopa N\u00e0utica","isPartOf":{"@id":"https:\/\/jopanautica.com\/#website"},"primaryImageOfPage":{"@id":"https:\/\/jopanautica.com\/fr\/marques\/dubhe\/#primaryimage"},"image":{"@id":"https:\/\/jopanautica.com\/fr\/marques\/dubhe\/#primaryimage"},"thumbnailUrl":"https:\/\/jopanautica.com\/wp-content\/uploads\/2021\/03\/dubhe1-1.jpg","datePublished":"2021-01-15T08:32:34+00:00","dateModified":"2021-03-12T09:15:50+00:00","breadcrumb":{"@id":"https:\/\/jopanautica.com\/fr\/marques\/dubhe\/#breadcrumb"},"inLanguage":"fr-FR","potentialAction":[{"@type":"ReadAction","target":["https:\/\/jopanautica.com\/fr\/marques\/dubhe\/"]}]},{"@type":"ImageObject","inLanguage":"fr-FR","@id":"https:\/\/jopanautica.com\/fr\/marques\/dubhe\/#primaryimage","url":"https:\/\/jopanautica.com\/wp-content\/uploads\/2021\/03\/dubhe1-1.jpg","contentUrl":"https:\/\/jopanautica.com\/wp-content\/uploads\/2021\/03\/dubhe1-1.jpg"},{"@type":"BreadcrumbList","@id":"https:\/\/jopanautica.com\/fr\/marques\/dubhe\/#breadcrumb","itemListElement":[{"@type":"ListItem","position":1,"name":"Portada","item":"https:\/\/jopanautica.com\/fr\/"},{"@type":"ListItem","position":2,"name":"Marques","item":"https:\/\/jopanautica.com\/fr\/marques\/"},{"@type":"ListItem","position":3,"name":"Dubhe"}]},{"@type":"WebSite","@id":"https:\/\/jopanautica.com\/#website","url":"https:\/\/jopanautica.com\/","name":"Jopa N\u00e0utica","description":"Jopa N\u00e0utica l&#039; Escala","publisher":{"@id":"https:\/\/jopanautica.com\/#organization"},"potentialAction":[{"@type":"SearchAction","target":{"@type":"EntryPoint","urlTemplate":"https:\/\/jopanautica.com\/?s={search_term_string}"},"query-input":{"@type":"PropertyValueSpecification","valueRequired":true,"valueName":"search_term_string"}}],"inLanguage":"fr-FR"},{"@type":"Organization","@id":"https:\/\/jopanautica.com\/#organization","name":"Jopa N\u00e0utica","url":"https:\/\/jopanautica.com\/","logo":{"@type":"ImageObject","inLanguage":"fr-FR","@id":"https:\/\/jopanautica.com\/#\/schema\/logo\/image\/","url":"https:\/\/jopanautica.com\/wp-content\/uploads\/2020\/06\/jopa-nautica-logo.png","contentUrl":"https:\/\/jopanautica.com\/wp-content\/uploads\/2020\/06\/jopa-nautica-logo.png","width":600,"height":159,"caption":"Jopa N\u00e0utica"},"image":{"@id":"https:\/\/jopanautica.com\/#\/schema\/logo\/image\/"}}]}},"_links":{"self":[{"href":"https:\/\/jopanautica.com\/fr\/wp-json\/wp\/v2\/pages\/15729","targetHints":{"allow":["GET"]}}],"collection":[{"href":"https:\/\/jopanautica.com\/fr\/wp-json\/wp\/v2\/pages"}],"about":[{"href":"https:\/\/jopanautica.com\/fr\/wp-json\/wp\/v2\/types\/page"}],"author":[{"embeddable":true,"href":"https:\/\/jopanautica.com\/fr\/wp-json\/wp\/v2\/users\/1"}],"replies":[{"embeddable":true,"href":"https:\/\/jopanautica.com\/fr\/wp-json\/wp\/v2\/comments?post=15729"}],"version-history":[{"count":5,"href":"https:\/\/jopanautica.com\/fr\/wp-json\/wp\/v2\/pages\/15729\/revisions"}],"predecessor-version":[{"id":17349,"href":"https:\/\/jopanautica.com\/fr\/wp-json\/wp\/v2\/pages\/15729\/revisions\/17349"}],"up":[{"embeddable":true,"href":"https:\/\/jopanautica.com\/fr\/wp-json\/wp\/v2\/pages\/15715"}],"wp:attachment":[{"href":"https:\/\/jopanautica.com\/fr\/wp-json\/wp\/v2\/media?parent=15729"}],"curies":[{"name":"wp","href":"https:\/\/api.w.org\/{rel}","templated":true}]}}