{"id":15725,"date":"2021-01-15T08:25:23","date_gmt":"2021-01-15T08:25:23","guid":{"rendered":"https:\/\/jopanautica.com\/marques\/bwa\/"},"modified":"2021-01-27T11:15:00","modified_gmt":"2021-01-27T11:15:00","slug":"bwa","status":"publish","type":"page","link":"https:\/\/jopanautica.com\/fr\/marques\/bwa\/","title":{"rendered":"BWA"},"content":{"rendered":"\t\t<div data-elementor-type=\"wp-page\" data-elementor-id=\"15725\" class=\"elementor elementor-15725 elementor-14652\" data-elementor-post-type=\"page\">\n\t\t\t\t\t\t<section class=\"elementor-section elementor-top-section elementor-element elementor-element-6ce55ee elementor-section-boxed elementor-section-height-default elementor-section-height-default\" data-id=\"6ce55ee\" data-element_type=\"section\">\n\t\t\t\t\t\t<div class=\"elementor-container elementor-column-gap-default\">\n\t\t\t\t\t<div class=\"elementor-column elementor-col-100 elementor-top-column elementor-element elementor-element-d26dacf\" data-id=\"d26dacf\" data-element_type=\"column\">\n\t\t\t<div class=\"elementor-widget-wrap elementor-element-populated\">\n\t\t\t\t\t\t<div class=\"elementor-element elementor-element-2deb752 elementor-widget elementor-widget-heading\" data-id=\"2deb752\" data-element_type=\"widget\" data-widget_type=\"heading.default\">\n\t\t\t\t<div class=\"elementor-widget-container\">\n\t\t\t\t\t<h2 class=\"elementor-heading-title elementor-size-default\">BWA<\/h2>\t\t\t\t<\/div>\n\t\t\t\t<\/div>\n\t\t\t\t<div class=\"elementor-element elementor-element-66ad633 elementor-widget elementor-widget-text-editor\" data-id=\"66ad633\" data-element_type=\"widget\" data-widget_type=\"text-editor.default\">\n\t\t\t\t<div class=\"elementor-widget-container\">\n\t\t\t\t\t\t\t\t\t<p>Vous recherchez un bateau semi-rigide pour partager de bons moments avec votre famille et vos amis ? Alors, nous vous recommandons BWA.<\/p>\n\t\t\t\t\t\t\t\t<\/div>\n\t\t\t\t<\/div>\n\t\t\t\t<div class=\"elementor-element elementor-element-b1c9f28 elementor-widget elementor-widget-image\" data-id=\"b1c9f28\" data-element_type=\"widget\" data-widget_type=\"image.default\">\n\t\t\t\t<div class=\"elementor-widget-container\">\n\t\t\t\t\t\t\t\t\t\t\t\t\t\t\t<img fetchpriority=\"high\" decoding=\"async\" width=\"1200\" height=\"715\" src=\"https:\/\/jopanautica.com\/wp-content\/uploads\/2020\/07\/Thumb_Jopa-Nautica-Marca-BWA.jpg\" class=\"attachment-full size-full wp-image-14061\" alt=\"\" srcset=\"https:\/\/jopanautica.com\/wp-content\/uploads\/2020\/07\/Thumb_Jopa-Nautica-Marca-BWA.jpg 1200w, https:\/\/jopanautica.com\/wp-content\/uploads\/2020\/07\/Thumb_Jopa-Nautica-Marca-BWA-300x179.jpg 300w, https:\/\/jopanautica.com\/wp-content\/uploads\/2020\/07\/Thumb_Jopa-Nautica-Marca-BWA-1024x610.jpg 1024w, https:\/\/jopanautica.com\/wp-content\/uploads\/2020\/07\/Thumb_Jopa-Nautica-Marca-BWA-768x458.jpg 768w\" sizes=\"(max-width: 1200px) 100vw, 1200px\" \/>\t\t\t\t\t\t\t\t\t\t\t\t\t\t\t<\/div>\n\t\t\t\t<\/div>\n\t\t\t\t\t<\/div>\n\t\t<\/div>\n\t\t\t\t\t<\/div>\n\t\t<\/section>\n\t\t\t\t<section class=\"elementor-section elementor-top-section elementor-element elementor-element-9425904 elementor-section-boxed elementor-section-height-default elementor-section-height-default\" data-id=\"9425904\" data-element_type=\"section\">\n\t\t\t\t\t\t<div class=\"elementor-container elementor-column-gap-default\">\n\t\t\t\t\t<div class=\"elementor-column elementor-col-66 elementor-top-column elementor-element elementor-element-9d60201\" data-id=\"9d60201\" data-element_type=\"column\">\n\t\t\t<div class=\"elementor-widget-wrap elementor-element-populated\">\n\t\t\t\t\t\t<div class=\"elementor-element elementor-element-80855b9 elementor-widget elementor-widget-heading\" data-id=\"80855b9\" data-element_type=\"widget\" data-widget_type=\"heading.default\">\n\t\t\t\t<div class=\"elementor-widget-container\">\n\t\t\t\t\t<h3 class=\"elementor-heading-title elementor-size-default\">Si nous sommes si convaincus, c\u2019est que leurs bateaux disposent de tous les accessoires dont vous avez besoin \u00e0 bord pour profiter d'une journ\u00e9e en mer avec votre famille : un frigo, un espace de bronzage...<\/h3>\t\t\t\t<\/div>\n\t\t\t\t<\/div>\n\t\t\t\t<div class=\"elementor-element elementor-element-3c78bc5 elementor-widget elementor-widget-text-editor\" data-id=\"3c78bc5\" data-element_type=\"widget\" data-widget_type=\"text-editor.default\">\n\t\t\t\t<div class=\"elementor-widget-container\">\n\t\t\t\t\t\t\t\t\t<p>Mais nous avons une autre raison importante de faire confiance \u00e0 BWA : son flotteur est fabriqu\u00e9 en n\u00e9opr\u00e8ne et non en PVC, ce qui signifie qu&rsquo;il durera trois fois plus longtemps sans s&rsquo;user.<\/p>\n<p>Nous appr\u00e9cions particuli\u00e8rement la stabilit\u00e9 et la s\u00e9curit\u00e9 offertes par BWA \u00e0 grandes vitesses.<\/p>\n<p>Nos clients choisissent g\u00e9n\u00e9ralement le mod\u00e8le Sport 22S car il mesure moins de 7 m\u00e8tres et navigue tr\u00e8s bien.<\/p>\n<p>Sans oublier que si vous pratiquez la plong\u00e9e, sachez que BWA vous propose une gamme professionnelle sp\u00e9cifique.<\/p>\n<p>Nous appr\u00e9cions de travailler avec cette marque car, comme nous, elle maintient l&rsquo;esprit de la tradition familiale. L\u2019entreprise a vu le jour en Italie \u00e0 la fin des ann\u00e9es 1950, cr\u00e9\u00e9e par Walter Breventani. William Breventani a pris la suite au milieu des ann\u00e9es 80 et a fond\u00e9 l\u2019actuelle soci\u00e9t\u00e9 BWA.<\/p>\n\t\t\t\t\t\t\t\t<\/div>\n\t\t\t\t<\/div>\n\t\t\t\t<div class=\"elementor-element elementor-element-ed6b31d elementor-widget elementor-widget-image-gallery\" data-id=\"ed6b31d\" data-element_type=\"widget\" data-widget_type=\"image-gallery.default\">\n\t\t\t\t<div class=\"elementor-widget-container\">\n\t\t\t\t\t\t\t<div class=\"elementor-image-gallery\">\n\t\t\t<div id='gallery-1' class='gallery galleryid-15725 gallery-columns-6 gallery-size-thumbnail'><figure class='gallery-item'>\n\t\t\t<div class='gallery-icon landscape'>\n\t\t\t\t<a data-elementor-open-lightbox=\"yes\" data-elementor-lightbox-slideshow=\"ed6b31d\" data-elementor-lightbox-title=\"Jopa-Nautica-Marca-BWA-slider-03\" data-e-action-hash=\"#elementor-action%3Aaction%3Dlightbox%26settings%3DeyJpZCI6MTQ2MjcsInVybCI6Imh0dHBzOlwvXC9qb3BhbmF1dGljYS5jb21cL3dwLWNvbnRlbnRcL3VwbG9hZHNcLzIwMjBcLzEwXC9Kb3BhLU5hdXRpY2EtTWFyY2EtQldBLXNsaWRlci0wMy5qcGciLCJzbGlkZXNob3ciOiJlZDZiMzFkIn0%3D\" href='https:\/\/jopanautica.com\/wp-content\/uploads\/2020\/10\/Jopa-Nautica-Marca-BWA-slider-03.jpg'><img decoding=\"async\" width=\"96\" height=\"96\" src=\"https:\/\/jopanautica.com\/wp-content\/uploads\/2020\/10\/Jopa-Nautica-Marca-BWA-slider-03-150x150.jpg\" class=\"attachment-thumbnail size-thumbnail\" alt=\"\" srcset=\"https:\/\/jopanautica.com\/wp-content\/uploads\/2020\/10\/Jopa-Nautica-Marca-BWA-slider-03-150x150.jpg 150w, https:\/\/jopanautica.com\/wp-content\/uploads\/2020\/10\/Jopa-Nautica-Marca-BWA-slider-03-300x300.jpg 300w, https:\/\/jopanautica.com\/wp-content\/uploads\/2020\/10\/Jopa-Nautica-Marca-BWA-slider-03-100x100.jpg 100w\" sizes=\"(max-width: 96px) 100vw, 96px\" \/><\/a>\n\t\t\t<\/div><\/figure><figure class='gallery-item'>\n\t\t\t<div class='gallery-icon landscape'>\n\t\t\t\t<a data-elementor-open-lightbox=\"yes\" data-elementor-lightbox-slideshow=\"ed6b31d\" data-elementor-lightbox-title=\"Jopa-Nautica-Marca-BWA-slider-04\" data-e-action-hash=\"#elementor-action%3Aaction%3Dlightbox%26settings%3DeyJpZCI6MTQ2MzEsInVybCI6Imh0dHBzOlwvXC9qb3BhbmF1dGljYS5jb21cL3dwLWNvbnRlbnRcL3VwbG9hZHNcLzIwMjBcLzEwXC9Kb3BhLU5hdXRpY2EtTWFyY2EtQldBLXNsaWRlci0wNC5qcGciLCJzbGlkZXNob3ciOiJlZDZiMzFkIn0%3D\" href='https:\/\/jopanautica.com\/wp-content\/uploads\/2020\/10\/Jopa-Nautica-Marca-BWA-slider-04.jpg'><img decoding=\"async\" width=\"96\" height=\"96\" src=\"https:\/\/jopanautica.com\/wp-content\/uploads\/2020\/10\/Jopa-Nautica-Marca-BWA-slider-04-150x150.jpg\" class=\"attachment-thumbnail size-thumbnail\" alt=\"\" srcset=\"https:\/\/jopanautica.com\/wp-content\/uploads\/2020\/10\/Jopa-Nautica-Marca-BWA-slider-04-150x150.jpg 150w, https:\/\/jopanautica.com\/wp-content\/uploads\/2020\/10\/Jopa-Nautica-Marca-BWA-slider-04-300x300.jpg 300w, https:\/\/jopanautica.com\/wp-content\/uploads\/2020\/10\/Jopa-Nautica-Marca-BWA-slider-04-100x100.jpg 100w\" sizes=\"(max-width: 96px) 100vw, 96px\" \/><\/a>\n\t\t\t<\/div><\/figure><figure class='gallery-item'>\n\t\t\t<div class='gallery-icon landscape'>\n\t\t\t\t<a data-elementor-open-lightbox=\"yes\" data-elementor-lightbox-slideshow=\"ed6b31d\" data-elementor-lightbox-title=\"Jopa-Nautica-Marca-BWA-slider-05\" data-e-action-hash=\"#elementor-action%3Aaction%3Dlightbox%26settings%3DeyJpZCI6MTQ2MzUsInVybCI6Imh0dHBzOlwvXC9qb3BhbmF1dGljYS5jb21cL3dwLWNvbnRlbnRcL3VwbG9hZHNcLzIwMjBcLzEwXC9Kb3BhLU5hdXRpY2EtTWFyY2EtQldBLXNsaWRlci0wNS5qcGciLCJzbGlkZXNob3ciOiJlZDZiMzFkIn0%3D\" href='https:\/\/jopanautica.com\/wp-content\/uploads\/2020\/10\/Jopa-Nautica-Marca-BWA-slider-05.jpg'><img loading=\"lazy\" decoding=\"async\" width=\"96\" height=\"96\" src=\"https:\/\/jopanautica.com\/wp-content\/uploads\/2020\/10\/Jopa-Nautica-Marca-BWA-slider-05-150x150.jpg\" class=\"attachment-thumbnail size-thumbnail\" alt=\"\" srcset=\"https:\/\/jopanautica.com\/wp-content\/uploads\/2020\/10\/Jopa-Nautica-Marca-BWA-slider-05-150x150.jpg 150w, https:\/\/jopanautica.com\/wp-content\/uploads\/2020\/10\/Jopa-Nautica-Marca-BWA-slider-05-300x300.jpg 300w, https:\/\/jopanautica.com\/wp-content\/uploads\/2020\/10\/Jopa-Nautica-Marca-BWA-slider-05-100x100.jpg 100w\" sizes=\"(max-width: 96px) 100vw, 96px\" \/><\/a>\n\t\t\t<\/div><\/figure><figure class='gallery-item'>\n\t\t\t<div class='gallery-icon landscape'>\n\t\t\t\t<a data-elementor-open-lightbox=\"yes\" data-elementor-lightbox-slideshow=\"ed6b31d\" data-elementor-lightbox-title=\"Jopa-Nautica-Marca-BWA-slider-06\" data-e-action-hash=\"#elementor-action%3Aaction%3Dlightbox%26settings%3DeyJpZCI6MTQ2MzksInVybCI6Imh0dHBzOlwvXC9qb3BhbmF1dGljYS5jb21cL3dwLWNvbnRlbnRcL3VwbG9hZHNcLzIwMjBcLzEwXC9Kb3BhLU5hdXRpY2EtTWFyY2EtQldBLXNsaWRlci0wNi5qcGciLCJzbGlkZXNob3ciOiJlZDZiMzFkIn0%3D\" href='https:\/\/jopanautica.com\/wp-content\/uploads\/2020\/10\/Jopa-Nautica-Marca-BWA-slider-06.jpg'><img loading=\"lazy\" decoding=\"async\" width=\"96\" height=\"96\" src=\"https:\/\/jopanautica.com\/wp-content\/uploads\/2020\/10\/Jopa-Nautica-Marca-BWA-slider-06-150x150.jpg\" class=\"attachment-thumbnail size-thumbnail\" alt=\"\" srcset=\"https:\/\/jopanautica.com\/wp-content\/uploads\/2020\/10\/Jopa-Nautica-Marca-BWA-slider-06-150x150.jpg 150w, https:\/\/jopanautica.com\/wp-content\/uploads\/2020\/10\/Jopa-Nautica-Marca-BWA-slider-06-300x300.jpg 300w, https:\/\/jopanautica.com\/wp-content\/uploads\/2020\/10\/Jopa-Nautica-Marca-BWA-slider-06-100x100.jpg 100w\" sizes=\"(max-width: 96px) 100vw, 96px\" \/><\/a>\n\t\t\t<\/div><\/figure><figure class='gallery-item'>\n\t\t\t<div class='gallery-icon landscape'>\n\t\t\t\t<a data-elementor-open-lightbox=\"yes\" data-elementor-lightbox-slideshow=\"ed6b31d\" data-elementor-lightbox-title=\"Jopa-Nautica-Marca-BWA-slider-08\" data-e-action-hash=\"#elementor-action%3Aaction%3Dlightbox%26settings%3DeyJpZCI6MTQ2NDMsInVybCI6Imh0dHBzOlwvXC9qb3BhbmF1dGljYS5jb21cL3dwLWNvbnRlbnRcL3VwbG9hZHNcLzIwMjBcLzEwXC9Kb3BhLU5hdXRpY2EtTWFyY2EtQldBLXNsaWRlci0wOC5qcGciLCJzbGlkZXNob3ciOiJlZDZiMzFkIn0%3D\" href='https:\/\/jopanautica.com\/wp-content\/uploads\/2020\/10\/Jopa-Nautica-Marca-BWA-slider-08.jpg'><img loading=\"lazy\" decoding=\"async\" width=\"96\" height=\"96\" src=\"https:\/\/jopanautica.com\/wp-content\/uploads\/2020\/10\/Jopa-Nautica-Marca-BWA-slider-08-150x150.jpg\" class=\"attachment-thumbnail size-thumbnail\" alt=\"\" srcset=\"https:\/\/jopanautica.com\/wp-content\/uploads\/2020\/10\/Jopa-Nautica-Marca-BWA-slider-08-150x150.jpg 150w, https:\/\/jopanautica.com\/wp-content\/uploads\/2020\/10\/Jopa-Nautica-Marca-BWA-slider-08-300x300.jpg 300w, https:\/\/jopanautica.com\/wp-content\/uploads\/2020\/10\/Jopa-Nautica-Marca-BWA-slider-08-100x100.jpg 100w\" sizes=\"(max-width: 96px) 100vw, 96px\" \/><\/a>\n\t\t\t<\/div><\/figure><figure class='gallery-item'>\n\t\t\t<div class='gallery-icon landscape'>\n\t\t\t\t<a data-elementor-open-lightbox=\"yes\" data-elementor-lightbox-slideshow=\"ed6b31d\" data-elementor-lightbox-title=\"Jopa-Nautica-Marca-BWA-slider-09\" data-e-action-hash=\"#elementor-action%3Aaction%3Dlightbox%26settings%3DeyJpZCI6MTQ2NDcsInVybCI6Imh0dHBzOlwvXC9qb3BhbmF1dGljYS5jb21cL3dwLWNvbnRlbnRcL3VwbG9hZHNcLzIwMjBcLzEwXC9Kb3BhLU5hdXRpY2EtTWFyY2EtQldBLXNsaWRlci0wOS5qcGciLCJzbGlkZXNob3ciOiJlZDZiMzFkIn0%3D\" href='https:\/\/jopanautica.com\/wp-content\/uploads\/2020\/10\/Jopa-Nautica-Marca-BWA-slider-09.jpg'><img loading=\"lazy\" decoding=\"async\" width=\"96\" height=\"96\" src=\"https:\/\/jopanautica.com\/wp-content\/uploads\/2020\/10\/Jopa-Nautica-Marca-BWA-slider-09-150x150.jpg\" class=\"attachment-thumbnail size-thumbnail\" alt=\"\" srcset=\"https:\/\/jopanautica.com\/wp-content\/uploads\/2020\/10\/Jopa-Nautica-Marca-BWA-slider-09-150x150.jpg 150w, https:\/\/jopanautica.com\/wp-content\/uploads\/2020\/10\/Jopa-Nautica-Marca-BWA-slider-09-300x300.jpg 300w, https:\/\/jopanautica.com\/wp-content\/uploads\/2020\/10\/Jopa-Nautica-Marca-BWA-slider-09-100x100.jpg 100w\" sizes=\"(max-width: 96px) 100vw, 96px\" \/><\/a>\n\t\t\t<\/div><\/figure>\n\t\t<\/div>\n\t\t<\/div>\n\t\t\t\t\t\t<\/div>\n\t\t\t\t<\/div>\n\t\t\t\t<div class=\"elementor-element elementor-element-93c9e8c elementor-widget elementor-widget-button\" data-id=\"93c9e8c\" data-element_type=\"widget\" data-widget_type=\"button.default\">\n\t\t\t\t<div class=\"elementor-widget-container\">\n\t\t\t\t\t\t\t\t\t<div class=\"elementor-button-wrapper\">\n\t\t\t\t\t<a class=\"elementor-button elementor-button-link elementor-size-sm\" href=\"https:\/\/jopanautica.com\/fr\/comment-pouvons-nous-vous-aider\/\">\n\t\t\t\t\t\t<span class=\"elementor-button-content-wrapper\">\n\t\t\t\t\t\t\t\t\t<span class=\"elementor-button-text\">Contactez-nous<\/span>\n\t\t\t\t\t<\/span>\n\t\t\t\t\t<\/a>\n\t\t\t\t<\/div>\n\t\t\t\t\t\t\t\t<\/div>\n\t\t\t\t<\/div>\n\t\t\t\t\t<\/div>\n\t\t<\/div>\n\t\t\t\t<div class=\"elementor-column elementor-col-33 elementor-top-column elementor-element elementor-element-c6ac4a5\" data-id=\"c6ac4a5\" data-element_type=\"column\">\n\t\t\t<div class=\"elementor-widget-wrap\">\n\t\t\t\t\t\t\t<\/div>\n\t\t<\/div>\n\t\t\t\t\t<\/div>\n\t\t<\/section>\n\t\t\t\t<\/div>\n\t\t","protected":false},"excerpt":{"rendered":"<p>Vous recherchez un bateau semi-rigide pour partager de bons moments avec votre famille et vos amis ? Alors, nous vous recommandons BWA. Si nous sommes si convaincus, c\u2019est que leurs bateaux disposent de tous les accessoires dont vous avez besoin \u00e0 bord pour profiter d&rsquo;une journ\u00e9e en mer avec votre famille : un frigo, un &#8230; <a title=\"BWA\" class=\"read-more\" href=\"https:\/\/jopanautica.com\/fr\/marques\/bwa\/\" aria-label=\"En savoir plus sur BWA\">Lire la suite<\/a><\/p>\n","protected":false},"author":1,"featured_media":0,"parent":15715,"menu_order":0,"comment_status":"closed","ping_status":"closed","template":"","meta":{"_acf_changed":false,"footnotes":""},"class_list":["post-15725","page","type-page","status-publish"],"acf":[],"yoast_head":"<!-- This site is optimized with the Yoast SEO Premium plugin v26.7 (Yoast SEO v26.7) - https:\/\/yoast.com\/wordpress\/plugins\/seo\/ -->\n<title>BWA - Jopa N\u00e0utica<\/title>\n<meta name=\"robots\" content=\"index, follow, max-snippet:-1, max-image-preview:large, max-video-preview:-1\" \/>\n<link rel=\"canonical\" href=\"https:\/\/jopanautica.com\/fr\/marques\/bwa\/\" \/>\n<meta property=\"og:locale\" content=\"fr_FR\" \/>\n<meta property=\"og:type\" content=\"article\" \/>\n<meta property=\"og:title\" content=\"BWA\" \/>\n<meta property=\"og:description\" content=\"Vous recherchez un bateau semi-rigide pour partager de bons moments avec votre famille et vos amis ? Alors, nous vous recommandons BWA. Si nous sommes si convaincus, c\u2019est que leurs bateaux disposent de tous les accessoires dont vous avez besoin \u00e0 bord pour profiter d&rsquo;une journ\u00e9e en mer avec votre famille : un frigo, un ... Lire la suite\" \/>\n<meta property=\"og:url\" content=\"https:\/\/jopanautica.com\/fr\/marques\/bwa\/\" \/>\n<meta property=\"og:site_name\" content=\"Jopa N\u00e0utica\" \/>\n<meta property=\"article:modified_time\" content=\"2021-01-27T11:15:00+00:00\" \/>\n<meta property=\"og:image\" content=\"https:\/\/jopanautica.com\/wp-content\/uploads\/2020\/07\/Thumb_Jopa-Nautica-Marca-BWA.jpg\" \/>\n<meta name=\"twitter:card\" content=\"summary_large_image\" \/>\n<meta name=\"twitter:label1\" content=\"Dur\u00e9e de lecture estim\u00e9e\" \/>\n\t<meta name=\"twitter:data1\" content=\"1 minute\" \/>\n<script type=\"application\/ld+json\" class=\"yoast-schema-graph\">{\"@context\":\"https:\/\/schema.org\",\"@graph\":[{\"@type\":\"WebPage\",\"@id\":\"https:\/\/jopanautica.com\/fr\/marques\/bwa\/\",\"url\":\"https:\/\/jopanautica.com\/fr\/marques\/bwa\/\",\"name\":\"BWA - Jopa N\u00e0utica\",\"isPartOf\":{\"@id\":\"https:\/\/jopanautica.com\/#website\"},\"primaryImageOfPage\":{\"@id\":\"https:\/\/jopanautica.com\/fr\/marques\/bwa\/#primaryimage\"},\"image\":{\"@id\":\"https:\/\/jopanautica.com\/fr\/marques\/bwa\/#primaryimage\"},\"thumbnailUrl\":\"https:\/\/jopanautica.com\/wp-content\/uploads\/2020\/07\/Thumb_Jopa-Nautica-Marca-BWA.jpg\",\"datePublished\":\"2021-01-15T08:25:23+00:00\",\"dateModified\":\"2021-01-27T11:15:00+00:00\",\"breadcrumb\":{\"@id\":\"https:\/\/jopanautica.com\/fr\/marques\/bwa\/#breadcrumb\"},\"inLanguage\":\"fr-FR\",\"potentialAction\":[{\"@type\":\"ReadAction\",\"target\":[\"https:\/\/jopanautica.com\/fr\/marques\/bwa\/\"]}]},{\"@type\":\"ImageObject\",\"inLanguage\":\"fr-FR\",\"@id\":\"https:\/\/jopanautica.com\/fr\/marques\/bwa\/#primaryimage\",\"url\":\"https:\/\/jopanautica.com\/wp-content\/uploads\/2020\/07\/Thumb_Jopa-Nautica-Marca-BWA.jpg\",\"contentUrl\":\"https:\/\/jopanautica.com\/wp-content\/uploads\/2020\/07\/Thumb_Jopa-Nautica-Marca-BWA.jpg\"},{\"@type\":\"BreadcrumbList\",\"@id\":\"https:\/\/jopanautica.com\/fr\/marques\/bwa\/#breadcrumb\",\"itemListElement\":[{\"@type\":\"ListItem\",\"position\":1,\"name\":\"Portada\",\"item\":\"https:\/\/jopanautica.com\/fr\/\"},{\"@type\":\"ListItem\",\"position\":2,\"name\":\"Marques\",\"item\":\"https:\/\/jopanautica.com\/fr\/marques\/\"},{\"@type\":\"ListItem\",\"position\":3,\"name\":\"BWA\"}]},{\"@type\":\"WebSite\",\"@id\":\"https:\/\/jopanautica.com\/#website\",\"url\":\"https:\/\/jopanautica.com\/\",\"name\":\"Jopa N\u00e0utica\",\"description\":\"Jopa N\u00e0utica l&#039; Escala\",\"publisher\":{\"@id\":\"https:\/\/jopanautica.com\/#organization\"},\"potentialAction\":[{\"@type\":\"SearchAction\",\"target\":{\"@type\":\"EntryPoint\",\"urlTemplate\":\"https:\/\/jopanautica.com\/?s={search_term_string}\"},\"query-input\":{\"@type\":\"PropertyValueSpecification\",\"valueRequired\":true,\"valueName\":\"search_term_string\"}}],\"inLanguage\":\"fr-FR\"},{\"@type\":\"Organization\",\"@id\":\"https:\/\/jopanautica.com\/#organization\",\"name\":\"Jopa N\u00e0utica\",\"url\":\"https:\/\/jopanautica.com\/\",\"logo\":{\"@type\":\"ImageObject\",\"inLanguage\":\"fr-FR\",\"@id\":\"https:\/\/jopanautica.com\/#\/schema\/logo\/image\/\",\"url\":\"https:\/\/jopanautica.com\/wp-content\/uploads\/2020\/06\/jopa-nautica-logo.png\",\"contentUrl\":\"https:\/\/jopanautica.com\/wp-content\/uploads\/2020\/06\/jopa-nautica-logo.png\",\"width\":600,\"height\":159,\"caption\":\"Jopa N\u00e0utica\"},\"image\":{\"@id\":\"https:\/\/jopanautica.com\/#\/schema\/logo\/image\/\"}}]}<\/script>\n<!-- \/ Yoast SEO Premium plugin. -->","yoast_head_json":{"title":"BWA - Jopa N\u00e0utica","robots":{"index":"index","follow":"follow","max-snippet":"max-snippet:-1","max-image-preview":"max-image-preview:large","max-video-preview":"max-video-preview:-1"},"canonical":"https:\/\/jopanautica.com\/fr\/marques\/bwa\/","og_locale":"fr_FR","og_type":"article","og_title":"BWA","og_description":"Vous recherchez un bateau semi-rigide pour partager de bons moments avec votre famille et vos amis ? Alors, nous vous recommandons BWA. Si nous sommes si convaincus, c\u2019est que leurs bateaux disposent de tous les accessoires dont vous avez besoin \u00e0 bord pour profiter d&rsquo;une journ\u00e9e en mer avec votre famille : un frigo, un ... Lire la suite","og_url":"https:\/\/jopanautica.com\/fr\/marques\/bwa\/","og_site_name":"Jopa N\u00e0utica","article_modified_time":"2021-01-27T11:15:00+00:00","og_image":[{"url":"https:\/\/jopanautica.com\/wp-content\/uploads\/2020\/07\/Thumb_Jopa-Nautica-Marca-BWA.jpg","type":"","width":"","height":""}],"twitter_card":"summary_large_image","twitter_misc":{"Dur\u00e9e de lecture estim\u00e9e":"1 minute"},"schema":{"@context":"https:\/\/schema.org","@graph":[{"@type":"WebPage","@id":"https:\/\/jopanautica.com\/fr\/marques\/bwa\/","url":"https:\/\/jopanautica.com\/fr\/marques\/bwa\/","name":"BWA - Jopa N\u00e0utica","isPartOf":{"@id":"https:\/\/jopanautica.com\/#website"},"primaryImageOfPage":{"@id":"https:\/\/jopanautica.com\/fr\/marques\/bwa\/#primaryimage"},"image":{"@id":"https:\/\/jopanautica.com\/fr\/marques\/bwa\/#primaryimage"},"thumbnailUrl":"https:\/\/jopanautica.com\/wp-content\/uploads\/2020\/07\/Thumb_Jopa-Nautica-Marca-BWA.jpg","datePublished":"2021-01-15T08:25:23+00:00","dateModified":"2021-01-27T11:15:00+00:00","breadcrumb":{"@id":"https:\/\/jopanautica.com\/fr\/marques\/bwa\/#breadcrumb"},"inLanguage":"fr-FR","potentialAction":[{"@type":"ReadAction","target":["https:\/\/jopanautica.com\/fr\/marques\/bwa\/"]}]},{"@type":"ImageObject","inLanguage":"fr-FR","@id":"https:\/\/jopanautica.com\/fr\/marques\/bwa\/#primaryimage","url":"https:\/\/jopanautica.com\/wp-content\/uploads\/2020\/07\/Thumb_Jopa-Nautica-Marca-BWA.jpg","contentUrl":"https:\/\/jopanautica.com\/wp-content\/uploads\/2020\/07\/Thumb_Jopa-Nautica-Marca-BWA.jpg"},{"@type":"BreadcrumbList","@id":"https:\/\/jopanautica.com\/fr\/marques\/bwa\/#breadcrumb","itemListElement":[{"@type":"ListItem","position":1,"name":"Portada","item":"https:\/\/jopanautica.com\/fr\/"},{"@type":"ListItem","position":2,"name":"Marques","item":"https:\/\/jopanautica.com\/fr\/marques\/"},{"@type":"ListItem","position":3,"name":"BWA"}]},{"@type":"WebSite","@id":"https:\/\/jopanautica.com\/#website","url":"https:\/\/jopanautica.com\/","name":"Jopa N\u00e0utica","description":"Jopa N\u00e0utica l&#039; Escala","publisher":{"@id":"https:\/\/jopanautica.com\/#organization"},"potentialAction":[{"@type":"SearchAction","target":{"@type":"EntryPoint","urlTemplate":"https:\/\/jopanautica.com\/?s={search_term_string}"},"query-input":{"@type":"PropertyValueSpecification","valueRequired":true,"valueName":"search_term_string"}}],"inLanguage":"fr-FR"},{"@type":"Organization","@id":"https:\/\/jopanautica.com\/#organization","name":"Jopa N\u00e0utica","url":"https:\/\/jopanautica.com\/","logo":{"@type":"ImageObject","inLanguage":"fr-FR","@id":"https:\/\/jopanautica.com\/#\/schema\/logo\/image\/","url":"https:\/\/jopanautica.com\/wp-content\/uploads\/2020\/06\/jopa-nautica-logo.png","contentUrl":"https:\/\/jopanautica.com\/wp-content\/uploads\/2020\/06\/jopa-nautica-logo.png","width":600,"height":159,"caption":"Jopa N\u00e0utica"},"image":{"@id":"https:\/\/jopanautica.com\/#\/schema\/logo\/image\/"}}]}},"_links":{"self":[{"href":"https:\/\/jopanautica.com\/fr\/wp-json\/wp\/v2\/pages\/15725","targetHints":{"allow":["GET"]}}],"collection":[{"href":"https:\/\/jopanautica.com\/fr\/wp-json\/wp\/v2\/pages"}],"about":[{"href":"https:\/\/jopanautica.com\/fr\/wp-json\/wp\/v2\/types\/page"}],"author":[{"embeddable":true,"href":"https:\/\/jopanautica.com\/fr\/wp-json\/wp\/v2\/users\/1"}],"replies":[{"embeddable":true,"href":"https:\/\/jopanautica.com\/fr\/wp-json\/wp\/v2\/comments?post=15725"}],"version-history":[{"count":2,"href":"https:\/\/jopanautica.com\/fr\/wp-json\/wp\/v2\/pages\/15725\/revisions"}],"predecessor-version":[{"id":16502,"href":"https:\/\/jopanautica.com\/fr\/wp-json\/wp\/v2\/pages\/15725\/revisions\/16502"}],"up":[{"embeddable":true,"href":"https:\/\/jopanautica.com\/fr\/wp-json\/wp\/v2\/pages\/15715"}],"wp:attachment":[{"href":"https:\/\/jopanautica.com\/fr\/wp-json\/wp\/v2\/media?parent=15725"}],"curies":[{"name":"wp","href":"https:\/\/api.w.org\/{rel}","templated":true}]}}