{"id":15715,"date":"2021-01-15T08:21:12","date_gmt":"2021-01-15T08:21:12","guid":{"rendered":"https:\/\/jopanautica.com\/marques\/"},"modified":"2024-02-13T17:05:30","modified_gmt":"2024-02-13T17:05:30","slug":"marques","status":"publish","type":"page","link":"https:\/\/jopanautica.com\/fr\/marques\/","title":{"rendered":"Marques"},"content":{"rendered":"\t\t<div data-elementor-type=\"wp-page\" data-elementor-id=\"15715\" class=\"elementor elementor-15715 elementor-13782\" data-elementor-post-type=\"page\">\n\t\t\t\t\t\t<section class=\"elementor-section elementor-top-section elementor-element elementor-element-8aeb6ce elementor-reverse-mobile elementor-section-boxed elementor-section-height-default elementor-section-height-default\" data-id=\"8aeb6ce\" data-element_type=\"section\">\n\t\t\t\t\t\t<div class=\"elementor-container elementor-column-gap-wide\">\n\t\t\t\t\t<div class=\"elementor-column elementor-col-100 elementor-top-column elementor-element elementor-element-8dfa13a\" data-id=\"8dfa13a\" data-element_type=\"column\">\n\t\t\t<div class=\"elementor-widget-wrap elementor-element-populated\">\n\t\t\t\t\t\t<div class=\"elementor-element elementor-element-3007f75 elementor-widget elementor-widget-heading\" data-id=\"3007f75\" data-element_type=\"widget\" data-widget_type=\"heading.default\">\n\t\t\t\t<div class=\"elementor-widget-container\">\n\t\t\t\t\t<h2 class=\"elementor-heading-title elementor-size-default\">Marques<\/h2>\t\t\t\t<\/div>\n\t\t\t\t<\/div>\n\t\t\t\t<div class=\"elementor-element elementor-element-926a095 elementor-widget elementor-widget-text-editor\" data-id=\"926a095\" data-element_type=\"widget\" data-widget_type=\"text-editor.default\">\n\t\t\t\t<div class=\"elementor-widget-container\">\n\t\t\t\t\t\t\t\t\t<p>Dans quel bateau voulez-vous r\u00e9aliser votre r\u00eave de naviguer ?<br \/>Nous sommes s\u00fbrs que vous appr\u00e9cierez la mer en toute tranquillit\u00e9 car nous travaillons avec les marques suivantes :<\/p>\n\t\t\t\t\t\t\t\t<\/div>\n\t\t\t\t<\/div>\n\t\t\t\t<div class=\"elementor-element elementor-element-82ab704 elementor-widget elementor-widget-image\" data-id=\"82ab704\" data-element_type=\"widget\" data-widget_type=\"image.default\">\n\t\t\t\t<div class=\"elementor-widget-container\">\n\t\t\t\t\t\t\t\t\t\t\t\t\t\t\t\t<a href=\"https:\/\/jopanautica.com\/fr\/marques\/bwa\/\">\n\t\t\t\t\t\t\t<img fetchpriority=\"high\" decoding=\"async\" width=\"1024\" height=\"610\" src=\"https:\/\/jopanautica.com\/wp-content\/uploads\/2020\/07\/Thumb_Jopa-Nautica-Marca-BWA-1024x610.jpg\" class=\"attachment-large size-large wp-image-14061\" alt=\"\" srcset=\"https:\/\/jopanautica.com\/wp-content\/uploads\/2020\/07\/Thumb_Jopa-Nautica-Marca-BWA-1024x610.jpg 1024w, https:\/\/jopanautica.com\/wp-content\/uploads\/2020\/07\/Thumb_Jopa-Nautica-Marca-BWA-300x179.jpg 300w, https:\/\/jopanautica.com\/wp-content\/uploads\/2020\/07\/Thumb_Jopa-Nautica-Marca-BWA-768x458.jpg 768w, https:\/\/jopanautica.com\/wp-content\/uploads\/2020\/07\/Thumb_Jopa-Nautica-Marca-BWA.jpg 1200w\" sizes=\"(max-width: 1024px) 100vw, 1024px\" \/>\t\t\t\t\t\t\t\t<\/a>\n\t\t\t\t\t\t\t\t\t\t\t\t\t\t\t<\/div>\n\t\t\t\t<\/div>\n\t\t\t\t<div class=\"elementor-element elementor-element-9a79740 elementor-widget elementor-widget-heading\" data-id=\"9a79740\" data-element_type=\"widget\" data-widget_type=\"heading.default\">\n\t\t\t\t<div class=\"elementor-widget-container\">\n\t\t\t\t\t<h2 class=\"elementor-heading-title elementor-size-default\"><a href=\"https:\/\/jopanautica.com\/fr\/marques\/bwa\/\">BWA<\/a><\/h2>\t\t\t\t<\/div>\n\t\t\t\t<\/div>\n\t\t\t\t<div class=\"elementor-element elementor-element-ab8441f elementor-widget elementor-widget-text-editor\" data-id=\"ab8441f\" data-element_type=\"widget\" data-widget_type=\"text-editor.default\">\n\t\t\t\t<div class=\"elementor-widget-container\">\n\t\t\t\t\t\t\t\t\t<p>Vous recherchez un bateau semi-rigide pour partager de bons moments avec votre famille et vos amis ? Alors, nous vous recommandons BWA.<\/p>\n\t\t\t\t\t\t\t\t<\/div>\n\t\t\t\t<\/div>\n\t\t\t\t<div class=\"elementor-element elementor-element-4da846f elementor-widget elementor-widget-image\" data-id=\"4da846f\" data-element_type=\"widget\" data-widget_type=\"image.default\">\n\t\t\t\t<div class=\"elementor-widget-container\">\n\t\t\t\t\t\t\t\t\t\t\t\t\t\t\t\t<a href=\"https:\/\/jopanautica.com\/fr\/marques\/bma\/\">\n\t\t\t\t\t\t\t<img decoding=\"async\" width=\"1024\" height=\"610\" src=\"https:\/\/jopanautica.com\/wp-content\/uploads\/2020\/07\/Thumb_Jopa-Nautica-Marca-BMA-1024x610.jpg\" class=\"attachment-large size-large wp-image-14065\" alt=\"\" srcset=\"https:\/\/jopanautica.com\/wp-content\/uploads\/2020\/07\/Thumb_Jopa-Nautica-Marca-BMA-1024x610.jpg 1024w, https:\/\/jopanautica.com\/wp-content\/uploads\/2020\/07\/Thumb_Jopa-Nautica-Marca-BMA-300x179.jpg 300w, https:\/\/jopanautica.com\/wp-content\/uploads\/2020\/07\/Thumb_Jopa-Nautica-Marca-BMA-768x458.jpg 768w, https:\/\/jopanautica.com\/wp-content\/uploads\/2020\/07\/Thumb_Jopa-Nautica-Marca-BMA.jpg 1200w\" sizes=\"(max-width: 1024px) 100vw, 1024px\" \/>\t\t\t\t\t\t\t\t<\/a>\n\t\t\t\t\t\t\t\t\t\t\t\t\t\t\t<\/div>\n\t\t\t\t<\/div>\n\t\t\t\t<div class=\"elementor-element elementor-element-bfb1acc elementor-widget elementor-widget-heading\" data-id=\"bfb1acc\" data-element_type=\"widget\" data-widget_type=\"heading.default\">\n\t\t\t\t<div class=\"elementor-widget-container\">\n\t\t\t\t\t<h2 class=\"elementor-heading-title elementor-size-default\"><a href=\"https:\/\/jopanautica.com\/fr\/marques\/bma\/\">BMA<\/a><\/h2>\t\t\t\t<\/div>\n\t\t\t\t<\/div>\n\t\t\t\t<div class=\"elementor-element elementor-element-7e464f8 elementor-widget elementor-widget-text-editor\" data-id=\"7e464f8\" data-element_type=\"widget\" data-widget_type=\"text-editor.default\">\n\t\t\t\t<div class=\"elementor-widget-container\">\n\t\t\t\t\t\t\t\t\t<p>Si vous voulez un bateau ouvert aux lignes tr\u00e8s modernes, avec des finitions design, mais \u00e0 un prix raisonnable, essayez BMA.<\/p>\n\t\t\t\t\t\t\t\t<\/div>\n\t\t\t\t<\/div>\n\t\t\t\t<div class=\"elementor-element elementor-element-5a75473 elementor-widget elementor-widget-image\" data-id=\"5a75473\" data-element_type=\"widget\" data-widget_type=\"image.default\">\n\t\t\t\t<div class=\"elementor-widget-container\">\n\t\t\t\t\t\t\t\t\t\t\t\t\t\t\t\t<a href=\"https:\/\/jopanautica.com\/fr\/marques\/dubhe\/\">\n\t\t\t\t\t\t\t<img decoding=\"async\" src=\"https:\/\/jopanautica.com\/wp-content\/uploads\/2020\/07\/dubhe1-1.jpg\" title=\"\" alt=\"\" loading=\"lazy\" \/>\t\t\t\t\t\t\t\t<\/a>\n\t\t\t\t\t\t\t\t\t\t\t\t\t\t\t<\/div>\n\t\t\t\t<\/div>\n\t\t\t\t<div class=\"elementor-element elementor-element-95c1eb7 elementor-widget elementor-widget-heading\" data-id=\"95c1eb7\" data-element_type=\"widget\" data-widget_type=\"heading.default\">\n\t\t\t\t<div class=\"elementor-widget-container\">\n\t\t\t\t\t<h2 class=\"elementor-heading-title elementor-size-default\"><a href=\"https:\/\/jopanautica.com\/fr\/marques\/dubhe\/\">Dubhe<\/a><\/h2>\t\t\t\t<\/div>\n\t\t\t\t<\/div>\n\t\t\t\t<div class=\"elementor-element elementor-element-c22a654 elementor-widget elementor-widget-text-editor\" data-id=\"c22a654\" data-element_type=\"widget\" data-widget_type=\"text-editor.default\">\n\t\t\t\t<div class=\"elementor-widget-container\">\n\t\t\t\t\t\t\t\t\t<p>Les chantiers navals de Dubhe travaillent pour les amoureux de la mer qui veulent profiter de la p\u00eache toute l&rsquo;ann\u00e9e. \u00cates-vous l&rsquo;un d&rsquo;entre eux ?<\/p>\n\t\t\t\t\t\t\t\t<\/div>\n\t\t\t\t<\/div>\n\t\t\t\t<div class=\"elementor-element elementor-element-03f02c6 elementor-widget elementor-widget-image\" data-id=\"03f02c6\" data-element_type=\"widget\" data-widget_type=\"image.default\">\n\t\t\t\t<div class=\"elementor-widget-container\">\n\t\t\t\t\t\t\t\t\t\t\t\t\t\t\t\t<a href=\"https:\/\/jopanautica.com\/fr\/marques\/narwhal\/\">\n\t\t\t\t\t\t\t<img decoding=\"async\" width=\"1024\" height=\"610\" src=\"https:\/\/jopanautica.com\/wp-content\/uploads\/2020\/07\/Thumb_Jopa-Nautica-Marca-NARWHAL-1024x610.jpg\" class=\"attachment-large size-large wp-image-14112\" alt=\"\" srcset=\"https:\/\/jopanautica.com\/wp-content\/uploads\/2020\/07\/Thumb_Jopa-Nautica-Marca-NARWHAL-1024x610.jpg 1024w, https:\/\/jopanautica.com\/wp-content\/uploads\/2020\/07\/Thumb_Jopa-Nautica-Marca-NARWHAL-300x179.jpg 300w, https:\/\/jopanautica.com\/wp-content\/uploads\/2020\/07\/Thumb_Jopa-Nautica-Marca-NARWHAL-768x458.jpg 768w, https:\/\/jopanautica.com\/wp-content\/uploads\/2020\/07\/Thumb_Jopa-Nautica-Marca-NARWHAL.jpg 1200w\" sizes=\"(max-width: 1024px) 100vw, 1024px\" \/>\t\t\t\t\t\t\t\t<\/a>\n\t\t\t\t\t\t\t\t\t\t\t\t\t\t\t<\/div>\n\t\t\t\t<\/div>\n\t\t\t\t<div class=\"elementor-element elementor-element-b255a6f elementor-widget elementor-widget-heading\" data-id=\"b255a6f\" data-element_type=\"widget\" data-widget_type=\"heading.default\">\n\t\t\t\t<div class=\"elementor-widget-container\">\n\t\t\t\t\t<h2 class=\"elementor-heading-title elementor-size-default\"><a href=\"https:\/\/jopanautica.com\/fr\/marques\/narwhal\/\">Narwhal<\/a><\/h2>\t\t\t\t<\/div>\n\t\t\t\t<\/div>\n\t\t\t\t<div class=\"elementor-element elementor-element-c757f49 elementor-widget elementor-widget-text-editor\" data-id=\"c757f49\" data-element_type=\"widget\" data-widget_type=\"text-editor.default\">\n\t\t\t\t<div class=\"elementor-widget-container\">\n\t\t\t\t\t\t\t\t\t<div>\n<p>Nous vous recommandons Narwhal si vous aimez p\u00eacher ou faire de la plong\u00e9e et vous recherchez un bateau semi-rigide tr\u00e8s marin en PVC.<\/p>\n<\/div>\n\t\t\t\t\t\t\t\t<\/div>\n\t\t\t\t<\/div>\n\t\t\t\t<div class=\"elementor-element elementor-element-547ce56 elementor-widget elementor-widget-image\" data-id=\"547ce56\" data-element_type=\"widget\" data-widget_type=\"image.default\">\n\t\t\t\t<div class=\"elementor-widget-container\">\n\t\t\t\t\t\t\t\t\t\t\t\t\t\t\t\t<a href=\"https:\/\/jopanautica.com\/fr\/marques\/ocean-master\/\">\n\t\t\t\t\t\t\t<img loading=\"lazy\" decoding=\"async\" width=\"915\" height=\"610\" src=\"https:\/\/jopanautica.com\/wp-content\/uploads\/502_dsc00446.jpgPrancheta-1-1-e1712151782962.jpg\" class=\"attachment-large size-large wp-image-20454\" alt=\"\" \/>\t\t\t\t\t\t\t\t<\/a>\n\t\t\t\t\t\t\t\t\t\t\t\t\t\t\t<\/div>\n\t\t\t\t<\/div>\n\t\t\t\t<div class=\"elementor-element elementor-element-c9b7b79 elementor-widget elementor-widget-heading\" data-id=\"c9b7b79\" data-element_type=\"widget\" data-widget_type=\"heading.default\">\n\t\t\t\t<div class=\"elementor-widget-container\">\n\t\t\t\t\t<h2 class=\"elementor-heading-title elementor-size-default\"><a href=\"https:\/\/jopanautica.com\/fr\/marques\/ocean-master\/\">3D Tender<\/a><\/h2>\t\t\t\t<\/div>\n\t\t\t\t<\/div>\n\t\t\t\t<div class=\"elementor-element elementor-element-e60be72 elementor-widget elementor-widget-text-editor\" data-id=\"e60be72\" data-element_type=\"widget\" data-widget_type=\"text-editor.default\">\n\t\t\t\t<div class=\"elementor-widget-container\">\n\t\t\t\t\t\t\t\t\t<div><p>Si vous souhaitez trouver un bateau de petite \u00e0 moyenne taille et facile \u00e0 transporter pour profiter de la mer en famille, notre recommandation est 3D Tender..<\/p><\/div>\t\t\t\t\t\t\t\t<\/div>\n\t\t\t\t<\/div>\n\t\t\t\t\t<\/div>\n\t\t<\/div>\n\t\t\t\t\t<\/div>\n\t\t<\/section>\n\t\t\t\t<\/div>\n\t\t","protected":false},"excerpt":{"rendered":"<p>Marques Dans quel bateau voulez-vous r\u00e9aliser votre r\u00eave de naviguer ?Nous sommes s\u00fbrs que vous appr\u00e9cierez la mer en toute tranquillit\u00e9 car nous travaillons avec les marques suivantes : BWA Vous recherchez un bateau semi-rigide pour partager de bons moments avec votre famille et vos amis ? Alors, nous vous recommandons BWA. BMA Si vous &#8230; <a title=\"Marques\" class=\"read-more\" href=\"https:\/\/jopanautica.com\/fr\/marques\/\" aria-label=\"En savoir plus sur Marques\">Lire la suite<\/a><\/p>\n","protected":false},"author":1,"featured_media":0,"parent":0,"menu_order":0,"comment_status":"closed","ping_status":"closed","template":"","meta":{"_acf_changed":false,"footnotes":""},"class_list":["post-15715","page","type-page","status-publish"],"acf":[],"yoast_head":"<!-- This site is optimized with the Yoast SEO Premium plugin v26.7 (Yoast SEO v26.7) - https:\/\/yoast.com\/wordpress\/plugins\/seo\/ -->\n<title>Marques - Jopa N\u00e0utica<\/title>\n<meta name=\"description\" content=\"Vous trouverez ici toutes les marques de bateaux et de moteurs que nous vendons\" \/>\n<meta name=\"robots\" content=\"index, follow, max-snippet:-1, max-image-preview:large, max-video-preview:-1\" \/>\n<link rel=\"canonical\" href=\"https:\/\/jopanautica.com\/fr\/marques\/\" \/>\n<meta property=\"og:locale\" content=\"fr_FR\" \/>\n<meta property=\"og:type\" content=\"article\" \/>\n<meta property=\"og:title\" content=\"Marques\" \/>\n<meta property=\"og:description\" content=\"Vous trouverez ici toutes les marques de bateaux et de moteurs que nous vendons\" \/>\n<meta property=\"og:url\" content=\"https:\/\/jopanautica.com\/fr\/marques\/\" \/>\n<meta property=\"og:site_name\" content=\"Jopa N\u00e0utica\" \/>\n<meta property=\"article:modified_time\" content=\"2024-02-13T17:05:30+00:00\" \/>\n<meta property=\"og:image\" content=\"https:\/\/jopanautica.com\/wp-content\/uploads\/2020\/07\/Thumb_Jopa-Nautica-Marca-BWA-1024x610.jpg\" \/>\n<meta name=\"twitter:card\" content=\"summary_large_image\" \/>\n<meta name=\"twitter:label1\" content=\"Dur\u00e9e de lecture estim\u00e9e\" \/>\n\t<meta name=\"twitter:data1\" content=\"1 minute\" \/>\n<script type=\"application\/ld+json\" class=\"yoast-schema-graph\">{\"@context\":\"https:\/\/schema.org\",\"@graph\":[{\"@type\":\"WebPage\",\"@id\":\"https:\/\/jopanautica.com\/fr\/marques\/\",\"url\":\"https:\/\/jopanautica.com\/fr\/marques\/\",\"name\":\"Marques - Jopa N\u00e0utica\",\"isPartOf\":{\"@id\":\"https:\/\/jopanautica.com\/#website\"},\"primaryImageOfPage\":{\"@id\":\"https:\/\/jopanautica.com\/fr\/marques\/#primaryimage\"},\"image\":{\"@id\":\"https:\/\/jopanautica.com\/fr\/marques\/#primaryimage\"},\"thumbnailUrl\":\"https:\/\/jopanautica.com\/wp-content\/uploads\/2020\/07\/Thumb_Jopa-Nautica-Marca-BWA-1024x610.jpg\",\"datePublished\":\"2021-01-15T08:21:12+00:00\",\"dateModified\":\"2024-02-13T17:05:30+00:00\",\"description\":\"Vous trouverez ici toutes les marques de bateaux et de moteurs que nous vendons\",\"breadcrumb\":{\"@id\":\"https:\/\/jopanautica.com\/fr\/marques\/#breadcrumb\"},\"inLanguage\":\"fr-FR\",\"potentialAction\":[{\"@type\":\"ReadAction\",\"target\":[\"https:\/\/jopanautica.com\/fr\/marques\/\"]}]},{\"@type\":\"ImageObject\",\"inLanguage\":\"fr-FR\",\"@id\":\"https:\/\/jopanautica.com\/fr\/marques\/#primaryimage\",\"url\":\"https:\/\/jopanautica.com\/wp-content\/uploads\/2020\/07\/Thumb_Jopa-Nautica-Marca-BWA-1024x610.jpg\",\"contentUrl\":\"https:\/\/jopanautica.com\/wp-content\/uploads\/2020\/07\/Thumb_Jopa-Nautica-Marca-BWA-1024x610.jpg\"},{\"@type\":\"BreadcrumbList\",\"@id\":\"https:\/\/jopanautica.com\/fr\/marques\/#breadcrumb\",\"itemListElement\":[{\"@type\":\"ListItem\",\"position\":1,\"name\":\"Portada\",\"item\":\"https:\/\/jopanautica.com\/fr\/\"},{\"@type\":\"ListItem\",\"position\":2,\"name\":\"Marques\"}]},{\"@type\":\"WebSite\",\"@id\":\"https:\/\/jopanautica.com\/#website\",\"url\":\"https:\/\/jopanautica.com\/\",\"name\":\"Jopa N\u00e0utica\",\"description\":\"Jopa N\u00e0utica l&#039; Escala\",\"publisher\":{\"@id\":\"https:\/\/jopanautica.com\/#organization\"},\"potentialAction\":[{\"@type\":\"SearchAction\",\"target\":{\"@type\":\"EntryPoint\",\"urlTemplate\":\"https:\/\/jopanautica.com\/?s={search_term_string}\"},\"query-input\":{\"@type\":\"PropertyValueSpecification\",\"valueRequired\":true,\"valueName\":\"search_term_string\"}}],\"inLanguage\":\"fr-FR\"},{\"@type\":\"Organization\",\"@id\":\"https:\/\/jopanautica.com\/#organization\",\"name\":\"Jopa N\u00e0utica\",\"url\":\"https:\/\/jopanautica.com\/\",\"logo\":{\"@type\":\"ImageObject\",\"inLanguage\":\"fr-FR\",\"@id\":\"https:\/\/jopanautica.com\/#\/schema\/logo\/image\/\",\"url\":\"https:\/\/jopanautica.com\/wp-content\/uploads\/2020\/06\/jopa-nautica-logo.png\",\"contentUrl\":\"https:\/\/jopanautica.com\/wp-content\/uploads\/2020\/06\/jopa-nautica-logo.png\",\"width\":600,\"height\":159,\"caption\":\"Jopa N\u00e0utica\"},\"image\":{\"@id\":\"https:\/\/jopanautica.com\/#\/schema\/logo\/image\/\"}}]}<\/script>\n<!-- \/ Yoast SEO Premium plugin. -->","yoast_head_json":{"title":"Marques - Jopa N\u00e0utica","description":"Vous trouverez ici toutes les marques de bateaux et de moteurs que nous vendons","robots":{"index":"index","follow":"follow","max-snippet":"max-snippet:-1","max-image-preview":"max-image-preview:large","max-video-preview":"max-video-preview:-1"},"canonical":"https:\/\/jopanautica.com\/fr\/marques\/","og_locale":"fr_FR","og_type":"article","og_title":"Marques","og_description":"Vous trouverez ici toutes les marques de bateaux et de moteurs que nous vendons","og_url":"https:\/\/jopanautica.com\/fr\/marques\/","og_site_name":"Jopa N\u00e0utica","article_modified_time":"2024-02-13T17:05:30+00:00","og_image":[{"url":"https:\/\/jopanautica.com\/wp-content\/uploads\/2020\/07\/Thumb_Jopa-Nautica-Marca-BWA-1024x610.jpg","type":"","width":"","height":""}],"twitter_card":"summary_large_image","twitter_misc":{"Dur\u00e9e de lecture estim\u00e9e":"1 minute"},"schema":{"@context":"https:\/\/schema.org","@graph":[{"@type":"WebPage","@id":"https:\/\/jopanautica.com\/fr\/marques\/","url":"https:\/\/jopanautica.com\/fr\/marques\/","name":"Marques - Jopa N\u00e0utica","isPartOf":{"@id":"https:\/\/jopanautica.com\/#website"},"primaryImageOfPage":{"@id":"https:\/\/jopanautica.com\/fr\/marques\/#primaryimage"},"image":{"@id":"https:\/\/jopanautica.com\/fr\/marques\/#primaryimage"},"thumbnailUrl":"https:\/\/jopanautica.com\/wp-content\/uploads\/2020\/07\/Thumb_Jopa-Nautica-Marca-BWA-1024x610.jpg","datePublished":"2021-01-15T08:21:12+00:00","dateModified":"2024-02-13T17:05:30+00:00","description":"Vous trouverez ici toutes les marques de bateaux et de moteurs que nous vendons","breadcrumb":{"@id":"https:\/\/jopanautica.com\/fr\/marques\/#breadcrumb"},"inLanguage":"fr-FR","potentialAction":[{"@type":"ReadAction","target":["https:\/\/jopanautica.com\/fr\/marques\/"]}]},{"@type":"ImageObject","inLanguage":"fr-FR","@id":"https:\/\/jopanautica.com\/fr\/marques\/#primaryimage","url":"https:\/\/jopanautica.com\/wp-content\/uploads\/2020\/07\/Thumb_Jopa-Nautica-Marca-BWA-1024x610.jpg","contentUrl":"https:\/\/jopanautica.com\/wp-content\/uploads\/2020\/07\/Thumb_Jopa-Nautica-Marca-BWA-1024x610.jpg"},{"@type":"BreadcrumbList","@id":"https:\/\/jopanautica.com\/fr\/marques\/#breadcrumb","itemListElement":[{"@type":"ListItem","position":1,"name":"Portada","item":"https:\/\/jopanautica.com\/fr\/"},{"@type":"ListItem","position":2,"name":"Marques"}]},{"@type":"WebSite","@id":"https:\/\/jopanautica.com\/#website","url":"https:\/\/jopanautica.com\/","name":"Jopa N\u00e0utica","description":"Jopa N\u00e0utica l&#039; Escala","publisher":{"@id":"https:\/\/jopanautica.com\/#organization"},"potentialAction":[{"@type":"SearchAction","target":{"@type":"EntryPoint","urlTemplate":"https:\/\/jopanautica.com\/?s={search_term_string}"},"query-input":{"@type":"PropertyValueSpecification","valueRequired":true,"valueName":"search_term_string"}}],"inLanguage":"fr-FR"},{"@type":"Organization","@id":"https:\/\/jopanautica.com\/#organization","name":"Jopa N\u00e0utica","url":"https:\/\/jopanautica.com\/","logo":{"@type":"ImageObject","inLanguage":"fr-FR","@id":"https:\/\/jopanautica.com\/#\/schema\/logo\/image\/","url":"https:\/\/jopanautica.com\/wp-content\/uploads\/2020\/06\/jopa-nautica-logo.png","contentUrl":"https:\/\/jopanautica.com\/wp-content\/uploads\/2020\/06\/jopa-nautica-logo.png","width":600,"height":159,"caption":"Jopa N\u00e0utica"},"image":{"@id":"https:\/\/jopanautica.com\/#\/schema\/logo\/image\/"}}]}},"_links":{"self":[{"href":"https:\/\/jopanautica.com\/fr\/wp-json\/wp\/v2\/pages\/15715","targetHints":{"allow":["GET"]}}],"collection":[{"href":"https:\/\/jopanautica.com\/fr\/wp-json\/wp\/v2\/pages"}],"about":[{"href":"https:\/\/jopanautica.com\/fr\/wp-json\/wp\/v2\/types\/page"}],"author":[{"embeddable":true,"href":"https:\/\/jopanautica.com\/fr\/wp-json\/wp\/v2\/users\/1"}],"replies":[{"embeddable":true,"href":"https:\/\/jopanautica.com\/fr\/wp-json\/wp\/v2\/comments?post=15715"}],"version-history":[{"count":5,"href":"https:\/\/jopanautica.com\/fr\/wp-json\/wp\/v2\/pages\/15715\/revisions"}],"predecessor-version":[{"id":20503,"href":"https:\/\/jopanautica.com\/fr\/wp-json\/wp\/v2\/pages\/15715\/revisions\/20503"}],"wp:attachment":[{"href":"https:\/\/jopanautica.com\/fr\/wp-json\/wp\/v2\/media?parent=15715"}],"curies":[{"name":"wp","href":"https:\/\/api.w.org\/{rel}","templated":true}]}}