{"id":15656,"date":"2021-01-15T07:32:03","date_gmt":"2021-01-15T07:32:03","guid":{"rendered":"https:\/\/jopanautica.com\/brands\/ocean-master\/"},"modified":"2025-02-27T14:59:10","modified_gmt":"2025-02-27T14:59:10","slug":"3dtender","status":"publish","type":"page","link":"https:\/\/jopanautica.com\/en\/brands\/3dtender\/","title":{"rendered":"3D Tender"},"content":{"rendered":"\t\t<div data-elementor-type=\"wp-page\" data-elementor-id=\"15656\" class=\"elementor elementor-15656 elementor-14662\" data-elementor-post-type=\"page\">\n\t\t\t\t\t\t<section class=\"elementor-section elementor-top-section elementor-element elementor-element-6ce55ee elementor-section-boxed elementor-section-height-default elementor-section-height-default\" data-id=\"6ce55ee\" data-element_type=\"section\">\n\t\t\t\t\t\t<div class=\"elementor-container elementor-column-gap-default\">\n\t\t\t\t\t<div class=\"elementor-column elementor-col-100 elementor-top-column elementor-element elementor-element-d26dacf\" data-id=\"d26dacf\" data-element_type=\"column\">\n\t\t\t<div class=\"elementor-widget-wrap elementor-element-populated\">\n\t\t\t\t\t\t<div class=\"elementor-element elementor-element-2deb752 elementor-widget elementor-widget-heading\" data-id=\"2deb752\" data-element_type=\"widget\" data-widget_type=\"heading.default\">\n\t\t\t\t<div class=\"elementor-widget-container\">\n\t\t\t\t\t<h2 class=\"elementor-heading-title elementor-size-default\">3D Tender<\/h2>\t\t\t\t<\/div>\n\t\t\t\t<\/div>\n\t\t\t\t<div class=\"elementor-element elementor-element-66ad633 elementor-widget elementor-widget-text-editor\" data-id=\"66ad633\" data-element_type=\"widget\" data-widget_type=\"text-editor.default\">\n\t\t\t\t<div class=\"elementor-widget-container\">\n\t\t\t\t\t\t\t\t\t<p>The 3D TENDER range offers us an unparalleled choice of models with an exceptional quality-price ratio.<\/p>\t\t\t\t\t\t\t\t<\/div>\n\t\t\t\t<\/div>\n\t\t\t\t<div class=\"elementor-element elementor-element-b1c9f28 elementor-widget elementor-widget-image\" data-id=\"b1c9f28\" data-element_type=\"widget\" data-widget_type=\"image.default\">\n\t\t\t\t<div class=\"elementor-widget-container\">\n\t\t\t\t\t\t\t\t\t\t\t\t\t\t\t<img fetchpriority=\"high\" decoding=\"async\" width=\"915\" height=\"610\" src=\"https:\/\/jopanautica.com\/wp-content\/uploads\/502_dsc00446.jpgPrancheta-1-1-e1712151782962.jpg\" class=\"attachment-full size-full wp-image-20453\" alt=\"\" \/>\t\t\t\t\t\t\t\t\t\t\t\t\t\t\t<\/div>\n\t\t\t\t<\/div>\n\t\t\t\t\t<\/div>\n\t\t<\/div>\n\t\t\t\t\t<\/div>\n\t\t<\/section>\n\t\t\t\t<section class=\"elementor-section elementor-top-section elementor-element elementor-element-9425904 elementor-section-boxed elementor-section-height-default elementor-section-height-default\" data-id=\"9425904\" data-element_type=\"section\">\n\t\t\t\t\t\t<div class=\"elementor-container elementor-column-gap-default\">\n\t\t\t\t\t<div class=\"elementor-column elementor-col-66 elementor-top-column elementor-element elementor-element-9d60201\" data-id=\"9d60201\" data-element_type=\"column\">\n\t\t\t<div class=\"elementor-widget-wrap elementor-element-populated\">\n\t\t\t\t\t\t<div class=\"elementor-element elementor-element-80855b9 elementor-widget elementor-widget-heading\" data-id=\"80855b9\" data-element_type=\"widget\" data-widget_type=\"heading.default\">\n\t\t\t\t<div class=\"elementor-widget-container\">\n\t\t\t\t\t<h3 class=\"elementor-heading-title elementor-size-default\">We\u2019re sure your current priority is for your loved ones to feel comfortable and safe as you sail together and OceanMaster's boats offer an advantage in this area: Semi-rigid, polyester hulls, aluminum hulls, removable floors, ultralight boats with high-pressure inflatable bottoms: more than 100,000 boats delivered worldwide since the inception of the 3D TENDER brand in 2007. <\/h3>\t\t\t\t<\/div>\n\t\t\t\t<\/div>\n\t\t\t\t<div class=\"elementor-element elementor-element-3c78bc5 elementor-widget elementor-widget-text-editor\" data-id=\"3c78bc5\" data-element_type=\"widget\" data-widget_type=\"text-editor.default\">\n\t\t\t\t<div class=\"elementor-widget-container\">\n\t\t\t\t\t\t\t\t\t<p>Performance, comfort, durability and unbeatable price have always been the core values of the 3D TENDER brand. 3D TENDER&#8217;s strong approach to design and construction gives recreational and commercial boat owners the confidence to go above and beyond and tackle conditions that many others avoid. The 3D TENDER range offers you an incomparable choice of models with exceptional value for money.<\/p>\n\t\t\t\t\t\t\t\t<\/div>\n\t\t\t\t<\/div>\n\t\t\t\t<div class=\"elementor-element elementor-element-233efcd elementor-widget elementor-widget-image\" data-id=\"233efcd\" data-element_type=\"widget\" data-widget_type=\"image.default\">\n\t\t\t\t<div class=\"elementor-widget-container\">\n\t\t\t\t\t\t\t\t\t\t\t\t\t\t\t<img decoding=\"async\" width=\"800\" height=\"1000\" src=\"https:\/\/jopanautica.com\/wp-content\/uploads\/ExplorationetvitesseLesemi-rigideseratoujourslalliedesexplorateursdeceuxquivontplusloinmaisaussideceuxquivontplusviteAussiappelespeedboatenanglaisilssontlagarantiedesen.jpg\" class=\"attachment-large size-large wp-image-20461\" alt=\"\" srcset=\"https:\/\/jopanautica.com\/wp-content\/uploads\/ExplorationetvitesseLesemi-rigideseratoujourslalliedesexplorateursdeceuxquivontplusloinmaisaussideceuxquivontplusviteAussiappelespeedboatenanglaisilssontlagarantiedesen.jpg 800w, https:\/\/jopanautica.com\/wp-content\/uploads\/ExplorationetvitesseLesemi-rigideseratoujourslalliedesexplorateursdeceuxquivontplusloinmaisaussideceuxquivontplusviteAussiappelespeedboatenanglaisilssontlagarantiedesen-400x500.jpg 400w, https:\/\/jopanautica.com\/wp-content\/uploads\/ExplorationetvitesseLesemi-rigideseratoujourslalliedesexplorateursdeceuxquivontplusloinmaisaussideceuxquivontplusviteAussiappelespeedboatenanglaisilssontlagarantiedesen-768x960.jpg 768w, https:\/\/jopanautica.com\/wp-content\/uploads\/ExplorationetvitesseLesemi-rigideseratoujourslalliedesexplorateursdeceuxquivontplusloinmaisaussideceuxquivontplusviteAussiappelespeedboatenanglaisilssontlagarantiedesen-480x600.jpg 480w\" sizes=\"(max-width: 800px) 100vw, 800px\" \/>\t\t\t\t\t\t\t\t\t\t\t\t\t\t\t<\/div>\n\t\t\t\t<\/div>\n\t\t\t\t<div class=\"elementor-element elementor-element-ed6b31d elementor-widget elementor-widget-image-gallery\" data-id=\"ed6b31d\" data-element_type=\"widget\" data-widget_type=\"image-gallery.default\">\n\t\t\t\t<div class=\"elementor-widget-container\">\n\t\t\t\t\t\t\t<div class=\"elementor-image-gallery\">\n\t\t\t<div id='gallery-1' class='gallery galleryid-15656 gallery-columns-7 gallery-size-thumbnail'><figure class='gallery-item'>\n\t\t\t<div class='gallery-icon landscape'>\n\t\t\t\t<a data-elementor-open-lightbox=\"yes\" data-elementor-lightbox-slideshow=\"ed6b31d\" data-elementor-lightbox-title=\"L\u2019\u00e9t\u00e9+tranquilleOn+esp\u00e8re+que+vous+avez+pass\u00e9++un+bon+\u00e9t\u00e9,+de+pr\u00e9f\u00e9rence+sur+les+flots+!+Si+vous+avez+eu+la+chance+d\u2019\u00eatre+en+navigation+pendant+cette+saison+estivale,+vous+voulez+\u00e9viter+de+g\u00e2cher+votre+plaisir+avec\" data-e-action-hash=\"#elementor-action%3Aaction%3Dlightbox%26settings%3DeyJpZCI6MjA0NTcsInVybCI6Imh0dHBzOlwvXC9qb3BhbmF1dGljYS5jb21cL3dwLWNvbnRlbnRcL3VwbG9hZHNcL0xldGV0cmFucXVpbGxlT25lc3BlcmVxdWV2b3VzYXZlenBhc3NldW5ib25ldGVkZXByZWZlcmVuY2VzdXJsZXNmbG90c1Npdm91c2F2ZXpldWxhY2hhbmNlZGV0cmVlbm5hdmlnYXRpb25wZW5kYW50Y2V0dGVzYWlzb25lc3RpdmFsZXZvdXN2b3VsZXpldml0ZXJkZWdhY2hlcnZvdHJlcGxhaXNpcmF2ZWMuanBnIiwic2xpZGVzaG93IjoiZWQ2YjMxZCJ9\" href='https:\/\/jopanautica.com\/wp-content\/uploads\/LetetranquilleOnesperequevousavezpasseunbonetedepreferencesurlesflotsSivousavezeulachancedetreennavigationpendantcettesaisonestivalevousvoulezeviterdegachervotreplaisiravec.jpg'><img decoding=\"async\" width=\"96\" height=\"96\" src=\"https:\/\/jopanautica.com\/wp-content\/uploads\/LetetranquilleOnesperequevousavezpasseunbonetedepreferencesurlesflotsSivousavezeulachancedetreennavigationpendantcettesaisonestivalevousvoulezeviterdegachervotreplaisiravec.jpg\" class=\"attachment-thumbnail size-thumbnail\" alt=\"\" srcset=\"https:\/\/jopanautica.com\/wp-content\/uploads\/LetetranquilleOnesperequevousavezpasseunbonetedepreferencesurlesflotsSivousavezeulachancedetreennavigationpendantcettesaisonestivalevousvoulezeviterdegachervotreplaisiravec.jpg 1000w, https:\/\/jopanautica.com\/wp-content\/uploads\/LetetranquilleOnesperequevousavezpasseunbonetedepreferencesurlesflotsSivousavezeulachancedetreennavigationpendantcettesaisonestivalevousvoulezeviterdegachervotreplaisiravec-500x500.jpg 500w, https:\/\/jopanautica.com\/wp-content\/uploads\/LetetranquilleOnesperequevousavezpasseunbonetedepreferencesurlesflotsSivousavezeulachancedetreennavigationpendantcettesaisonestivalevousvoulezeviterdegachervotreplaisiravec-768x768.jpg 768w, https:\/\/jopanautica.com\/wp-content\/uploads\/LetetranquilleOnesperequevousavezpasseunbonetedepreferencesurlesflotsSivousavezeulachancedetreennavigationpendantcettesaisonestivalevousvoulezeviterdegachervotreplaisiravec-600x600.jpg 600w, https:\/\/jopanautica.com\/wp-content\/uploads\/LetetranquilleOnesperequevousavezpasseunbonetedepreferencesurlesflotsSivousavezeulachancedetreennavigationpendantcettesaisonestivalevousvoulezeviterdegachervotreplaisiravec-100x100.jpg 100w\" sizes=\"(max-width: 96px) 100vw, 96px\" \/><\/a>\n\t\t\t<\/div><\/figure><figure class='gallery-item'>\n\t\t\t<div class='gallery-icon landscape'>\n\t\t\t\t<a data-elementor-open-lightbox=\"yes\" data-elementor-lightbox-slideshow=\"ed6b31d\" data-elementor-lightbox-title=\"560_fejq0919.jpegPrancheta-1\" data-e-action-hash=\"#elementor-action%3Aaction%3Dlightbox%26settings%3DeyJpZCI6MjA0NjYsInVybCI6Imh0dHBzOlwvXC9qb3BhbmF1dGljYS5jb21cL3dwLWNvbnRlbnRcL3VwbG9hZHNcLzU2MF9mZWpxMDkxOS5qcGVnUHJhbmNoZXRhLTEuanBnIiwic2xpZGVzaG93IjoiZWQ2YjMxZCJ9\" href='https:\/\/jopanautica.com\/wp-content\/uploads\/560_fejq0919.jpegPrancheta-1.jpg'><img loading=\"lazy\" decoding=\"async\" width=\"128\" height=\"96\" src=\"https:\/\/jopanautica.com\/wp-content\/uploads\/560_fejq0919.jpegPrancheta-1.jpg\" class=\"attachment-thumbnail size-thumbnail\" alt=\"\" srcset=\"https:\/\/jopanautica.com\/wp-content\/uploads\/560_fejq0919.jpegPrancheta-1.jpg 1333w, https:\/\/jopanautica.com\/wp-content\/uploads\/560_fejq0919.jpegPrancheta-1-667x500.jpg 667w, https:\/\/jopanautica.com\/wp-content\/uploads\/560_fejq0919.jpegPrancheta-1-768x576.jpg 768w, https:\/\/jopanautica.com\/wp-content\/uploads\/560_fejq0919.jpegPrancheta-1-800x600.jpg 800w, https:\/\/jopanautica.com\/wp-content\/uploads\/560_fejq0919.jpegPrancheta-1-1200x900.jpg 1200w\" sizes=\"(max-width: 128px) 100vw, 128px\" \/><\/a>\n\t\t\t<\/div><\/figure><figure class='gallery-item'>\n\t\t\t<div class='gallery-icon landscape'>\n\t\t\t\t<a data-elementor-open-lightbox=\"yes\" data-elementor-lightbox-slideshow=\"ed6b31d\" data-elementor-lightbox-title=\"380_nividic_24-qaf6io635pgnkxdy4wfihidrdfsxcjlpnzbt1b3f0k\" data-e-action-hash=\"#elementor-action%3Aaction%3Dlightbox%26settings%3DeyJpZCI6MjA0NzAsInVybCI6Imh0dHBzOlwvXC9qb3BhbmF1dGljYS5jb21cL3dwLWNvbnRlbnRcL3VwbG9hZHNcLzM4MF9uaXZpZGljXzI0LXFhZjZpbzYzNXBnbmt4ZHk0d2ZpaGlkcmRmc3hjamxwbnpidDFiM2Yway5qcGciLCJzbGlkZXNob3ciOiJlZDZiMzFkIn0%3D\" href='https:\/\/jopanautica.com\/wp-content\/uploads\/380_nividic_24-qaf6io635pgnkxdy4wfihidrdfsxcjlpnzbt1b3f0k.jpg'><img loading=\"lazy\" decoding=\"async\" width=\"128\" height=\"80\" src=\"https:\/\/jopanautica.com\/wp-content\/uploads\/380_nividic_24-qaf6io635pgnkxdy4wfihidrdfsxcjlpnzbt1b3f0k.jpg\" class=\"attachment-thumbnail size-thumbnail\" alt=\"\" \/><\/a>\n\t\t\t<\/div><\/figure>\n\t\t<\/div>\n\t\t<\/div>\n\t\t\t\t\t\t<\/div>\n\t\t\t\t<\/div>\n\t\t\t\t<div class=\"elementor-element elementor-element-93c9e8c elementor-widget elementor-widget-button\" data-id=\"93c9e8c\" data-element_type=\"widget\" data-widget_type=\"button.default\">\n\t\t\t\t<div class=\"elementor-widget-container\">\n\t\t\t\t\t\t\t\t\t<div class=\"elementor-button-wrapper\">\n\t\t\t\t\t<a class=\"elementor-button elementor-button-link elementor-size-sm\" href=\"https:\/\/jopanautica.com\/en\/how-can-we-help-you\/\">\n\t\t\t\t\t\t<span class=\"elementor-button-content-wrapper\">\n\t\t\t\t\t\t\t\t\t<span class=\"elementor-button-text\">Contact with us<\/span>\n\t\t\t\t\t<\/span>\n\t\t\t\t\t<\/a>\n\t\t\t\t<\/div>\n\t\t\t\t\t\t\t\t<\/div>\n\t\t\t\t<\/div>\n\t\t\t\t\t<\/div>\n\t\t<\/div>\n\t\t\t\t<div class=\"elementor-column elementor-col-33 elementor-top-column elementor-element elementor-element-c6ac4a5\" data-id=\"c6ac4a5\" data-element_type=\"column\">\n\t\t\t<div class=\"elementor-widget-wrap\">\n\t\t\t\t\t\t\t<\/div>\n\t\t<\/div>\n\t\t\t\t\t<\/div>\n\t\t<\/section>\n\t\t\t\t<\/div>\n\t\t","protected":false},"excerpt":{"rendered":"<p>The 3D TENDER range offers us an unparalleled choice of models with an exceptional quality-price ratio. We\u2019re sure your current priority is for your loved ones to feel comfortable and safe as you sail together and OceanMaster&#8217;s boats offer an advantage in this area: Semi-rigid, polyester hulls, aluminum hulls, removable floors, ultralight boats with high-pressure &#8230; <a title=\"3D Tender\" class=\"read-more\" href=\"https:\/\/jopanautica.com\/en\/brands\/3dtender\/\" aria-label=\"Read more about 3D Tender\">Read more<\/a><\/p>\n","protected":false},"author":1,"featured_media":0,"parent":15632,"menu_order":0,"comment_status":"closed","ping_status":"closed","template":"","meta":{"_acf_changed":false,"footnotes":""},"class_list":["post-15656","page","type-page","status-publish"],"acf":[],"yoast_head":"<!-- This site is optimized with the Yoast SEO Premium plugin v26.7 (Yoast SEO v26.7) - https:\/\/yoast.com\/wordpress\/plugins\/seo\/ -->\n<title>3D Tender - Jopa N\u00e0utica<\/title>\n<meta name=\"robots\" content=\"index, follow, max-snippet:-1, max-image-preview:large, max-video-preview:-1\" \/>\n<link rel=\"canonical\" href=\"https:\/\/jopanautica.com\/en\/brands\/3dtender\/\" \/>\n<meta property=\"og:locale\" content=\"en_US\" \/>\n<meta property=\"og:type\" content=\"article\" \/>\n<meta property=\"og:title\" content=\"3D Tender\" \/>\n<meta property=\"og:description\" content=\"The 3D TENDER range offers us an unparalleled choice of models with an exceptional quality-price ratio. We\u2019re sure your current priority is for your loved ones to feel comfortable and safe as you sail together and OceanMaster&#8217;s boats offer an advantage in this area: Semi-rigid, polyester hulls, aluminum hulls, removable floors, ultralight boats with high-pressure ... Read more\" \/>\n<meta property=\"og:url\" content=\"https:\/\/jopanautica.com\/en\/brands\/3dtender\/\" \/>\n<meta property=\"og:site_name\" content=\"Jopa N\u00e0utica\" \/>\n<meta property=\"article:modified_time\" content=\"2025-02-27T14:59:10+00:00\" \/>\n<meta property=\"og:image\" content=\"https:\/\/jopanautica.com\/wp-content\/uploads\/502_dsc00446.jpgPrancheta-1-1-e1712151782962.jpg\" \/>\n\t<meta property=\"og:image:width\" content=\"915\" \/>\n\t<meta property=\"og:image:height\" content=\"610\" \/>\n\t<meta property=\"og:image:type\" content=\"image\/jpeg\" \/>\n<meta name=\"twitter:card\" content=\"summary_large_image\" \/>\n<meta name=\"twitter:label1\" content=\"Est. reading time\" \/>\n\t<meta name=\"twitter:data1\" content=\"1 minute\" \/>\n<script type=\"application\/ld+json\" class=\"yoast-schema-graph\">{\"@context\":\"https:\/\/schema.org\",\"@graph\":[{\"@type\":\"WebPage\",\"@id\":\"https:\/\/jopanautica.com\/en\/brands\/3dtender\/\",\"url\":\"https:\/\/jopanautica.com\/en\/brands\/3dtender\/\",\"name\":\"3D Tender - Jopa N\u00e0utica\",\"isPartOf\":{\"@id\":\"https:\/\/jopanautica.com\/#website\"},\"primaryImageOfPage\":{\"@id\":\"https:\/\/jopanautica.com\/en\/brands\/3dtender\/#primaryimage\"},\"image\":{\"@id\":\"https:\/\/jopanautica.com\/en\/brands\/3dtender\/#primaryimage\"},\"thumbnailUrl\":\"https:\/\/jopanautica.com\/wp-content\/uploads\/502_dsc00446.jpgPrancheta-1-1-e1712151782962.jpg\",\"datePublished\":\"2021-01-15T07:32:03+00:00\",\"dateModified\":\"2025-02-27T14:59:10+00:00\",\"breadcrumb\":{\"@id\":\"https:\/\/jopanautica.com\/en\/brands\/3dtender\/#breadcrumb\"},\"inLanguage\":\"en-US\",\"potentialAction\":[{\"@type\":\"ReadAction\",\"target\":[\"https:\/\/jopanautica.com\/en\/brands\/3dtender\/\"]}]},{\"@type\":\"ImageObject\",\"inLanguage\":\"en-US\",\"@id\":\"https:\/\/jopanautica.com\/en\/brands\/3dtender\/#primaryimage\",\"url\":\"https:\/\/jopanautica.com\/wp-content\/uploads\/502_dsc00446.jpgPrancheta-1-1-e1712151782962.jpg\",\"contentUrl\":\"https:\/\/jopanautica.com\/wp-content\/uploads\/502_dsc00446.jpgPrancheta-1-1-e1712151782962.jpg\"},{\"@type\":\"BreadcrumbList\",\"@id\":\"https:\/\/jopanautica.com\/en\/brands\/3dtender\/#breadcrumb\",\"itemListElement\":[{\"@type\":\"ListItem\",\"position\":1,\"name\":\"Portada\",\"item\":\"https:\/\/jopanautica.com\/en\/\"},{\"@type\":\"ListItem\",\"position\":2,\"name\":\"Brands\",\"item\":\"https:\/\/jopanautica.com\/en\/brands\/\"},{\"@type\":\"ListItem\",\"position\":3,\"name\":\"3D Tender\"}]},{\"@type\":\"WebSite\",\"@id\":\"https:\/\/jopanautica.com\/#website\",\"url\":\"https:\/\/jopanautica.com\/\",\"name\":\"Jopa N\u00e0utica\",\"description\":\"Jopa N\u00e0utica l&#039; Escala\",\"publisher\":{\"@id\":\"https:\/\/jopanautica.com\/#organization\"},\"potentialAction\":[{\"@type\":\"SearchAction\",\"target\":{\"@type\":\"EntryPoint\",\"urlTemplate\":\"https:\/\/jopanautica.com\/?s={search_term_string}\"},\"query-input\":{\"@type\":\"PropertyValueSpecification\",\"valueRequired\":true,\"valueName\":\"search_term_string\"}}],\"inLanguage\":\"en-US\"},{\"@type\":\"Organization\",\"@id\":\"https:\/\/jopanautica.com\/#organization\",\"name\":\"Jopa N\u00e0utica\",\"url\":\"https:\/\/jopanautica.com\/\",\"logo\":{\"@type\":\"ImageObject\",\"inLanguage\":\"en-US\",\"@id\":\"https:\/\/jopanautica.com\/#\/schema\/logo\/image\/\",\"url\":\"https:\/\/jopanautica.com\/wp-content\/uploads\/2020\/06\/jopa-nautica-logo.png\",\"contentUrl\":\"https:\/\/jopanautica.com\/wp-content\/uploads\/2020\/06\/jopa-nautica-logo.png\",\"width\":600,\"height\":159,\"caption\":\"Jopa N\u00e0utica\"},\"image\":{\"@id\":\"https:\/\/jopanautica.com\/#\/schema\/logo\/image\/\"}}]}<\/script>\n<!-- \/ Yoast SEO Premium plugin. -->","yoast_head_json":{"title":"3D Tender - Jopa N\u00e0utica","robots":{"index":"index","follow":"follow","max-snippet":"max-snippet:-1","max-image-preview":"max-image-preview:large","max-video-preview":"max-video-preview:-1"},"canonical":"https:\/\/jopanautica.com\/en\/brands\/3dtender\/","og_locale":"en_US","og_type":"article","og_title":"3D Tender","og_description":"The 3D TENDER range offers us an unparalleled choice of models with an exceptional quality-price ratio. We\u2019re sure your current priority is for your loved ones to feel comfortable and safe as you sail together and OceanMaster&#8217;s boats offer an advantage in this area: Semi-rigid, polyester hulls, aluminum hulls, removable floors, ultralight boats with high-pressure ... Read more","og_url":"https:\/\/jopanautica.com\/en\/brands\/3dtender\/","og_site_name":"Jopa N\u00e0utica","article_modified_time":"2025-02-27T14:59:10+00:00","og_image":[{"width":915,"height":610,"url":"https:\/\/jopanautica.com\/wp-content\/uploads\/502_dsc00446.jpgPrancheta-1-1-e1712151782962.jpg","type":"image\/jpeg"}],"twitter_card":"summary_large_image","twitter_misc":{"Est. reading time":"1 minute"},"schema":{"@context":"https:\/\/schema.org","@graph":[{"@type":"WebPage","@id":"https:\/\/jopanautica.com\/en\/brands\/3dtender\/","url":"https:\/\/jopanautica.com\/en\/brands\/3dtender\/","name":"3D Tender - Jopa N\u00e0utica","isPartOf":{"@id":"https:\/\/jopanautica.com\/#website"},"primaryImageOfPage":{"@id":"https:\/\/jopanautica.com\/en\/brands\/3dtender\/#primaryimage"},"image":{"@id":"https:\/\/jopanautica.com\/en\/brands\/3dtender\/#primaryimage"},"thumbnailUrl":"https:\/\/jopanautica.com\/wp-content\/uploads\/502_dsc00446.jpgPrancheta-1-1-e1712151782962.jpg","datePublished":"2021-01-15T07:32:03+00:00","dateModified":"2025-02-27T14:59:10+00:00","breadcrumb":{"@id":"https:\/\/jopanautica.com\/en\/brands\/3dtender\/#breadcrumb"},"inLanguage":"en-US","potentialAction":[{"@type":"ReadAction","target":["https:\/\/jopanautica.com\/en\/brands\/3dtender\/"]}]},{"@type":"ImageObject","inLanguage":"en-US","@id":"https:\/\/jopanautica.com\/en\/brands\/3dtender\/#primaryimage","url":"https:\/\/jopanautica.com\/wp-content\/uploads\/502_dsc00446.jpgPrancheta-1-1-e1712151782962.jpg","contentUrl":"https:\/\/jopanautica.com\/wp-content\/uploads\/502_dsc00446.jpgPrancheta-1-1-e1712151782962.jpg"},{"@type":"BreadcrumbList","@id":"https:\/\/jopanautica.com\/en\/brands\/3dtender\/#breadcrumb","itemListElement":[{"@type":"ListItem","position":1,"name":"Portada","item":"https:\/\/jopanautica.com\/en\/"},{"@type":"ListItem","position":2,"name":"Brands","item":"https:\/\/jopanautica.com\/en\/brands\/"},{"@type":"ListItem","position":3,"name":"3D Tender"}]},{"@type":"WebSite","@id":"https:\/\/jopanautica.com\/#website","url":"https:\/\/jopanautica.com\/","name":"Jopa N\u00e0utica","description":"Jopa N\u00e0utica l&#039; Escala","publisher":{"@id":"https:\/\/jopanautica.com\/#organization"},"potentialAction":[{"@type":"SearchAction","target":{"@type":"EntryPoint","urlTemplate":"https:\/\/jopanautica.com\/?s={search_term_string}"},"query-input":{"@type":"PropertyValueSpecification","valueRequired":true,"valueName":"search_term_string"}}],"inLanguage":"en-US"},{"@type":"Organization","@id":"https:\/\/jopanautica.com\/#organization","name":"Jopa N\u00e0utica","url":"https:\/\/jopanautica.com\/","logo":{"@type":"ImageObject","inLanguage":"en-US","@id":"https:\/\/jopanautica.com\/#\/schema\/logo\/image\/","url":"https:\/\/jopanautica.com\/wp-content\/uploads\/2020\/06\/jopa-nautica-logo.png","contentUrl":"https:\/\/jopanautica.com\/wp-content\/uploads\/2020\/06\/jopa-nautica-logo.png","width":600,"height":159,"caption":"Jopa N\u00e0utica"},"image":{"@id":"https:\/\/jopanautica.com\/#\/schema\/logo\/image\/"}}]}},"_links":{"self":[{"href":"https:\/\/jopanautica.com\/en\/wp-json\/wp\/v2\/pages\/15656","targetHints":{"allow":["GET"]}}],"collection":[{"href":"https:\/\/jopanautica.com\/en\/wp-json\/wp\/v2\/pages"}],"about":[{"href":"https:\/\/jopanautica.com\/en\/wp-json\/wp\/v2\/types\/page"}],"author":[{"embeddable":true,"href":"https:\/\/jopanautica.com\/en\/wp-json\/wp\/v2\/users\/1"}],"replies":[{"embeddable":true,"href":"https:\/\/jopanautica.com\/en\/wp-json\/wp\/v2\/comments?post=15656"}],"version-history":[{"count":14,"href":"https:\/\/jopanautica.com\/en\/wp-json\/wp\/v2\/pages\/15656\/revisions"}],"predecessor-version":[{"id":21219,"href":"https:\/\/jopanautica.com\/en\/wp-json\/wp\/v2\/pages\/15656\/revisions\/21219"}],"up":[{"embeddable":true,"href":"https:\/\/jopanautica.com\/en\/wp-json\/wp\/v2\/pages\/15632"}],"wp:attachment":[{"href":"https:\/\/jopanautica.com\/en\/wp-json\/wp\/v2\/media?parent=15656"}],"curies":[{"name":"wp","href":"https:\/\/api.w.org\/{rel}","templated":true}]}}