{"id":21413,"date":"2025-05-13T08:08:35","date_gmt":"2025-05-13T08:08:35","guid":{"rendered":"https:\/\/jopanautica.com\/producto\/torqeedo-travel-xp-s\/"},"modified":"2025-05-13T08:16:58","modified_gmt":"2025-05-13T08:16:58","slug":"torqeedo-travel-xp-s","status":"publish","type":"product","link":"https:\/\/jopanautica.com\/ca\/producto\/torqeedo-travel-xp-s\/","title":{"rendered":"Torqeedo Travel XP S"},"content":{"rendered":"<ul>\n<li>Potent rendiment:\u00a0El Travel XP proporciona un 44% m\u00e9s de propulsi\u00f3 que el model Travel est\u00e0ndard, cosa que el fa ideal per a embarcacions m\u00e9s grans i condicions dif\u00edcils.<br \/>\nEquivalent a 5 CV: Amb 1600 W de pot\u00e8ncia el\u00e8ctrica, la Travel XP ofereix la propulsi\u00f3 equivalent a un motor foraborda de 5 CV, la qual cosa garanteix un rendiment eficient i fiable.<br \/>\nLleuger i port\u00e0til:\u00a0El motor de Travel XP pesa nom\u00e9s 12,6 kg (27,8 lb), cosa que facilita el maneig i la instal\u00b7laci\u00f3.<br \/>\nBateria de liti:\u00a0Travel XP est\u00e0 disponible amb un pack de bateries de liti dalta capacitat de 1425 Wh (9,6 kg), que \u00e9s f\u00e0cil dusar i admet diverses opcions de c\u00e0rrega, inclosa lenergia solar.<br \/>\nNavegaci\u00f3 sense emissions:\u00a0Experimenti una navegaci\u00f3 sense emissions i respectuosa amb el medi ambient amb Travel XP, contribuint a un entorn m\u00e9s net i ecol\u00f2gic.<br \/>\nLongituds d&#8217;eix: 62,5cm (Travel S), 75cm (Travel L)<br \/>\nDisponible amb control de canya (tipus T) o control remot (tipus R)<\/li>\n<\/ul>\n","protected":false},"excerpt":{"rendered":"<ul>\n<li>Productes inclosos: motor foraborda amb control de canya (control tipus T) o control remot incl. Accelerador Torqlink (control tipus R, 1976-00), xip magn\u00e8tic de parada d&#8217;emerg\u00e8ncia (1978-00), carregador de 180W (7012-00), h\u00e8lix 11&#215;8 WDR (7007-00), \u00e0node d&#8217;eix per a l&#8217;eix del motor,<br \/>\nGarantia: 2 anys si es fa servir per a fins privats<\/li>\n<\/ul>\n","protected":false},"featured_media":21394,"template":"","meta":{"_acf_changed":false},"product_brand":[],"product_cat":[414,898],"product_tag":[],"class_list":{"0":"post-21413","1":"product","2":"type-product","3":"status-publish","4":"has-post-thumbnail","6":"product_cat-nou","7":"product_cat-torqeedo-nuevo-ca","9":"first","10":"instock","11":"taxable","12":"shipping-taxable","13":"purchasable","14":"product-type-simple"},"acf":[],"yoast_head":"<!-- This site is optimized with the Yoast SEO Premium plugin v26.7 (Yoast SEO v26.7) - https:\/\/yoast.com\/wordpress\/plugins\/seo\/ -->\n<title>Torqeedo Travel XP S - Jopa N\u00e0utica<\/title>\n<meta name=\"robots\" content=\"index, follow, max-snippet:-1, max-image-preview:large, max-video-preview:-1\" \/>\n<link rel=\"canonical\" href=\"https:\/\/jopanautica.com\/ca\/producto\/torqeedo-travel-xp-s\/\" \/>\n<meta property=\"og:locale\" content=\"ca_ES\" \/>\n<meta property=\"og:type\" content=\"article\" \/>\n<meta property=\"og:title\" content=\"Torqeedo Travel XP S\" \/>\n<meta property=\"og:description\" content=\"Productes inclosos: motor foraborda amb control de canya (control tipus T) o control remot incl. Accelerador Torqlink (control tipus R, 1976-00), xip magn\u00e8tic de parada d&#039;emerg\u00e8ncia (1978-00), carregador de 180W (7012-00), h\u00e8lix 11x8 WDR (7007-00), \u00e0node d&#039;eix per a l&#039;eix del motor, Garantia: 2 anys si es fa servir per a fins privats\" \/>\n<meta property=\"og:url\" content=\"https:\/\/jopanautica.com\/ca\/producto\/torqeedo-travel-xp-s\/\" \/>\n<meta property=\"og:site_name\" content=\"Jopa N\u00e0utica\" \/>\n<meta property=\"article:modified_time\" content=\"2025-05-13T08:16:58+00:00\" \/>\n<meta property=\"og:image\" content=\"https:\/\/jopanautica.com\/wp-content\/uploads\/torqeedo-travel-xp-2000x2000-1.jpg\" \/>\n\t<meta property=\"og:image:width\" content=\"348\" \/>\n\t<meta property=\"og:image:height\" content=\"348\" \/>\n\t<meta property=\"og:image:type\" content=\"image\/jpeg\" \/>\n<meta name=\"twitter:card\" content=\"summary_large_image\" \/>\n<meta name=\"twitter:label1\" content=\"Temps estimat de lectura\" \/>\n\t<meta name=\"twitter:data1\" content=\"1 minut\" \/>\n<script type=\"application\/ld+json\" class=\"yoast-schema-graph\">{\"@context\":\"https:\/\/schema.org\",\"@graph\":[{\"@type\":\"WebPage\",\"@id\":\"https:\/\/jopanautica.com\/ca\/producto\/torqeedo-travel-xp-s\/\",\"url\":\"https:\/\/jopanautica.com\/ca\/producto\/torqeedo-travel-xp-s\/\",\"name\":\"Torqeedo Travel XP S - Jopa N\u00e0utica\",\"isPartOf\":{\"@id\":\"https:\/\/jopanautica.com\/#website\"},\"primaryImageOfPage\":{\"@id\":\"https:\/\/jopanautica.com\/ca\/producto\/torqeedo-travel-xp-s\/#primaryimage\"},\"image\":{\"@id\":\"https:\/\/jopanautica.com\/ca\/producto\/torqeedo-travel-xp-s\/#primaryimage\"},\"thumbnailUrl\":\"https:\/\/jopanautica.com\/wp-content\/uploads\/torqeedo-travel-xp-2000x2000-1.jpg\",\"datePublished\":\"2025-05-13T08:08:35+00:00\",\"dateModified\":\"2025-05-13T08:16:58+00:00\",\"breadcrumb\":{\"@id\":\"https:\/\/jopanautica.com\/ca\/producto\/torqeedo-travel-xp-s\/#breadcrumb\"},\"inLanguage\":\"ca\",\"potentialAction\":[{\"@type\":\"ReadAction\",\"target\":[\"https:\/\/jopanautica.com\/ca\/producto\/torqeedo-travel-xp-s\/\"]}]},{\"@type\":\"ImageObject\",\"inLanguage\":\"ca\",\"@id\":\"https:\/\/jopanautica.com\/ca\/producto\/torqeedo-travel-xp-s\/#primaryimage\",\"url\":\"https:\/\/jopanautica.com\/wp-content\/uploads\/torqeedo-travel-xp-2000x2000-1.jpg\",\"contentUrl\":\"https:\/\/jopanautica.com\/wp-content\/uploads\/torqeedo-travel-xp-2000x2000-1.jpg\",\"width\":348,\"height\":348},{\"@type\":\"BreadcrumbList\",\"@id\":\"https:\/\/jopanautica.com\/ca\/producto\/torqeedo-travel-xp-s\/#breadcrumb\",\"itemListElement\":[{\"@type\":\"ListItem\",\"position\":1,\"name\":\"Portada\",\"item\":\"https:\/\/jopanautica.com\/\"},{\"@type\":\"ListItem\",\"position\":2,\"name\":\"Botiga\",\"item\":\"https:\/\/jopanautica.com\/ca\/botiga\/\"},{\"@type\":\"ListItem\",\"position\":3,\"name\":\"Torqeedo Travel XP S\"}]},{\"@type\":\"WebSite\",\"@id\":\"https:\/\/jopanautica.com\/#website\",\"url\":\"https:\/\/jopanautica.com\/\",\"name\":\"Jopa N\u00e0utica\",\"description\":\"Jopa N\u00e0utica l&#039; Escala\",\"publisher\":{\"@id\":\"https:\/\/jopanautica.com\/#organization\"},\"potentialAction\":[{\"@type\":\"SearchAction\",\"target\":{\"@type\":\"EntryPoint\",\"urlTemplate\":\"https:\/\/jopanautica.com\/?s={search_term_string}\"},\"query-input\":{\"@type\":\"PropertyValueSpecification\",\"valueRequired\":true,\"valueName\":\"search_term_string\"}}],\"inLanguage\":\"ca\"},{\"@type\":\"Organization\",\"@id\":\"https:\/\/jopanautica.com\/#organization\",\"name\":\"Jopa N\u00e0utica\",\"url\":\"https:\/\/jopanautica.com\/\",\"logo\":{\"@type\":\"ImageObject\",\"inLanguage\":\"ca\",\"@id\":\"https:\/\/jopanautica.com\/#\/schema\/logo\/image\/\",\"url\":\"https:\/\/jopanautica.com\/wp-content\/uploads\/2020\/06\/jopa-nautica-logo.png\",\"contentUrl\":\"https:\/\/jopanautica.com\/wp-content\/uploads\/2020\/06\/jopa-nautica-logo.png\",\"width\":600,\"height\":159,\"caption\":\"Jopa N\u00e0utica\"},\"image\":{\"@id\":\"https:\/\/jopanautica.com\/#\/schema\/logo\/image\/\"}}]}<\/script>\n<!-- \/ Yoast SEO Premium plugin. -->","yoast_head_json":{"title":"Torqeedo Travel XP S - Jopa N\u00e0utica","robots":{"index":"index","follow":"follow","max-snippet":"max-snippet:-1","max-image-preview":"max-image-preview:large","max-video-preview":"max-video-preview:-1"},"canonical":"https:\/\/jopanautica.com\/ca\/producto\/torqeedo-travel-xp-s\/","og_locale":"ca_ES","og_type":"article","og_title":"Torqeedo Travel XP S","og_description":"Productes inclosos: motor foraborda amb control de canya (control tipus T) o control remot incl. Accelerador Torqlink (control tipus R, 1976-00), xip magn\u00e8tic de parada d'emerg\u00e8ncia (1978-00), carregador de 180W (7012-00), h\u00e8lix 11x8 WDR (7007-00), \u00e0node d'eix per a l'eix del motor, Garantia: 2 anys si es fa servir per a fins privats","og_url":"https:\/\/jopanautica.com\/ca\/producto\/torqeedo-travel-xp-s\/","og_site_name":"Jopa N\u00e0utica","article_modified_time":"2025-05-13T08:16:58+00:00","og_image":[{"width":348,"height":348,"url":"https:\/\/jopanautica.com\/wp-content\/uploads\/torqeedo-travel-xp-2000x2000-1.jpg","type":"image\/jpeg"}],"twitter_card":"summary_large_image","twitter_misc":{"Temps estimat de lectura":"1 minut"},"schema":{"@context":"https:\/\/schema.org","@graph":[{"@type":"WebPage","@id":"https:\/\/jopanautica.com\/ca\/producto\/torqeedo-travel-xp-s\/","url":"https:\/\/jopanautica.com\/ca\/producto\/torqeedo-travel-xp-s\/","name":"Torqeedo Travel XP S - Jopa N\u00e0utica","isPartOf":{"@id":"https:\/\/jopanautica.com\/#website"},"primaryImageOfPage":{"@id":"https:\/\/jopanautica.com\/ca\/producto\/torqeedo-travel-xp-s\/#primaryimage"},"image":{"@id":"https:\/\/jopanautica.com\/ca\/producto\/torqeedo-travel-xp-s\/#primaryimage"},"thumbnailUrl":"https:\/\/jopanautica.com\/wp-content\/uploads\/torqeedo-travel-xp-2000x2000-1.jpg","datePublished":"2025-05-13T08:08:35+00:00","dateModified":"2025-05-13T08:16:58+00:00","breadcrumb":{"@id":"https:\/\/jopanautica.com\/ca\/producto\/torqeedo-travel-xp-s\/#breadcrumb"},"inLanguage":"ca","potentialAction":[{"@type":"ReadAction","target":["https:\/\/jopanautica.com\/ca\/producto\/torqeedo-travel-xp-s\/"]}]},{"@type":"ImageObject","inLanguage":"ca","@id":"https:\/\/jopanautica.com\/ca\/producto\/torqeedo-travel-xp-s\/#primaryimage","url":"https:\/\/jopanautica.com\/wp-content\/uploads\/torqeedo-travel-xp-2000x2000-1.jpg","contentUrl":"https:\/\/jopanautica.com\/wp-content\/uploads\/torqeedo-travel-xp-2000x2000-1.jpg","width":348,"height":348},{"@type":"BreadcrumbList","@id":"https:\/\/jopanautica.com\/ca\/producto\/torqeedo-travel-xp-s\/#breadcrumb","itemListElement":[{"@type":"ListItem","position":1,"name":"Portada","item":"https:\/\/jopanautica.com\/"},{"@type":"ListItem","position":2,"name":"Botiga","item":"https:\/\/jopanautica.com\/ca\/botiga\/"},{"@type":"ListItem","position":3,"name":"Torqeedo Travel XP S"}]},{"@type":"WebSite","@id":"https:\/\/jopanautica.com\/#website","url":"https:\/\/jopanautica.com\/","name":"Jopa N\u00e0utica","description":"Jopa N\u00e0utica l&#039; Escala","publisher":{"@id":"https:\/\/jopanautica.com\/#organization"},"potentialAction":[{"@type":"SearchAction","target":{"@type":"EntryPoint","urlTemplate":"https:\/\/jopanautica.com\/?s={search_term_string}"},"query-input":{"@type":"PropertyValueSpecification","valueRequired":true,"valueName":"search_term_string"}}],"inLanguage":"ca"},{"@type":"Organization","@id":"https:\/\/jopanautica.com\/#organization","name":"Jopa N\u00e0utica","url":"https:\/\/jopanautica.com\/","logo":{"@type":"ImageObject","inLanguage":"ca","@id":"https:\/\/jopanautica.com\/#\/schema\/logo\/image\/","url":"https:\/\/jopanautica.com\/wp-content\/uploads\/2020\/06\/jopa-nautica-logo.png","contentUrl":"https:\/\/jopanautica.com\/wp-content\/uploads\/2020\/06\/jopa-nautica-logo.png","width":600,"height":159,"caption":"Jopa N\u00e0utica"},"image":{"@id":"https:\/\/jopanautica.com\/#\/schema\/logo\/image\/"}}]}},"_links":{"self":[{"href":"https:\/\/jopanautica.com\/ca\/wp-json\/wp\/v2\/product\/21413","targetHints":{"allow":["GET"]}}],"collection":[{"href":"https:\/\/jopanautica.com\/ca\/wp-json\/wp\/v2\/product"}],"about":[{"href":"https:\/\/jopanautica.com\/ca\/wp-json\/wp\/v2\/types\/product"}],"wp:featuredmedia":[{"embeddable":true,"href":"https:\/\/jopanautica.com\/ca\/wp-json\/wp\/v2\/media\/21394"}],"wp:attachment":[{"href":"https:\/\/jopanautica.com\/ca\/wp-json\/wp\/v2\/media?parent=21413"}],"wp:term":[{"taxonomy":"product_brand","embeddable":true,"href":"https:\/\/jopanautica.com\/ca\/wp-json\/wp\/v2\/product_brand?post=21413"},{"taxonomy":"product_cat","embeddable":true,"href":"https:\/\/jopanautica.com\/ca\/wp-json\/wp\/v2\/product_cat?post=21413"},{"taxonomy":"product_tag","embeddable":true,"href":"https:\/\/jopanautica.com\/ca\/wp-json\/wp\/v2\/product_tag?post=21413"}],"curies":[{"name":"wp","href":"https:\/\/api.w.org\/{rel}","templated":true}]}}