{"id":21172,"date":"2025-02-27T08:45:26","date_gmt":"2025-02-27T08:45:26","guid":{"rendered":"https:\/\/jopanautica.com\/producto\/motor-yamaha-6-cv\/"},"modified":"2025-02-27T11:38:06","modified_gmt":"2025-02-27T11:38:06","slug":"motor-yamaha-6-cv","status":"publish","type":"product","link":"https:\/\/jopanautica.com\/ca\/producto\/motor-yamaha-6-cv\/","title":{"rendered":"Motor Yamaha 6 cv"},"content":{"rendered":"<p>Aquest motor atractiu, amb el seu look elegant i estilitzat, ofereix tota la pot\u00e8ncia que necessita per navegar amb total tranquil\u00b7litat. El 6hp tamb\u00e9 s&#8217;emmagatzema sense problemes, i \u00e9s tan lleuger i manejable que el podr\u00e0s portar de la riba a la coberta de la teva embarcaci\u00f3 sense esfor\u00e7. <\/p>\n","protected":false},"excerpt":{"rendered":"<p><a href=\"https:\/\/jopanautica.com\/wp-content\/uploads\/2017-F6_es-ES-1.pdf\">Fitxa producte<\/a><\/p>\n","protected":false},"featured_media":21164,"template":"","meta":{"_acf_changed":false},"product_brand":[],"product_cat":[414,837],"product_tag":[],"class_list":{"0":"post-21172","1":"product","2":"type-product","3":"status-publish","4":"has-post-thumbnail","6":"product_cat-nou","7":"product_cat-yamaha-nuevo-ca","9":"first","10":"instock","11":"taxable","12":"shipping-taxable","13":"purchasable","14":"product-type-simple"},"acf":[],"yoast_head":"<!-- This site is optimized with the Yoast SEO Premium plugin v26.7 (Yoast SEO v26.7) - https:\/\/yoast.com\/wordpress\/plugins\/seo\/ -->\n<title>Motor Yamaha 6 cv - Jopa N\u00e0utica<\/title>\n<meta name=\"robots\" content=\"index, follow, max-snippet:-1, max-image-preview:large, max-video-preview:-1\" \/>\n<link rel=\"canonical\" href=\"https:\/\/jopanautica.com\/ca\/producto\/motor-yamaha-6-cv\/\" \/>\n<meta property=\"og:locale\" content=\"ca_ES\" \/>\n<meta property=\"og:type\" content=\"article\" \/>\n<meta property=\"og:title\" content=\"Motor Yamaha 6 cv\" \/>\n<meta property=\"og:description\" content=\"Fitxa producte\" \/>\n<meta property=\"og:url\" content=\"https:\/\/jopanautica.com\/ca\/producto\/motor-yamaha-6-cv\/\" \/>\n<meta property=\"og:site_name\" content=\"Jopa N\u00e0utica\" \/>\n<meta property=\"article:modified_time\" content=\"2025-02-27T11:38:06+00:00\" \/>\n<meta property=\"og:image\" content=\"https:\/\/jopanautica.com\/wp-content\/uploads\/20250227_092625.jpg\" \/>\n\t<meta property=\"og:image:width\" content=\"1500\" \/>\n\t<meta property=\"og:image:height\" content=\"693\" \/>\n\t<meta property=\"og:image:type\" content=\"image\/jpeg\" \/>\n<meta name=\"twitter:card\" content=\"summary_large_image\" \/>\n<script type=\"application\/ld+json\" class=\"yoast-schema-graph\">{\"@context\":\"https:\/\/schema.org\",\"@graph\":[{\"@type\":\"WebPage\",\"@id\":\"https:\/\/jopanautica.com\/ca\/producto\/motor-yamaha-6-cv\/\",\"url\":\"https:\/\/jopanautica.com\/ca\/producto\/motor-yamaha-6-cv\/\",\"name\":\"Motor Yamaha 6 cv - Jopa N\u00e0utica\",\"isPartOf\":{\"@id\":\"https:\/\/jopanautica.com\/#website\"},\"primaryImageOfPage\":{\"@id\":\"https:\/\/jopanautica.com\/ca\/producto\/motor-yamaha-6-cv\/#primaryimage\"},\"image\":{\"@id\":\"https:\/\/jopanautica.com\/ca\/producto\/motor-yamaha-6-cv\/#primaryimage\"},\"thumbnailUrl\":\"https:\/\/jopanautica.com\/wp-content\/uploads\/20250227_092625.jpg\",\"datePublished\":\"2025-02-27T08:45:26+00:00\",\"dateModified\":\"2025-02-27T11:38:06+00:00\",\"breadcrumb\":{\"@id\":\"https:\/\/jopanautica.com\/ca\/producto\/motor-yamaha-6-cv\/#breadcrumb\"},\"inLanguage\":\"ca\",\"potentialAction\":[{\"@type\":\"ReadAction\",\"target\":[\"https:\/\/jopanautica.com\/ca\/producto\/motor-yamaha-6-cv\/\"]}]},{\"@type\":\"ImageObject\",\"inLanguage\":\"ca\",\"@id\":\"https:\/\/jopanautica.com\/ca\/producto\/motor-yamaha-6-cv\/#primaryimage\",\"url\":\"https:\/\/jopanautica.com\/wp-content\/uploads\/20250227_092625.jpg\",\"contentUrl\":\"https:\/\/jopanautica.com\/wp-content\/uploads\/20250227_092625.jpg\",\"width\":1500,\"height\":693},{\"@type\":\"BreadcrumbList\",\"@id\":\"https:\/\/jopanautica.com\/ca\/producto\/motor-yamaha-6-cv\/#breadcrumb\",\"itemListElement\":[{\"@type\":\"ListItem\",\"position\":1,\"name\":\"Portada\",\"item\":\"https:\/\/jopanautica.com\/\"},{\"@type\":\"ListItem\",\"position\":2,\"name\":\"Botiga\",\"item\":\"https:\/\/jopanautica.com\/ca\/botiga\/\"},{\"@type\":\"ListItem\",\"position\":3,\"name\":\"Motor Yamaha 6 cv\"}]},{\"@type\":\"WebSite\",\"@id\":\"https:\/\/jopanautica.com\/#website\",\"url\":\"https:\/\/jopanautica.com\/\",\"name\":\"Jopa N\u00e0utica\",\"description\":\"Jopa N\u00e0utica l&#039; Escala\",\"publisher\":{\"@id\":\"https:\/\/jopanautica.com\/#organization\"},\"potentialAction\":[{\"@type\":\"SearchAction\",\"target\":{\"@type\":\"EntryPoint\",\"urlTemplate\":\"https:\/\/jopanautica.com\/?s={search_term_string}\"},\"query-input\":{\"@type\":\"PropertyValueSpecification\",\"valueRequired\":true,\"valueName\":\"search_term_string\"}}],\"inLanguage\":\"ca\"},{\"@type\":\"Organization\",\"@id\":\"https:\/\/jopanautica.com\/#organization\",\"name\":\"Jopa N\u00e0utica\",\"url\":\"https:\/\/jopanautica.com\/\",\"logo\":{\"@type\":\"ImageObject\",\"inLanguage\":\"ca\",\"@id\":\"https:\/\/jopanautica.com\/#\/schema\/logo\/image\/\",\"url\":\"https:\/\/jopanautica.com\/wp-content\/uploads\/2020\/06\/jopa-nautica-logo.png\",\"contentUrl\":\"https:\/\/jopanautica.com\/wp-content\/uploads\/2020\/06\/jopa-nautica-logo.png\",\"width\":600,\"height\":159,\"caption\":\"Jopa N\u00e0utica\"},\"image\":{\"@id\":\"https:\/\/jopanautica.com\/#\/schema\/logo\/image\/\"}}]}<\/script>\n<!-- \/ Yoast SEO Premium plugin. -->","yoast_head_json":{"title":"Motor Yamaha 6 cv - Jopa N\u00e0utica","robots":{"index":"index","follow":"follow","max-snippet":"max-snippet:-1","max-image-preview":"max-image-preview:large","max-video-preview":"max-video-preview:-1"},"canonical":"https:\/\/jopanautica.com\/ca\/producto\/motor-yamaha-6-cv\/","og_locale":"ca_ES","og_type":"article","og_title":"Motor Yamaha 6 cv","og_description":"Fitxa producte","og_url":"https:\/\/jopanautica.com\/ca\/producto\/motor-yamaha-6-cv\/","og_site_name":"Jopa N\u00e0utica","article_modified_time":"2025-02-27T11:38:06+00:00","og_image":[{"width":1500,"height":693,"url":"https:\/\/jopanautica.com\/wp-content\/uploads\/20250227_092625.jpg","type":"image\/jpeg"}],"twitter_card":"summary_large_image","schema":{"@context":"https:\/\/schema.org","@graph":[{"@type":"WebPage","@id":"https:\/\/jopanautica.com\/ca\/producto\/motor-yamaha-6-cv\/","url":"https:\/\/jopanautica.com\/ca\/producto\/motor-yamaha-6-cv\/","name":"Motor Yamaha 6 cv - Jopa N\u00e0utica","isPartOf":{"@id":"https:\/\/jopanautica.com\/#website"},"primaryImageOfPage":{"@id":"https:\/\/jopanautica.com\/ca\/producto\/motor-yamaha-6-cv\/#primaryimage"},"image":{"@id":"https:\/\/jopanautica.com\/ca\/producto\/motor-yamaha-6-cv\/#primaryimage"},"thumbnailUrl":"https:\/\/jopanautica.com\/wp-content\/uploads\/20250227_092625.jpg","datePublished":"2025-02-27T08:45:26+00:00","dateModified":"2025-02-27T11:38:06+00:00","breadcrumb":{"@id":"https:\/\/jopanautica.com\/ca\/producto\/motor-yamaha-6-cv\/#breadcrumb"},"inLanguage":"ca","potentialAction":[{"@type":"ReadAction","target":["https:\/\/jopanautica.com\/ca\/producto\/motor-yamaha-6-cv\/"]}]},{"@type":"ImageObject","inLanguage":"ca","@id":"https:\/\/jopanautica.com\/ca\/producto\/motor-yamaha-6-cv\/#primaryimage","url":"https:\/\/jopanautica.com\/wp-content\/uploads\/20250227_092625.jpg","contentUrl":"https:\/\/jopanautica.com\/wp-content\/uploads\/20250227_092625.jpg","width":1500,"height":693},{"@type":"BreadcrumbList","@id":"https:\/\/jopanautica.com\/ca\/producto\/motor-yamaha-6-cv\/#breadcrumb","itemListElement":[{"@type":"ListItem","position":1,"name":"Portada","item":"https:\/\/jopanautica.com\/"},{"@type":"ListItem","position":2,"name":"Botiga","item":"https:\/\/jopanautica.com\/ca\/botiga\/"},{"@type":"ListItem","position":3,"name":"Motor Yamaha 6 cv"}]},{"@type":"WebSite","@id":"https:\/\/jopanautica.com\/#website","url":"https:\/\/jopanautica.com\/","name":"Jopa N\u00e0utica","description":"Jopa N\u00e0utica l&#039; Escala","publisher":{"@id":"https:\/\/jopanautica.com\/#organization"},"potentialAction":[{"@type":"SearchAction","target":{"@type":"EntryPoint","urlTemplate":"https:\/\/jopanautica.com\/?s={search_term_string}"},"query-input":{"@type":"PropertyValueSpecification","valueRequired":true,"valueName":"search_term_string"}}],"inLanguage":"ca"},{"@type":"Organization","@id":"https:\/\/jopanautica.com\/#organization","name":"Jopa N\u00e0utica","url":"https:\/\/jopanautica.com\/","logo":{"@type":"ImageObject","inLanguage":"ca","@id":"https:\/\/jopanautica.com\/#\/schema\/logo\/image\/","url":"https:\/\/jopanautica.com\/wp-content\/uploads\/2020\/06\/jopa-nautica-logo.png","contentUrl":"https:\/\/jopanautica.com\/wp-content\/uploads\/2020\/06\/jopa-nautica-logo.png","width":600,"height":159,"caption":"Jopa N\u00e0utica"},"image":{"@id":"https:\/\/jopanautica.com\/#\/schema\/logo\/image\/"}}]}},"_links":{"self":[{"href":"https:\/\/jopanautica.com\/ca\/wp-json\/wp\/v2\/product\/21172","targetHints":{"allow":["GET"]}}],"collection":[{"href":"https:\/\/jopanautica.com\/ca\/wp-json\/wp\/v2\/product"}],"about":[{"href":"https:\/\/jopanautica.com\/ca\/wp-json\/wp\/v2\/types\/product"}],"wp:featuredmedia":[{"embeddable":true,"href":"https:\/\/jopanautica.com\/ca\/wp-json\/wp\/v2\/media\/21164"}],"wp:attachment":[{"href":"https:\/\/jopanautica.com\/ca\/wp-json\/wp\/v2\/media?parent=21172"}],"wp:term":[{"taxonomy":"product_brand","embeddable":true,"href":"https:\/\/jopanautica.com\/ca\/wp-json\/wp\/v2\/product_brand?post=21172"},{"taxonomy":"product_cat","embeddable":true,"href":"https:\/\/jopanautica.com\/ca\/wp-json\/wp\/v2\/product_cat?post=21172"},{"taxonomy":"product_tag","embeddable":true,"href":"https:\/\/jopanautica.com\/ca\/wp-json\/wp\/v2\/product_tag?post=21172"}],"curies":[{"name":"wp","href":"https:\/\/api.w.org\/{rel}","templated":true}]}}