{"id":21147,"date":"2023-11-09T12:35:48","date_gmt":"2023-11-09T12:35:48","guid":{"rendered":"https:\/\/jopanautica.com\/producto\/neumatica-yam-275s\/"},"modified":"2025-02-27T08:04:19","modified_gmt":"2025-02-27T08:04:19","slug":"neumatica-yam-275s","status":"publish","type":"product","link":"https:\/\/jopanautica.com\/ca\/producto\/neumatica-yam-275s\/","title":{"rendered":"PNEUM\u00c0TICA YAM 275S"},"content":{"rendered":"<p class=\"typography__RegularTextLevel3-sc-17h5z1x-6 styled__RegularTextLevel3Styled-sc-2pzm2i-2 llHpNi kayiqw\">Aquestes resistents embarcacions pneum\u00e0tiques esportives tenen a m\u00e9s un disseny elegant i modern, per la qual cosa s\u00f3n una gran opci\u00f3 com a llanxa auxiliar per a una embarcaci\u00f3 major, ja sigui un veler o una llanxa de creuer. Des de la m\u00e9s petita, la 275S, fins a la 380S, de gran capacitat, aquestes embarcacions s\u00f3n f\u00e0cils de manejar i estan dissenyades tamb\u00e9 per a tasques m\u00e9s serioses. <\/p>\n<p class=\"typography__RegularTextLevel3-sc-17h5z1x-6 llHpNi\">Per aix\u00f2, si busques una embarcaci\u00f3 f\u00e0cil de pilotar i amb qu\u00e8 puguis gaudir f\u00e0cilment de les aventures en fam\u00edlia, remolcant flotadors i altres joguines, per\u00f2 que tamb\u00e9 serveixi com a embarcaci\u00f3 estable per a pesca, busseig o treball, les YAM Sport estan fetes per a tu.<\/p>\n","protected":false},"excerpt":{"rendered":"<p><a href=\"https:\/\/jopanautica.com\/wp-content\/uploads\/2020-YAM275S_es-ES-1.pdf\">Fitxa tecnica Yam 275 S<\/a><\/p>\n","protected":false},"featured_media":21140,"template":"","meta":{"_acf_changed":false},"product_brand":[],"product_cat":[414,837],"product_tag":[],"class_list":{"0":"post-21147","1":"product","2":"type-product","3":"status-publish","4":"has-post-thumbnail","6":"product_cat-nou","7":"product_cat-yamaha-nuevo-ca","9":"first","10":"instock","11":"taxable","12":"shipping-taxable","13":"purchasable","14":"product-type-simple"},"acf":[],"yoast_head":"<!-- This site is optimized with the Yoast SEO Premium plugin v26.7 (Yoast SEO v26.7) - https:\/\/yoast.com\/wordpress\/plugins\/seo\/ -->\n<title>PNEUM\u00c0TICA YAM 275S - Jopa N\u00e0utica<\/title>\n<meta name=\"robots\" content=\"index, follow, max-snippet:-1, max-image-preview:large, max-video-preview:-1\" \/>\n<link rel=\"canonical\" href=\"https:\/\/jopanautica.com\/ca\/producto\/neumatica-yam-275s\/\" \/>\n<meta property=\"og:locale\" content=\"ca_ES\" \/>\n<meta property=\"og:type\" content=\"article\" \/>\n<meta property=\"og:title\" content=\"PNEUM\u00c0TICA YAM 275S\" \/>\n<meta property=\"og:description\" content=\"Fitxa tecnica Yam 275 S\" \/>\n<meta property=\"og:url\" content=\"https:\/\/jopanautica.com\/ca\/producto\/neumatica-yam-275s\/\" \/>\n<meta property=\"og:site_name\" content=\"Jopa N\u00e0utica\" \/>\n<meta property=\"article:modified_time\" content=\"2025-02-27T08:04:19+00:00\" \/>\n<meta property=\"og:image\" content=\"https:\/\/jopanautica.com\/wp-content\/uploads\/2020-Yamaha-YAM275S-EU-Arctic_Grey-Studio-001-03-1.jpg\" \/>\n\t<meta property=\"og:image:width\" content=\"1500\" \/>\n\t<meta property=\"og:image:height\" content=\"844\" \/>\n\t<meta property=\"og:image:type\" content=\"image\/jpeg\" \/>\n<meta name=\"twitter:card\" content=\"summary_large_image\" \/>\n<meta name=\"twitter:label1\" content=\"Temps estimat de lectura\" \/>\n\t<meta name=\"twitter:data1\" content=\"1 minut\" \/>\n<script type=\"application\/ld+json\" class=\"yoast-schema-graph\">{\"@context\":\"https:\/\/schema.org\",\"@graph\":[{\"@type\":\"WebPage\",\"@id\":\"https:\/\/jopanautica.com\/ca\/producto\/neumatica-yam-275s\/\",\"url\":\"https:\/\/jopanautica.com\/ca\/producto\/neumatica-yam-275s\/\",\"name\":\"PNEUM\u00c0TICA YAM 275S - Jopa N\u00e0utica\",\"isPartOf\":{\"@id\":\"https:\/\/jopanautica.com\/#website\"},\"primaryImageOfPage\":{\"@id\":\"https:\/\/jopanautica.com\/ca\/producto\/neumatica-yam-275s\/#primaryimage\"},\"image\":{\"@id\":\"https:\/\/jopanautica.com\/ca\/producto\/neumatica-yam-275s\/#primaryimage\"},\"thumbnailUrl\":\"https:\/\/jopanautica.com\/wp-content\/uploads\/2020-Yamaha-YAM275S-EU-Arctic_Grey-Studio-001-03-1.jpg\",\"datePublished\":\"2023-11-09T12:35:48+00:00\",\"dateModified\":\"2025-02-27T08:04:19+00:00\",\"breadcrumb\":{\"@id\":\"https:\/\/jopanautica.com\/ca\/producto\/neumatica-yam-275s\/#breadcrumb\"},\"inLanguage\":\"ca\",\"potentialAction\":[{\"@type\":\"ReadAction\",\"target\":[\"https:\/\/jopanautica.com\/ca\/producto\/neumatica-yam-275s\/\"]}]},{\"@type\":\"ImageObject\",\"inLanguage\":\"ca\",\"@id\":\"https:\/\/jopanautica.com\/ca\/producto\/neumatica-yam-275s\/#primaryimage\",\"url\":\"https:\/\/jopanautica.com\/wp-content\/uploads\/2020-Yamaha-YAM275S-EU-Arctic_Grey-Studio-001-03-1.jpg\",\"contentUrl\":\"https:\/\/jopanautica.com\/wp-content\/uploads\/2020-Yamaha-YAM275S-EU-Arctic_Grey-Studio-001-03-1.jpg\",\"width\":1500,\"height\":844,\"caption\":\"YAM 275S\"},{\"@type\":\"BreadcrumbList\",\"@id\":\"https:\/\/jopanautica.com\/ca\/producto\/neumatica-yam-275s\/#breadcrumb\",\"itemListElement\":[{\"@type\":\"ListItem\",\"position\":1,\"name\":\"Portada\",\"item\":\"https:\/\/jopanautica.com\/\"},{\"@type\":\"ListItem\",\"position\":2,\"name\":\"Botiga\",\"item\":\"https:\/\/jopanautica.com\/ca\/botiga\/\"},{\"@type\":\"ListItem\",\"position\":3,\"name\":\"PNEUM\u00c0TICA YAM 275S\"}]},{\"@type\":\"WebSite\",\"@id\":\"https:\/\/jopanautica.com\/#website\",\"url\":\"https:\/\/jopanautica.com\/\",\"name\":\"Jopa N\u00e0utica\",\"description\":\"Jopa N\u00e0utica l&#039; Escala\",\"publisher\":{\"@id\":\"https:\/\/jopanautica.com\/#organization\"},\"potentialAction\":[{\"@type\":\"SearchAction\",\"target\":{\"@type\":\"EntryPoint\",\"urlTemplate\":\"https:\/\/jopanautica.com\/?s={search_term_string}\"},\"query-input\":{\"@type\":\"PropertyValueSpecification\",\"valueRequired\":true,\"valueName\":\"search_term_string\"}}],\"inLanguage\":\"ca\"},{\"@type\":\"Organization\",\"@id\":\"https:\/\/jopanautica.com\/#organization\",\"name\":\"Jopa N\u00e0utica\",\"url\":\"https:\/\/jopanautica.com\/\",\"logo\":{\"@type\":\"ImageObject\",\"inLanguage\":\"ca\",\"@id\":\"https:\/\/jopanautica.com\/#\/schema\/logo\/image\/\",\"url\":\"https:\/\/jopanautica.com\/wp-content\/uploads\/2020\/06\/jopa-nautica-logo.png\",\"contentUrl\":\"https:\/\/jopanautica.com\/wp-content\/uploads\/2020\/06\/jopa-nautica-logo.png\",\"width\":600,\"height\":159,\"caption\":\"Jopa N\u00e0utica\"},\"image\":{\"@id\":\"https:\/\/jopanautica.com\/#\/schema\/logo\/image\/\"}}]}<\/script>\n<!-- \/ Yoast SEO Premium plugin. -->","yoast_head_json":{"title":"PNEUM\u00c0TICA YAM 275S - Jopa N\u00e0utica","robots":{"index":"index","follow":"follow","max-snippet":"max-snippet:-1","max-image-preview":"max-image-preview:large","max-video-preview":"max-video-preview:-1"},"canonical":"https:\/\/jopanautica.com\/ca\/producto\/neumatica-yam-275s\/","og_locale":"ca_ES","og_type":"article","og_title":"PNEUM\u00c0TICA YAM 275S","og_description":"Fitxa tecnica Yam 275 S","og_url":"https:\/\/jopanautica.com\/ca\/producto\/neumatica-yam-275s\/","og_site_name":"Jopa N\u00e0utica","article_modified_time":"2025-02-27T08:04:19+00:00","og_image":[{"width":1500,"height":844,"url":"https:\/\/jopanautica.com\/wp-content\/uploads\/2020-Yamaha-YAM275S-EU-Arctic_Grey-Studio-001-03-1.jpg","type":"image\/jpeg"}],"twitter_card":"summary_large_image","twitter_misc":{"Temps estimat de lectura":"1 minut"},"schema":{"@context":"https:\/\/schema.org","@graph":[{"@type":"WebPage","@id":"https:\/\/jopanautica.com\/ca\/producto\/neumatica-yam-275s\/","url":"https:\/\/jopanautica.com\/ca\/producto\/neumatica-yam-275s\/","name":"PNEUM\u00c0TICA YAM 275S - Jopa N\u00e0utica","isPartOf":{"@id":"https:\/\/jopanautica.com\/#website"},"primaryImageOfPage":{"@id":"https:\/\/jopanautica.com\/ca\/producto\/neumatica-yam-275s\/#primaryimage"},"image":{"@id":"https:\/\/jopanautica.com\/ca\/producto\/neumatica-yam-275s\/#primaryimage"},"thumbnailUrl":"https:\/\/jopanautica.com\/wp-content\/uploads\/2020-Yamaha-YAM275S-EU-Arctic_Grey-Studio-001-03-1.jpg","datePublished":"2023-11-09T12:35:48+00:00","dateModified":"2025-02-27T08:04:19+00:00","breadcrumb":{"@id":"https:\/\/jopanautica.com\/ca\/producto\/neumatica-yam-275s\/#breadcrumb"},"inLanguage":"ca","potentialAction":[{"@type":"ReadAction","target":["https:\/\/jopanautica.com\/ca\/producto\/neumatica-yam-275s\/"]}]},{"@type":"ImageObject","inLanguage":"ca","@id":"https:\/\/jopanautica.com\/ca\/producto\/neumatica-yam-275s\/#primaryimage","url":"https:\/\/jopanautica.com\/wp-content\/uploads\/2020-Yamaha-YAM275S-EU-Arctic_Grey-Studio-001-03-1.jpg","contentUrl":"https:\/\/jopanautica.com\/wp-content\/uploads\/2020-Yamaha-YAM275S-EU-Arctic_Grey-Studio-001-03-1.jpg","width":1500,"height":844,"caption":"YAM 275S"},{"@type":"BreadcrumbList","@id":"https:\/\/jopanautica.com\/ca\/producto\/neumatica-yam-275s\/#breadcrumb","itemListElement":[{"@type":"ListItem","position":1,"name":"Portada","item":"https:\/\/jopanautica.com\/"},{"@type":"ListItem","position":2,"name":"Botiga","item":"https:\/\/jopanautica.com\/ca\/botiga\/"},{"@type":"ListItem","position":3,"name":"PNEUM\u00c0TICA YAM 275S"}]},{"@type":"WebSite","@id":"https:\/\/jopanautica.com\/#website","url":"https:\/\/jopanautica.com\/","name":"Jopa N\u00e0utica","description":"Jopa N\u00e0utica l&#039; Escala","publisher":{"@id":"https:\/\/jopanautica.com\/#organization"},"potentialAction":[{"@type":"SearchAction","target":{"@type":"EntryPoint","urlTemplate":"https:\/\/jopanautica.com\/?s={search_term_string}"},"query-input":{"@type":"PropertyValueSpecification","valueRequired":true,"valueName":"search_term_string"}}],"inLanguage":"ca"},{"@type":"Organization","@id":"https:\/\/jopanautica.com\/#organization","name":"Jopa N\u00e0utica","url":"https:\/\/jopanautica.com\/","logo":{"@type":"ImageObject","inLanguage":"ca","@id":"https:\/\/jopanautica.com\/#\/schema\/logo\/image\/","url":"https:\/\/jopanautica.com\/wp-content\/uploads\/2020\/06\/jopa-nautica-logo.png","contentUrl":"https:\/\/jopanautica.com\/wp-content\/uploads\/2020\/06\/jopa-nautica-logo.png","width":600,"height":159,"caption":"Jopa N\u00e0utica"},"image":{"@id":"https:\/\/jopanautica.com\/#\/schema\/logo\/image\/"}}]}},"_links":{"self":[{"href":"https:\/\/jopanautica.com\/ca\/wp-json\/wp\/v2\/product\/21147","targetHints":{"allow":["GET"]}}],"collection":[{"href":"https:\/\/jopanautica.com\/ca\/wp-json\/wp\/v2\/product"}],"about":[{"href":"https:\/\/jopanautica.com\/ca\/wp-json\/wp\/v2\/types\/product"}],"wp:featuredmedia":[{"embeddable":true,"href":"https:\/\/jopanautica.com\/ca\/wp-json\/wp\/v2\/media\/21140"}],"wp:attachment":[{"href":"https:\/\/jopanautica.com\/ca\/wp-json\/wp\/v2\/media?parent=21147"}],"wp:term":[{"taxonomy":"product_brand","embeddable":true,"href":"https:\/\/jopanautica.com\/ca\/wp-json\/wp\/v2\/product_brand?post=21147"},{"taxonomy":"product_cat","embeddable":true,"href":"https:\/\/jopanautica.com\/ca\/wp-json\/wp\/v2\/product_cat?post=21147"},{"taxonomy":"product_tag","embeddable":true,"href":"https:\/\/jopanautica.com\/ca\/wp-json\/wp\/v2\/product_tag?post=21147"}],"curies":[{"name":"wp","href":"https:\/\/api.w.org\/{rel}","templated":true}]}}