{"id":20893,"date":"2024-08-22T14:26:12","date_gmt":"2024-08-22T14:26:12","guid":{"rendered":"https:\/\/jopanautica.com\/producto\/regal-2800-bowrider-ocasion-buenestado\/"},"modified":"2024-08-23T08:44:00","modified_gmt":"2024-08-23T08:44:00","slug":"regal-2800-bowrider-ocasion-buenestado","status":"publish","type":"product","link":"https:\/\/jopanautica.com\/ca\/producto\/regal-2800-bowrider-ocasion-buenestado\/","title":{"rendered":"REGAL 2800 BOWRIDER"},"content":{"rendered":"<p>La Regal 2800 del 2014 \u00e9s una embarcaci\u00f3 que combina eleg\u00e0ncia, rendiment i comoditat per oferir-te una experi\u00e8ncia excepcional a l&#8217;aigua. Amb molt poques hores de navegaci\u00f3 i manteniment anual est\u00e0 a punt per navegar. <\/p>\n","protected":false},"excerpt":{"rendered":"<p>ARC DE RADAR AMB TENDAL MOLINET EL\u00c8CTRIC S\u00d2L TEKA CARREGADOR BATERIES 2 BATERIES CONVERTIDOR 12\/220 V. FLAPS H\u00c8LICE DE PROA PANELL INSTRUMENT AMB INDICADORS R\u00c0DIO M\u00daSICA DUTXA A BANYERA PLATAFORMA ESTESA POPA 2 SEIENT POPA ESCALA BANY PLATAFORMA ELEVACI\u00d3 POPA SEIENT LATERAL BANYERA SEIENT PILOT I COPILOT SOL\u00c0RIUM PROA LLUMS DE NAVEGACI\u00d3 LONA DE FONDEIG DIP\u00d2SIT DE COMBUSTIBLE DE 400 L DIP\u00d2SIT D&#8217;AIGUA 80 L &nbsp;<\/p>\n","protected":false},"featured_media":20890,"template":"","meta":{"_acf_changed":false},"product_brand":[],"product_cat":[375],"product_tag":[],"class_list":{"0":"post-20893","1":"product","2":"type-product","3":"status-publish","4":"has-post-thumbnail","6":"product_cat-ocasio","8":"first","9":"instock","10":"sale","11":"purchasable","12":"product-type-simple"},"acf":[],"yoast_head":"<!-- This site is optimized with the Yoast SEO Premium plugin v26.7 (Yoast SEO v26.7) - https:\/\/yoast.com\/wordpress\/plugins\/seo\/ -->\n<title>REGAL 2800 BOWRIDER - Jopa N\u00e0utica<\/title>\n<meta name=\"description\" content=\"regal bowrider ocasi\u00f3 en bon estat\" \/>\n<meta name=\"robots\" content=\"index, follow, max-snippet:-1, max-image-preview:large, max-video-preview:-1\" \/>\n<link rel=\"canonical\" href=\"https:\/\/jopanautica.com\/ca\/producto\/regal-2800-bowrider-ocasion-buenestado\/\" \/>\n<meta property=\"og:locale\" content=\"ca_ES\" \/>\n<meta property=\"og:type\" content=\"article\" \/>\n<meta property=\"og:title\" content=\"REGAL 2800 BOWRIDER\" \/>\n<meta property=\"og:description\" content=\"regal bowrider ocasi\u00f3 en bon estat\" \/>\n<meta property=\"og:url\" content=\"https:\/\/jopanautica.com\/ca\/producto\/regal-2800-bowrider-ocasion-buenestado\/\" \/>\n<meta property=\"og:site_name\" content=\"Jopa N\u00e0utica\" \/>\n<meta property=\"article:modified_time\" content=\"2024-08-23T08:44:00+00:00\" \/>\n<meta property=\"og:image\" content=\"https:\/\/jopanautica.com\/wp-content\/uploads\/IMG-20240819-WA0001-1-1.jpg\" \/>\n\t<meta property=\"og:image:width\" content=\"1200\" \/>\n\t<meta property=\"og:image:height\" content=\"907\" \/>\n\t<meta property=\"og:image:type\" content=\"image\/jpeg\" \/>\n<meta name=\"twitter:card\" content=\"summary_large_image\" \/>\n<script type=\"application\/ld+json\" class=\"yoast-schema-graph\">{\"@context\":\"https:\/\/schema.org\",\"@graph\":[{\"@type\":\"WebPage\",\"@id\":\"https:\/\/jopanautica.com\/ca\/producto\/regal-2800-bowrider-ocasion-buenestado\/\",\"url\":\"https:\/\/jopanautica.com\/ca\/producto\/regal-2800-bowrider-ocasion-buenestado\/\",\"name\":\"REGAL 2800 BOWRIDER - Jopa N\u00e0utica\",\"isPartOf\":{\"@id\":\"https:\/\/jopanautica.com\/#website\"},\"primaryImageOfPage\":{\"@id\":\"https:\/\/jopanautica.com\/ca\/producto\/regal-2800-bowrider-ocasion-buenestado\/#primaryimage\"},\"image\":{\"@id\":\"https:\/\/jopanautica.com\/ca\/producto\/regal-2800-bowrider-ocasion-buenestado\/#primaryimage\"},\"thumbnailUrl\":\"https:\/\/jopanautica.com\/wp-content\/uploads\/IMG-20240819-WA0001-1-1.jpg\",\"datePublished\":\"2024-08-22T14:26:12+00:00\",\"dateModified\":\"2024-08-23T08:44:00+00:00\",\"description\":\"regal bowrider ocasi\u00f3 en bon estat\",\"breadcrumb\":{\"@id\":\"https:\/\/jopanautica.com\/ca\/producto\/regal-2800-bowrider-ocasion-buenestado\/#breadcrumb\"},\"inLanguage\":\"ca\",\"potentialAction\":[{\"@type\":\"ReadAction\",\"target\":[\"https:\/\/jopanautica.com\/ca\/producto\/regal-2800-bowrider-ocasion-buenestado\/\"]}]},{\"@type\":\"ImageObject\",\"inLanguage\":\"ca\",\"@id\":\"https:\/\/jopanautica.com\/ca\/producto\/regal-2800-bowrider-ocasion-buenestado\/#primaryimage\",\"url\":\"https:\/\/jopanautica.com\/wp-content\/uploads\/IMG-20240819-WA0001-1-1.jpg\",\"contentUrl\":\"https:\/\/jopanautica.com\/wp-content\/uploads\/IMG-20240819-WA0001-1-1.jpg\",\"width\":1200,\"height\":907},{\"@type\":\"BreadcrumbList\",\"@id\":\"https:\/\/jopanautica.com\/ca\/producto\/regal-2800-bowrider-ocasion-buenestado\/#breadcrumb\",\"itemListElement\":[{\"@type\":\"ListItem\",\"position\":1,\"name\":\"Portada\",\"item\":\"https:\/\/jopanautica.com\/\"},{\"@type\":\"ListItem\",\"position\":2,\"name\":\"Botiga\",\"item\":\"https:\/\/jopanautica.com\/ca\/botiga\/\"},{\"@type\":\"ListItem\",\"position\":3,\"name\":\"REGAL 2800 BOWRIDER\"}]},{\"@type\":\"WebSite\",\"@id\":\"https:\/\/jopanautica.com\/#website\",\"url\":\"https:\/\/jopanautica.com\/\",\"name\":\"Jopa N\u00e0utica\",\"description\":\"Jopa N\u00e0utica l&#039; Escala\",\"publisher\":{\"@id\":\"https:\/\/jopanautica.com\/#organization\"},\"potentialAction\":[{\"@type\":\"SearchAction\",\"target\":{\"@type\":\"EntryPoint\",\"urlTemplate\":\"https:\/\/jopanautica.com\/?s={search_term_string}\"},\"query-input\":{\"@type\":\"PropertyValueSpecification\",\"valueRequired\":true,\"valueName\":\"search_term_string\"}}],\"inLanguage\":\"ca\"},{\"@type\":\"Organization\",\"@id\":\"https:\/\/jopanautica.com\/#organization\",\"name\":\"Jopa N\u00e0utica\",\"url\":\"https:\/\/jopanautica.com\/\",\"logo\":{\"@type\":\"ImageObject\",\"inLanguage\":\"ca\",\"@id\":\"https:\/\/jopanautica.com\/#\/schema\/logo\/image\/\",\"url\":\"https:\/\/jopanautica.com\/wp-content\/uploads\/2020\/06\/jopa-nautica-logo.png\",\"contentUrl\":\"https:\/\/jopanautica.com\/wp-content\/uploads\/2020\/06\/jopa-nautica-logo.png\",\"width\":600,\"height\":159,\"caption\":\"Jopa N\u00e0utica\"},\"image\":{\"@id\":\"https:\/\/jopanautica.com\/#\/schema\/logo\/image\/\"}}]}<\/script>\n<!-- \/ Yoast SEO Premium plugin. -->","yoast_head_json":{"title":"REGAL 2800 BOWRIDER - Jopa N\u00e0utica","description":"regal bowrider ocasi\u00f3 en bon estat","robots":{"index":"index","follow":"follow","max-snippet":"max-snippet:-1","max-image-preview":"max-image-preview:large","max-video-preview":"max-video-preview:-1"},"canonical":"https:\/\/jopanautica.com\/ca\/producto\/regal-2800-bowrider-ocasion-buenestado\/","og_locale":"ca_ES","og_type":"article","og_title":"REGAL 2800 BOWRIDER","og_description":"regal bowrider ocasi\u00f3 en bon estat","og_url":"https:\/\/jopanautica.com\/ca\/producto\/regal-2800-bowrider-ocasion-buenestado\/","og_site_name":"Jopa N\u00e0utica","article_modified_time":"2024-08-23T08:44:00+00:00","og_image":[{"width":1200,"height":907,"url":"https:\/\/jopanautica.com\/wp-content\/uploads\/IMG-20240819-WA0001-1-1.jpg","type":"image\/jpeg"}],"twitter_card":"summary_large_image","schema":{"@context":"https:\/\/schema.org","@graph":[{"@type":"WebPage","@id":"https:\/\/jopanautica.com\/ca\/producto\/regal-2800-bowrider-ocasion-buenestado\/","url":"https:\/\/jopanautica.com\/ca\/producto\/regal-2800-bowrider-ocasion-buenestado\/","name":"REGAL 2800 BOWRIDER - Jopa N\u00e0utica","isPartOf":{"@id":"https:\/\/jopanautica.com\/#website"},"primaryImageOfPage":{"@id":"https:\/\/jopanautica.com\/ca\/producto\/regal-2800-bowrider-ocasion-buenestado\/#primaryimage"},"image":{"@id":"https:\/\/jopanautica.com\/ca\/producto\/regal-2800-bowrider-ocasion-buenestado\/#primaryimage"},"thumbnailUrl":"https:\/\/jopanautica.com\/wp-content\/uploads\/IMG-20240819-WA0001-1-1.jpg","datePublished":"2024-08-22T14:26:12+00:00","dateModified":"2024-08-23T08:44:00+00:00","description":"regal bowrider ocasi\u00f3 en bon estat","breadcrumb":{"@id":"https:\/\/jopanautica.com\/ca\/producto\/regal-2800-bowrider-ocasion-buenestado\/#breadcrumb"},"inLanguage":"ca","potentialAction":[{"@type":"ReadAction","target":["https:\/\/jopanautica.com\/ca\/producto\/regal-2800-bowrider-ocasion-buenestado\/"]}]},{"@type":"ImageObject","inLanguage":"ca","@id":"https:\/\/jopanautica.com\/ca\/producto\/regal-2800-bowrider-ocasion-buenestado\/#primaryimage","url":"https:\/\/jopanautica.com\/wp-content\/uploads\/IMG-20240819-WA0001-1-1.jpg","contentUrl":"https:\/\/jopanautica.com\/wp-content\/uploads\/IMG-20240819-WA0001-1-1.jpg","width":1200,"height":907},{"@type":"BreadcrumbList","@id":"https:\/\/jopanautica.com\/ca\/producto\/regal-2800-bowrider-ocasion-buenestado\/#breadcrumb","itemListElement":[{"@type":"ListItem","position":1,"name":"Portada","item":"https:\/\/jopanautica.com\/"},{"@type":"ListItem","position":2,"name":"Botiga","item":"https:\/\/jopanautica.com\/ca\/botiga\/"},{"@type":"ListItem","position":3,"name":"REGAL 2800 BOWRIDER"}]},{"@type":"WebSite","@id":"https:\/\/jopanautica.com\/#website","url":"https:\/\/jopanautica.com\/","name":"Jopa N\u00e0utica","description":"Jopa N\u00e0utica l&#039; Escala","publisher":{"@id":"https:\/\/jopanautica.com\/#organization"},"potentialAction":[{"@type":"SearchAction","target":{"@type":"EntryPoint","urlTemplate":"https:\/\/jopanautica.com\/?s={search_term_string}"},"query-input":{"@type":"PropertyValueSpecification","valueRequired":true,"valueName":"search_term_string"}}],"inLanguage":"ca"},{"@type":"Organization","@id":"https:\/\/jopanautica.com\/#organization","name":"Jopa N\u00e0utica","url":"https:\/\/jopanautica.com\/","logo":{"@type":"ImageObject","inLanguage":"ca","@id":"https:\/\/jopanautica.com\/#\/schema\/logo\/image\/","url":"https:\/\/jopanautica.com\/wp-content\/uploads\/2020\/06\/jopa-nautica-logo.png","contentUrl":"https:\/\/jopanautica.com\/wp-content\/uploads\/2020\/06\/jopa-nautica-logo.png","width":600,"height":159,"caption":"Jopa N\u00e0utica"},"image":{"@id":"https:\/\/jopanautica.com\/#\/schema\/logo\/image\/"}}]}},"_links":{"self":[{"href":"https:\/\/jopanautica.com\/ca\/wp-json\/wp\/v2\/product\/20893","targetHints":{"allow":["GET"]}}],"collection":[{"href":"https:\/\/jopanautica.com\/ca\/wp-json\/wp\/v2\/product"}],"about":[{"href":"https:\/\/jopanautica.com\/ca\/wp-json\/wp\/v2\/types\/product"}],"wp:featuredmedia":[{"embeddable":true,"href":"https:\/\/jopanautica.com\/ca\/wp-json\/wp\/v2\/media\/20890"}],"wp:attachment":[{"href":"https:\/\/jopanautica.com\/ca\/wp-json\/wp\/v2\/media?parent=20893"}],"wp:term":[{"taxonomy":"product_brand","embeddable":true,"href":"https:\/\/jopanautica.com\/ca\/wp-json\/wp\/v2\/product_brand?post=20893"},{"taxonomy":"product_cat","embeddable":true,"href":"https:\/\/jopanautica.com\/ca\/wp-json\/wp\/v2\/product_cat?post=20893"},{"taxonomy":"product_tag","embeddable":true,"href":"https:\/\/jopanautica.com\/ca\/wp-json\/wp\/v2\/product_tag?post=20893"}],"curies":[{"name":"wp","href":"https:\/\/api.w.org\/{rel}","templated":true}]}}