{"id":20647,"date":"2024-09-27T16:19:30","date_gmt":"2024-09-27T16:19:30","guid":{"rendered":"https:\/\/jopanautica.com\/producto\/zodiac-medline-iii-yamaha\/"},"modified":"2024-08-12T10:25:02","modified_gmt":"2024-08-12T10:25:02","slug":"zodiac-medline-iii-yamaha","status":"publish","type":"product","link":"https:\/\/jopanautica.com\/ca\/producto\/zodiac-medline-iii-yamaha\/","title":{"rendered":"Zodiac Medline III"},"content":{"rendered":"<p>Embarcaci\u00f3 Zodiac Medline III del 2005 amb flotador Hypalon i 2 motors Yamaha de 150 cv cadascun del 2015 en bon estat.<\/p>\n","protected":false},"excerpt":{"rendered":"<p>FLOTADOR HYPALON PUNTERA DE PROA. \u00c0NCLA I CAP TERRA DE TEKA SINT\u00c8TICA FERRADURA SALVAMENT BOMBA INFAR SOLARIUM DE PROA + COIXINS SEIENT A POPA DUTXA A POPA ESCALA DE BANY COFRE MET\u00c0L\u00b7LIC AMB BOTIGA BOCINA DE PL\u00c0STIC PICA RENTAMANS AMOBLE BIMINI INOX AMB LONA BEIGE 4 XALECOSSALVAVIDES 2 BATERIES 75 AH TRANSDUCTOR<\/p>\n","protected":false},"featured_media":21439,"template":"","meta":{"_acf_changed":false},"product_brand":[],"product_cat":[375],"product_tag":[],"class_list":{"0":"post-20647","1":"product","2":"type-product","3":"status-publish","4":"has-post-thumbnail","6":"product_cat-ocasio","8":"first","9":"instock","10":"sale","11":"purchasable","12":"product-type-simple"},"acf":[],"yoast_head":"<!-- This site is optimized with the Yoast SEO Premium plugin v26.7 (Yoast SEO v26.7) - https:\/\/yoast.com\/wordpress\/plugins\/seo\/ -->\n<title>Zodiac Medline III - Jopa N\u00e0utica<\/title>\n<meta name=\"description\" content=\"semir\u00edgida zodiac Medline III amb motor Yamaha d&#039;ocasi\u00f3 costa brava l&#039;Escala navegar\" \/>\n<meta name=\"robots\" content=\"index, follow, max-snippet:-1, max-image-preview:large, max-video-preview:-1\" \/>\n<link rel=\"canonical\" href=\"https:\/\/jopanautica.com\/ca\/producto\/zodiac-medline-iii-yamaha\/\" \/>\n<meta property=\"og:locale\" content=\"ca_ES\" \/>\n<meta property=\"og:type\" content=\"article\" \/>\n<meta property=\"og:title\" content=\"Zodiac Medline III\" \/>\n<meta property=\"og:description\" content=\"semir\u00edgida zodiac Medline III amb motor Yamaha d&#039;ocasi\u00f3 costa brava l&#039;Escala navegar\" \/>\n<meta property=\"og:url\" content=\"https:\/\/jopanautica.com\/ca\/producto\/zodiac-medline-iii-yamaha\/\" \/>\n<meta property=\"og:site_name\" content=\"Jopa N\u00e0utica\" \/>\n<meta property=\"og:image\" content=\"https:\/\/jopanautica.com\/wp-content\/uploads\/2024-05-27_18-16-46.jpg\" \/>\n\t<meta property=\"og:image:width\" content=\"1216\" \/>\n\t<meta property=\"og:image:height\" content=\"823\" \/>\n\t<meta property=\"og:image:type\" content=\"image\/jpeg\" \/>\n<meta name=\"twitter:card\" content=\"summary_large_image\" \/>\n<script type=\"application\/ld+json\" class=\"yoast-schema-graph\">{\"@context\":\"https:\/\/schema.org\",\"@graph\":[{\"@type\":\"WebPage\",\"@id\":\"https:\/\/jopanautica.com\/ca\/producto\/zodiac-medline-iii-yamaha\/\",\"url\":\"https:\/\/jopanautica.com\/ca\/producto\/zodiac-medline-iii-yamaha\/\",\"name\":\"Zodiac Medline III - Jopa N\u00e0utica\",\"isPartOf\":{\"@id\":\"https:\/\/jopanautica.com\/#website\"},\"primaryImageOfPage\":{\"@id\":\"https:\/\/jopanautica.com\/ca\/producto\/zodiac-medline-iii-yamaha\/#primaryimage\"},\"image\":{\"@id\":\"https:\/\/jopanautica.com\/ca\/producto\/zodiac-medline-iii-yamaha\/#primaryimage\"},\"thumbnailUrl\":\"https:\/\/jopanautica.com\/wp-content\/uploads\/20250930_153805.jpg\",\"datePublished\":\"2024-09-27T16:19:30+00:00\",\"description\":\"semir\u00edgida zodiac Medline III amb motor Yamaha d'ocasi\u00f3 costa brava l'Escala navegar\",\"breadcrumb\":{\"@id\":\"https:\/\/jopanautica.com\/ca\/producto\/zodiac-medline-iii-yamaha\/#breadcrumb\"},\"inLanguage\":\"ca\",\"potentialAction\":[{\"@type\":\"ReadAction\",\"target\":[\"https:\/\/jopanautica.com\/ca\/producto\/zodiac-medline-iii-yamaha\/\"]}]},{\"@type\":\"ImageObject\",\"inLanguage\":\"ca\",\"@id\":\"https:\/\/jopanautica.com\/ca\/producto\/zodiac-medline-iii-yamaha\/#primaryimage\",\"url\":\"https:\/\/jopanautica.com\/wp-content\/uploads\/20250930_153805.jpg\",\"contentUrl\":\"https:\/\/jopanautica.com\/wp-content\/uploads\/20250930_153805.jpg\",\"width\":1500,\"height\":693},{\"@type\":\"BreadcrumbList\",\"@id\":\"https:\/\/jopanautica.com\/ca\/producto\/zodiac-medline-iii-yamaha\/#breadcrumb\",\"itemListElement\":[{\"@type\":\"ListItem\",\"position\":1,\"name\":\"Portada\",\"item\":\"https:\/\/jopanautica.com\/\"},{\"@type\":\"ListItem\",\"position\":2,\"name\":\"Botiga\",\"item\":\"https:\/\/jopanautica.com\/ca\/botiga\/\"},{\"@type\":\"ListItem\",\"position\":3,\"name\":\"Zodiac Medline III\"}]},{\"@type\":\"WebSite\",\"@id\":\"https:\/\/jopanautica.com\/#website\",\"url\":\"https:\/\/jopanautica.com\/\",\"name\":\"Jopa N\u00e0utica\",\"description\":\"Jopa N\u00e0utica l&#039; Escala\",\"publisher\":{\"@id\":\"https:\/\/jopanautica.com\/#organization\"},\"potentialAction\":[{\"@type\":\"SearchAction\",\"target\":{\"@type\":\"EntryPoint\",\"urlTemplate\":\"https:\/\/jopanautica.com\/?s={search_term_string}\"},\"query-input\":{\"@type\":\"PropertyValueSpecification\",\"valueRequired\":true,\"valueName\":\"search_term_string\"}}],\"inLanguage\":\"ca\"},{\"@type\":\"Organization\",\"@id\":\"https:\/\/jopanautica.com\/#organization\",\"name\":\"Jopa N\u00e0utica\",\"url\":\"https:\/\/jopanautica.com\/\",\"logo\":{\"@type\":\"ImageObject\",\"inLanguage\":\"ca\",\"@id\":\"https:\/\/jopanautica.com\/#\/schema\/logo\/image\/\",\"url\":\"https:\/\/jopanautica.com\/wp-content\/uploads\/2020\/06\/jopa-nautica-logo.png\",\"contentUrl\":\"https:\/\/jopanautica.com\/wp-content\/uploads\/2020\/06\/jopa-nautica-logo.png\",\"width\":600,\"height\":159,\"caption\":\"Jopa N\u00e0utica\"},\"image\":{\"@id\":\"https:\/\/jopanautica.com\/#\/schema\/logo\/image\/\"}}]}<\/script>\n<!-- \/ Yoast SEO Premium plugin. -->","yoast_head_json":{"title":"Zodiac Medline III - Jopa N\u00e0utica","description":"semir\u00edgida zodiac Medline III amb motor Yamaha d'ocasi\u00f3 costa brava l'Escala navegar","robots":{"index":"index","follow":"follow","max-snippet":"max-snippet:-1","max-image-preview":"max-image-preview:large","max-video-preview":"max-video-preview:-1"},"canonical":"https:\/\/jopanautica.com\/ca\/producto\/zodiac-medline-iii-yamaha\/","og_locale":"ca_ES","og_type":"article","og_title":"Zodiac Medline III","og_description":"semir\u00edgida zodiac Medline III amb motor Yamaha d'ocasi\u00f3 costa brava l'Escala navegar","og_url":"https:\/\/jopanautica.com\/ca\/producto\/zodiac-medline-iii-yamaha\/","og_site_name":"Jopa N\u00e0utica","og_image":[{"width":1216,"height":823,"url":"https:\/\/jopanautica.com\/wp-content\/uploads\/2024-05-27_18-16-46.jpg","type":"image\/jpeg"}],"twitter_card":"summary_large_image","schema":{"@context":"https:\/\/schema.org","@graph":[{"@type":"WebPage","@id":"https:\/\/jopanautica.com\/ca\/producto\/zodiac-medline-iii-yamaha\/","url":"https:\/\/jopanautica.com\/ca\/producto\/zodiac-medline-iii-yamaha\/","name":"Zodiac Medline III - Jopa N\u00e0utica","isPartOf":{"@id":"https:\/\/jopanautica.com\/#website"},"primaryImageOfPage":{"@id":"https:\/\/jopanautica.com\/ca\/producto\/zodiac-medline-iii-yamaha\/#primaryimage"},"image":{"@id":"https:\/\/jopanautica.com\/ca\/producto\/zodiac-medline-iii-yamaha\/#primaryimage"},"thumbnailUrl":"https:\/\/jopanautica.com\/wp-content\/uploads\/20250930_153805.jpg","datePublished":"2024-09-27T16:19:30+00:00","description":"semir\u00edgida zodiac Medline III amb motor Yamaha d'ocasi\u00f3 costa brava l'Escala navegar","breadcrumb":{"@id":"https:\/\/jopanautica.com\/ca\/producto\/zodiac-medline-iii-yamaha\/#breadcrumb"},"inLanguage":"ca","potentialAction":[{"@type":"ReadAction","target":["https:\/\/jopanautica.com\/ca\/producto\/zodiac-medline-iii-yamaha\/"]}]},{"@type":"ImageObject","inLanguage":"ca","@id":"https:\/\/jopanautica.com\/ca\/producto\/zodiac-medline-iii-yamaha\/#primaryimage","url":"https:\/\/jopanautica.com\/wp-content\/uploads\/20250930_153805.jpg","contentUrl":"https:\/\/jopanautica.com\/wp-content\/uploads\/20250930_153805.jpg","width":1500,"height":693},{"@type":"BreadcrumbList","@id":"https:\/\/jopanautica.com\/ca\/producto\/zodiac-medline-iii-yamaha\/#breadcrumb","itemListElement":[{"@type":"ListItem","position":1,"name":"Portada","item":"https:\/\/jopanautica.com\/"},{"@type":"ListItem","position":2,"name":"Botiga","item":"https:\/\/jopanautica.com\/ca\/botiga\/"},{"@type":"ListItem","position":3,"name":"Zodiac Medline III"}]},{"@type":"WebSite","@id":"https:\/\/jopanautica.com\/#website","url":"https:\/\/jopanautica.com\/","name":"Jopa N\u00e0utica","description":"Jopa N\u00e0utica l&#039; Escala","publisher":{"@id":"https:\/\/jopanautica.com\/#organization"},"potentialAction":[{"@type":"SearchAction","target":{"@type":"EntryPoint","urlTemplate":"https:\/\/jopanautica.com\/?s={search_term_string}"},"query-input":{"@type":"PropertyValueSpecification","valueRequired":true,"valueName":"search_term_string"}}],"inLanguage":"ca"},{"@type":"Organization","@id":"https:\/\/jopanautica.com\/#organization","name":"Jopa N\u00e0utica","url":"https:\/\/jopanautica.com\/","logo":{"@type":"ImageObject","inLanguage":"ca","@id":"https:\/\/jopanautica.com\/#\/schema\/logo\/image\/","url":"https:\/\/jopanautica.com\/wp-content\/uploads\/2020\/06\/jopa-nautica-logo.png","contentUrl":"https:\/\/jopanautica.com\/wp-content\/uploads\/2020\/06\/jopa-nautica-logo.png","width":600,"height":159,"caption":"Jopa N\u00e0utica"},"image":{"@id":"https:\/\/jopanautica.com\/#\/schema\/logo\/image\/"}}]}},"_links":{"self":[{"href":"https:\/\/jopanautica.com\/ca\/wp-json\/wp\/v2\/product\/20647","targetHints":{"allow":["GET"]}}],"collection":[{"href":"https:\/\/jopanautica.com\/ca\/wp-json\/wp\/v2\/product"}],"about":[{"href":"https:\/\/jopanautica.com\/ca\/wp-json\/wp\/v2\/types\/product"}],"wp:featuredmedia":[{"embeddable":true,"href":"https:\/\/jopanautica.com\/ca\/wp-json\/wp\/v2\/media\/21439"}],"wp:attachment":[{"href":"https:\/\/jopanautica.com\/ca\/wp-json\/wp\/v2\/media?parent=20647"}],"wp:term":[{"taxonomy":"product_brand","embeddable":true,"href":"https:\/\/jopanautica.com\/ca\/wp-json\/wp\/v2\/product_brand?post=20647"},{"taxonomy":"product_cat","embeddable":true,"href":"https:\/\/jopanautica.com\/ca\/wp-json\/wp\/v2\/product_cat?post=20647"},{"taxonomy":"product_tag","embeddable":true,"href":"https:\/\/jopanautica.com\/ca\/wp-json\/wp\/v2\/product_tag?post=20647"}],"curies":[{"name":"wp","href":"https:\/\/api.w.org\/{rel}","templated":true}]}}