{"id":20123,"date":"2025-05-13T10:45:40","date_gmt":"2023-11-28T12:36:47","guid":{"rendered":"https:\/\/jopanautica.com\/producto\/kayak-gemini\/"},"modified":"2025-02-27T13:25:17","modified_gmt":"2025-02-27T13:25:17","slug":"kayak-gemini","status":"publish","type":"product","link":"https:\/\/jopanautica.com\/ca\/producto\/kayak-gemini\/","title":{"rendered":"Kayak Gemini"},"content":{"rendered":"<p>La Gemini \u00e9s r\u00e0pida i divertida per remar en parella, realitzar excursions de dia, bussejar, pescar o simplement divertir-se en fam\u00edlia. La longitud necess\u00e0ria per a transportar dos adults i un nen a la posici\u00f3 central, que aprofitarem per remar quan ho remem en solitari. Despr\u00e9s d\u2019un llarg dia agrairem la seva roda encastada a la quilla per portar el caiac arrossegues fins al cotxe o garatge.<\/p>\n","protected":false},"excerpt":{"rendered":"<p>La Gemini \u00e9s r\u00e0pida i divertida per remar en parella, realitzar excursions de dia, bussejar, pescar o simplement divertir-se en fam\u00edlia. La longitud necess\u00e0ria per a transportar dos adults i un nen a la posici\u00f3 central, que aprofitarem per remar quan ho remem en solitari. Despr\u00e9s d\u2019un llarg dia agrairem la seva roda encastada a &#8230; <a title=\"Kayak Gemini\" class=\"read-more\" href=\"https:\/\/jopanautica.com\/ca\/producto\/kayak-gemini\/\" aria-label=\"M\u00e9s informaci\u00f3 sobre Kayak Gemini\">Llegiu m\u00e9s<\/a><\/p>\n","protected":false},"featured_media":19383,"template":"","meta":{"_acf_changed":false},"product_brand":[],"product_cat":[402,414],"product_tag":[],"class_list":{"0":"post-20123","1":"product","2":"type-product","3":"status-publish","4":"has-post-thumbnail","6":"product_cat-gemini-ca","7":"product_cat-nou","9":"first","10":"instock","11":"taxable","12":"shipping-taxable","13":"purchasable","14":"product-type-simple"},"acf":[],"yoast_head":"<!-- This site is optimized with the Yoast SEO Premium plugin v26.7 (Yoast SEO v26.7) - https:\/\/yoast.com\/wordpress\/plugins\/seo\/ -->\n<title>Kayak Gemini - Jopa N\u00e0utica<\/title>\n<meta name=\"robots\" content=\"index, follow, max-snippet:-1, max-image-preview:large, max-video-preview:-1\" \/>\n<link rel=\"canonical\" href=\"https:\/\/jopanautica.com\/ca\/producto\/kayak-gemini\/\" \/>\n<meta property=\"og:locale\" content=\"ca_ES\" \/>\n<meta property=\"og:type\" content=\"article\" \/>\n<meta property=\"og:title\" content=\"Kayak Gemini\" \/>\n<meta property=\"og:description\" content=\"La Gemini \u00e9s r\u00e0pida i divertida per remar en parella, realitzar excursions de dia, bussejar, pescar o simplement divertir-se en fam\u00edlia. La longitud necess\u00e0ria per a transportar dos adults i un nen a la posici\u00f3 central, que aprofitarem per remar quan ho remem en solitari. Despr\u00e9s d\u2019un llarg dia agrairem la seva roda encastada a ... Llegiu m\u00e9s\" \/>\n<meta property=\"og:url\" content=\"https:\/\/jopanautica.com\/ca\/producto\/kayak-gemini\/\" \/>\n<meta property=\"og:site_name\" content=\"Jopa N\u00e0utica\" \/>\n<meta property=\"article:modified_time\" content=\"2025-02-27T13:25:17+00:00\" \/>\n<meta property=\"og:image\" content=\"https:\/\/jopanautica.com\/wp-content\/uploads\/Kayak-Gemini.png\" \/>\n\t<meta property=\"og:image:width\" content=\"864\" \/>\n\t<meta property=\"og:image:height\" content=\"418\" \/>\n\t<meta property=\"og:image:type\" content=\"image\/png\" \/>\n<meta name=\"twitter:card\" content=\"summary_large_image\" \/>\n<script type=\"application\/ld+json\" class=\"yoast-schema-graph\">{\"@context\":\"https:\/\/schema.org\",\"@graph\":[{\"@type\":\"WebPage\",\"@id\":\"https:\/\/jopanautica.com\/ca\/producto\/kayak-gemini\/\",\"url\":\"https:\/\/jopanautica.com\/ca\/producto\/kayak-gemini\/\",\"name\":\"Kayak Gemini - Jopa N\u00e0utica\",\"isPartOf\":{\"@id\":\"https:\/\/jopanautica.com\/#website\"},\"primaryImageOfPage\":{\"@id\":\"https:\/\/jopanautica.com\/ca\/producto\/kayak-gemini\/#primaryimage\"},\"image\":{\"@id\":\"https:\/\/jopanautica.com\/ca\/producto\/kayak-gemini\/#primaryimage\"},\"thumbnailUrl\":\"https:\/\/jopanautica.com\/wp-content\/uploads\/Kayak-Gemini.png\",\"datePublished\":\"2023-11-28T12:36:47+00:00\",\"dateModified\":\"2025-02-27T13:25:17+00:00\",\"breadcrumb\":{\"@id\":\"https:\/\/jopanautica.com\/ca\/producto\/kayak-gemini\/#breadcrumb\"},\"inLanguage\":\"ca\",\"potentialAction\":[{\"@type\":\"ReadAction\",\"target\":[\"https:\/\/jopanautica.com\/ca\/producto\/kayak-gemini\/\"]}]},{\"@type\":\"ImageObject\",\"inLanguage\":\"ca\",\"@id\":\"https:\/\/jopanautica.com\/ca\/producto\/kayak-gemini\/#primaryimage\",\"url\":\"https:\/\/jopanautica.com\/wp-content\/uploads\/Kayak-Gemini.png\",\"contentUrl\":\"https:\/\/jopanautica.com\/wp-content\/uploads\/Kayak-Gemini.png\",\"width\":864,\"height\":418,\"caption\":\"Urkan Kayak\"},{\"@type\":\"BreadcrumbList\",\"@id\":\"https:\/\/jopanautica.com\/ca\/producto\/kayak-gemini\/#breadcrumb\",\"itemListElement\":[{\"@type\":\"ListItem\",\"position\":1,\"name\":\"Portada\",\"item\":\"https:\/\/jopanautica.com\/\"},{\"@type\":\"ListItem\",\"position\":2,\"name\":\"Botiga\",\"item\":\"https:\/\/jopanautica.com\/ca\/botiga\/\"},{\"@type\":\"ListItem\",\"position\":3,\"name\":\"Kayak Gemini\"}]},{\"@type\":\"WebSite\",\"@id\":\"https:\/\/jopanautica.com\/#website\",\"url\":\"https:\/\/jopanautica.com\/\",\"name\":\"Jopa N\u00e0utica\",\"description\":\"Jopa N\u00e0utica l&#039; Escala\",\"publisher\":{\"@id\":\"https:\/\/jopanautica.com\/#organization\"},\"potentialAction\":[{\"@type\":\"SearchAction\",\"target\":{\"@type\":\"EntryPoint\",\"urlTemplate\":\"https:\/\/jopanautica.com\/?s={search_term_string}\"},\"query-input\":{\"@type\":\"PropertyValueSpecification\",\"valueRequired\":true,\"valueName\":\"search_term_string\"}}],\"inLanguage\":\"ca\"},{\"@type\":\"Organization\",\"@id\":\"https:\/\/jopanautica.com\/#organization\",\"name\":\"Jopa N\u00e0utica\",\"url\":\"https:\/\/jopanautica.com\/\",\"logo\":{\"@type\":\"ImageObject\",\"inLanguage\":\"ca\",\"@id\":\"https:\/\/jopanautica.com\/#\/schema\/logo\/image\/\",\"url\":\"https:\/\/jopanautica.com\/wp-content\/uploads\/2020\/06\/jopa-nautica-logo.png\",\"contentUrl\":\"https:\/\/jopanautica.com\/wp-content\/uploads\/2020\/06\/jopa-nautica-logo.png\",\"width\":600,\"height\":159,\"caption\":\"Jopa N\u00e0utica\"},\"image\":{\"@id\":\"https:\/\/jopanautica.com\/#\/schema\/logo\/image\/\"}}]}<\/script>\n<!-- \/ Yoast SEO Premium plugin. -->","yoast_head_json":{"title":"Kayak Gemini - Jopa N\u00e0utica","robots":{"index":"index","follow":"follow","max-snippet":"max-snippet:-1","max-image-preview":"max-image-preview:large","max-video-preview":"max-video-preview:-1"},"canonical":"https:\/\/jopanautica.com\/ca\/producto\/kayak-gemini\/","og_locale":"ca_ES","og_type":"article","og_title":"Kayak Gemini","og_description":"La Gemini \u00e9s r\u00e0pida i divertida per remar en parella, realitzar excursions de dia, bussejar, pescar o simplement divertir-se en fam\u00edlia. La longitud necess\u00e0ria per a transportar dos adults i un nen a la posici\u00f3 central, que aprofitarem per remar quan ho remem en solitari. Despr\u00e9s d\u2019un llarg dia agrairem la seva roda encastada a ... Llegiu m\u00e9s","og_url":"https:\/\/jopanautica.com\/ca\/producto\/kayak-gemini\/","og_site_name":"Jopa N\u00e0utica","article_modified_time":"2025-02-27T13:25:17+00:00","og_image":[{"width":864,"height":418,"url":"https:\/\/jopanautica.com\/wp-content\/uploads\/Kayak-Gemini.png","type":"image\/png"}],"twitter_card":"summary_large_image","schema":{"@context":"https:\/\/schema.org","@graph":[{"@type":"WebPage","@id":"https:\/\/jopanautica.com\/ca\/producto\/kayak-gemini\/","url":"https:\/\/jopanautica.com\/ca\/producto\/kayak-gemini\/","name":"Kayak Gemini - Jopa N\u00e0utica","isPartOf":{"@id":"https:\/\/jopanautica.com\/#website"},"primaryImageOfPage":{"@id":"https:\/\/jopanautica.com\/ca\/producto\/kayak-gemini\/#primaryimage"},"image":{"@id":"https:\/\/jopanautica.com\/ca\/producto\/kayak-gemini\/#primaryimage"},"thumbnailUrl":"https:\/\/jopanautica.com\/wp-content\/uploads\/Kayak-Gemini.png","datePublished":"2023-11-28T12:36:47+00:00","dateModified":"2025-02-27T13:25:17+00:00","breadcrumb":{"@id":"https:\/\/jopanautica.com\/ca\/producto\/kayak-gemini\/#breadcrumb"},"inLanguage":"ca","potentialAction":[{"@type":"ReadAction","target":["https:\/\/jopanautica.com\/ca\/producto\/kayak-gemini\/"]}]},{"@type":"ImageObject","inLanguage":"ca","@id":"https:\/\/jopanautica.com\/ca\/producto\/kayak-gemini\/#primaryimage","url":"https:\/\/jopanautica.com\/wp-content\/uploads\/Kayak-Gemini.png","contentUrl":"https:\/\/jopanautica.com\/wp-content\/uploads\/Kayak-Gemini.png","width":864,"height":418,"caption":"Urkan Kayak"},{"@type":"BreadcrumbList","@id":"https:\/\/jopanautica.com\/ca\/producto\/kayak-gemini\/#breadcrumb","itemListElement":[{"@type":"ListItem","position":1,"name":"Portada","item":"https:\/\/jopanautica.com\/"},{"@type":"ListItem","position":2,"name":"Botiga","item":"https:\/\/jopanautica.com\/ca\/botiga\/"},{"@type":"ListItem","position":3,"name":"Kayak Gemini"}]},{"@type":"WebSite","@id":"https:\/\/jopanautica.com\/#website","url":"https:\/\/jopanautica.com\/","name":"Jopa N\u00e0utica","description":"Jopa N\u00e0utica l&#039; Escala","publisher":{"@id":"https:\/\/jopanautica.com\/#organization"},"potentialAction":[{"@type":"SearchAction","target":{"@type":"EntryPoint","urlTemplate":"https:\/\/jopanautica.com\/?s={search_term_string}"},"query-input":{"@type":"PropertyValueSpecification","valueRequired":true,"valueName":"search_term_string"}}],"inLanguage":"ca"},{"@type":"Organization","@id":"https:\/\/jopanautica.com\/#organization","name":"Jopa N\u00e0utica","url":"https:\/\/jopanautica.com\/","logo":{"@type":"ImageObject","inLanguage":"ca","@id":"https:\/\/jopanautica.com\/#\/schema\/logo\/image\/","url":"https:\/\/jopanautica.com\/wp-content\/uploads\/2020\/06\/jopa-nautica-logo.png","contentUrl":"https:\/\/jopanautica.com\/wp-content\/uploads\/2020\/06\/jopa-nautica-logo.png","width":600,"height":159,"caption":"Jopa N\u00e0utica"},"image":{"@id":"https:\/\/jopanautica.com\/#\/schema\/logo\/image\/"}}]}},"_links":{"self":[{"href":"https:\/\/jopanautica.com\/ca\/wp-json\/wp\/v2\/product\/20123","targetHints":{"allow":["GET"]}}],"collection":[{"href":"https:\/\/jopanautica.com\/ca\/wp-json\/wp\/v2\/product"}],"about":[{"href":"https:\/\/jopanautica.com\/ca\/wp-json\/wp\/v2\/types\/product"}],"wp:featuredmedia":[{"embeddable":true,"href":"https:\/\/jopanautica.com\/ca\/wp-json\/wp\/v2\/media\/19383"}],"wp:attachment":[{"href":"https:\/\/jopanautica.com\/ca\/wp-json\/wp\/v2\/media?parent=20123"}],"wp:term":[{"taxonomy":"product_brand","embeddable":true,"href":"https:\/\/jopanautica.com\/ca\/wp-json\/wp\/v2\/product_brand?post=20123"},{"taxonomy":"product_cat","embeddable":true,"href":"https:\/\/jopanautica.com\/ca\/wp-json\/wp\/v2\/product_cat?post=20123"},{"taxonomy":"product_tag","embeddable":true,"href":"https:\/\/jopanautica.com\/ca\/wp-json\/wp\/v2\/product_tag?post=20123"}],"curies":[{"name":"wp","href":"https:\/\/api.w.org\/{rel}","templated":true}]}}