{"id":20117,"date":"2023-11-13T11:54:01","date_gmt":"2023-11-13T11:54:01","guid":{"rendered":"https:\/\/jopanautica.com\/producto\/bma-x199\/"},"modified":"2025-02-26T14:02:41","modified_gmt":"2025-02-26T14:02:41","slug":"bma-x199","status":"publish","type":"product","link":"https:\/\/jopanautica.com\/ca\/producto\/bma-x199\/","title":{"rendered":"BMA X199"},"content":{"rendered":"<p>L&#8217;est\u00e8tica i el disseny d&#8217;avantguarda transmeten estil i dinamisme a primera vista per satisfer els propietaris m\u00e9s exigents. El rendiment, la seguretat i la comoditat fan que aquest vaixell sigui \u00fanic des de tots els punts de vista. <\/p>\n","protected":false},"excerpt":{"rendered":"<p>Consola completa, Panell de control de color, Coixins complets amb escuma de c\u00e8l\u00b7lula tancada, Ganxos remolc i amarratge, Tambutxos sota sol\u00e0rium de proa, Puntera de proa VTR, Quadre el\u00e8ctric, Plataformes de popa integrades, Bomba de sentina, Sol\u00e0rium popa, Seient frontal consola, Seient pilot i copilot, Direcci\u00f3 mec\u00e0nica, Plataforma Popa extra llargues, Flotador bicolor Blanc\/gris, Dip\u00f2sit de combustible 90 L, Escala de bany, Certificat CE i documents, Antifouling epoxi, Botadura, entrega i Proves al port de l&#8217;Escala .<\/p>\n","protected":false},"featured_media":19466,"template":"","meta":{"_acf_changed":false},"product_brand":[],"product_cat":[399,414],"product_tag":[],"class_list":{"0":"post-20117","1":"product","2":"type-product","3":"status-publish","4":"has-post-thumbnail","6":"product_cat-bma-ca","7":"product_cat-nou","9":"first","10":"outofstock","11":"taxable","12":"shipping-taxable","13":"purchasable","14":"product-type-simple"},"acf":[],"yoast_head":"<!-- This site is optimized with the Yoast SEO Premium plugin v26.7 (Yoast SEO v26.7) - https:\/\/yoast.com\/wordpress\/plugins\/seo\/ -->\n<title>BMA X199 - Jopa N\u00e0utica<\/title>\n<meta name=\"robots\" content=\"index, follow, max-snippet:-1, max-image-preview:large, max-video-preview:-1\" \/>\n<link rel=\"canonical\" href=\"https:\/\/jopanautica.com\/ca\/producto\/bma-x199\/\" \/>\n<meta property=\"og:locale\" content=\"ca_ES\" \/>\n<meta property=\"og:type\" content=\"article\" \/>\n<meta property=\"og:title\" content=\"BMA X199\" \/>\n<meta property=\"og:description\" content=\"Consola completa, Panell de control de color, Coixins complets amb escuma de c\u00e8l\u00b7lula tancada, Ganxos remolc i amarratge, Tambutxos sota sol\u00e0rium de proa, Puntera de proa VTR, Quadre el\u00e8ctric, Plataformes de popa integrades, Bomba de sentina, Sol\u00e0rium popa, Seient frontal consola, Seient pilot i copilot, Direcci\u00f3 mec\u00e0nica, Plataforma Popa extra llargues, Flotador bicolor Blanc\/gris, Dip\u00f2sit de combustible 90 L, Escala de bany, Certificat CE i documents, Antifouling epoxi, Botadura, entrega i Proves al port de l&#039;Escala .\" \/>\n<meta property=\"og:url\" content=\"https:\/\/jopanautica.com\/ca\/producto\/bma-x199\/\" \/>\n<meta property=\"og:site_name\" content=\"Jopa N\u00e0utica\" \/>\n<meta property=\"article:modified_time\" content=\"2025-02-26T14:02:41+00:00\" \/>\n<meta property=\"og:image\" content=\"https:\/\/jopanautica.com\/wp-content\/uploads\/20210709_112730-e1703152660309.jpg\" \/>\n\t<meta property=\"og:image:width\" content=\"1500\" \/>\n\t<meta property=\"og:image:height\" content=\"815\" \/>\n\t<meta property=\"og:image:type\" content=\"image\/jpeg\" \/>\n<meta name=\"twitter:card\" content=\"summary_large_image\" \/>\n<script type=\"application\/ld+json\" class=\"yoast-schema-graph\">{\"@context\":\"https:\/\/schema.org\",\"@graph\":[{\"@type\":\"WebPage\",\"@id\":\"https:\/\/jopanautica.com\/ca\/producto\/bma-x199\/\",\"url\":\"https:\/\/jopanautica.com\/ca\/producto\/bma-x199\/\",\"name\":\"BMA X199 - Jopa N\u00e0utica\",\"isPartOf\":{\"@id\":\"https:\/\/jopanautica.com\/#website\"},\"primaryImageOfPage\":{\"@id\":\"https:\/\/jopanautica.com\/ca\/producto\/bma-x199\/#primaryimage\"},\"image\":{\"@id\":\"https:\/\/jopanautica.com\/ca\/producto\/bma-x199\/#primaryimage\"},\"thumbnailUrl\":\"https:\/\/jopanautica.com\/wp-content\/uploads\/20210709_112730-e1703152660309.jpg\",\"datePublished\":\"2023-11-13T11:54:01+00:00\",\"dateModified\":\"2025-02-26T14:02:41+00:00\",\"breadcrumb\":{\"@id\":\"https:\/\/jopanautica.com\/ca\/producto\/bma-x199\/#breadcrumb\"},\"inLanguage\":\"ca\",\"potentialAction\":[{\"@type\":\"ReadAction\",\"target\":[\"https:\/\/jopanautica.com\/ca\/producto\/bma-x199\/\"]}]},{\"@type\":\"ImageObject\",\"inLanguage\":\"ca\",\"@id\":\"https:\/\/jopanautica.com\/ca\/producto\/bma-x199\/#primaryimage\",\"url\":\"https:\/\/jopanautica.com\/wp-content\/uploads\/20210709_112730-e1703152660309.jpg\",\"contentUrl\":\"https:\/\/jopanautica.com\/wp-content\/uploads\/20210709_112730-e1703152660309.jpg\",\"width\":1500,\"height\":815},{\"@type\":\"BreadcrumbList\",\"@id\":\"https:\/\/jopanautica.com\/ca\/producto\/bma-x199\/#breadcrumb\",\"itemListElement\":[{\"@type\":\"ListItem\",\"position\":1,\"name\":\"Portada\",\"item\":\"https:\/\/jopanautica.com\/\"},{\"@type\":\"ListItem\",\"position\":2,\"name\":\"Botiga\",\"item\":\"https:\/\/jopanautica.com\/ca\/botiga\/\"},{\"@type\":\"ListItem\",\"position\":3,\"name\":\"BMA X199\"}]},{\"@type\":\"WebSite\",\"@id\":\"https:\/\/jopanautica.com\/#website\",\"url\":\"https:\/\/jopanautica.com\/\",\"name\":\"Jopa N\u00e0utica\",\"description\":\"Jopa N\u00e0utica l&#039; Escala\",\"publisher\":{\"@id\":\"https:\/\/jopanautica.com\/#organization\"},\"potentialAction\":[{\"@type\":\"SearchAction\",\"target\":{\"@type\":\"EntryPoint\",\"urlTemplate\":\"https:\/\/jopanautica.com\/?s={search_term_string}\"},\"query-input\":{\"@type\":\"PropertyValueSpecification\",\"valueRequired\":true,\"valueName\":\"search_term_string\"}}],\"inLanguage\":\"ca\"},{\"@type\":\"Organization\",\"@id\":\"https:\/\/jopanautica.com\/#organization\",\"name\":\"Jopa N\u00e0utica\",\"url\":\"https:\/\/jopanautica.com\/\",\"logo\":{\"@type\":\"ImageObject\",\"inLanguage\":\"ca\",\"@id\":\"https:\/\/jopanautica.com\/#\/schema\/logo\/image\/\",\"url\":\"https:\/\/jopanautica.com\/wp-content\/uploads\/2020\/06\/jopa-nautica-logo.png\",\"contentUrl\":\"https:\/\/jopanautica.com\/wp-content\/uploads\/2020\/06\/jopa-nautica-logo.png\",\"width\":600,\"height\":159,\"caption\":\"Jopa N\u00e0utica\"},\"image\":{\"@id\":\"https:\/\/jopanautica.com\/#\/schema\/logo\/image\/\"}}]}<\/script>\n<!-- \/ Yoast SEO Premium plugin. -->","yoast_head_json":{"title":"BMA X199 - Jopa N\u00e0utica","robots":{"index":"index","follow":"follow","max-snippet":"max-snippet:-1","max-image-preview":"max-image-preview:large","max-video-preview":"max-video-preview:-1"},"canonical":"https:\/\/jopanautica.com\/ca\/producto\/bma-x199\/","og_locale":"ca_ES","og_type":"article","og_title":"BMA X199","og_description":"Consola completa, Panell de control de color, Coixins complets amb escuma de c\u00e8l\u00b7lula tancada, Ganxos remolc i amarratge, Tambutxos sota sol\u00e0rium de proa, Puntera de proa VTR, Quadre el\u00e8ctric, Plataformes de popa integrades, Bomba de sentina, Sol\u00e0rium popa, Seient frontal consola, Seient pilot i copilot, Direcci\u00f3 mec\u00e0nica, Plataforma Popa extra llargues, Flotador bicolor Blanc\/gris, Dip\u00f2sit de combustible 90 L, Escala de bany, Certificat CE i documents, Antifouling epoxi, Botadura, entrega i Proves al port de l'Escala .","og_url":"https:\/\/jopanautica.com\/ca\/producto\/bma-x199\/","og_site_name":"Jopa N\u00e0utica","article_modified_time":"2025-02-26T14:02:41+00:00","og_image":[{"width":1500,"height":815,"url":"https:\/\/jopanautica.com\/wp-content\/uploads\/20210709_112730-e1703152660309.jpg","type":"image\/jpeg"}],"twitter_card":"summary_large_image","schema":{"@context":"https:\/\/schema.org","@graph":[{"@type":"WebPage","@id":"https:\/\/jopanautica.com\/ca\/producto\/bma-x199\/","url":"https:\/\/jopanautica.com\/ca\/producto\/bma-x199\/","name":"BMA X199 - Jopa N\u00e0utica","isPartOf":{"@id":"https:\/\/jopanautica.com\/#website"},"primaryImageOfPage":{"@id":"https:\/\/jopanautica.com\/ca\/producto\/bma-x199\/#primaryimage"},"image":{"@id":"https:\/\/jopanautica.com\/ca\/producto\/bma-x199\/#primaryimage"},"thumbnailUrl":"https:\/\/jopanautica.com\/wp-content\/uploads\/20210709_112730-e1703152660309.jpg","datePublished":"2023-11-13T11:54:01+00:00","dateModified":"2025-02-26T14:02:41+00:00","breadcrumb":{"@id":"https:\/\/jopanautica.com\/ca\/producto\/bma-x199\/#breadcrumb"},"inLanguage":"ca","potentialAction":[{"@type":"ReadAction","target":["https:\/\/jopanautica.com\/ca\/producto\/bma-x199\/"]}]},{"@type":"ImageObject","inLanguage":"ca","@id":"https:\/\/jopanautica.com\/ca\/producto\/bma-x199\/#primaryimage","url":"https:\/\/jopanautica.com\/wp-content\/uploads\/20210709_112730-e1703152660309.jpg","contentUrl":"https:\/\/jopanautica.com\/wp-content\/uploads\/20210709_112730-e1703152660309.jpg","width":1500,"height":815},{"@type":"BreadcrumbList","@id":"https:\/\/jopanautica.com\/ca\/producto\/bma-x199\/#breadcrumb","itemListElement":[{"@type":"ListItem","position":1,"name":"Portada","item":"https:\/\/jopanautica.com\/"},{"@type":"ListItem","position":2,"name":"Botiga","item":"https:\/\/jopanautica.com\/ca\/botiga\/"},{"@type":"ListItem","position":3,"name":"BMA X199"}]},{"@type":"WebSite","@id":"https:\/\/jopanautica.com\/#website","url":"https:\/\/jopanautica.com\/","name":"Jopa N\u00e0utica","description":"Jopa N\u00e0utica l&#039; Escala","publisher":{"@id":"https:\/\/jopanautica.com\/#organization"},"potentialAction":[{"@type":"SearchAction","target":{"@type":"EntryPoint","urlTemplate":"https:\/\/jopanautica.com\/?s={search_term_string}"},"query-input":{"@type":"PropertyValueSpecification","valueRequired":true,"valueName":"search_term_string"}}],"inLanguage":"ca"},{"@type":"Organization","@id":"https:\/\/jopanautica.com\/#organization","name":"Jopa N\u00e0utica","url":"https:\/\/jopanautica.com\/","logo":{"@type":"ImageObject","inLanguage":"ca","@id":"https:\/\/jopanautica.com\/#\/schema\/logo\/image\/","url":"https:\/\/jopanautica.com\/wp-content\/uploads\/2020\/06\/jopa-nautica-logo.png","contentUrl":"https:\/\/jopanautica.com\/wp-content\/uploads\/2020\/06\/jopa-nautica-logo.png","width":600,"height":159,"caption":"Jopa N\u00e0utica"},"image":{"@id":"https:\/\/jopanautica.com\/#\/schema\/logo\/image\/"}}]}},"_links":{"self":[{"href":"https:\/\/jopanautica.com\/ca\/wp-json\/wp\/v2\/product\/20117","targetHints":{"allow":["GET"]}}],"collection":[{"href":"https:\/\/jopanautica.com\/ca\/wp-json\/wp\/v2\/product"}],"about":[{"href":"https:\/\/jopanautica.com\/ca\/wp-json\/wp\/v2\/types\/product"}],"wp:featuredmedia":[{"embeddable":true,"href":"https:\/\/jopanautica.com\/ca\/wp-json\/wp\/v2\/media\/19466"}],"wp:attachment":[{"href":"https:\/\/jopanautica.com\/ca\/wp-json\/wp\/v2\/media?parent=20117"}],"wp:term":[{"taxonomy":"product_brand","embeddable":true,"href":"https:\/\/jopanautica.com\/ca\/wp-json\/wp\/v2\/product_brand?post=20117"},{"taxonomy":"product_cat","embeddable":true,"href":"https:\/\/jopanautica.com\/ca\/wp-json\/wp\/v2\/product_cat?post=20117"},{"taxonomy":"product_tag","embeddable":true,"href":"https:\/\/jopanautica.com\/ca\/wp-json\/wp\/v2\/product_tag?post=20117"}],"curies":[{"name":"wp","href":"https:\/\/api.w.org\/{rel}","templated":true}]}}