{"id":20114,"date":"2023-11-13T12:07:16","date_gmt":"2023-11-28T12:08:11","guid":{"rendered":"https:\/\/jopanautica.com\/producto\/bwa-sport-18-gt\/"},"modified":"2023-11-28T12:08:11","modified_gmt":"2023-11-28T12:08:11","slug":"bwa-sport-18-gt","status":"publish","type":"product","link":"https:\/\/jopanautica.com\/ca\/producto\/bwa-sport-18-gt\/","title":{"rendered":"BWA SPORT 18 GT"},"content":{"rendered":"<p>La BWA Sport 18 GT de BWA \u00e9s una semir\u00edgida de neopr\u00e8 ideal per a la iniciaci\u00f3 i per als que busquen un model compacte i ben aprofitat, que amb una eslora de 5,54 ofereix prou espai c\u00f2mode per a 4 passatgers o m\u00e9s gr\u00e0cies al seu encertat disseny i solucions innovadores, com el seient del pilot central i elevable.<\/p>\n<p>La coberta ha estat aprofitada per al m\u00e0xim confort, amb dues superf\u00edcies per prendre el sol, sobre la zona de proa i sobre el seient doble de respatller abatible que ocupa la popa. Destaquen a proa que la secci\u00f3 central encoixinada se substitueix per una taula per menjar amb espai per a 4 persones, mentre que a la popa inclou uns pr\u00e0ctics respatllers laterals per augmentar el confort i la seguretat.<\/p>\n","protected":false},"excerpt":{"rendered":"<p>Consola completa, Panell de control de color, Coixins complets amb escuma de c\u00e8l\u00b7lula tancada, Ganxos remolc i amarratge, Tambutxos sota sol\u00e0rium de proa, Puntera de proa VTR, Quadre el\u00e8ctric, Plataformes de popa integrades, Bomba de sentina, Sol\u00e0rium popa, Seient frontal consola, Seient pilot i copilot, Direcci\u00f3 mec\u00e0nica, Plataforma Popa extra llargues,Flotador bicolor Blanc\/gris, Dip\u00f2sit de combustible 90 L, Certificat CE i documents, Transport des d&#8217;It\u00e0lia, Antifouling epoxi, Botadura, entrega i Proves al port de l&#8217;Escala .<\/p>\n","protected":false},"featured_media":19524,"template":"","meta":{"_acf_changed":false},"product_brand":[],"product_cat":[399,414],"product_tag":[],"class_list":{"0":"post-20114","1":"product","2":"type-product","3":"status-publish","4":"has-post-thumbnail","6":"product_cat-bma-ca","7":"product_cat-nou","9":"first","10":"instock","11":"sale","12":"taxable","13":"shipping-taxable","14":"purchasable","15":"product-type-simple"},"acf":[],"yoast_head":"<!-- This site is optimized with the Yoast SEO Premium plugin v26.7 (Yoast SEO v26.7) - https:\/\/yoast.com\/wordpress\/plugins\/seo\/ -->\n<title>BWA SPORT 18 GT - Jopa N\u00e0utica<\/title>\n<meta name=\"robots\" content=\"index, follow, max-snippet:-1, max-image-preview:large, max-video-preview:-1\" \/>\n<link rel=\"canonical\" href=\"https:\/\/jopanautica.com\/ca\/producto\/bwa-sport-18-gt\/\" \/>\n<meta property=\"og:locale\" content=\"ca_ES\" \/>\n<meta property=\"og:type\" content=\"article\" \/>\n<meta property=\"og:title\" content=\"BWA SPORT 18 GT\" \/>\n<meta property=\"og:description\" content=\"Consola completa, Panell de control de color, Coixins complets amb escuma de c\u00e8l\u00b7lula tancada, Ganxos remolc i amarratge, Tambutxos sota sol\u00e0rium de proa, Puntera de proa VTR, Quadre el\u00e8ctric, Plataformes de popa integrades, Bomba de sentina, Sol\u00e0rium popa, Seient frontal consola, Seient pilot i copilot, Direcci\u00f3 mec\u00e0nica, Plataforma Popa extra llargues,Flotador bicolor Blanc\/gris, Dip\u00f2sit de combustible 90 L, Certificat CE i documents, Transport des d&#039;It\u00e0lia, Antifouling epoxi, Botadura, entrega i Proves al port de l&#039;Escala .\" \/>\n<meta property=\"og:url\" content=\"https:\/\/jopanautica.com\/ca\/producto\/bwa-sport-18-gt\/\" \/>\n<meta property=\"og:site_name\" content=\"Jopa N\u00e0utica\" \/>\n<meta property=\"og:image\" content=\"https:\/\/jopanautica.com\/wp-content\/uploads\/BWA-Sport-18-GT-2.jpg\" \/>\n\t<meta property=\"og:image:width\" content=\"1500\" \/>\n\t<meta property=\"og:image:height\" content=\"845\" \/>\n\t<meta property=\"og:image:type\" content=\"image\/jpeg\" \/>\n<meta name=\"twitter:card\" content=\"summary_large_image\" \/>\n<meta name=\"twitter:label1\" content=\"Temps estimat de lectura\" \/>\n\t<meta name=\"twitter:data1\" content=\"1 minut\" \/>\n<script type=\"application\/ld+json\" class=\"yoast-schema-graph\">{\"@context\":\"https:\/\/schema.org\",\"@graph\":[{\"@type\":\"WebPage\",\"@id\":\"https:\/\/jopanautica.com\/ca\/producto\/bwa-sport-18-gt\/\",\"url\":\"https:\/\/jopanautica.com\/ca\/producto\/bwa-sport-18-gt\/\",\"name\":\"BWA SPORT 18 GT - Jopa N\u00e0utica\",\"isPartOf\":{\"@id\":\"https:\/\/jopanautica.com\/#website\"},\"primaryImageOfPage\":{\"@id\":\"https:\/\/jopanautica.com\/ca\/producto\/bwa-sport-18-gt\/#primaryimage\"},\"image\":{\"@id\":\"https:\/\/jopanautica.com\/ca\/producto\/bwa-sport-18-gt\/#primaryimage\"},\"thumbnailUrl\":\"https:\/\/jopanautica.com\/wp-content\/uploads\/BWA-Sport-18-GT-2-e1703152558567.jpg\",\"datePublished\":\"2023-11-28T12:08:11+00:00\",\"breadcrumb\":{\"@id\":\"https:\/\/jopanautica.com\/ca\/producto\/bwa-sport-18-gt\/#breadcrumb\"},\"inLanguage\":\"ca\",\"potentialAction\":[{\"@type\":\"ReadAction\",\"target\":[\"https:\/\/jopanautica.com\/ca\/producto\/bwa-sport-18-gt\/\"]}]},{\"@type\":\"ImageObject\",\"inLanguage\":\"ca\",\"@id\":\"https:\/\/jopanautica.com\/ca\/producto\/bwa-sport-18-gt\/#primaryimage\",\"url\":\"https:\/\/jopanautica.com\/wp-content\/uploads\/BWA-Sport-18-GT-2-e1703152558567.jpg\",\"contentUrl\":\"https:\/\/jopanautica.com\/wp-content\/uploads\/BWA-Sport-18-GT-2-e1703152558567.jpg\",\"width\":1342,\"height\":842},{\"@type\":\"BreadcrumbList\",\"@id\":\"https:\/\/jopanautica.com\/ca\/producto\/bwa-sport-18-gt\/#breadcrumb\",\"itemListElement\":[{\"@type\":\"ListItem\",\"position\":1,\"name\":\"Portada\",\"item\":\"https:\/\/jopanautica.com\/\"},{\"@type\":\"ListItem\",\"position\":2,\"name\":\"Botiga\",\"item\":\"https:\/\/jopanautica.com\/ca\/botiga\/\"},{\"@type\":\"ListItem\",\"position\":3,\"name\":\"BWA SPORT 18 GT\"}]},{\"@type\":\"WebSite\",\"@id\":\"https:\/\/jopanautica.com\/#website\",\"url\":\"https:\/\/jopanautica.com\/\",\"name\":\"Jopa N\u00e0utica\",\"description\":\"Jopa N\u00e0utica l&#039; Escala\",\"publisher\":{\"@id\":\"https:\/\/jopanautica.com\/#organization\"},\"potentialAction\":[{\"@type\":\"SearchAction\",\"target\":{\"@type\":\"EntryPoint\",\"urlTemplate\":\"https:\/\/jopanautica.com\/?s={search_term_string}\"},\"query-input\":{\"@type\":\"PropertyValueSpecification\",\"valueRequired\":true,\"valueName\":\"search_term_string\"}}],\"inLanguage\":\"ca\"},{\"@type\":\"Organization\",\"@id\":\"https:\/\/jopanautica.com\/#organization\",\"name\":\"Jopa N\u00e0utica\",\"url\":\"https:\/\/jopanautica.com\/\",\"logo\":{\"@type\":\"ImageObject\",\"inLanguage\":\"ca\",\"@id\":\"https:\/\/jopanautica.com\/#\/schema\/logo\/image\/\",\"url\":\"https:\/\/jopanautica.com\/wp-content\/uploads\/2020\/06\/jopa-nautica-logo.png\",\"contentUrl\":\"https:\/\/jopanautica.com\/wp-content\/uploads\/2020\/06\/jopa-nautica-logo.png\",\"width\":600,\"height\":159,\"caption\":\"Jopa N\u00e0utica\"},\"image\":{\"@id\":\"https:\/\/jopanautica.com\/#\/schema\/logo\/image\/\"}}]}<\/script>\n<!-- \/ Yoast SEO Premium plugin. -->","yoast_head_json":{"title":"BWA SPORT 18 GT - Jopa N\u00e0utica","robots":{"index":"index","follow":"follow","max-snippet":"max-snippet:-1","max-image-preview":"max-image-preview:large","max-video-preview":"max-video-preview:-1"},"canonical":"https:\/\/jopanautica.com\/ca\/producto\/bwa-sport-18-gt\/","og_locale":"ca_ES","og_type":"article","og_title":"BWA SPORT 18 GT","og_description":"Consola completa, Panell de control de color, Coixins complets amb escuma de c\u00e8l\u00b7lula tancada, Ganxos remolc i amarratge, Tambutxos sota sol\u00e0rium de proa, Puntera de proa VTR, Quadre el\u00e8ctric, Plataformes de popa integrades, Bomba de sentina, Sol\u00e0rium popa, Seient frontal consola, Seient pilot i copilot, Direcci\u00f3 mec\u00e0nica, Plataforma Popa extra llargues,Flotador bicolor Blanc\/gris, Dip\u00f2sit de combustible 90 L, Certificat CE i documents, Transport des d'It\u00e0lia, Antifouling epoxi, Botadura, entrega i Proves al port de l'Escala .","og_url":"https:\/\/jopanautica.com\/ca\/producto\/bwa-sport-18-gt\/","og_site_name":"Jopa N\u00e0utica","og_image":[{"width":1500,"height":845,"url":"https:\/\/jopanautica.com\/wp-content\/uploads\/BWA-Sport-18-GT-2.jpg","type":"image\/jpeg"}],"twitter_card":"summary_large_image","twitter_misc":{"Temps estimat de lectura":"1 minut"},"schema":{"@context":"https:\/\/schema.org","@graph":[{"@type":"WebPage","@id":"https:\/\/jopanautica.com\/ca\/producto\/bwa-sport-18-gt\/","url":"https:\/\/jopanautica.com\/ca\/producto\/bwa-sport-18-gt\/","name":"BWA SPORT 18 GT - Jopa N\u00e0utica","isPartOf":{"@id":"https:\/\/jopanautica.com\/#website"},"primaryImageOfPage":{"@id":"https:\/\/jopanautica.com\/ca\/producto\/bwa-sport-18-gt\/#primaryimage"},"image":{"@id":"https:\/\/jopanautica.com\/ca\/producto\/bwa-sport-18-gt\/#primaryimage"},"thumbnailUrl":"https:\/\/jopanautica.com\/wp-content\/uploads\/BWA-Sport-18-GT-2-e1703152558567.jpg","datePublished":"2023-11-28T12:08:11+00:00","breadcrumb":{"@id":"https:\/\/jopanautica.com\/ca\/producto\/bwa-sport-18-gt\/#breadcrumb"},"inLanguage":"ca","potentialAction":[{"@type":"ReadAction","target":["https:\/\/jopanautica.com\/ca\/producto\/bwa-sport-18-gt\/"]}]},{"@type":"ImageObject","inLanguage":"ca","@id":"https:\/\/jopanautica.com\/ca\/producto\/bwa-sport-18-gt\/#primaryimage","url":"https:\/\/jopanautica.com\/wp-content\/uploads\/BWA-Sport-18-GT-2-e1703152558567.jpg","contentUrl":"https:\/\/jopanautica.com\/wp-content\/uploads\/BWA-Sport-18-GT-2-e1703152558567.jpg","width":1342,"height":842},{"@type":"BreadcrumbList","@id":"https:\/\/jopanautica.com\/ca\/producto\/bwa-sport-18-gt\/#breadcrumb","itemListElement":[{"@type":"ListItem","position":1,"name":"Portada","item":"https:\/\/jopanautica.com\/"},{"@type":"ListItem","position":2,"name":"Botiga","item":"https:\/\/jopanautica.com\/ca\/botiga\/"},{"@type":"ListItem","position":3,"name":"BWA SPORT 18 GT"}]},{"@type":"WebSite","@id":"https:\/\/jopanautica.com\/#website","url":"https:\/\/jopanautica.com\/","name":"Jopa N\u00e0utica","description":"Jopa N\u00e0utica l&#039; Escala","publisher":{"@id":"https:\/\/jopanautica.com\/#organization"},"potentialAction":[{"@type":"SearchAction","target":{"@type":"EntryPoint","urlTemplate":"https:\/\/jopanautica.com\/?s={search_term_string}"},"query-input":{"@type":"PropertyValueSpecification","valueRequired":true,"valueName":"search_term_string"}}],"inLanguage":"ca"},{"@type":"Organization","@id":"https:\/\/jopanautica.com\/#organization","name":"Jopa N\u00e0utica","url":"https:\/\/jopanautica.com\/","logo":{"@type":"ImageObject","inLanguage":"ca","@id":"https:\/\/jopanautica.com\/#\/schema\/logo\/image\/","url":"https:\/\/jopanautica.com\/wp-content\/uploads\/2020\/06\/jopa-nautica-logo.png","contentUrl":"https:\/\/jopanautica.com\/wp-content\/uploads\/2020\/06\/jopa-nautica-logo.png","width":600,"height":159,"caption":"Jopa N\u00e0utica"},"image":{"@id":"https:\/\/jopanautica.com\/#\/schema\/logo\/image\/"}}]}},"_links":{"self":[{"href":"https:\/\/jopanautica.com\/ca\/wp-json\/wp\/v2\/product\/20114","targetHints":{"allow":["GET"]}}],"collection":[{"href":"https:\/\/jopanautica.com\/ca\/wp-json\/wp\/v2\/product"}],"about":[{"href":"https:\/\/jopanautica.com\/ca\/wp-json\/wp\/v2\/types\/product"}],"wp:featuredmedia":[{"embeddable":true,"href":"https:\/\/jopanautica.com\/ca\/wp-json\/wp\/v2\/media\/19524"}],"wp:attachment":[{"href":"https:\/\/jopanautica.com\/ca\/wp-json\/wp\/v2\/media?parent=20114"}],"wp:term":[{"taxonomy":"product_brand","embeddable":true,"href":"https:\/\/jopanautica.com\/ca\/wp-json\/wp\/v2\/product_brand?post=20114"},{"taxonomy":"product_cat","embeddable":true,"href":"https:\/\/jopanautica.com\/ca\/wp-json\/wp\/v2\/product_cat?post=20114"},{"taxonomy":"product_tag","embeddable":true,"href":"https:\/\/jopanautica.com\/ca\/wp-json\/wp\/v2\/product_tag?post=20114"}],"curies":[{"name":"wp","href":"https:\/\/api.w.org\/{rel}","templated":true}]}}