{"id":20111,"date":"2023-11-20T11:59:56","date_gmt":"2023-11-28T11:59:21","guid":{"rendered":"https:\/\/jopanautica.com\/producto\/jeanneau-merry-fisher-805\/"},"modified":"2023-12-21T10:06:10","modified_gmt":"2023-12-21T10:06:10","slug":"jeanneau-merry-fisher-805","status":"publish","type":"product","link":"https:\/\/jopanautica.com\/ca\/producto\/jeanneau-merry-fisher-805\/","title":{"rendered":"JEANNEAU MERRY FISHER 805"},"content":{"rendered":"<p>Embarcaci\u00f3 Merry Fisher 805 pesca passeig amb motor intraborda Nanni di\u00e8sel de 200 cv en bon estat ideal.<\/p>\n","protected":false},"excerpt":{"rendered":"<p>ARC DE RADAR, BARANETA ALTA PROA, CARREGADOR BATERIES, 3 BATERIES, COMPES, GPS\/SONDA AMB ANTENA, CONVERTIDOR 12\/220 V., DEP. AIG\u00dcES NEGRES, DEP. AIG\u00dcES DOL\u00c7A 100 L, DUTXA EXTERIOR, LLUMS DE NAVEGACI\u00d3, BANYERA POPA, ESCALA DE BANY, FLAPS, CORTINA CABINA, MOLINET EL\u00c8CTRIC, R\u00c0DIO FM\/CD I ALTA VEUS, S\u00d2L FUSTA EN CABINA, PRESA CORRENT AL 2, PRESA CORRENT AL 2 COBRA, CLAXON, PRESA 12 V BANYERA, CUINA GAS I ARREGADOR (INTERIOR), WC DE BUIT AMB ARREGADOR COMPARTIMENT, SEPARAT, NEVERA, LLIT 2 PLACES, SOFA INTERIOR AMB TAULA, CONVERTIBLE EN LLIT (2 PERS), AMARI , LLUMS CABINA, BOMBA ACHIQUE AUTOMATICA, HELICE PROA, SOLARIUM SOSTRE.<\/p>\n","protected":false},"featured_media":19613,"template":"","meta":{"_acf_changed":false},"product_brand":[],"product_cat":[375],"product_tag":[],"class_list":{"0":"post-20111","1":"product","2":"type-product","3":"status-publish","4":"has-post-thumbnail","6":"product_cat-ocasio","8":"first","9":"instock","10":"purchasable","11":"product-type-simple"},"acf":[],"yoast_head":"<!-- This site is optimized with the Yoast SEO Premium plugin v26.7 (Yoast SEO v26.7) - https:\/\/yoast.com\/wordpress\/plugins\/seo\/ -->\n<title>JEANNEAU MERRY FISHER 805 - Jopa N\u00e0utica<\/title>\n<meta name=\"robots\" content=\"index, follow, max-snippet:-1, max-image-preview:large, max-video-preview:-1\" \/>\n<link rel=\"canonical\" href=\"https:\/\/jopanautica.com\/ca\/producto\/jeanneau-merry-fisher-805\/\" \/>\n<meta property=\"og:locale\" content=\"ca_ES\" \/>\n<meta property=\"og:type\" content=\"article\" \/>\n<meta property=\"og:title\" content=\"JEANNEAU MERRY FISHER 805\" \/>\n<meta property=\"og:description\" content=\"ARC DE RADAR, BARANETA ALTA PROA, CARREGADOR BATERIES, 3 BATERIES, COMPES, GPS\/SONDA AMB ANTENA, CONVERTIDOR 12\/220 V., DEP. AIG\u00dcES NEGRES, DEP. AIG\u00dcES DOL\u00c7A 100 L, DUTXA EXTERIOR, LLUMS DE NAVEGACI\u00d3, BANYERA POPA, ESCALA DE BANY, FLAPS, CORTINA CABINA, MOLINET EL\u00c8CTRIC, R\u00c0DIO FM\/CD I ALTA VEUS, S\u00d2L FUSTA EN CABINA, PRESA CORRENT AL 2, PRESA CORRENT AL 2 COBRA, CLAXON, PRESA 12 V BANYERA, CUINA GAS I ARREGADOR (INTERIOR), WC DE BUIT AMB ARREGADOR COMPARTIMENT, SEPARAT, NEVERA, LLIT 2 PLACES, SOFA INTERIOR AMB TAULA, CONVERTIBLE EN LLIT (2 PERS), AMARI , LLUMS CABINA, BOMBA ACHIQUE AUTOMATICA, HELICE PROA, SOLARIUM SOSTRE.\" \/>\n<meta property=\"og:url\" content=\"https:\/\/jopanautica.com\/ca\/producto\/jeanneau-merry-fisher-805\/\" \/>\n<meta property=\"og:site_name\" content=\"Jopa N\u00e0utica\" \/>\n<meta property=\"article:modified_time\" content=\"2023-12-21T10:06:10+00:00\" \/>\n<meta property=\"og:image\" content=\"https:\/\/jopanautica.com\/wp-content\/uploads\/Jeanneau_Merry_Fsher_850_1-e1703151335231.jpg\" \/>\n\t<meta property=\"og:image:width\" content=\"800\" \/>\n\t<meta property=\"og:image:height\" content=\"360\" \/>\n\t<meta property=\"og:image:type\" content=\"image\/jpeg\" \/>\n<meta name=\"twitter:card\" content=\"summary_large_image\" \/>\n<script type=\"application\/ld+json\" class=\"yoast-schema-graph\">{\"@context\":\"https:\/\/schema.org\",\"@graph\":[{\"@type\":\"WebPage\",\"@id\":\"https:\/\/jopanautica.com\/ca\/producto\/jeanneau-merry-fisher-805\/\",\"url\":\"https:\/\/jopanautica.com\/ca\/producto\/jeanneau-merry-fisher-805\/\",\"name\":\"JEANNEAU MERRY FISHER 805 - Jopa N\u00e0utica\",\"isPartOf\":{\"@id\":\"https:\/\/jopanautica.com\/#website\"},\"primaryImageOfPage\":{\"@id\":\"https:\/\/jopanautica.com\/ca\/producto\/jeanneau-merry-fisher-805\/#primaryimage\"},\"image\":{\"@id\":\"https:\/\/jopanautica.com\/ca\/producto\/jeanneau-merry-fisher-805\/#primaryimage\"},\"thumbnailUrl\":\"https:\/\/jopanautica.com\/wp-content\/uploads\/Jeanneau_Merry_Fsher_850_1-e1703151335231.jpg\",\"datePublished\":\"2023-11-28T11:59:21+00:00\",\"dateModified\":\"2023-12-21T10:06:10+00:00\",\"breadcrumb\":{\"@id\":\"https:\/\/jopanautica.com\/ca\/producto\/jeanneau-merry-fisher-805\/#breadcrumb\"},\"inLanguage\":\"ca\",\"potentialAction\":[{\"@type\":\"ReadAction\",\"target\":[\"https:\/\/jopanautica.com\/ca\/producto\/jeanneau-merry-fisher-805\/\"]}]},{\"@type\":\"ImageObject\",\"inLanguage\":\"ca\",\"@id\":\"https:\/\/jopanautica.com\/ca\/producto\/jeanneau-merry-fisher-805\/#primaryimage\",\"url\":\"https:\/\/jopanautica.com\/wp-content\/uploads\/Jeanneau_Merry_Fsher_850_1-e1703151335231.jpg\",\"contentUrl\":\"https:\/\/jopanautica.com\/wp-content\/uploads\/Jeanneau_Merry_Fsher_850_1-e1703151335231.jpg\",\"width\":469,\"height\":262},{\"@type\":\"BreadcrumbList\",\"@id\":\"https:\/\/jopanautica.com\/ca\/producto\/jeanneau-merry-fisher-805\/#breadcrumb\",\"itemListElement\":[{\"@type\":\"ListItem\",\"position\":1,\"name\":\"Portada\",\"item\":\"https:\/\/jopanautica.com\/\"},{\"@type\":\"ListItem\",\"position\":2,\"name\":\"Botiga\",\"item\":\"https:\/\/jopanautica.com\/ca\/botiga\/\"},{\"@type\":\"ListItem\",\"position\":3,\"name\":\"JEANNEAU MERRY FISHER 805\"}]},{\"@type\":\"WebSite\",\"@id\":\"https:\/\/jopanautica.com\/#website\",\"url\":\"https:\/\/jopanautica.com\/\",\"name\":\"Jopa N\u00e0utica\",\"description\":\"Jopa N\u00e0utica l&#039; Escala\",\"publisher\":{\"@id\":\"https:\/\/jopanautica.com\/#organization\"},\"potentialAction\":[{\"@type\":\"SearchAction\",\"target\":{\"@type\":\"EntryPoint\",\"urlTemplate\":\"https:\/\/jopanautica.com\/?s={search_term_string}\"},\"query-input\":{\"@type\":\"PropertyValueSpecification\",\"valueRequired\":true,\"valueName\":\"search_term_string\"}}],\"inLanguage\":\"ca\"},{\"@type\":\"Organization\",\"@id\":\"https:\/\/jopanautica.com\/#organization\",\"name\":\"Jopa N\u00e0utica\",\"url\":\"https:\/\/jopanautica.com\/\",\"logo\":{\"@type\":\"ImageObject\",\"inLanguage\":\"ca\",\"@id\":\"https:\/\/jopanautica.com\/#\/schema\/logo\/image\/\",\"url\":\"https:\/\/jopanautica.com\/wp-content\/uploads\/2020\/06\/jopa-nautica-logo.png\",\"contentUrl\":\"https:\/\/jopanautica.com\/wp-content\/uploads\/2020\/06\/jopa-nautica-logo.png\",\"width\":600,\"height\":159,\"caption\":\"Jopa N\u00e0utica\"},\"image\":{\"@id\":\"https:\/\/jopanautica.com\/#\/schema\/logo\/image\/\"}}]}<\/script>\n<!-- \/ Yoast SEO Premium plugin. -->","yoast_head_json":{"title":"JEANNEAU MERRY FISHER 805 - Jopa N\u00e0utica","robots":{"index":"index","follow":"follow","max-snippet":"max-snippet:-1","max-image-preview":"max-image-preview:large","max-video-preview":"max-video-preview:-1"},"canonical":"https:\/\/jopanautica.com\/ca\/producto\/jeanneau-merry-fisher-805\/","og_locale":"ca_ES","og_type":"article","og_title":"JEANNEAU MERRY FISHER 805","og_description":"ARC DE RADAR, BARANETA ALTA PROA, CARREGADOR BATERIES, 3 BATERIES, COMPES, GPS\/SONDA AMB ANTENA, CONVERTIDOR 12\/220 V., DEP. AIG\u00dcES NEGRES, DEP. AIG\u00dcES DOL\u00c7A 100 L, DUTXA EXTERIOR, LLUMS DE NAVEGACI\u00d3, BANYERA POPA, ESCALA DE BANY, FLAPS, CORTINA CABINA, MOLINET EL\u00c8CTRIC, R\u00c0DIO FM\/CD I ALTA VEUS, S\u00d2L FUSTA EN CABINA, PRESA CORRENT AL 2, PRESA CORRENT AL 2 COBRA, CLAXON, PRESA 12 V BANYERA, CUINA GAS I ARREGADOR (INTERIOR), WC DE BUIT AMB ARREGADOR COMPARTIMENT, SEPARAT, NEVERA, LLIT 2 PLACES, SOFA INTERIOR AMB TAULA, CONVERTIBLE EN LLIT (2 PERS), AMARI , LLUMS CABINA, BOMBA ACHIQUE AUTOMATICA, HELICE PROA, SOLARIUM SOSTRE.","og_url":"https:\/\/jopanautica.com\/ca\/producto\/jeanneau-merry-fisher-805\/","og_site_name":"Jopa N\u00e0utica","article_modified_time":"2023-12-21T10:06:10+00:00","og_image":[{"width":800,"height":360,"url":"https:\/\/jopanautica.com\/wp-content\/uploads\/Jeanneau_Merry_Fsher_850_1-e1703151335231.jpg","type":"image\/jpeg"}],"twitter_card":"summary_large_image","schema":{"@context":"https:\/\/schema.org","@graph":[{"@type":"WebPage","@id":"https:\/\/jopanautica.com\/ca\/producto\/jeanneau-merry-fisher-805\/","url":"https:\/\/jopanautica.com\/ca\/producto\/jeanneau-merry-fisher-805\/","name":"JEANNEAU MERRY FISHER 805 - Jopa N\u00e0utica","isPartOf":{"@id":"https:\/\/jopanautica.com\/#website"},"primaryImageOfPage":{"@id":"https:\/\/jopanautica.com\/ca\/producto\/jeanneau-merry-fisher-805\/#primaryimage"},"image":{"@id":"https:\/\/jopanautica.com\/ca\/producto\/jeanneau-merry-fisher-805\/#primaryimage"},"thumbnailUrl":"https:\/\/jopanautica.com\/wp-content\/uploads\/Jeanneau_Merry_Fsher_850_1-e1703151335231.jpg","datePublished":"2023-11-28T11:59:21+00:00","dateModified":"2023-12-21T10:06:10+00:00","breadcrumb":{"@id":"https:\/\/jopanautica.com\/ca\/producto\/jeanneau-merry-fisher-805\/#breadcrumb"},"inLanguage":"ca","potentialAction":[{"@type":"ReadAction","target":["https:\/\/jopanautica.com\/ca\/producto\/jeanneau-merry-fisher-805\/"]}]},{"@type":"ImageObject","inLanguage":"ca","@id":"https:\/\/jopanautica.com\/ca\/producto\/jeanneau-merry-fisher-805\/#primaryimage","url":"https:\/\/jopanautica.com\/wp-content\/uploads\/Jeanneau_Merry_Fsher_850_1-e1703151335231.jpg","contentUrl":"https:\/\/jopanautica.com\/wp-content\/uploads\/Jeanneau_Merry_Fsher_850_1-e1703151335231.jpg","width":469,"height":262},{"@type":"BreadcrumbList","@id":"https:\/\/jopanautica.com\/ca\/producto\/jeanneau-merry-fisher-805\/#breadcrumb","itemListElement":[{"@type":"ListItem","position":1,"name":"Portada","item":"https:\/\/jopanautica.com\/"},{"@type":"ListItem","position":2,"name":"Botiga","item":"https:\/\/jopanautica.com\/ca\/botiga\/"},{"@type":"ListItem","position":3,"name":"JEANNEAU MERRY FISHER 805"}]},{"@type":"WebSite","@id":"https:\/\/jopanautica.com\/#website","url":"https:\/\/jopanautica.com\/","name":"Jopa N\u00e0utica","description":"Jopa N\u00e0utica l&#039; Escala","publisher":{"@id":"https:\/\/jopanautica.com\/#organization"},"potentialAction":[{"@type":"SearchAction","target":{"@type":"EntryPoint","urlTemplate":"https:\/\/jopanautica.com\/?s={search_term_string}"},"query-input":{"@type":"PropertyValueSpecification","valueRequired":true,"valueName":"search_term_string"}}],"inLanguage":"ca"},{"@type":"Organization","@id":"https:\/\/jopanautica.com\/#organization","name":"Jopa N\u00e0utica","url":"https:\/\/jopanautica.com\/","logo":{"@type":"ImageObject","inLanguage":"ca","@id":"https:\/\/jopanautica.com\/#\/schema\/logo\/image\/","url":"https:\/\/jopanautica.com\/wp-content\/uploads\/2020\/06\/jopa-nautica-logo.png","contentUrl":"https:\/\/jopanautica.com\/wp-content\/uploads\/2020\/06\/jopa-nautica-logo.png","width":600,"height":159,"caption":"Jopa N\u00e0utica"},"image":{"@id":"https:\/\/jopanautica.com\/#\/schema\/logo\/image\/"}}]}},"_links":{"self":[{"href":"https:\/\/jopanautica.com\/ca\/wp-json\/wp\/v2\/product\/20111","targetHints":{"allow":["GET"]}}],"collection":[{"href":"https:\/\/jopanautica.com\/ca\/wp-json\/wp\/v2\/product"}],"about":[{"href":"https:\/\/jopanautica.com\/ca\/wp-json\/wp\/v2\/types\/product"}],"wp:featuredmedia":[{"embeddable":true,"href":"https:\/\/jopanautica.com\/ca\/wp-json\/wp\/v2\/media\/19613"}],"wp:attachment":[{"href":"https:\/\/jopanautica.com\/ca\/wp-json\/wp\/v2\/media?parent=20111"}],"wp:term":[{"taxonomy":"product_brand","embeddable":true,"href":"https:\/\/jopanautica.com\/ca\/wp-json\/wp\/v2\/product_brand?post=20111"},{"taxonomy":"product_cat","embeddable":true,"href":"https:\/\/jopanautica.com\/ca\/wp-json\/wp\/v2\/product_cat?post=20111"},{"taxonomy":"product_tag","embeddable":true,"href":"https:\/\/jopanautica.com\/ca\/wp-json\/wp\/v2\/product_tag?post=20111"}],"curies":[{"name":"wp","href":"https:\/\/api.w.org\/{rel}","templated":true}]}}