{"id":20101,"date":"2025-05-13T10:46:29","date_gmt":"2023-11-28T11:29:57","guid":{"rendered":"https:\/\/jopanautica.com\/producto\/paddle-surf-jobe-leona-10-6\/"},"modified":"2023-11-28T11:29:57","modified_gmt":"2023-11-28T11:29:57","slug":"paddle-surf-jobe-leona-10-6","status":"publish","type":"product","link":"https:\/\/jopanautica.com\/ca\/producto\/paddle-surf-jobe-leona-10-6\/","title":{"rendered":"Paddle Surf Jobe Leona 10.6"},"content":{"rendered":"<p>La Leona 10.6 Taula Paddle Surf Inflable Paquet \u00e9s la nova incorporaci\u00f3 a la col\u00b7lecci\u00f3 2021. Aquesta nova Paddle Board t\u00e9 l&#8217;alta qualitat que podeu esperar, per\u00f2 a un preu m\u00e9s atractiu! La taula t\u00e9 tots els aspectes t\u00e8cnics, com un travesser a la part superior i una construcci\u00f3 X-Foundation per a una Paddle Board inflable m\u00e9s lleugera que funciona millor. La forma de la Paddle Board la converteix en una veritable tot terreny, \u00e9s perfecta per al fan\u00e0tic de les Paddle Boards recreatives que volen fer de tot!<\/p>\n","protected":false},"excerpt":{"rendered":"<p>Tecnologia d&#8217;uni\u00f3 a la calor: qualitat i seguretat de la capa d&#8217;euga Patr\u00f3 d&#8217;escuma EVA antilliscant, permet un c\u00f2mode SUP a llarg termini X-dropstitching construcci\u00f3 lleugera amb costura Llarguer a la part superior per a m\u00e9s rigidesa Nansa de neopr\u00e8 f\u00e0cil de transportar amb suport de paleta Xarxa d&#8217;emmagatzematge Bungee V\u00e0lvula Halkey Roberts 8\u2033 aleta de bloqueig EZ Anell en D a la punta i la cua Assist\u00e8ncia de pegat de v\u00e0lvula Nose rocker: 9\u2033, Tail rocker: 0\u2033 Pes m\u00e0xim del pilot 120kg | 264,6 Ibs Pes de la taula: 8,2kg | 18lbs Pes de paquet: 13,2kg | 29,1lbs Dimensions inflat: 10&#8217;6\u2033 x 32\u2033 x 4,75\u2033 | 320 x 81,3 x 12cm Volum: 246 l El paquet cont\u00e9: Aero Leona Taula Paddlesurf 10.6, adjustable 3-piece aluminium paddle, Motxilla impermeable, Bomba double action, 10ft \/ 3,04m coiled leash.<\/p>\n","protected":false},"featured_media":20236,"template":"","meta":{"_acf_changed":false},"product_brand":[],"product_cat":[405,414],"product_tag":[],"class_list":{"0":"post-20101","1":"product","2":"type-product","3":"status-publish","4":"has-post-thumbnail","6":"product_cat-jobe-ca","7":"product_cat-nou","9":"first","10":"instock","11":"taxable","12":"shipping-taxable","13":"purchasable","14":"product-type-simple"},"acf":[],"yoast_head":"<!-- This site is optimized with the Yoast SEO Premium plugin v26.7 (Yoast SEO v26.7) - https:\/\/yoast.com\/wordpress\/plugins\/seo\/ -->\n<title>Paddle Surf Jobe Leona 10.6 - Jopa N\u00e0utica<\/title>\n<meta name=\"robots\" content=\"index, follow, max-snippet:-1, max-image-preview:large, max-video-preview:-1\" \/>\n<link rel=\"canonical\" href=\"https:\/\/jopanautica.com\/ca\/producto\/paddle-surf-jobe-leona-10-6\/\" \/>\n<meta property=\"og:locale\" content=\"ca_ES\" \/>\n<meta property=\"og:type\" content=\"article\" \/>\n<meta property=\"og:title\" content=\"Paddle Surf Jobe Leona 10.6\" \/>\n<meta property=\"og:description\" content=\"Tecnologia d&#039;uni\u00f3 a la calor: qualitat i seguretat de la capa d&#039;euga Patr\u00f3 d&#039;escuma EVA antilliscant, permet un c\u00f2mode SUP a llarg termini X-dropstitching construcci\u00f3 lleugera amb costura Llarguer a la part superior per a m\u00e9s rigidesa Nansa de neopr\u00e8 f\u00e0cil de transportar amb suport de paleta Xarxa d&#039;emmagatzematge Bungee V\u00e0lvula Halkey Roberts 8\u2033 aleta de bloqueig EZ Anell en D a la punta i la cua Assist\u00e8ncia de pegat de v\u00e0lvula Nose rocker: 9\u2033, Tail rocker: 0\u2033 Pes m\u00e0xim del pilot 120kg | 264,6 Ibs Pes de la taula: 8,2kg | 18lbs Pes de paquet: 13,2kg | 29,1lbs Dimensions inflat: 10&#039;6\u2033 x 32\u2033 x 4,75\u2033 | 320 x 81,3 x 12cm Volum: 246 l El paquet cont\u00e9: Aero Leona Taula Paddlesurf 10.6, adjustable 3-piece aluminium paddle, Motxilla impermeable, Bomba double action, 10ft \/ 3,04m coiled leash.\" \/>\n<meta property=\"og:url\" content=\"https:\/\/jopanautica.com\/ca\/producto\/paddle-surf-jobe-leona-10-6\/\" \/>\n<meta property=\"og:site_name\" content=\"Jopa N\u00e0utica\" \/>\n<meta property=\"og:image\" content=\"https:\/\/jopanautica.com\/wp-content\/uploads\/486421010-big.jpg\" \/>\n\t<meta property=\"og:image:width\" content=\"480\" \/>\n\t<meta property=\"og:image:height\" content=\"600\" \/>\n\t<meta property=\"og:image:type\" content=\"image\/jpeg\" \/>\n<meta name=\"twitter:card\" content=\"summary_large_image\" \/>\n<script type=\"application\/ld+json\" class=\"yoast-schema-graph\">{\"@context\":\"https:\/\/schema.org\",\"@graph\":[{\"@type\":\"WebPage\",\"@id\":\"https:\/\/jopanautica.com\/ca\/producto\/paddle-surf-jobe-leona-10-6\/\",\"url\":\"https:\/\/jopanautica.com\/ca\/producto\/paddle-surf-jobe-leona-10-6\/\",\"name\":\"Paddle Surf Jobe Leona 10.6 - Jopa N\u00e0utica\",\"isPartOf\":{\"@id\":\"https:\/\/jopanautica.com\/#website\"},\"primaryImageOfPage\":{\"@id\":\"https:\/\/jopanautica.com\/ca\/producto\/paddle-surf-jobe-leona-10-6\/#primaryimage\"},\"image\":{\"@id\":\"https:\/\/jopanautica.com\/ca\/producto\/paddle-surf-jobe-leona-10-6\/#primaryimage\"},\"thumbnailUrl\":\"https:\/\/jopanautica.com\/wp-content\/uploads\/pack-stand-up-paddle-hinchable-aero-106-leona-jobe-jopa-nautica.jpg\",\"datePublished\":\"2023-11-28T11:29:57+00:00\",\"breadcrumb\":{\"@id\":\"https:\/\/jopanautica.com\/ca\/producto\/paddle-surf-jobe-leona-10-6\/#breadcrumb\"},\"inLanguage\":\"ca\",\"potentialAction\":[{\"@type\":\"ReadAction\",\"target\":[\"https:\/\/jopanautica.com\/ca\/producto\/paddle-surf-jobe-leona-10-6\/\"]}]},{\"@type\":\"ImageObject\",\"inLanguage\":\"ca\",\"@id\":\"https:\/\/jopanautica.com\/ca\/producto\/paddle-surf-jobe-leona-10-6\/#primaryimage\",\"url\":\"https:\/\/jopanautica.com\/wp-content\/uploads\/pack-stand-up-paddle-hinchable-aero-106-leona-jobe-jopa-nautica.jpg\",\"contentUrl\":\"https:\/\/jopanautica.com\/wp-content\/uploads\/pack-stand-up-paddle-hinchable-aero-106-leona-jobe-jopa-nautica.jpg\",\"width\":800,\"height\":666},{\"@type\":\"BreadcrumbList\",\"@id\":\"https:\/\/jopanautica.com\/ca\/producto\/paddle-surf-jobe-leona-10-6\/#breadcrumb\",\"itemListElement\":[{\"@type\":\"ListItem\",\"position\":1,\"name\":\"Portada\",\"item\":\"https:\/\/jopanautica.com\/\"},{\"@type\":\"ListItem\",\"position\":2,\"name\":\"Botiga\",\"item\":\"https:\/\/jopanautica.com\/ca\/botiga\/\"},{\"@type\":\"ListItem\",\"position\":3,\"name\":\"Paddle Surf Jobe Leona 10.6\"}]},{\"@type\":\"WebSite\",\"@id\":\"https:\/\/jopanautica.com\/#website\",\"url\":\"https:\/\/jopanautica.com\/\",\"name\":\"Jopa N\u00e0utica\",\"description\":\"Jopa N\u00e0utica l&#039; Escala\",\"publisher\":{\"@id\":\"https:\/\/jopanautica.com\/#organization\"},\"potentialAction\":[{\"@type\":\"SearchAction\",\"target\":{\"@type\":\"EntryPoint\",\"urlTemplate\":\"https:\/\/jopanautica.com\/?s={search_term_string}\"},\"query-input\":{\"@type\":\"PropertyValueSpecification\",\"valueRequired\":true,\"valueName\":\"search_term_string\"}}],\"inLanguage\":\"ca\"},{\"@type\":\"Organization\",\"@id\":\"https:\/\/jopanautica.com\/#organization\",\"name\":\"Jopa N\u00e0utica\",\"url\":\"https:\/\/jopanautica.com\/\",\"logo\":{\"@type\":\"ImageObject\",\"inLanguage\":\"ca\",\"@id\":\"https:\/\/jopanautica.com\/#\/schema\/logo\/image\/\",\"url\":\"https:\/\/jopanautica.com\/wp-content\/uploads\/2020\/06\/jopa-nautica-logo.png\",\"contentUrl\":\"https:\/\/jopanautica.com\/wp-content\/uploads\/2020\/06\/jopa-nautica-logo.png\",\"width\":600,\"height\":159,\"caption\":\"Jopa N\u00e0utica\"},\"image\":{\"@id\":\"https:\/\/jopanautica.com\/#\/schema\/logo\/image\/\"}}]}<\/script>\n<!-- \/ Yoast SEO Premium plugin. -->","yoast_head_json":{"title":"Paddle Surf Jobe Leona 10.6 - Jopa N\u00e0utica","robots":{"index":"index","follow":"follow","max-snippet":"max-snippet:-1","max-image-preview":"max-image-preview:large","max-video-preview":"max-video-preview:-1"},"canonical":"https:\/\/jopanautica.com\/ca\/producto\/paddle-surf-jobe-leona-10-6\/","og_locale":"ca_ES","og_type":"article","og_title":"Paddle Surf Jobe Leona 10.6","og_description":"Tecnologia d'uni\u00f3 a la calor: qualitat i seguretat de la capa d'euga Patr\u00f3 d'escuma EVA antilliscant, permet un c\u00f2mode SUP a llarg termini X-dropstitching construcci\u00f3 lleugera amb costura Llarguer a la part superior per a m\u00e9s rigidesa Nansa de neopr\u00e8 f\u00e0cil de transportar amb suport de paleta Xarxa d'emmagatzematge Bungee V\u00e0lvula Halkey Roberts 8\u2033 aleta de bloqueig EZ Anell en D a la punta i la cua Assist\u00e8ncia de pegat de v\u00e0lvula Nose rocker: 9\u2033, Tail rocker: 0\u2033 Pes m\u00e0xim del pilot 120kg | 264,6 Ibs Pes de la taula: 8,2kg | 18lbs Pes de paquet: 13,2kg | 29,1lbs Dimensions inflat: 10'6\u2033 x 32\u2033 x 4,75\u2033 | 320 x 81,3 x 12cm Volum: 246 l El paquet cont\u00e9: Aero Leona Taula Paddlesurf 10.6, adjustable 3-piece aluminium paddle, Motxilla impermeable, Bomba double action, 10ft \/ 3,04m coiled leash.","og_url":"https:\/\/jopanautica.com\/ca\/producto\/paddle-surf-jobe-leona-10-6\/","og_site_name":"Jopa N\u00e0utica","og_image":[{"width":480,"height":600,"url":"https:\/\/jopanautica.com\/wp-content\/uploads\/486421010-big.jpg","type":"image\/jpeg"}],"twitter_card":"summary_large_image","schema":{"@context":"https:\/\/schema.org","@graph":[{"@type":"WebPage","@id":"https:\/\/jopanautica.com\/ca\/producto\/paddle-surf-jobe-leona-10-6\/","url":"https:\/\/jopanautica.com\/ca\/producto\/paddle-surf-jobe-leona-10-6\/","name":"Paddle Surf Jobe Leona 10.6 - Jopa N\u00e0utica","isPartOf":{"@id":"https:\/\/jopanautica.com\/#website"},"primaryImageOfPage":{"@id":"https:\/\/jopanautica.com\/ca\/producto\/paddle-surf-jobe-leona-10-6\/#primaryimage"},"image":{"@id":"https:\/\/jopanautica.com\/ca\/producto\/paddle-surf-jobe-leona-10-6\/#primaryimage"},"thumbnailUrl":"https:\/\/jopanautica.com\/wp-content\/uploads\/pack-stand-up-paddle-hinchable-aero-106-leona-jobe-jopa-nautica.jpg","datePublished":"2023-11-28T11:29:57+00:00","breadcrumb":{"@id":"https:\/\/jopanautica.com\/ca\/producto\/paddle-surf-jobe-leona-10-6\/#breadcrumb"},"inLanguage":"ca","potentialAction":[{"@type":"ReadAction","target":["https:\/\/jopanautica.com\/ca\/producto\/paddle-surf-jobe-leona-10-6\/"]}]},{"@type":"ImageObject","inLanguage":"ca","@id":"https:\/\/jopanautica.com\/ca\/producto\/paddle-surf-jobe-leona-10-6\/#primaryimage","url":"https:\/\/jopanautica.com\/wp-content\/uploads\/pack-stand-up-paddle-hinchable-aero-106-leona-jobe-jopa-nautica.jpg","contentUrl":"https:\/\/jopanautica.com\/wp-content\/uploads\/pack-stand-up-paddle-hinchable-aero-106-leona-jobe-jopa-nautica.jpg","width":800,"height":666},{"@type":"BreadcrumbList","@id":"https:\/\/jopanautica.com\/ca\/producto\/paddle-surf-jobe-leona-10-6\/#breadcrumb","itemListElement":[{"@type":"ListItem","position":1,"name":"Portada","item":"https:\/\/jopanautica.com\/"},{"@type":"ListItem","position":2,"name":"Botiga","item":"https:\/\/jopanautica.com\/ca\/botiga\/"},{"@type":"ListItem","position":3,"name":"Paddle Surf Jobe Leona 10.6"}]},{"@type":"WebSite","@id":"https:\/\/jopanautica.com\/#website","url":"https:\/\/jopanautica.com\/","name":"Jopa N\u00e0utica","description":"Jopa N\u00e0utica l&#039; Escala","publisher":{"@id":"https:\/\/jopanautica.com\/#organization"},"potentialAction":[{"@type":"SearchAction","target":{"@type":"EntryPoint","urlTemplate":"https:\/\/jopanautica.com\/?s={search_term_string}"},"query-input":{"@type":"PropertyValueSpecification","valueRequired":true,"valueName":"search_term_string"}}],"inLanguage":"ca"},{"@type":"Organization","@id":"https:\/\/jopanautica.com\/#organization","name":"Jopa N\u00e0utica","url":"https:\/\/jopanautica.com\/","logo":{"@type":"ImageObject","inLanguage":"ca","@id":"https:\/\/jopanautica.com\/#\/schema\/logo\/image\/","url":"https:\/\/jopanautica.com\/wp-content\/uploads\/2020\/06\/jopa-nautica-logo.png","contentUrl":"https:\/\/jopanautica.com\/wp-content\/uploads\/2020\/06\/jopa-nautica-logo.png","width":600,"height":159,"caption":"Jopa N\u00e0utica"},"image":{"@id":"https:\/\/jopanautica.com\/#\/schema\/logo\/image\/"}}]}},"_links":{"self":[{"href":"https:\/\/jopanautica.com\/ca\/wp-json\/wp\/v2\/product\/20101","targetHints":{"allow":["GET"]}}],"collection":[{"href":"https:\/\/jopanautica.com\/ca\/wp-json\/wp\/v2\/product"}],"about":[{"href":"https:\/\/jopanautica.com\/ca\/wp-json\/wp\/v2\/types\/product"}],"wp:featuredmedia":[{"embeddable":true,"href":"https:\/\/jopanautica.com\/ca\/wp-json\/wp\/v2\/media\/20236"}],"wp:attachment":[{"href":"https:\/\/jopanautica.com\/ca\/wp-json\/wp\/v2\/media?parent=20101"}],"wp:term":[{"taxonomy":"product_brand","embeddable":true,"href":"https:\/\/jopanautica.com\/ca\/wp-json\/wp\/v2\/product_brand?post=20101"},{"taxonomy":"product_cat","embeddable":true,"href":"https:\/\/jopanautica.com\/ca\/wp-json\/wp\/v2\/product_cat?post=20101"},{"taxonomy":"product_tag","embeddable":true,"href":"https:\/\/jopanautica.com\/ca\/wp-json\/wp\/v2\/product_tag?post=20101"}],"curies":[{"name":"wp","href":"https:\/\/api.w.org\/{rel}","templated":true}]}}