{"id":19904,"date":"2023-11-21T17:23:12","date_gmt":"2023-11-21T17:23:12","guid":{"rendered":"https:\/\/jopanautica.com\/barques-docasio\/"},"modified":"2023-11-25T11:57:10","modified_gmt":"2023-11-25T11:57:10","slug":"barques-docasio","status":"publish","type":"page","link":"https:\/\/jopanautica.com\/ca\/barques-docasio\/","title":{"rendered":"Barques d&#8217;ocasi\u00f3"},"content":{"rendered":"\t\t<div data-elementor-type=\"wp-page\" data-elementor-id=\"19904\" class=\"elementor elementor-19904 elementor-19685\" data-elementor-post-type=\"page\">\n\t\t\t\t\t\t<section class=\"elementor-section elementor-top-section elementor-element elementor-element-8b51812 elementor-section-boxed elementor-section-height-default elementor-section-height-default\" data-id=\"8b51812\" data-element_type=\"section\">\n\t\t\t\t\t\t<div class=\"elementor-container elementor-column-gap-default\">\n\t\t\t\t\t<div class=\"elementor-column elementor-col-25 elementor-top-column elementor-element elementor-element-2f37d46\" data-id=\"2f37d46\" data-element_type=\"column\">\n\t\t\t<div class=\"elementor-widget-wrap\">\n\t\t\t\t\t\t\t<\/div>\n\t\t<\/div>\n\t\t\t\t<div class=\"elementor-column elementor-col-25 elementor-top-column elementor-element elementor-element-3005eb2\" data-id=\"3005eb2\" data-element_type=\"column\">\n\t\t\t<div class=\"elementor-widget-wrap\">\n\t\t\t\t\t\t\t<\/div>\n\t\t<\/div>\n\t\t\t\t<div class=\"elementor-column elementor-col-25 elementor-top-column elementor-element elementor-element-cca0a9a\" data-id=\"cca0a9a\" data-element_type=\"column\">\n\t\t\t<div class=\"elementor-widget-wrap\">\n\t\t\t\t\t\t\t<\/div>\n\t\t<\/div>\n\t\t\t\t<div class=\"elementor-column elementor-col-25 elementor-top-column elementor-element elementor-element-49ebe76\" data-id=\"49ebe76\" data-element_type=\"column\">\n\t\t\t<div class=\"elementor-widget-wrap elementor-element-populated\">\n\t\t\t\t\t\t<div class=\"elementor-element elementor-element-ff5e6cf elementor-widget elementor-widget-wp-widget-woocommerce_product_categories\" data-id=\"ff5e6cf\" data-element_type=\"widget\" data-widget_type=\"wp-widget-woocommerce_product_categories.default\">\n\t\t\t\t<div class=\"elementor-widget-container\">\n\t\t\t\t\t<div class=\"woocommerce widget_product_categories\"><select  name='product_cat' id='product_cat' class='dropdown_product_cat'>\n\t<option value='' selected='selected'>Selecciona una categoria<\/option>\n\t<option class=\"level-0\" value=\"nou\">Nou&nbsp;&nbsp;(11)<\/option>\n\t<option class=\"level-0\" value=\"ocasio\">Ocasi\u00f3&nbsp;&nbsp;(4)<\/option>\n\t<option class=\"level-0\" value=\"ranieri\">Ranieri&nbsp;&nbsp;(1)<\/option>\n<\/select>\n<\/div>\t\t\t\t<\/div>\n\t\t\t\t<\/div>\n\t\t\t\t\t<\/div>\n\t\t<\/div>\n\t\t\t\t\t<\/div>\n\t\t<\/section>\n\t\t\t\t<section class=\"elementor-section elementor-top-section elementor-element elementor-element-a33ca33 elementor-section-boxed elementor-section-height-default elementor-section-height-default\" data-id=\"a33ca33\" data-element_type=\"section\">\n\t\t\t\t\t\t<div class=\"elementor-container elementor-column-gap-default\">\n\t\t\t\t\t<div class=\"elementor-column elementor-col-100 elementor-top-column elementor-element elementor-element-18f00ec\" data-id=\"18f00ec\" data-element_type=\"column\">\n\t\t\t<div class=\"elementor-widget-wrap elementor-element-populated\">\n\t\t\t\t\t\t<div class=\"elementor-element elementor-element-c4d538b elementor-widget elementor-widget-heading\" data-id=\"c4d538b\" data-element_type=\"widget\" data-widget_type=\"heading.default\">\n\t\t\t\t<div class=\"elementor-widget-container\">\n\t\t\t\t\t<h1 class=\"elementor-heading-title elementor-size-default\">Barques d'ocasi\u00f3<\/h1>\t\t\t\t<\/div>\n\t\t\t\t<\/div>\n\t\t\t\t<div class=\"elementor-element elementor-element-7cc361f elementor-widget elementor-widget-spacer\" data-id=\"7cc361f\" data-element_type=\"widget\" data-widget_type=\"spacer.default\">\n\t\t\t\t<div class=\"elementor-widget-container\">\n\t\t\t\t\t\t\t<div class=\"elementor-spacer\">\n\t\t\t<div class=\"elementor-spacer-inner\"><\/div>\n\t\t<\/div>\n\t\t\t\t\t\t<\/div>\n\t\t\t\t<\/div>\n\t\t\t\t\t<\/div>\n\t\t<\/div>\n\t\t\t\t\t<\/div>\n\t\t<\/section>\n\t\t\t\t<section class=\"elementor-section elementor-top-section elementor-element elementor-element-3780edd elementor-section-boxed elementor-section-height-default elementor-section-height-default\" data-id=\"3780edd\" data-element_type=\"section\">\n\t\t\t\t\t\t<div class=\"elementor-container elementor-column-gap-default\">\n\t\t\t\t\t<div class=\"elementor-column elementor-col-100 elementor-top-column elementor-element elementor-element-bdfc04f\" data-id=\"bdfc04f\" data-element_type=\"column\">\n\t\t\t<div class=\"elementor-widget-wrap elementor-element-populated\">\n\t\t\t\t\t\t<div class=\"elementor-element elementor-element-31c0a67 elementor-widget elementor-widget-heading\" data-id=\"31c0a67\" data-element_type=\"widget\" data-widget_type=\"heading.default\">\n\t\t\t\t<div class=\"elementor-widget-container\">\n\t\t\t\t\t<h2 class=\"elementor-heading-title elementor-size-default\">I si tenir el teu propi vaixell fos m\u00e9s barat del que et pensaves?\nSeria genial, oi? Doncs aquests s\u00f3n els nostres vaixells d'ocasi\u00f3:<\/h2>\t\t\t\t<\/div>\n\t\t\t\t<\/div>\n\t\t\t\t<div class=\"elementor-element elementor-element-0b5ecee elementor-widget elementor-widget-spacer\" data-id=\"0b5ecee\" data-element_type=\"widget\" data-widget_type=\"spacer.default\">\n\t\t\t\t<div class=\"elementor-widget-container\">\n\t\t\t\t\t\t\t<div class=\"elementor-spacer\">\n\t\t\t<div class=\"elementor-spacer-inner\"><\/div>\n\t\t<\/div>\n\t\t\t\t\t\t<\/div>\n\t\t\t\t<\/div>\n\t\t\t\t\t<\/div>\n\t\t<\/div>\n\t\t\t\t\t<\/div>\n\t\t<\/section>\n\t\t\t\t<section class=\"elementor-section elementor-top-section elementor-element elementor-element-418d241 elementor-section-boxed elementor-section-height-default elementor-section-height-default\" data-id=\"418d241\" data-element_type=\"section\">\n\t\t\t\t\t\t<div class=\"elementor-container elementor-column-gap-default\">\n\t\t\t\t\t<div class=\"elementor-column elementor-col-100 elementor-top-column elementor-element elementor-element-6639009\" data-id=\"6639009\" data-element_type=\"column\">\n\t\t\t<div class=\"elementor-widget-wrap elementor-element-populated\">\n\t\t\t\t\t\t\t<\/div>\n\t\t<\/div>\n\t\t\t\t\t<\/div>\n\t\t<\/section>\n\t\t\t\t<\/div>\n\t\t","protected":false},"excerpt":{"rendered":"<p>Barques d&#8217;ocasi\u00f3 I si tenir el teu propi vaixell fos m\u00e9s barat del que et pensaves? Seria genial, oi? Doncs aquests s\u00f3n els nostres vaixells d&#8217;ocasi\u00f3:<\/p>\n","protected":false},"author":1,"featured_media":0,"parent":0,"menu_order":0,"comment_status":"closed","ping_status":"closed","template":"","meta":{"_acf_changed":false,"footnotes":""},"class_list":["post-19904","page","type-page","status-publish"],"acf":[],"yoast_head":"<!-- This site is optimized with the Yoast SEO Premium plugin v26.7 (Yoast SEO v26.7) - https:\/\/yoast.com\/wordpress\/plugins\/seo\/ -->\n<title>Barques d&#039;ocasi\u00f3 - Jopa N\u00e0utica<\/title>\n<meta name=\"robots\" content=\"index, follow, max-snippet:-1, max-image-preview:large, max-video-preview:-1\" \/>\n<link rel=\"canonical\" href=\"https:\/\/jopanautica.com\/ca\/barques-docasio\/\" \/>\n<meta property=\"og:locale\" content=\"ca_ES\" \/>\n<meta property=\"og:type\" content=\"article\" \/>\n<meta property=\"og:title\" content=\"Barques d&#039;ocasi\u00f3\" \/>\n<meta property=\"og:description\" content=\"Barques d&#8217;ocasi\u00f3 I si tenir el teu propi vaixell fos m\u00e9s barat del que et pensaves? Seria genial, oi? Doncs aquests s\u00f3n els nostres vaixells d&#8217;ocasi\u00f3:\" \/>\n<meta property=\"og:url\" content=\"https:\/\/jopanautica.com\/ca\/barques-docasio\/\" \/>\n<meta property=\"og:site_name\" content=\"Jopa N\u00e0utica\" \/>\n<meta property=\"article:modified_time\" content=\"2023-11-25T11:57:10+00:00\" \/>\n<meta name=\"twitter:card\" content=\"summary_large_image\" \/>\n<script type=\"application\/ld+json\" class=\"yoast-schema-graph\">{\"@context\":\"https:\/\/schema.org\",\"@graph\":[{\"@type\":\"WebPage\",\"@id\":\"https:\/\/jopanautica.com\/ca\/barques-docasio\/\",\"url\":\"https:\/\/jopanautica.com\/ca\/barques-docasio\/\",\"name\":\"Barques d'ocasi\u00f3 - Jopa N\u00e0utica\",\"isPartOf\":{\"@id\":\"https:\/\/jopanautica.com\/#website\"},\"datePublished\":\"2023-11-21T17:23:12+00:00\",\"dateModified\":\"2023-11-25T11:57:10+00:00\",\"breadcrumb\":{\"@id\":\"https:\/\/jopanautica.com\/ca\/barques-docasio\/#breadcrumb\"},\"inLanguage\":\"ca\",\"potentialAction\":[{\"@type\":\"ReadAction\",\"target\":[\"https:\/\/jopanautica.com\/ca\/barques-docasio\/\"]}]},{\"@type\":\"BreadcrumbList\",\"@id\":\"https:\/\/jopanautica.com\/ca\/barques-docasio\/#breadcrumb\",\"itemListElement\":[{\"@type\":\"ListItem\",\"position\":1,\"name\":\"Portada\",\"item\":\"https:\/\/jopanautica.com\/\"},{\"@type\":\"ListItem\",\"position\":2,\"name\":\"Barques d&#8217;ocasi\u00f3\"}]},{\"@type\":\"WebSite\",\"@id\":\"https:\/\/jopanautica.com\/#website\",\"url\":\"https:\/\/jopanautica.com\/\",\"name\":\"Jopa N\u00e0utica\",\"description\":\"Jopa N\u00e0utica l&#039; Escala\",\"publisher\":{\"@id\":\"https:\/\/jopanautica.com\/#organization\"},\"potentialAction\":[{\"@type\":\"SearchAction\",\"target\":{\"@type\":\"EntryPoint\",\"urlTemplate\":\"https:\/\/jopanautica.com\/?s={search_term_string}\"},\"query-input\":{\"@type\":\"PropertyValueSpecification\",\"valueRequired\":true,\"valueName\":\"search_term_string\"}}],\"inLanguage\":\"ca\"},{\"@type\":\"Organization\",\"@id\":\"https:\/\/jopanautica.com\/#organization\",\"name\":\"Jopa N\u00e0utica\",\"url\":\"https:\/\/jopanautica.com\/\",\"logo\":{\"@type\":\"ImageObject\",\"inLanguage\":\"ca\",\"@id\":\"https:\/\/jopanautica.com\/#\/schema\/logo\/image\/\",\"url\":\"https:\/\/jopanautica.com\/wp-content\/uploads\/2020\/06\/jopa-nautica-logo.png\",\"contentUrl\":\"https:\/\/jopanautica.com\/wp-content\/uploads\/2020\/06\/jopa-nautica-logo.png\",\"width\":600,\"height\":159,\"caption\":\"Jopa N\u00e0utica\"},\"image\":{\"@id\":\"https:\/\/jopanautica.com\/#\/schema\/logo\/image\/\"}}]}<\/script>\n<!-- \/ Yoast SEO Premium plugin. -->","yoast_head_json":{"title":"Barques d'ocasi\u00f3 - Jopa N\u00e0utica","robots":{"index":"index","follow":"follow","max-snippet":"max-snippet:-1","max-image-preview":"max-image-preview:large","max-video-preview":"max-video-preview:-1"},"canonical":"https:\/\/jopanautica.com\/ca\/barques-docasio\/","og_locale":"ca_ES","og_type":"article","og_title":"Barques d'ocasi\u00f3","og_description":"Barques d&#8217;ocasi\u00f3 I si tenir el teu propi vaixell fos m\u00e9s barat del que et pensaves? Seria genial, oi? Doncs aquests s\u00f3n els nostres vaixells d&#8217;ocasi\u00f3:","og_url":"https:\/\/jopanautica.com\/ca\/barques-docasio\/","og_site_name":"Jopa N\u00e0utica","article_modified_time":"2023-11-25T11:57:10+00:00","twitter_card":"summary_large_image","schema":{"@context":"https:\/\/schema.org","@graph":[{"@type":"WebPage","@id":"https:\/\/jopanautica.com\/ca\/barques-docasio\/","url":"https:\/\/jopanautica.com\/ca\/barques-docasio\/","name":"Barques d'ocasi\u00f3 - Jopa N\u00e0utica","isPartOf":{"@id":"https:\/\/jopanautica.com\/#website"},"datePublished":"2023-11-21T17:23:12+00:00","dateModified":"2023-11-25T11:57:10+00:00","breadcrumb":{"@id":"https:\/\/jopanautica.com\/ca\/barques-docasio\/#breadcrumb"},"inLanguage":"ca","potentialAction":[{"@type":"ReadAction","target":["https:\/\/jopanautica.com\/ca\/barques-docasio\/"]}]},{"@type":"BreadcrumbList","@id":"https:\/\/jopanautica.com\/ca\/barques-docasio\/#breadcrumb","itemListElement":[{"@type":"ListItem","position":1,"name":"Portada","item":"https:\/\/jopanautica.com\/"},{"@type":"ListItem","position":2,"name":"Barques d&#8217;ocasi\u00f3"}]},{"@type":"WebSite","@id":"https:\/\/jopanautica.com\/#website","url":"https:\/\/jopanautica.com\/","name":"Jopa N\u00e0utica","description":"Jopa N\u00e0utica l&#039; Escala","publisher":{"@id":"https:\/\/jopanautica.com\/#organization"},"potentialAction":[{"@type":"SearchAction","target":{"@type":"EntryPoint","urlTemplate":"https:\/\/jopanautica.com\/?s={search_term_string}"},"query-input":{"@type":"PropertyValueSpecification","valueRequired":true,"valueName":"search_term_string"}}],"inLanguage":"ca"},{"@type":"Organization","@id":"https:\/\/jopanautica.com\/#organization","name":"Jopa N\u00e0utica","url":"https:\/\/jopanautica.com\/","logo":{"@type":"ImageObject","inLanguage":"ca","@id":"https:\/\/jopanautica.com\/#\/schema\/logo\/image\/","url":"https:\/\/jopanautica.com\/wp-content\/uploads\/2020\/06\/jopa-nautica-logo.png","contentUrl":"https:\/\/jopanautica.com\/wp-content\/uploads\/2020\/06\/jopa-nautica-logo.png","width":600,"height":159,"caption":"Jopa N\u00e0utica"},"image":{"@id":"https:\/\/jopanautica.com\/#\/schema\/logo\/image\/"}}]}},"_links":{"self":[{"href":"https:\/\/jopanautica.com\/ca\/wp-json\/wp\/v2\/pages\/19904","targetHints":{"allow":["GET"]}}],"collection":[{"href":"https:\/\/jopanautica.com\/ca\/wp-json\/wp\/v2\/pages"}],"about":[{"href":"https:\/\/jopanautica.com\/ca\/wp-json\/wp\/v2\/types\/page"}],"author":[{"embeddable":true,"href":"https:\/\/jopanautica.com\/ca\/wp-json\/wp\/v2\/users\/1"}],"replies":[{"embeddable":true,"href":"https:\/\/jopanautica.com\/ca\/wp-json\/wp\/v2\/comments?post=19904"}],"version-history":[{"count":3,"href":"https:\/\/jopanautica.com\/ca\/wp-json\/wp\/v2\/pages\/19904\/revisions"}],"predecessor-version":[{"id":20031,"href":"https:\/\/jopanautica.com\/ca\/wp-json\/wp\/v2\/pages\/19904\/revisions\/20031"}],"wp:attachment":[{"href":"https:\/\/jopanautica.com\/ca\/wp-json\/wp\/v2\/media?parent=19904"}],"curies":[{"name":"wp","href":"https:\/\/api.w.org\/{rel}","templated":true}]}}