{"id":16369,"date":"2020-06-11T09:15:45","date_gmt":"2020-06-11T09:15:45","guid":{"rendered":"https:\/\/jopanautica.com\/consentimiento-para-el-tratamiento-de-datos\/"},"modified":"2022-04-06T08:24:14","modified_gmt":"2022-04-06T08:24:14","slug":"vonsentiment-per-al-tractament-de-dades","status":"publish","type":"page","link":"https:\/\/jopanautica.com\/ca\/vonsentiment-per-al-tractament-de-dades\/","title":{"rendered":"Consentiment per al tractament de dades"},"content":{"rendered":"\t\t<div data-elementor-type=\"wp-page\" data-elementor-id=\"16369\" class=\"elementor elementor-16369 elementor-13788\" data-elementor-post-type=\"page\">\n\t\t\t\t\t\t<section class=\"elementor-section elementor-top-section elementor-element elementor-element-6ee3cd9 elementor-section-boxed elementor-section-height-default elementor-section-height-default\" data-id=\"6ee3cd9\" data-element_type=\"section\">\n\t\t\t\t\t\t<div class=\"elementor-container elementor-column-gap-default\">\n\t\t\t\t\t<div class=\"elementor-column elementor-col-100 elementor-top-column elementor-element elementor-element-ffc6d40\" data-id=\"ffc6d40\" data-element_type=\"column\">\n\t\t\t<div class=\"elementor-widget-wrap elementor-element-populated\">\n\t\t\t\t\t\t<div class=\"elementor-element elementor-element-54c2cd8 elementor-widget elementor-widget-heading\" data-id=\"54c2cd8\" data-element_type=\"widget\" data-widget_type=\"heading.default\">\n\t\t\t\t<div class=\"elementor-widget-container\">\n\t\t\t\t\t<h1 class=\"elementor-heading-title elementor-size-default\">Consentiment per al tractament de dades<\/h1>\t\t\t\t<\/div>\n\t\t\t\t<\/div>\n\t\t\t\t<div class=\"elementor-element elementor-element-ae79b80 elementor-widget elementor-widget-text-editor\" data-id=\"ae79b80\" data-element_type=\"widget\" data-widget_type=\"text-editor.default\">\n\t\t\t\t<div class=\"elementor-widget-container\">\n\t\t\t\t\t\t\t\t\t<p><span style=\"font-family: 'Uniform Bold', sans-serif; color: var( --e-global-color-text );\">JOPA NAUTICA S.L<\/span>\u00a0\u00e9s el RESPONSABLE de el tractament de les dades personals de l\u2019USUARI i li informa que aquestes dades seran tractades de conformitat amb el que disposa el Reglament (UE) 2016\/679, de 27 d\u2019abril (GDPR), i la Llei Org\u00e0nica 3\/2018, de 5 de desembre (LOPDGDD), per la qual cosa li facilita la seg\u00fcent informaci\u00f3 del tractament:<\/p><p><strong>Fi del tractament<\/strong>: mantenir una relaci\u00f3 comercial i l\u2019enviament de comunicacions sobre els nostres productes i serveis.<\/p><p><strong>Criteris de conservaci\u00f3 de les dades<\/strong>: es conservaran mentre hi hagi un inter\u00e8s mutu per mantenir la fi del tractament i quan ja no sigui necessari per a tal fi, es suprimiran amb mesures de seguretat adequades per garantir la seudonimitzaci\u00f3 de les dades o la destrucci\u00f3 total de les mateixes.<\/p><p><strong>Comunicaci\u00f3 de les dades<\/strong>: No es comunicaran les dades a tercers, excepte per obligaci\u00f3 legal.<\/p><p><strong>Drets que assisteixen a l\u2019Usuari<\/strong>:<br \/>\u2013 Dret a retirar el consentiment en qualsevol moment.<br \/>\u2013 Dret d\u2019acc\u00e9s, rectificaci\u00f3, portabilitat\u00a0i supressi\u00f3 de les seves dades i de la limitaci\u00f3 o oposici\u00f3 al seu tractament.<br \/>\u2013 Dret a presentar una reclamaci\u00f3 davant l\u2019Autoritat de control (agpd.es) si considera que el tractament no s\u2019ajusta a la normativa vigent.<\/p><p><strong>Dades de contacte per exercir els seus drets:<\/strong><br \/>Adre\u00e7a postal:\u00a0<span style=\"font-family: 'Uniform Bold', sans-serif;\">JOPA NAUTICA S.L<\/span>. CLOSA D\u2019EN LLOP, 116 17130 L\u2019ESCALA (GIRONA)<br \/>Adre\u00e7a electr\u00f2nica:\u00a0<a href=\"mailto:info@jopanautica.com\">info@jopanautica.com<\/a><\/p>\t\t\t\t\t\t\t\t<\/div>\n\t\t\t\t<\/div>\n\t\t\t\t\t<\/div>\n\t\t<\/div>\n\t\t\t\t\t<\/div>\n\t\t<\/section>\n\t\t\t\t<\/div>\n\t\t","protected":false},"excerpt":{"rendered":"<p>JOPA NAUTICA S.L\u00a0\u00e9s el RESPONSABLE de el tractament de les dades personals de l\u2019USUARI i li informa que aquestes dades seran tractades de conformitat amb el que disposa el Reglament (UE) 2016\/679, de 27 d\u2019abril (GDPR), i la Llei Org\u00e0nica 3\/2018, de 5 de desembre (LOPDGDD), per la qual cosa li facilita la seg\u00fcent informaci\u00f3 &#8230; <a title=\"Consentiment per al tractament de dades\" class=\"read-more\" href=\"https:\/\/jopanautica.com\/ca\/vonsentiment-per-al-tractament-de-dades\/\" aria-label=\"M\u00e9s informaci\u00f3 sobre Consentiment per al tractament de dades\">Llegiu m\u00e9s<\/a><\/p>\n","protected":false},"author":1,"featured_media":0,"parent":0,"menu_order":0,"comment_status":"closed","ping_status":"closed","template":"","meta":{"_acf_changed":false,"footnotes":""},"class_list":["post-16369","page","type-page","status-publish"],"acf":[],"yoast_head":"<!-- This site is optimized with the Yoast SEO Premium plugin v26.7 (Yoast SEO v26.7) - https:\/\/yoast.com\/wordpress\/plugins\/seo\/ -->\n<title>Consentiment per al tractament de dades - Jopa N\u00e0utica<\/title>\n<meta name=\"robots\" content=\"index, follow, max-snippet:-1, max-image-preview:large, max-video-preview:-1\" \/>\n<link rel=\"canonical\" href=\"https:\/\/jopanautica.com\/ca\/vonsentiment-per-al-tractament-de-dades\/\" \/>\n<meta property=\"og:locale\" content=\"ca_ES\" \/>\n<meta property=\"og:type\" content=\"article\" \/>\n<meta property=\"og:title\" content=\"Consentiment per al tractament de dades\" \/>\n<meta property=\"og:description\" content=\"JOPA NAUTICA S.L\u00a0\u00e9s el RESPONSABLE de el tractament de les dades personals de l\u2019USUARI i li informa que aquestes dades seran tractades de conformitat amb el que disposa el Reglament (UE) 2016\/679, de 27 d\u2019abril (GDPR), i la Llei Org\u00e0nica 3\/2018, de 5 de desembre (LOPDGDD), per la qual cosa li facilita la seg\u00fcent informaci\u00f3 ... Llegiu m\u00e9s\" \/>\n<meta property=\"og:url\" content=\"https:\/\/jopanautica.com\/ca\/vonsentiment-per-al-tractament-de-dades\/\" \/>\n<meta property=\"og:site_name\" content=\"Jopa N\u00e0utica\" \/>\n<meta property=\"article:modified_time\" content=\"2022-04-06T08:24:14+00:00\" \/>\n<meta name=\"twitter:card\" content=\"summary_large_image\" \/>\n<meta name=\"twitter:label1\" content=\"Temps estimat de lectura\" \/>\n\t<meta name=\"twitter:data1\" content=\"2 minuts\" \/>\n<script type=\"application\/ld+json\" class=\"yoast-schema-graph\">{\"@context\":\"https:\/\/schema.org\",\"@graph\":[{\"@type\":\"WebPage\",\"@id\":\"https:\/\/jopanautica.com\/ca\/vonsentiment-per-al-tractament-de-dades\/\",\"url\":\"https:\/\/jopanautica.com\/ca\/vonsentiment-per-al-tractament-de-dades\/\",\"name\":\"Consentiment per al tractament de dades - Jopa N\u00e0utica\",\"isPartOf\":{\"@id\":\"https:\/\/jopanautica.com\/#website\"},\"datePublished\":\"2020-06-11T09:15:45+00:00\",\"dateModified\":\"2022-04-06T08:24:14+00:00\",\"breadcrumb\":{\"@id\":\"https:\/\/jopanautica.com\/ca\/vonsentiment-per-al-tractament-de-dades\/#breadcrumb\"},\"inLanguage\":\"ca\",\"potentialAction\":[{\"@type\":\"ReadAction\",\"target\":[\"https:\/\/jopanautica.com\/ca\/vonsentiment-per-al-tractament-de-dades\/\"]}]},{\"@type\":\"BreadcrumbList\",\"@id\":\"https:\/\/jopanautica.com\/ca\/vonsentiment-per-al-tractament-de-dades\/#breadcrumb\",\"itemListElement\":[{\"@type\":\"ListItem\",\"position\":1,\"name\":\"Portada\",\"item\":\"https:\/\/jopanautica.com\/\"},{\"@type\":\"ListItem\",\"position\":2,\"name\":\"Consentiment per al tractament de dades\"}]},{\"@type\":\"WebSite\",\"@id\":\"https:\/\/jopanautica.com\/#website\",\"url\":\"https:\/\/jopanautica.com\/\",\"name\":\"Jopa N\u00e0utica\",\"description\":\"Jopa N\u00e0utica l&#039; Escala\",\"publisher\":{\"@id\":\"https:\/\/jopanautica.com\/#organization\"},\"potentialAction\":[{\"@type\":\"SearchAction\",\"target\":{\"@type\":\"EntryPoint\",\"urlTemplate\":\"https:\/\/jopanautica.com\/?s={search_term_string}\"},\"query-input\":{\"@type\":\"PropertyValueSpecification\",\"valueRequired\":true,\"valueName\":\"search_term_string\"}}],\"inLanguage\":\"ca\"},{\"@type\":\"Organization\",\"@id\":\"https:\/\/jopanautica.com\/#organization\",\"name\":\"Jopa N\u00e0utica\",\"url\":\"https:\/\/jopanautica.com\/\",\"logo\":{\"@type\":\"ImageObject\",\"inLanguage\":\"ca\",\"@id\":\"https:\/\/jopanautica.com\/#\/schema\/logo\/image\/\",\"url\":\"https:\/\/jopanautica.com\/wp-content\/uploads\/2020\/06\/jopa-nautica-logo.png\",\"contentUrl\":\"https:\/\/jopanautica.com\/wp-content\/uploads\/2020\/06\/jopa-nautica-logo.png\",\"width\":600,\"height\":159,\"caption\":\"Jopa N\u00e0utica\"},\"image\":{\"@id\":\"https:\/\/jopanautica.com\/#\/schema\/logo\/image\/\"}}]}<\/script>\n<!-- \/ Yoast SEO Premium plugin. -->","yoast_head_json":{"title":"Consentiment per al tractament de dades - Jopa N\u00e0utica","robots":{"index":"index","follow":"follow","max-snippet":"max-snippet:-1","max-image-preview":"max-image-preview:large","max-video-preview":"max-video-preview:-1"},"canonical":"https:\/\/jopanautica.com\/ca\/vonsentiment-per-al-tractament-de-dades\/","og_locale":"ca_ES","og_type":"article","og_title":"Consentiment per al tractament de dades","og_description":"JOPA NAUTICA S.L\u00a0\u00e9s el RESPONSABLE de el tractament de les dades personals de l\u2019USUARI i li informa que aquestes dades seran tractades de conformitat amb el que disposa el Reglament (UE) 2016\/679, de 27 d\u2019abril (GDPR), i la Llei Org\u00e0nica 3\/2018, de 5 de desembre (LOPDGDD), per la qual cosa li facilita la seg\u00fcent informaci\u00f3 ... Llegiu m\u00e9s","og_url":"https:\/\/jopanautica.com\/ca\/vonsentiment-per-al-tractament-de-dades\/","og_site_name":"Jopa N\u00e0utica","article_modified_time":"2022-04-06T08:24:14+00:00","twitter_card":"summary_large_image","twitter_misc":{"Temps estimat de lectura":"2 minuts"},"schema":{"@context":"https:\/\/schema.org","@graph":[{"@type":"WebPage","@id":"https:\/\/jopanautica.com\/ca\/vonsentiment-per-al-tractament-de-dades\/","url":"https:\/\/jopanautica.com\/ca\/vonsentiment-per-al-tractament-de-dades\/","name":"Consentiment per al tractament de dades - Jopa N\u00e0utica","isPartOf":{"@id":"https:\/\/jopanautica.com\/#website"},"datePublished":"2020-06-11T09:15:45+00:00","dateModified":"2022-04-06T08:24:14+00:00","breadcrumb":{"@id":"https:\/\/jopanautica.com\/ca\/vonsentiment-per-al-tractament-de-dades\/#breadcrumb"},"inLanguage":"ca","potentialAction":[{"@type":"ReadAction","target":["https:\/\/jopanautica.com\/ca\/vonsentiment-per-al-tractament-de-dades\/"]}]},{"@type":"BreadcrumbList","@id":"https:\/\/jopanautica.com\/ca\/vonsentiment-per-al-tractament-de-dades\/#breadcrumb","itemListElement":[{"@type":"ListItem","position":1,"name":"Portada","item":"https:\/\/jopanautica.com\/"},{"@type":"ListItem","position":2,"name":"Consentiment per al tractament de dades"}]},{"@type":"WebSite","@id":"https:\/\/jopanautica.com\/#website","url":"https:\/\/jopanautica.com\/","name":"Jopa N\u00e0utica","description":"Jopa N\u00e0utica l&#039; Escala","publisher":{"@id":"https:\/\/jopanautica.com\/#organization"},"potentialAction":[{"@type":"SearchAction","target":{"@type":"EntryPoint","urlTemplate":"https:\/\/jopanautica.com\/?s={search_term_string}"},"query-input":{"@type":"PropertyValueSpecification","valueRequired":true,"valueName":"search_term_string"}}],"inLanguage":"ca"},{"@type":"Organization","@id":"https:\/\/jopanautica.com\/#organization","name":"Jopa N\u00e0utica","url":"https:\/\/jopanautica.com\/","logo":{"@type":"ImageObject","inLanguage":"ca","@id":"https:\/\/jopanautica.com\/#\/schema\/logo\/image\/","url":"https:\/\/jopanautica.com\/wp-content\/uploads\/2020\/06\/jopa-nautica-logo.png","contentUrl":"https:\/\/jopanautica.com\/wp-content\/uploads\/2020\/06\/jopa-nautica-logo.png","width":600,"height":159,"caption":"Jopa N\u00e0utica"},"image":{"@id":"https:\/\/jopanautica.com\/#\/schema\/logo\/image\/"}}]}},"_links":{"self":[{"href":"https:\/\/jopanautica.com\/ca\/wp-json\/wp\/v2\/pages\/16369","targetHints":{"allow":["GET"]}}],"collection":[{"href":"https:\/\/jopanautica.com\/ca\/wp-json\/wp\/v2\/pages"}],"about":[{"href":"https:\/\/jopanautica.com\/ca\/wp-json\/wp\/v2\/types\/page"}],"author":[{"embeddable":true,"href":"https:\/\/jopanautica.com\/ca\/wp-json\/wp\/v2\/users\/1"}],"replies":[{"embeddable":true,"href":"https:\/\/jopanautica.com\/ca\/wp-json\/wp\/v2\/comments?post=16369"}],"version-history":[{"count":5,"href":"https:\/\/jopanautica.com\/ca\/wp-json\/wp\/v2\/pages\/16369\/revisions"}],"predecessor-version":[{"id":18401,"href":"https:\/\/jopanautica.com\/ca\/wp-json\/wp\/v2\/pages\/16369\/revisions\/18401"}],"wp:attachment":[{"href":"https:\/\/jopanautica.com\/ca\/wp-json\/wp\/v2\/media?parent=16369"}],"curies":[{"name":"wp","href":"https:\/\/api.w.org\/{rel}","templated":true}]}}