{"id":15547,"date":"2021-01-11T14:48:42","date_gmt":"2021-01-11T14:48:42","guid":{"rendered":"https:\/\/jopanautica.com\/marques\/ocean-master\/"},"modified":"2024-06-12T11:01:45","modified_gmt":"2024-06-12T11:01:45","slug":"3d-tender","status":"publish","type":"page","link":"https:\/\/jopanautica.com\/ca\/marques\/3d-tender\/","title":{"rendered":"3D Tender."},"content":{"rendered":"\t\t<div data-elementor-type=\"wp-page\" data-elementor-id=\"15547\" class=\"elementor elementor-15547 elementor-14662\" data-elementor-post-type=\"page\">\n\t\t\t\t\t\t<section class=\"elementor-section elementor-top-section elementor-element elementor-element-6ce55ee elementor-section-boxed elementor-section-height-default elementor-section-height-default\" data-id=\"6ce55ee\" data-element_type=\"section\">\n\t\t\t\t\t\t<div class=\"elementor-container elementor-column-gap-default\">\n\t\t\t\t\t<div class=\"elementor-column elementor-col-100 elementor-top-column elementor-element elementor-element-d26dacf\" data-id=\"d26dacf\" data-element_type=\"column\">\n\t\t\t<div class=\"elementor-widget-wrap elementor-element-populated\">\n\t\t\t\t\t\t<div class=\"elementor-element elementor-element-2deb752 elementor-widget elementor-widget-heading\" data-id=\"2deb752\" data-element_type=\"widget\" data-widget_type=\"heading.default\">\n\t\t\t\t<div class=\"elementor-widget-container\">\n\t\t\t\t\t<h2 class=\"elementor-heading-title elementor-size-default\">3D Tender.<\/h2>\t\t\t\t<\/div>\n\t\t\t\t<\/div>\n\t\t\t\t<div class=\"elementor-element elementor-element-66ad633 elementor-widget elementor-widget-text-editor\" data-id=\"66ad633\" data-element_type=\"widget\" data-widget_type=\"text-editor.default\">\n\t\t\t\t<div class=\"elementor-widget-container\">\n\t\t\t\t\t\t\t\t\t<p>Si el teu objectiu \u00e9s trobar un vaixell pneum\u00e0tic o semir\u00edgid de qualitat-preu, pots confiar en 3DTENDER.<\/p>\n\t\t\t\t\t\t\t\t<\/div>\n\t\t\t\t<\/div>\n\t\t\t\t<div class=\"elementor-element elementor-element-b1c9f28 elementor-widget elementor-widget-image\" data-id=\"b1c9f28\" data-element_type=\"widget\" data-widget_type=\"image.default\">\n\t\t\t\t<div class=\"elementor-widget-container\">\n\t\t\t\t\t\t\t\t\t\t\t\t\t\t\t<img fetchpriority=\"high\" decoding=\"async\" width=\"915\" height=\"610\" src=\"https:\/\/jopanautica.com\/wp-content\/uploads\/502_dsc00446.jpgPrancheta-1-1-e1712151782962.jpg\" class=\"attachment-full size-full wp-image-20452\" alt=\"\" \/>\t\t\t\t\t\t\t\t\t\t\t\t\t\t\t<\/div>\n\t\t\t\t<\/div>\n\t\t\t\t\t<\/div>\n\t\t<\/div>\n\t\t\t\t\t<\/div>\n\t\t<\/section>\n\t\t\t\t<section class=\"elementor-section elementor-top-section elementor-element elementor-element-9425904 elementor-section-boxed elementor-section-height-default elementor-section-height-default\" data-id=\"9425904\" data-element_type=\"section\">\n\t\t\t\t\t\t<div class=\"elementor-container elementor-column-gap-default\">\n\t\t\t\t\t<div class=\"elementor-column elementor-col-66 elementor-top-column elementor-element elementor-element-9d60201\" data-id=\"9d60201\" data-element_type=\"column\">\n\t\t\t<div class=\"elementor-widget-wrap elementor-element-populated\">\n\t\t\t\t\t\t<div class=\"elementor-element elementor-element-80855b9 elementor-widget elementor-widget-heading\" data-id=\"80855b9\" data-element_type=\"widget\" data-widget_type=\"heading.default\">\n\t\t\t\t<div class=\"elementor-widget-container\">\n\t\t\t\t\t<h3 class=\"elementor-heading-title elementor-size-default\">Estem segurs que la teva prioritat ara mateix \u00e9s que els teus se sentin a gust i segurs mentre navegueu junts, i els vaixells de OceanMaster tenen un avantatge en aquest sentit: Semi-r\u00edgids, cascs de poli\u00e8ster, cascs d'alumini, terres desmuntables, embarcacions ultralleugeres amb fons inflables d'alta pressi\u00f3: m\u00e9s de 100.000 vaixells lliurats a tot el m\u00f3n des de l'inici de la marca 3D TENDER el 2007. <\/h3>\t\t\t\t<\/div>\n\t\t\t\t<\/div>\n\t\t\t\t<div class=\"elementor-element elementor-element-3c78bc5 elementor-widget elementor-widget-text-editor\" data-id=\"3c78bc5\" data-element_type=\"widget\" data-widget_type=\"text-editor.default\">\n\t\t\t\t<div class=\"elementor-widget-container\">\n\t\t\t\t\t\t\t\t\t<p>Rendiment, comoditat, durabilitat i preu immillorable sempre han estat els valors centrals de la marca 3D TENDER. L&#8217;enfocament s\u00f2lid de 3D TENDRE en disseny i construcci\u00f3 brinda als propietaris d&#8217;embarcacions recreatives i comercials la confian\u00e7a per anar m\u00e9s enll\u00e0 i enfrontar condicions que molts altres eviten. La gamma 3D TENDER us ofereix una elecci\u00f3 incomp arable de models amb una relaci\u00f3 qualitat-preu excepcional.<\/p>\n\t\t\t\t\t\t\t\t<\/div>\n\t\t\t\t<\/div>\n\t\t\t\t<div class=\"elementor-element elementor-element-233efcd elementor-widget elementor-widget-image\" data-id=\"233efcd\" data-element_type=\"widget\" data-widget_type=\"image.default\">\n\t\t\t\t<div class=\"elementor-widget-container\">\n\t\t\t\t\t\t\t\t\t\t\t\t\t\t\t<img decoding=\"async\" width=\"800\" height=\"1000\" src=\"https:\/\/jopanautica.com\/wp-content\/uploads\/ExplorationetvitesseLesemi-rigideseratoujourslalliedesexplorateursdeceuxquivontplusloinmaisaussideceuxquivontplusviteAussiappelespeedboatenanglaisilssontlagarantiedesen.jpg\" class=\"attachment-large size-large wp-image-20460\" alt=\"\" srcset=\"https:\/\/jopanautica.com\/wp-content\/uploads\/ExplorationetvitesseLesemi-rigideseratoujourslalliedesexplorateursdeceuxquivontplusloinmaisaussideceuxquivontplusviteAussiappelespeedboatenanglaisilssontlagarantiedesen.jpg 800w, https:\/\/jopanautica.com\/wp-content\/uploads\/ExplorationetvitesseLesemi-rigideseratoujourslalliedesexplorateursdeceuxquivontplusloinmaisaussideceuxquivontplusviteAussiappelespeedboatenanglaisilssontlagarantiedesen-400x500.jpg 400w, https:\/\/jopanautica.com\/wp-content\/uploads\/ExplorationetvitesseLesemi-rigideseratoujourslalliedesexplorateursdeceuxquivontplusloinmaisaussideceuxquivontplusviteAussiappelespeedboatenanglaisilssontlagarantiedesen-768x960.jpg 768w, https:\/\/jopanautica.com\/wp-content\/uploads\/ExplorationetvitesseLesemi-rigideseratoujourslalliedesexplorateursdeceuxquivontplusloinmaisaussideceuxquivontplusviteAussiappelespeedboatenanglaisilssontlagarantiedesen-480x600.jpg 480w\" sizes=\"(max-width: 800px) 100vw, 800px\" \/>\t\t\t\t\t\t\t\t\t\t\t\t\t\t\t<\/div>\n\t\t\t\t<\/div>\n\t\t\t\t<div class=\"elementor-element elementor-element-ed6b31d elementor-widget elementor-widget-image-gallery\" data-id=\"ed6b31d\" data-element_type=\"widget\" data-widget_type=\"image-gallery.default\">\n\t\t\t\t<div class=\"elementor-widget-container\">\n\t\t\t\t\t\t\t<div class=\"elementor-image-gallery\">\n\t\t\t<div id='gallery-1' class='gallery galleryid-15547 gallery-columns-7 gallery-size-thumbnail'><figure class='gallery-item'>\n\t\t\t<div class='gallery-icon landscape'>\n\t\t\t\t<a data-elementor-open-lightbox=\"yes\" data-elementor-lightbox-slideshow=\"ed6b31d\" data-elementor-lightbox-title=\"L\u2019\u00e9t\u00e9+tranquilleOn+esp\u00e8re+que+vous+avez+pass\u00e9++un+bon+\u00e9t\u00e9,+de+pr\u00e9f\u00e9rence+sur+les+flots+!+Si+vous+avez+eu+la+chance+d\u2019\u00eatre+en+navigation+pendant+cette+saison+estivale,+vous+voulez+\u00e9viter+de+g\u00e2cher+votre+plaisir+avec\" data-e-action-hash=\"#elementor-action%3Aaction%3Dlightbox%26settings%3DeyJpZCI6MjA0NTYsInVybCI6Imh0dHBzOlwvXC9qb3BhbmF1dGljYS5jb21cL3dwLWNvbnRlbnRcL3VwbG9hZHNcL0xldGV0cmFucXVpbGxlT25lc3BlcmVxdWV2b3VzYXZlenBhc3NldW5ib25ldGVkZXByZWZlcmVuY2VzdXJsZXNmbG90c1Npdm91c2F2ZXpldWxhY2hhbmNlZGV0cmVlbm5hdmlnYXRpb25wZW5kYW50Y2V0dGVzYWlzb25lc3RpdmFsZXZvdXN2b3VsZXpldml0ZXJkZWdhY2hlcnZvdHJlcGxhaXNpcmF2ZWMuanBnIiwic2xpZGVzaG93IjoiZWQ2YjMxZCJ9\" href='https:\/\/jopanautica.com\/wp-content\/uploads\/LetetranquilleOnesperequevousavezpasseunbonetedepreferencesurlesflotsSivousavezeulachancedetreennavigationpendantcettesaisonestivalevousvoulezeviterdegachervotreplaisiravec.jpg'><img decoding=\"async\" width=\"96\" height=\"96\" src=\"https:\/\/jopanautica.com\/wp-content\/uploads\/LetetranquilleOnesperequevousavezpasseunbonetedepreferencesurlesflotsSivousavezeulachancedetreennavigationpendantcettesaisonestivalevousvoulezeviterdegachervotreplaisiravec.jpg\" class=\"attachment-thumbnail size-thumbnail\" alt=\"\" srcset=\"https:\/\/jopanautica.com\/wp-content\/uploads\/LetetranquilleOnesperequevousavezpasseunbonetedepreferencesurlesflotsSivousavezeulachancedetreennavigationpendantcettesaisonestivalevousvoulezeviterdegachervotreplaisiravec.jpg 1000w, https:\/\/jopanautica.com\/wp-content\/uploads\/LetetranquilleOnesperequevousavezpasseunbonetedepreferencesurlesflotsSivousavezeulachancedetreennavigationpendantcettesaisonestivalevousvoulezeviterdegachervotreplaisiravec-500x500.jpg 500w, https:\/\/jopanautica.com\/wp-content\/uploads\/LetetranquilleOnesperequevousavezpasseunbonetedepreferencesurlesflotsSivousavezeulachancedetreennavigationpendantcettesaisonestivalevousvoulezeviterdegachervotreplaisiravec-768x768.jpg 768w, https:\/\/jopanautica.com\/wp-content\/uploads\/LetetranquilleOnesperequevousavezpasseunbonetedepreferencesurlesflotsSivousavezeulachancedetreennavigationpendantcettesaisonestivalevousvoulezeviterdegachervotreplaisiravec-600x600.jpg 600w, https:\/\/jopanautica.com\/wp-content\/uploads\/LetetranquilleOnesperequevousavezpasseunbonetedepreferencesurlesflotsSivousavezeulachancedetreennavigationpendantcettesaisonestivalevousvoulezeviterdegachervotreplaisiravec-100x100.jpg 100w\" sizes=\"(max-width: 96px) 100vw, 96px\" \/><\/a>\n\t\t\t<\/div><\/figure><figure class='gallery-item'>\n\t\t\t<div class='gallery-icon landscape'>\n\t\t\t\t<a data-elementor-open-lightbox=\"yes\" data-elementor-lightbox-slideshow=\"ed6b31d\" data-elementor-lightbox-title=\"560_fejq0919.jpegPrancheta-1\" data-e-action-hash=\"#elementor-action%3Aaction%3Dlightbox%26settings%3DeyJpZCI6MjA0NjUsInVybCI6Imh0dHBzOlwvXC9qb3BhbmF1dGljYS5jb21cL3dwLWNvbnRlbnRcL3VwbG9hZHNcLzU2MF9mZWpxMDkxOS5qcGVnUHJhbmNoZXRhLTEuanBnIiwic2xpZGVzaG93IjoiZWQ2YjMxZCJ9\" href='https:\/\/jopanautica.com\/wp-content\/uploads\/560_fejq0919.jpegPrancheta-1.jpg'><img loading=\"lazy\" decoding=\"async\" width=\"128\" height=\"96\" src=\"https:\/\/jopanautica.com\/wp-content\/uploads\/560_fejq0919.jpegPrancheta-1.jpg\" class=\"attachment-thumbnail size-thumbnail\" alt=\"\" srcset=\"https:\/\/jopanautica.com\/wp-content\/uploads\/560_fejq0919.jpegPrancheta-1.jpg 1333w, https:\/\/jopanautica.com\/wp-content\/uploads\/560_fejq0919.jpegPrancheta-1-667x500.jpg 667w, https:\/\/jopanautica.com\/wp-content\/uploads\/560_fejq0919.jpegPrancheta-1-768x576.jpg 768w, https:\/\/jopanautica.com\/wp-content\/uploads\/560_fejq0919.jpegPrancheta-1-800x600.jpg 800w, https:\/\/jopanautica.com\/wp-content\/uploads\/560_fejq0919.jpegPrancheta-1-1200x900.jpg 1200w\" sizes=\"(max-width: 128px) 100vw, 128px\" \/><\/a>\n\t\t\t<\/div><\/figure><figure class='gallery-item'>\n\t\t\t<div class='gallery-icon landscape'>\n\t\t\t\t<a data-elementor-open-lightbox=\"yes\" data-elementor-lightbox-slideshow=\"ed6b31d\" data-elementor-lightbox-title=\"380_nividic_24-qaf6io635pgnkxdy4wfihidrdfsxcjlpnzbt1b3f0k\" data-e-action-hash=\"#elementor-action%3Aaction%3Dlightbox%26settings%3DeyJpZCI6MjA0NjksInVybCI6Imh0dHBzOlwvXC9qb3BhbmF1dGljYS5jb21cL3dwLWNvbnRlbnRcL3VwbG9hZHNcLzM4MF9uaXZpZGljXzI0LXFhZjZpbzYzNXBnbmt4ZHk0d2ZpaGlkcmRmc3hjamxwbnpidDFiM2Yway5qcGciLCJzbGlkZXNob3ciOiJlZDZiMzFkIn0%3D\" href='https:\/\/jopanautica.com\/wp-content\/uploads\/380_nividic_24-qaf6io635pgnkxdy4wfihidrdfsxcjlpnzbt1b3f0k.jpg'><img loading=\"lazy\" decoding=\"async\" width=\"128\" height=\"80\" src=\"https:\/\/jopanautica.com\/wp-content\/uploads\/380_nividic_24-qaf6io635pgnkxdy4wfihidrdfsxcjlpnzbt1b3f0k.jpg\" class=\"attachment-thumbnail size-thumbnail\" alt=\"\" \/><\/a>\n\t\t\t<\/div><\/figure>\n\t\t<\/div>\n\t\t<\/div>\n\t\t\t\t\t\t<\/div>\n\t\t\t\t<\/div>\n\t\t\t\t<div class=\"elementor-element elementor-element-93c9e8c elementor-widget elementor-widget-button\" data-id=\"93c9e8c\" data-element_type=\"widget\" data-widget_type=\"button.default\">\n\t\t\t\t<div class=\"elementor-widget-container\">\n\t\t\t\t\t\t\t\t\t<div class=\"elementor-button-wrapper\">\n\t\t\t\t\t<a class=\"elementor-button elementor-button-link elementor-size-sm\" href=\"https:\/\/jopanautica.com\/ca\/en-que-podem-ajudar-te\/\">\n\t\t\t\t\t\t<span class=\"elementor-button-content-wrapper\">\n\t\t\t\t\t\t\t\t\t<span class=\"elementor-button-text\">Contacta amb nosaltres<\/span>\n\t\t\t\t\t<\/span>\n\t\t\t\t\t<\/a>\n\t\t\t\t<\/div>\n\t\t\t\t\t\t\t\t<\/div>\n\t\t\t\t<\/div>\n\t\t\t\t\t<\/div>\n\t\t<\/div>\n\t\t\t\t<div class=\"elementor-column elementor-col-33 elementor-top-column elementor-element elementor-element-c6ac4a5\" data-id=\"c6ac4a5\" data-element_type=\"column\">\n\t\t\t<div class=\"elementor-widget-wrap\">\n\t\t\t\t\t\t\t<\/div>\n\t\t<\/div>\n\t\t\t\t\t<\/div>\n\t\t<\/section>\n\t\t\t\t<\/div>\n\t\t","protected":false},"excerpt":{"rendered":"<p>Si el teu objectiu \u00e9s trobar un vaixell pneum\u00e0tic o semir\u00edgid de qualitat-preu, pots confiar en 3DTENDER. Estem segurs que la teva prioritat ara mateix \u00e9s que els teus se sentin a gust i segurs mentre navegueu junts, i els vaixells de OceanMaster tenen un avantatge en aquest sentit: Semi-r\u00edgids, cascs de poli\u00e8ster, cascs d&#8217;alumini, &#8230; <a title=\"3D Tender.\" class=\"read-more\" href=\"https:\/\/jopanautica.com\/ca\/marques\/3d-tender\/\" aria-label=\"M\u00e9s informaci\u00f3 sobre 3D Tender.\">Llegiu m\u00e9s<\/a><\/p>\n","protected":false},"author":1,"featured_media":0,"parent":15525,"menu_order":0,"comment_status":"closed","ping_status":"closed","template":"","meta":{"_acf_changed":false,"footnotes":""},"class_list":["post-15547","page","type-page","status-publish"],"acf":[],"yoast_head":"<!-- This site is optimized with the Yoast SEO Premium plugin v26.7 (Yoast SEO v26.7) - https:\/\/yoast.com\/wordpress\/plugins\/seo\/ -->\n<title>3D Tender. - Jopa N\u00e0utica<\/title>\n<meta name=\"robots\" content=\"index, follow, max-snippet:-1, max-image-preview:large, max-video-preview:-1\" \/>\n<link rel=\"canonical\" href=\"https:\/\/jopanautica.com\/ca\/marques\/3d-tender\/\" \/>\n<meta property=\"og:locale\" content=\"ca_ES\" \/>\n<meta property=\"og:type\" content=\"article\" \/>\n<meta property=\"og:title\" content=\"3D Tender.\" \/>\n<meta property=\"og:description\" content=\"Si el teu objectiu \u00e9s trobar un vaixell pneum\u00e0tic o semir\u00edgid de qualitat-preu, pots confiar en 3DTENDER. Estem segurs que la teva prioritat ara mateix \u00e9s que els teus se sentin a gust i segurs mentre navegueu junts, i els vaixells de OceanMaster tenen un avantatge en aquest sentit: Semi-r\u00edgids, cascs de poli\u00e8ster, cascs d&#8217;alumini, ... Llegiu m\u00e9s\" \/>\n<meta property=\"og:url\" content=\"https:\/\/jopanautica.com\/ca\/marques\/3d-tender\/\" \/>\n<meta property=\"og:site_name\" content=\"Jopa N\u00e0utica\" \/>\n<meta property=\"article:modified_time\" content=\"2024-06-12T11:01:45+00:00\" \/>\n<meta property=\"og:image\" content=\"https:\/\/jopanautica.com\/wp-content\/uploads\/502_dsc00446.jpgPrancheta-1-1-e1712151782962.jpg\" \/>\n<meta name=\"twitter:card\" content=\"summary_large_image\" \/>\n<meta name=\"twitter:label1\" content=\"Temps estimat de lectura\" \/>\n\t<meta name=\"twitter:data1\" content=\"1 minut\" \/>\n<script type=\"application\/ld+json\" class=\"yoast-schema-graph\">{\"@context\":\"https:\/\/schema.org\",\"@graph\":[{\"@type\":\"WebPage\",\"@id\":\"https:\/\/jopanautica.com\/ca\/marques\/3d-tender\/\",\"url\":\"https:\/\/jopanautica.com\/ca\/marques\/3d-tender\/\",\"name\":\"3D Tender. - Jopa N\u00e0utica\",\"isPartOf\":{\"@id\":\"https:\/\/jopanautica.com\/#website\"},\"primaryImageOfPage\":{\"@id\":\"https:\/\/jopanautica.com\/ca\/marques\/3d-tender\/#primaryimage\"},\"image\":{\"@id\":\"https:\/\/jopanautica.com\/ca\/marques\/3d-tender\/#primaryimage\"},\"thumbnailUrl\":\"https:\/\/jopanautica.com\/wp-content\/uploads\/502_dsc00446.jpgPrancheta-1-1-e1712151782962.jpg\",\"datePublished\":\"2021-01-11T14:48:42+00:00\",\"dateModified\":\"2024-06-12T11:01:45+00:00\",\"breadcrumb\":{\"@id\":\"https:\/\/jopanautica.com\/ca\/marques\/3d-tender\/#breadcrumb\"},\"inLanguage\":\"ca\",\"potentialAction\":[{\"@type\":\"ReadAction\",\"target\":[\"https:\/\/jopanautica.com\/ca\/marques\/3d-tender\/\"]}]},{\"@type\":\"ImageObject\",\"inLanguage\":\"ca\",\"@id\":\"https:\/\/jopanautica.com\/ca\/marques\/3d-tender\/#primaryimage\",\"url\":\"https:\/\/jopanautica.com\/wp-content\/uploads\/502_dsc00446.jpgPrancheta-1-1-e1712151782962.jpg\",\"contentUrl\":\"https:\/\/jopanautica.com\/wp-content\/uploads\/502_dsc00446.jpgPrancheta-1-1-e1712151782962.jpg\"},{\"@type\":\"BreadcrumbList\",\"@id\":\"https:\/\/jopanautica.com\/ca\/marques\/3d-tender\/#breadcrumb\",\"itemListElement\":[{\"@type\":\"ListItem\",\"position\":1,\"name\":\"Portada\",\"item\":\"https:\/\/jopanautica.com\/\"},{\"@type\":\"ListItem\",\"position\":2,\"name\":\"Marques\",\"item\":\"https:\/\/jopanautica.com\/marcas\/\"},{\"@type\":\"ListItem\",\"position\":3,\"name\":\"3D Tender.\"}]},{\"@type\":\"WebSite\",\"@id\":\"https:\/\/jopanautica.com\/#website\",\"url\":\"https:\/\/jopanautica.com\/\",\"name\":\"Jopa N\u00e0utica\",\"description\":\"Jopa N\u00e0utica l&#039; Escala\",\"publisher\":{\"@id\":\"https:\/\/jopanautica.com\/#organization\"},\"potentialAction\":[{\"@type\":\"SearchAction\",\"target\":{\"@type\":\"EntryPoint\",\"urlTemplate\":\"https:\/\/jopanautica.com\/?s={search_term_string}\"},\"query-input\":{\"@type\":\"PropertyValueSpecification\",\"valueRequired\":true,\"valueName\":\"search_term_string\"}}],\"inLanguage\":\"ca\"},{\"@type\":\"Organization\",\"@id\":\"https:\/\/jopanautica.com\/#organization\",\"name\":\"Jopa N\u00e0utica\",\"url\":\"https:\/\/jopanautica.com\/\",\"logo\":{\"@type\":\"ImageObject\",\"inLanguage\":\"ca\",\"@id\":\"https:\/\/jopanautica.com\/#\/schema\/logo\/image\/\",\"url\":\"https:\/\/jopanautica.com\/wp-content\/uploads\/2020\/06\/jopa-nautica-logo.png\",\"contentUrl\":\"https:\/\/jopanautica.com\/wp-content\/uploads\/2020\/06\/jopa-nautica-logo.png\",\"width\":600,\"height\":159,\"caption\":\"Jopa N\u00e0utica\"},\"image\":{\"@id\":\"https:\/\/jopanautica.com\/#\/schema\/logo\/image\/\"}}]}<\/script>\n<!-- \/ Yoast SEO Premium plugin. -->","yoast_head_json":{"title":"3D Tender. - Jopa N\u00e0utica","robots":{"index":"index","follow":"follow","max-snippet":"max-snippet:-1","max-image-preview":"max-image-preview:large","max-video-preview":"max-video-preview:-1"},"canonical":"https:\/\/jopanautica.com\/ca\/marques\/3d-tender\/","og_locale":"ca_ES","og_type":"article","og_title":"3D Tender.","og_description":"Si el teu objectiu \u00e9s trobar un vaixell pneum\u00e0tic o semir\u00edgid de qualitat-preu, pots confiar en 3DTENDER. Estem segurs que la teva prioritat ara mateix \u00e9s que els teus se sentin a gust i segurs mentre navegueu junts, i els vaixells de OceanMaster tenen un avantatge en aquest sentit: Semi-r\u00edgids, cascs de poli\u00e8ster, cascs d&#8217;alumini, ... Llegiu m\u00e9s","og_url":"https:\/\/jopanautica.com\/ca\/marques\/3d-tender\/","og_site_name":"Jopa N\u00e0utica","article_modified_time":"2024-06-12T11:01:45+00:00","og_image":[{"url":"https:\/\/jopanautica.com\/wp-content\/uploads\/502_dsc00446.jpgPrancheta-1-1-e1712151782962.jpg","type":"","width":"","height":""}],"twitter_card":"summary_large_image","twitter_misc":{"Temps estimat de lectura":"1 minut"},"schema":{"@context":"https:\/\/schema.org","@graph":[{"@type":"WebPage","@id":"https:\/\/jopanautica.com\/ca\/marques\/3d-tender\/","url":"https:\/\/jopanautica.com\/ca\/marques\/3d-tender\/","name":"3D Tender. - Jopa N\u00e0utica","isPartOf":{"@id":"https:\/\/jopanautica.com\/#website"},"primaryImageOfPage":{"@id":"https:\/\/jopanautica.com\/ca\/marques\/3d-tender\/#primaryimage"},"image":{"@id":"https:\/\/jopanautica.com\/ca\/marques\/3d-tender\/#primaryimage"},"thumbnailUrl":"https:\/\/jopanautica.com\/wp-content\/uploads\/502_dsc00446.jpgPrancheta-1-1-e1712151782962.jpg","datePublished":"2021-01-11T14:48:42+00:00","dateModified":"2024-06-12T11:01:45+00:00","breadcrumb":{"@id":"https:\/\/jopanautica.com\/ca\/marques\/3d-tender\/#breadcrumb"},"inLanguage":"ca","potentialAction":[{"@type":"ReadAction","target":["https:\/\/jopanautica.com\/ca\/marques\/3d-tender\/"]}]},{"@type":"ImageObject","inLanguage":"ca","@id":"https:\/\/jopanautica.com\/ca\/marques\/3d-tender\/#primaryimage","url":"https:\/\/jopanautica.com\/wp-content\/uploads\/502_dsc00446.jpgPrancheta-1-1-e1712151782962.jpg","contentUrl":"https:\/\/jopanautica.com\/wp-content\/uploads\/502_dsc00446.jpgPrancheta-1-1-e1712151782962.jpg"},{"@type":"BreadcrumbList","@id":"https:\/\/jopanautica.com\/ca\/marques\/3d-tender\/#breadcrumb","itemListElement":[{"@type":"ListItem","position":1,"name":"Portada","item":"https:\/\/jopanautica.com\/"},{"@type":"ListItem","position":2,"name":"Marques","item":"https:\/\/jopanautica.com\/marcas\/"},{"@type":"ListItem","position":3,"name":"3D Tender."}]},{"@type":"WebSite","@id":"https:\/\/jopanautica.com\/#website","url":"https:\/\/jopanautica.com\/","name":"Jopa N\u00e0utica","description":"Jopa N\u00e0utica l&#039; Escala","publisher":{"@id":"https:\/\/jopanautica.com\/#organization"},"potentialAction":[{"@type":"SearchAction","target":{"@type":"EntryPoint","urlTemplate":"https:\/\/jopanautica.com\/?s={search_term_string}"},"query-input":{"@type":"PropertyValueSpecification","valueRequired":true,"valueName":"search_term_string"}}],"inLanguage":"ca"},{"@type":"Organization","@id":"https:\/\/jopanautica.com\/#organization","name":"Jopa N\u00e0utica","url":"https:\/\/jopanautica.com\/","logo":{"@type":"ImageObject","inLanguage":"ca","@id":"https:\/\/jopanautica.com\/#\/schema\/logo\/image\/","url":"https:\/\/jopanautica.com\/wp-content\/uploads\/2020\/06\/jopa-nautica-logo.png","contentUrl":"https:\/\/jopanautica.com\/wp-content\/uploads\/2020\/06\/jopa-nautica-logo.png","width":600,"height":159,"caption":"Jopa N\u00e0utica"},"image":{"@id":"https:\/\/jopanautica.com\/#\/schema\/logo\/image\/"}}]}},"_links":{"self":[{"href":"https:\/\/jopanautica.com\/ca\/wp-json\/wp\/v2\/pages\/15547","targetHints":{"allow":["GET"]}}],"collection":[{"href":"https:\/\/jopanautica.com\/ca\/wp-json\/wp\/v2\/pages"}],"about":[{"href":"https:\/\/jopanautica.com\/ca\/wp-json\/wp\/v2\/types\/page"}],"author":[{"embeddable":true,"href":"https:\/\/jopanautica.com\/ca\/wp-json\/wp\/v2\/users\/1"}],"replies":[{"embeddable":true,"href":"https:\/\/jopanautica.com\/ca\/wp-json\/wp\/v2\/comments?post=15547"}],"version-history":[{"count":5,"href":"https:\/\/jopanautica.com\/ca\/wp-json\/wp\/v2\/pages\/15547\/revisions"}],"predecessor-version":[{"id":20591,"href":"https:\/\/jopanautica.com\/ca\/wp-json\/wp\/v2\/pages\/15547\/revisions\/20591"}],"up":[{"embeddable":true,"href":"https:\/\/jopanautica.com\/ca\/wp-json\/wp\/v2\/pages\/15525"}],"wp:attachment":[{"href":"https:\/\/jopanautica.com\/ca\/wp-json\/wp\/v2\/media?parent=15547"}],"curies":[{"name":"wp","href":"https:\/\/api.w.org\/{rel}","templated":true}]}}