{"id":15543,"date":"2021-01-11T14:46:13","date_gmt":"2021-01-11T14:46:13","guid":{"rendered":"https:\/\/jopanautica.com\/marques\/narwhal\/"},"modified":"2021-01-27T11:16:31","modified_gmt":"2021-01-27T11:16:31","slug":"narwhal","status":"publish","type":"page","link":"https:\/\/jopanautica.com\/ca\/marques\/narwhal\/","title":{"rendered":"Narwhal"},"content":{"rendered":"\t\t<div data-elementor-type=\"wp-page\" data-elementor-id=\"15543\" class=\"elementor elementor-15543 elementor-14654\" data-elementor-post-type=\"page\">\n\t\t\t\t\t\t<section class=\"elementor-section elementor-top-section elementor-element elementor-element-6ce55ee elementor-section-boxed elementor-section-height-default elementor-section-height-default\" data-id=\"6ce55ee\" data-element_type=\"section\">\n\t\t\t\t\t\t<div class=\"elementor-container elementor-column-gap-default\">\n\t\t\t\t\t<div class=\"elementor-column elementor-col-100 elementor-top-column elementor-element elementor-element-d26dacf\" data-id=\"d26dacf\" data-element_type=\"column\">\n\t\t\t<div class=\"elementor-widget-wrap elementor-element-populated\">\n\t\t\t\t\t\t<div class=\"elementor-element elementor-element-2deb752 elementor-widget elementor-widget-heading\" data-id=\"2deb752\" data-element_type=\"widget\" data-widget_type=\"heading.default\">\n\t\t\t\t<div class=\"elementor-widget-container\">\n\t\t\t\t\t<h2 class=\"elementor-heading-title elementor-size-default\">Narwhal<\/h2>\t\t\t\t<\/div>\n\t\t\t\t<\/div>\n\t\t\t\t<div class=\"elementor-element elementor-element-66ad633 elementor-widget elementor-widget-text-editor\" data-id=\"66ad633\" data-element_type=\"widget\" data-widget_type=\"text-editor.default\">\n\t\t\t\t<div class=\"elementor-widget-container\">\n\t\t\t\t\t\t\t\t\t<p>Et recomanem Narwhal si t&#8217;agrada pescar o fer submarinisme i busques una embarcaci\u00f3 semir\u00edgida molt marinera en PVC.<\/p>\n\t\t\t\t\t\t\t\t<\/div>\n\t\t\t\t<\/div>\n\t\t\t\t<div class=\"elementor-element elementor-element-b1c9f28 elementor-widget elementor-widget-image\" data-id=\"b1c9f28\" data-element_type=\"widget\" data-widget_type=\"image.default\">\n\t\t\t\t<div class=\"elementor-widget-container\">\n\t\t\t\t\t\t\t\t\t\t\t\t\t\t\t<img fetchpriority=\"high\" decoding=\"async\" width=\"1200\" height=\"715\" src=\"https:\/\/jopanautica.com\/wp-content\/uploads\/2020\/07\/Thumb_Jopa-Nautica-Marca-NARWHAL.jpg\" class=\"attachment-full size-full wp-image-14110\" alt=\"\" srcset=\"https:\/\/jopanautica.com\/wp-content\/uploads\/2020\/07\/Thumb_Jopa-Nautica-Marca-NARWHAL.jpg 1200w, https:\/\/jopanautica.com\/wp-content\/uploads\/2020\/07\/Thumb_Jopa-Nautica-Marca-NARWHAL-300x179.jpg 300w, https:\/\/jopanautica.com\/wp-content\/uploads\/2020\/07\/Thumb_Jopa-Nautica-Marca-NARWHAL-1024x610.jpg 1024w, https:\/\/jopanautica.com\/wp-content\/uploads\/2020\/07\/Thumb_Jopa-Nautica-Marca-NARWHAL-768x458.jpg 768w\" sizes=\"(max-width: 1200px) 100vw, 1200px\" \/>\t\t\t\t\t\t\t\t\t\t\t\t\t\t\t<\/div>\n\t\t\t\t<\/div>\n\t\t\t\t\t<\/div>\n\t\t<\/div>\n\t\t\t\t\t<\/div>\n\t\t<\/section>\n\t\t\t\t<section class=\"elementor-section elementor-top-section elementor-element elementor-element-9425904 elementor-section-boxed elementor-section-height-default elementor-section-height-default\" data-id=\"9425904\" data-element_type=\"section\">\n\t\t\t\t\t\t<div class=\"elementor-container elementor-column-gap-default\">\n\t\t\t\t\t<div class=\"elementor-column elementor-col-66 elementor-top-column elementor-element elementor-element-9d60201\" data-id=\"9d60201\" data-element_type=\"column\">\n\t\t\t<div class=\"elementor-widget-wrap elementor-element-populated\">\n\t\t\t\t\t\t<div class=\"elementor-element elementor-element-80855b9 elementor-widget elementor-widget-heading\" data-id=\"80855b9\" data-element_type=\"widget\" data-widget_type=\"heading.default\">\n\t\t\t\t<div class=\"elementor-widget-container\">\n\t\t\t\t\t<h3 class=\"elementor-heading-title elementor-size-default\">\u00c9s cert que els vaixells Narwhal s\u00f3n molt populars entre els amants del mar que nom\u00e9s volen gaudir d'una estona d\u2019oci, per\u00f2 estan dissenyats al mil\u00b7l\u00edmetre per a professionals i aficionats a la pesca i el submarinisme. Per navegar en qualsevol de les condicions del mar.<\/h3>\t\t\t\t<\/div>\n\t\t\t\t<\/div>\n\t\t\t\t<div class=\"elementor-element elementor-element-3c78bc5 elementor-widget elementor-widget-text-editor\" data-id=\"3c78bc5\" data-element_type=\"widget\" data-widget_type=\"text-editor.default\">\n\t\t\t\t<div class=\"elementor-widget-container\">\n\t\t\t\t\t\t\t\t\t<p>Els models Fisher i Neo Sport s\u00f3n els m\u00e9s demandats. Amb colors molt actuals.<\/p>\n<p>Estan equipats amb una consola integrada plegable, molt d\u2019espai d&#8217;emmagatzematge i un travesser antireflux que mant\u00e9 la plataforma sempre seca.<\/p>\n<p>Per\u00f2 si d&#8217;alguna cosa estem segurs \u00e9s que el rendiment del seu flotador de PVC o poliuret\u00e0 \u00e9s el millor del mercat.<\/p>\n<p>Per fabricar-lo, disposen d\u2019un equip de 80 experts amb una mitjana de 12 anys d&#8217;experi\u00e8ncia. Treballen amb dues metes en ment: resist\u00e8ncia i seguretat.<\/p>\n<p>I ho aconsegueixen. Els vaixells Narwhal duren una mitjana de 15 anys amb un manteniment normal.<\/p>\n<p>La seva traject\u00f2ria, des del 1957, els reconeix com a especialistes en n\u00e0utica d&#8217;esbarjo, esport i salvament.<\/p>\n\t\t\t\t\t\t\t\t<\/div>\n\t\t\t\t<\/div>\n\t\t\t\t<div class=\"elementor-element elementor-element-2c2a395 elementor-widget elementor-widget-image\" data-id=\"2c2a395\" data-element_type=\"widget\" data-widget_type=\"image.default\">\n\t\t\t\t<div class=\"elementor-widget-container\">\n\t\t\t\t\t\t\t\t\t\t\t\t\t\t\t<img decoding=\"async\" width=\"1024\" height=\"683\" src=\"https:\/\/jopanautica.com\/wp-content\/uploads\/2020\/10\/Jopa-Nautica-Marca-NARWHAL-slider-02-1024x683.jpg\" class=\"attachment-large size-large wp-image-14767\" alt=\"\" srcset=\"https:\/\/jopanautica.com\/wp-content\/uploads\/2020\/10\/Jopa-Nautica-Marca-NARWHAL-slider-02-1024x683.jpg 1024w, https:\/\/jopanautica.com\/wp-content\/uploads\/2020\/10\/Jopa-Nautica-Marca-NARWHAL-slider-02-600x400.jpg 600w, https:\/\/jopanautica.com\/wp-content\/uploads\/2020\/10\/Jopa-Nautica-Marca-NARWHAL-slider-02-300x200.jpg 300w, https:\/\/jopanautica.com\/wp-content\/uploads\/2020\/10\/Jopa-Nautica-Marca-NARWHAL-slider-02-768x512.jpg 768w, https:\/\/jopanautica.com\/wp-content\/uploads\/2020\/10\/Jopa-Nautica-Marca-NARWHAL-slider-02.jpg 1200w\" sizes=\"(max-width: 1024px) 100vw, 1024px\" \/>\t\t\t\t\t\t\t\t\t\t\t\t\t\t\t<\/div>\n\t\t\t\t<\/div>\n\t\t\t\t<div class=\"elementor-element elementor-element-ed6b31d elementor-widget elementor-widget-image-gallery\" data-id=\"ed6b31d\" data-element_type=\"widget\" data-widget_type=\"image-gallery.default\">\n\t\t\t\t<div class=\"elementor-widget-container\">\n\t\t\t\t\t\t\t<div class=\"elementor-image-gallery\">\n\t\t\t<div id='gallery-1' class='gallery galleryid-15543 gallery-columns-6 gallery-size-thumbnail'><figure class='gallery-item'>\n\t\t\t<div class='gallery-icon landscape'>\n\t\t\t\t<a data-elementor-open-lightbox=\"yes\" data-elementor-lightbox-slideshow=\"ed6b31d\" data-elementor-lightbox-title=\"Jopa-Nautica-Marca-NARWHAL-slider-03\" data-e-action-hash=\"#elementor-action%3Aaction%3Dlightbox%26settings%3DeyJpZCI6MTQ3NzEsInVybCI6Imh0dHBzOlwvXC9qb3BhbmF1dGljYS5jb21cL3dwLWNvbnRlbnRcL3VwbG9hZHNcLzIwMjBcLzEwXC9Kb3BhLU5hdXRpY2EtTWFyY2EtTkFSV0hBTC1zbGlkZXItMDMuanBnIiwic2xpZGVzaG93IjoiZWQ2YjMxZCJ9\" href='https:\/\/jopanautica.com\/wp-content\/uploads\/2020\/10\/Jopa-Nautica-Marca-NARWHAL-slider-03.jpg'><img decoding=\"async\" width=\"96\" height=\"96\" src=\"https:\/\/jopanautica.com\/wp-content\/uploads\/2020\/10\/Jopa-Nautica-Marca-NARWHAL-slider-03-150x150.jpg\" class=\"attachment-thumbnail size-thumbnail\" alt=\"\" srcset=\"https:\/\/jopanautica.com\/wp-content\/uploads\/2020\/10\/Jopa-Nautica-Marca-NARWHAL-slider-03-150x150.jpg 150w, https:\/\/jopanautica.com\/wp-content\/uploads\/2020\/10\/Jopa-Nautica-Marca-NARWHAL-slider-03-300x300.jpg 300w, https:\/\/jopanautica.com\/wp-content\/uploads\/2020\/10\/Jopa-Nautica-Marca-NARWHAL-slider-03-100x100.jpg 100w\" sizes=\"(max-width: 96px) 100vw, 96px\" \/><\/a>\n\t\t\t<\/div><\/figure><figure class='gallery-item'>\n\t\t\t<div class='gallery-icon landscape'>\n\t\t\t\t<a data-elementor-open-lightbox=\"yes\" data-elementor-lightbox-slideshow=\"ed6b31d\" data-elementor-lightbox-title=\"Jopa-Nautica-Marca-NARWHAL-slider-04\" data-e-action-hash=\"#elementor-action%3Aaction%3Dlightbox%26settings%3DeyJpZCI6MTQ3NzUsInVybCI6Imh0dHBzOlwvXC9qb3BhbmF1dGljYS5jb21cL3dwLWNvbnRlbnRcL3VwbG9hZHNcLzIwMjBcLzEwXC9Kb3BhLU5hdXRpY2EtTWFyY2EtTkFSV0hBTC1zbGlkZXItMDQuanBnIiwic2xpZGVzaG93IjoiZWQ2YjMxZCJ9\" href='https:\/\/jopanautica.com\/wp-content\/uploads\/2020\/10\/Jopa-Nautica-Marca-NARWHAL-slider-04.jpg'><img loading=\"lazy\" decoding=\"async\" width=\"96\" height=\"96\" src=\"https:\/\/jopanautica.com\/wp-content\/uploads\/2020\/10\/Jopa-Nautica-Marca-NARWHAL-slider-04-150x150.jpg\" class=\"attachment-thumbnail size-thumbnail\" alt=\"\" srcset=\"https:\/\/jopanautica.com\/wp-content\/uploads\/2020\/10\/Jopa-Nautica-Marca-NARWHAL-slider-04-150x150.jpg 150w, https:\/\/jopanautica.com\/wp-content\/uploads\/2020\/10\/Jopa-Nautica-Marca-NARWHAL-slider-04-300x300.jpg 300w, https:\/\/jopanautica.com\/wp-content\/uploads\/2020\/10\/Jopa-Nautica-Marca-NARWHAL-slider-04-100x100.jpg 100w\" sizes=\"(max-width: 96px) 100vw, 96px\" \/><\/a>\n\t\t\t<\/div><\/figure><figure class='gallery-item'>\n\t\t\t<div class='gallery-icon landscape'>\n\t\t\t\t<a data-elementor-open-lightbox=\"yes\" data-elementor-lightbox-slideshow=\"ed6b31d\" data-elementor-lightbox-title=\"Jopa-Nautica-Marca-NARWHAL-slider-05\" data-e-action-hash=\"#elementor-action%3Aaction%3Dlightbox%26settings%3DeyJpZCI6MTQ3NzksInVybCI6Imh0dHBzOlwvXC9qb3BhbmF1dGljYS5jb21cL3dwLWNvbnRlbnRcL3VwbG9hZHNcLzIwMjBcLzEwXC9Kb3BhLU5hdXRpY2EtTWFyY2EtTkFSV0hBTC1zbGlkZXItMDUuanBnIiwic2xpZGVzaG93IjoiZWQ2YjMxZCJ9\" href='https:\/\/jopanautica.com\/wp-content\/uploads\/2020\/10\/Jopa-Nautica-Marca-NARWHAL-slider-05.jpg'><img loading=\"lazy\" decoding=\"async\" width=\"96\" height=\"96\" src=\"https:\/\/jopanautica.com\/wp-content\/uploads\/2020\/10\/Jopa-Nautica-Marca-NARWHAL-slider-05-150x150.jpg\" class=\"attachment-thumbnail size-thumbnail\" alt=\"\" srcset=\"https:\/\/jopanautica.com\/wp-content\/uploads\/2020\/10\/Jopa-Nautica-Marca-NARWHAL-slider-05-150x150.jpg 150w, https:\/\/jopanautica.com\/wp-content\/uploads\/2020\/10\/Jopa-Nautica-Marca-NARWHAL-slider-05-300x300.jpg 300w, https:\/\/jopanautica.com\/wp-content\/uploads\/2020\/10\/Jopa-Nautica-Marca-NARWHAL-slider-05-100x100.jpg 100w\" sizes=\"(max-width: 96px) 100vw, 96px\" \/><\/a>\n\t\t\t<\/div><\/figure><figure class='gallery-item'>\n\t\t\t<div class='gallery-icon landscape'>\n\t\t\t\t<a data-elementor-open-lightbox=\"yes\" data-elementor-lightbox-slideshow=\"ed6b31d\" data-elementor-lightbox-title=\"Jopa-Nautica-Marca-NARWHAL-slider-06\" data-e-action-hash=\"#elementor-action%3Aaction%3Dlightbox%26settings%3DeyJpZCI6MTQ3ODMsInVybCI6Imh0dHBzOlwvXC9qb3BhbmF1dGljYS5jb21cL3dwLWNvbnRlbnRcL3VwbG9hZHNcLzIwMjBcLzEwXC9Kb3BhLU5hdXRpY2EtTWFyY2EtTkFSV0hBTC1zbGlkZXItMDYuanBnIiwic2xpZGVzaG93IjoiZWQ2YjMxZCJ9\" href='https:\/\/jopanautica.com\/wp-content\/uploads\/2020\/10\/Jopa-Nautica-Marca-NARWHAL-slider-06.jpg'><img loading=\"lazy\" decoding=\"async\" width=\"96\" height=\"96\" src=\"https:\/\/jopanautica.com\/wp-content\/uploads\/2020\/10\/Jopa-Nautica-Marca-NARWHAL-slider-06-150x150.jpg\" class=\"attachment-thumbnail size-thumbnail\" alt=\"\" srcset=\"https:\/\/jopanautica.com\/wp-content\/uploads\/2020\/10\/Jopa-Nautica-Marca-NARWHAL-slider-06-150x150.jpg 150w, https:\/\/jopanautica.com\/wp-content\/uploads\/2020\/10\/Jopa-Nautica-Marca-NARWHAL-slider-06-300x300.jpg 300w, https:\/\/jopanautica.com\/wp-content\/uploads\/2020\/10\/Jopa-Nautica-Marca-NARWHAL-slider-06-100x100.jpg 100w\" sizes=\"(max-width: 96px) 100vw, 96px\" \/><\/a>\n\t\t\t<\/div><\/figure>\n\t\t<\/div>\n\t\t<\/div>\n\t\t\t\t\t\t<\/div>\n\t\t\t\t<\/div>\n\t\t\t\t<div class=\"elementor-element elementor-element-93c9e8c elementor-widget elementor-widget-button\" data-id=\"93c9e8c\" data-element_type=\"widget\" data-widget_type=\"button.default\">\n\t\t\t\t<div class=\"elementor-widget-container\">\n\t\t\t\t\t\t\t\t\t<div class=\"elementor-button-wrapper\">\n\t\t\t\t\t<a class=\"elementor-button elementor-button-link elementor-size-sm\" href=\"https:\/\/jopanautica.com\/ca\/en-que-podem-ajudar-te\/\">\n\t\t\t\t\t\t<span class=\"elementor-button-content-wrapper\">\n\t\t\t\t\t\t\t\t\t<span class=\"elementor-button-text\">Contacta amb nosaltres<\/span>\n\t\t\t\t\t<\/span>\n\t\t\t\t\t<\/a>\n\t\t\t\t<\/div>\n\t\t\t\t\t\t\t\t<\/div>\n\t\t\t\t<\/div>\n\t\t\t\t\t<\/div>\n\t\t<\/div>\n\t\t\t\t<div class=\"elementor-column elementor-col-33 elementor-top-column elementor-element elementor-element-c6ac4a5\" data-id=\"c6ac4a5\" data-element_type=\"column\">\n\t\t\t<div class=\"elementor-widget-wrap\">\n\t\t\t\t\t\t\t<\/div>\n\t\t<\/div>\n\t\t\t\t\t<\/div>\n\t\t<\/section>\n\t\t\t\t<\/div>\n\t\t","protected":false},"excerpt":{"rendered":"<p>Et recomanem Narwhal si t&#8217;agrada pescar o fer submarinisme i busques una embarcaci\u00f3 semir\u00edgida molt marinera en PVC. \u00c9s cert que els vaixells Narwhal s\u00f3n molt populars entre els amants del mar que nom\u00e9s volen gaudir d&#8217;una estona d\u2019oci, per\u00f2 estan dissenyats al mil\u00b7l\u00edmetre per a professionals i aficionats a la pesca i el submarinisme. &#8230; <a title=\"Narwhal\" class=\"read-more\" href=\"https:\/\/jopanautica.com\/ca\/marques\/narwhal\/\" aria-label=\"M\u00e9s informaci\u00f3 sobre Narwhal\">Llegiu m\u00e9s<\/a><\/p>\n","protected":false},"author":1,"featured_media":0,"parent":15525,"menu_order":0,"comment_status":"closed","ping_status":"closed","template":"","meta":{"_acf_changed":false,"footnotes":""},"class_list":["post-15543","page","type-page","status-publish"],"acf":[],"yoast_head":"<!-- This site is optimized with the Yoast SEO Premium plugin v26.7 (Yoast SEO v26.7) - https:\/\/yoast.com\/wordpress\/plugins\/seo\/ -->\n<title>Narwhal - Jopa N\u00e0utica<\/title>\n<meta name=\"robots\" content=\"index, follow, max-snippet:-1, max-image-preview:large, max-video-preview:-1\" \/>\n<link rel=\"canonical\" href=\"https:\/\/jopanautica.com\/marcas\/narwhal\/\" \/>\n<meta property=\"og:locale\" content=\"ca_ES\" \/>\n<meta property=\"og:type\" content=\"article\" \/>\n<meta property=\"og:title\" content=\"Narwhal\" \/>\n<meta property=\"og:description\" content=\"Et recomanem Narwhal si t&#8217;agrada pescar o fer submarinisme i busques una embarcaci\u00f3 semir\u00edgida molt marinera en PVC. \u00c9s cert que els vaixells Narwhal s\u00f3n molt populars entre els amants del mar que nom\u00e9s volen gaudir d&#8217;una estona d\u2019oci, per\u00f2 estan dissenyats al mil\u00b7l\u00edmetre per a professionals i aficionats a la pesca i el submarinisme. ... Llegiu m\u00e9s\" \/>\n<meta property=\"og:url\" content=\"https:\/\/jopanautica.com\/marcas\/narwhal\/\" \/>\n<meta property=\"og:site_name\" content=\"Jopa N\u00e0utica\" \/>\n<meta property=\"article:modified_time\" content=\"2021-01-27T11:16:31+00:00\" \/>\n<meta property=\"og:image\" content=\"https:\/\/jopanautica.com\/wp-content\/uploads\/2020\/07\/Thumb_Jopa-Nautica-Marca-NARWHAL.jpg\" \/>\n<meta name=\"twitter:card\" content=\"summary_large_image\" \/>\n<meta name=\"twitter:label1\" content=\"Temps estimat de lectura\" \/>\n\t<meta name=\"twitter:data1\" content=\"1 minut\" \/>\n<script type=\"application\/ld+json\" class=\"yoast-schema-graph\">{\"@context\":\"https:\/\/schema.org\",\"@graph\":[{\"@type\":\"WebPage\",\"@id\":\"https:\/\/jopanautica.com\/marcas\/narwhal\/\",\"url\":\"https:\/\/jopanautica.com\/marcas\/narwhal\/\",\"name\":\"Narwhal - Jopa N\u00e0utica\",\"isPartOf\":{\"@id\":\"https:\/\/jopanautica.com\/#website\"},\"primaryImageOfPage\":{\"@id\":\"https:\/\/jopanautica.com\/marcas\/narwhal\/#primaryimage\"},\"image\":{\"@id\":\"https:\/\/jopanautica.com\/marcas\/narwhal\/#primaryimage\"},\"thumbnailUrl\":\"https:\/\/jopanautica.com\/wp-content\/uploads\/2020\/07\/Thumb_Jopa-Nautica-Marca-NARWHAL.jpg\",\"datePublished\":\"2021-01-11T14:46:13+00:00\",\"dateModified\":\"2021-01-27T11:16:31+00:00\",\"breadcrumb\":{\"@id\":\"https:\/\/jopanautica.com\/marcas\/narwhal\/#breadcrumb\"},\"inLanguage\":\"ca\",\"potentialAction\":[{\"@type\":\"ReadAction\",\"target\":[\"https:\/\/jopanautica.com\/marcas\/narwhal\/\"]}]},{\"@type\":\"ImageObject\",\"inLanguage\":\"ca\",\"@id\":\"https:\/\/jopanautica.com\/marcas\/narwhal\/#primaryimage\",\"url\":\"https:\/\/jopanautica.com\/wp-content\/uploads\/2020\/07\/Thumb_Jopa-Nautica-Marca-NARWHAL.jpg\",\"contentUrl\":\"https:\/\/jopanautica.com\/wp-content\/uploads\/2020\/07\/Thumb_Jopa-Nautica-Marca-NARWHAL.jpg\"},{\"@type\":\"BreadcrumbList\",\"@id\":\"https:\/\/jopanautica.com\/marcas\/narwhal\/#breadcrumb\",\"itemListElement\":[{\"@type\":\"ListItem\",\"position\":1,\"name\":\"Portada\",\"item\":\"https:\/\/jopanautica.com\/\"},{\"@type\":\"ListItem\",\"position\":2,\"name\":\"Marques\",\"item\":\"https:\/\/jopanautica.com\/marcas\/\"},{\"@type\":\"ListItem\",\"position\":3,\"name\":\"Narwhal\"}]},{\"@type\":\"WebSite\",\"@id\":\"https:\/\/jopanautica.com\/#website\",\"url\":\"https:\/\/jopanautica.com\/\",\"name\":\"Jopa N\u00e0utica\",\"description\":\"Jopa N\u00e0utica l&#039; Escala\",\"publisher\":{\"@id\":\"https:\/\/jopanautica.com\/#organization\"},\"potentialAction\":[{\"@type\":\"SearchAction\",\"target\":{\"@type\":\"EntryPoint\",\"urlTemplate\":\"https:\/\/jopanautica.com\/?s={search_term_string}\"},\"query-input\":{\"@type\":\"PropertyValueSpecification\",\"valueRequired\":true,\"valueName\":\"search_term_string\"}}],\"inLanguage\":\"ca\"},{\"@type\":\"Organization\",\"@id\":\"https:\/\/jopanautica.com\/#organization\",\"name\":\"Jopa N\u00e0utica\",\"url\":\"https:\/\/jopanautica.com\/\",\"logo\":{\"@type\":\"ImageObject\",\"inLanguage\":\"ca\",\"@id\":\"https:\/\/jopanautica.com\/#\/schema\/logo\/image\/\",\"url\":\"https:\/\/jopanautica.com\/wp-content\/uploads\/2020\/06\/jopa-nautica-logo.png\",\"contentUrl\":\"https:\/\/jopanautica.com\/wp-content\/uploads\/2020\/06\/jopa-nautica-logo.png\",\"width\":600,\"height\":159,\"caption\":\"Jopa N\u00e0utica\"},\"image\":{\"@id\":\"https:\/\/jopanautica.com\/#\/schema\/logo\/image\/\"}}]}<\/script>\n<!-- \/ Yoast SEO Premium plugin. -->","yoast_head_json":{"title":"Narwhal - Jopa N\u00e0utica","robots":{"index":"index","follow":"follow","max-snippet":"max-snippet:-1","max-image-preview":"max-image-preview:large","max-video-preview":"max-video-preview:-1"},"canonical":"https:\/\/jopanautica.com\/marcas\/narwhal\/","og_locale":"ca_ES","og_type":"article","og_title":"Narwhal","og_description":"Et recomanem Narwhal si t&#8217;agrada pescar o fer submarinisme i busques una embarcaci\u00f3 semir\u00edgida molt marinera en PVC. \u00c9s cert que els vaixells Narwhal s\u00f3n molt populars entre els amants del mar que nom\u00e9s volen gaudir d&#8217;una estona d\u2019oci, per\u00f2 estan dissenyats al mil\u00b7l\u00edmetre per a professionals i aficionats a la pesca i el submarinisme. ... Llegiu m\u00e9s","og_url":"https:\/\/jopanautica.com\/marcas\/narwhal\/","og_site_name":"Jopa N\u00e0utica","article_modified_time":"2021-01-27T11:16:31+00:00","og_image":[{"url":"https:\/\/jopanautica.com\/wp-content\/uploads\/2020\/07\/Thumb_Jopa-Nautica-Marca-NARWHAL.jpg","type":"","width":"","height":""}],"twitter_card":"summary_large_image","twitter_misc":{"Temps estimat de lectura":"1 minut"},"schema":{"@context":"https:\/\/schema.org","@graph":[{"@type":"WebPage","@id":"https:\/\/jopanautica.com\/marcas\/narwhal\/","url":"https:\/\/jopanautica.com\/marcas\/narwhal\/","name":"Narwhal - Jopa N\u00e0utica","isPartOf":{"@id":"https:\/\/jopanautica.com\/#website"},"primaryImageOfPage":{"@id":"https:\/\/jopanautica.com\/marcas\/narwhal\/#primaryimage"},"image":{"@id":"https:\/\/jopanautica.com\/marcas\/narwhal\/#primaryimage"},"thumbnailUrl":"https:\/\/jopanautica.com\/wp-content\/uploads\/2020\/07\/Thumb_Jopa-Nautica-Marca-NARWHAL.jpg","datePublished":"2021-01-11T14:46:13+00:00","dateModified":"2021-01-27T11:16:31+00:00","breadcrumb":{"@id":"https:\/\/jopanautica.com\/marcas\/narwhal\/#breadcrumb"},"inLanguage":"ca","potentialAction":[{"@type":"ReadAction","target":["https:\/\/jopanautica.com\/marcas\/narwhal\/"]}]},{"@type":"ImageObject","inLanguage":"ca","@id":"https:\/\/jopanautica.com\/marcas\/narwhal\/#primaryimage","url":"https:\/\/jopanautica.com\/wp-content\/uploads\/2020\/07\/Thumb_Jopa-Nautica-Marca-NARWHAL.jpg","contentUrl":"https:\/\/jopanautica.com\/wp-content\/uploads\/2020\/07\/Thumb_Jopa-Nautica-Marca-NARWHAL.jpg"},{"@type":"BreadcrumbList","@id":"https:\/\/jopanautica.com\/marcas\/narwhal\/#breadcrumb","itemListElement":[{"@type":"ListItem","position":1,"name":"Portada","item":"https:\/\/jopanautica.com\/"},{"@type":"ListItem","position":2,"name":"Marques","item":"https:\/\/jopanautica.com\/marcas\/"},{"@type":"ListItem","position":3,"name":"Narwhal"}]},{"@type":"WebSite","@id":"https:\/\/jopanautica.com\/#website","url":"https:\/\/jopanautica.com\/","name":"Jopa N\u00e0utica","description":"Jopa N\u00e0utica l&#039; Escala","publisher":{"@id":"https:\/\/jopanautica.com\/#organization"},"potentialAction":[{"@type":"SearchAction","target":{"@type":"EntryPoint","urlTemplate":"https:\/\/jopanautica.com\/?s={search_term_string}"},"query-input":{"@type":"PropertyValueSpecification","valueRequired":true,"valueName":"search_term_string"}}],"inLanguage":"ca"},{"@type":"Organization","@id":"https:\/\/jopanautica.com\/#organization","name":"Jopa N\u00e0utica","url":"https:\/\/jopanautica.com\/","logo":{"@type":"ImageObject","inLanguage":"ca","@id":"https:\/\/jopanautica.com\/#\/schema\/logo\/image\/","url":"https:\/\/jopanautica.com\/wp-content\/uploads\/2020\/06\/jopa-nautica-logo.png","contentUrl":"https:\/\/jopanautica.com\/wp-content\/uploads\/2020\/06\/jopa-nautica-logo.png","width":600,"height":159,"caption":"Jopa N\u00e0utica"},"image":{"@id":"https:\/\/jopanautica.com\/#\/schema\/logo\/image\/"}}]}},"_links":{"self":[{"href":"https:\/\/jopanautica.com\/ca\/wp-json\/wp\/v2\/pages\/15543","targetHints":{"allow":["GET"]}}],"collection":[{"href":"https:\/\/jopanautica.com\/ca\/wp-json\/wp\/v2\/pages"}],"about":[{"href":"https:\/\/jopanautica.com\/ca\/wp-json\/wp\/v2\/types\/page"}],"author":[{"embeddable":true,"href":"https:\/\/jopanautica.com\/ca\/wp-json\/wp\/v2\/users\/1"}],"replies":[{"embeddable":true,"href":"https:\/\/jopanautica.com\/ca\/wp-json\/wp\/v2\/comments?post=15543"}],"version-history":[{"count":4,"href":"https:\/\/jopanautica.com\/ca\/wp-json\/wp\/v2\/pages\/15543\/revisions"}],"predecessor-version":[{"id":16517,"href":"https:\/\/jopanautica.com\/ca\/wp-json\/wp\/v2\/pages\/15543\/revisions\/16517"}],"up":[{"embeddable":true,"href":"https:\/\/jopanautica.com\/ca\/wp-json\/wp\/v2\/pages\/15525"}],"wp:attachment":[{"href":"https:\/\/jopanautica.com\/ca\/wp-json\/wp\/v2\/media?parent=15543"}],"curies":[{"name":"wp","href":"https:\/\/api.w.org\/{rel}","templated":true}]}}