{"id":15537,"date":"2021-01-11T14:44:48","date_gmt":"2021-01-11T14:44:48","guid":{"rendered":"https:\/\/jopanautica.com\/marques\/dubhe\/"},"modified":"2021-03-12T09:12:54","modified_gmt":"2021-03-12T09:12:54","slug":"dubhe","status":"publish","type":"page","link":"https:\/\/jopanautica.com\/ca\/marques\/dubhe\/","title":{"rendered":"Dubhe"},"content":{"rendered":"\t\t<div data-elementor-type=\"wp-page\" data-elementor-id=\"15537\" class=\"elementor elementor-15537 elementor-14618\" data-elementor-post-type=\"page\">\n\t\t\t\t\t\t<section class=\"elementor-section elementor-top-section elementor-element elementor-element-6ce55ee elementor-section-boxed elementor-section-height-default elementor-section-height-default\" data-id=\"6ce55ee\" data-element_type=\"section\">\n\t\t\t\t\t\t<div class=\"elementor-container elementor-column-gap-default\">\n\t\t\t\t\t<div class=\"elementor-column elementor-col-100 elementor-top-column elementor-element elementor-element-d26dacf\" data-id=\"d26dacf\" data-element_type=\"column\">\n\t\t\t<div class=\"elementor-widget-wrap elementor-element-populated\">\n\t\t\t\t\t\t<div class=\"elementor-element elementor-element-2deb752 elementor-widget elementor-widget-heading\" data-id=\"2deb752\" data-element_type=\"widget\" data-widget_type=\"heading.default\">\n\t\t\t\t<div class=\"elementor-widget-container\">\n\t\t\t\t\t<h2 class=\"elementor-heading-title elementor-size-default\">Dubhe<\/h2>\t\t\t\t<\/div>\n\t\t\t\t<\/div>\n\t\t\t\t<div class=\"elementor-element elementor-element-66ad633 elementor-widget elementor-widget-text-editor\" data-id=\"66ad633\" data-element_type=\"widget\" data-widget_type=\"text-editor.default\">\n\t\t\t\t<div class=\"elementor-widget-container\">\n\t\t\t\t\t\t\t\t\t<p>A les drassanes de Dubhe treballen per als amants del mar que volen gaudir de la pesca durant tot l&#8217;any. Potser n\u2019ets un?<\/p>\n\t\t\t\t\t\t\t\t<\/div>\n\t\t\t\t<\/div>\n\t\t\t\t<div class=\"elementor-element elementor-element-b1c9f28 elementor-widget elementor-widget-image\" data-id=\"b1c9f28\" data-element_type=\"widget\" data-widget_type=\"image.default\">\n\t\t\t\t<div class=\"elementor-widget-container\">\n\t\t\t\t\t\t\t\t\t\t\t\t\t\t\t<img fetchpriority=\"high\" decoding=\"async\" width=\"1200\" height=\"715\" src=\"https:\/\/jopanautica.com\/wp-content\/uploads\/2021\/03\/dubhe1-1.jpg\" class=\"attachment-full size-full wp-image-17320\" alt=\"\" srcset=\"https:\/\/jopanautica.com\/wp-content\/uploads\/2021\/03\/dubhe1-1.jpg 1200w, https:\/\/jopanautica.com\/wp-content\/uploads\/2021\/03\/dubhe1-1-300x179.jpg 300w, https:\/\/jopanautica.com\/wp-content\/uploads\/2021\/03\/dubhe1-1-1024x610.jpg 1024w, https:\/\/jopanautica.com\/wp-content\/uploads\/2021\/03\/dubhe1-1-768x458.jpg 768w, https:\/\/jopanautica.com\/wp-content\/uploads\/2021\/03\/dubhe1-1-1007x600.jpg 1007w, https:\/\/jopanautica.com\/wp-content\/uploads\/2021\/03\/dubhe1-1-600x358.jpg 600w\" sizes=\"(max-width: 1200px) 100vw, 1200px\" \/>\t\t\t\t\t\t\t\t\t\t\t\t\t\t\t<\/div>\n\t\t\t\t<\/div>\n\t\t\t\t\t<\/div>\n\t\t<\/div>\n\t\t\t\t\t<\/div>\n\t\t<\/section>\n\t\t\t\t<section class=\"elementor-section elementor-top-section elementor-element elementor-element-9425904 elementor-section-boxed elementor-section-height-default elementor-section-height-default\" data-id=\"9425904\" data-element_type=\"section\">\n\t\t\t\t\t\t<div class=\"elementor-container elementor-column-gap-default\">\n\t\t\t\t\t<div class=\"elementor-column elementor-col-66 elementor-top-column elementor-element elementor-element-9d60201\" data-id=\"9d60201\" data-element_type=\"column\">\n\t\t\t<div class=\"elementor-widget-wrap elementor-element-populated\">\n\t\t\t\t\t\t<div class=\"elementor-element elementor-element-80855b9 elementor-widget elementor-widget-heading\" data-id=\"80855b9\" data-element_type=\"widget\" data-widget_type=\"heading.default\">\n\t\t\t\t<div class=\"elementor-widget-container\">\n\t\t\t\t\t<h3 class=\"elementor-heading-title elementor-size-default\">A les drassanes de Dubhe treballen per als amants del mar que volen gaudir de la pesca durant tot l'any. Potser n\u2019ets un?<\/h3>\t\t\t\t<\/div>\n\t\t\t\t<\/div>\n\t\t\t\t<div class=\"elementor-element elementor-element-3c78bc5 elementor-widget elementor-widget-text-editor\" data-id=\"3c78bc5\" data-element_type=\"widget\" data-widget_type=\"text-editor.default\">\n\t\t\t\t<div class=\"elementor-widget-container\">\n\t\t\t\t\t\t\t\t\t<p class=\"Standard\">Dubhe \u00e9s una marca espanyola que fabriquen a Almeria des del 1998 amb tres objectius en ment:<\/p><p class=\"Standard\">\u00a0<\/p><p class=\"Standard\">\u2022 Que els seus vaixells siguin transportables de dimensions redu\u00efdes<\/p><p class=\"Standard\">\u2022 Que siguin funcionals<\/p><p class=\"Standard\">\u2022 Que el preu estigui ajustat<\/p><p class=\"Standard\">\u00a0<\/p><p class=\"Standard\">\u00a0<\/p><p class=\"Standard\">\u00c9s la marca en la qual confiem per als clients als quals els agrada sortir a pescar amb canya en qualsevol moment de l&#8217;any, ja que les embarcacions tenen cabina on es poden protegir.<\/p><p class=\"Standard\">\u00a0<\/p><p class=\"Standard\">Uns detalls que ens agraden s\u00f3n les finestres, que s&#8217;obren de costat per estar frescos a la cabina i tenen un espai a la banyera m\u00e9s ample que el de la compet\u00e8ncia.<\/p><p class=\"Standard\">\u00a0<\/p><p class=\"Standard\">Els models m\u00e9s demandats s\u00f3n la Javana 570 i Javana 650 perqu\u00e8 el maneig \u00e9s molt c\u00f2mode.<\/p><p class=\"Standard\">\u00a0<\/p><p class=\"Standard\">\u00c9s evident que han estat atents a les necessitats reals dels seus clients: facilitat de planatge i velocitat amb baixa pot\u00e8ncia de motor, estabilitat tant en la navegaci\u00f3 com en fondejar, amplitud i facilitat de manteniment, molt d\u2019espai per a l\u2019estiba&#8230;<\/p><p class=\"Standard\">\u00a0<\/p><p class=\"Standard\">Totes les fases de producci\u00f3 de cada embarcaci\u00f3 es realitzen a les seves drassanes, des del c\u00e0lcul de les l\u00ednies d&#8217;aigua, fins a les proves de mar, el disseny de les cobertes, els motlles, etc.<\/p><p>\u00a0<\/p><p class=\"Standard\">I ens agrada que deixin tot el proc\u00e9s en mans d&#8217;una plantilla estable de professionals. Aix\u00f2 ens dona molta confian\u00e7a.<\/p>\t\t\t\t\t\t\t\t<\/div>\n\t\t\t\t<\/div>\n\t\t\t\t<div class=\"elementor-element elementor-element-75018bd elementor-widget elementor-widget-image\" data-id=\"75018bd\" data-element_type=\"widget\" data-widget_type=\"image.default\">\n\t\t\t\t<div class=\"elementor-widget-container\">\n\t\t\t\t\t\t\t\t\t\t\t\t\t\t\t<img decoding=\"async\" width=\"1024\" height=\"683\" src=\"https:\/\/jopanautica.com\/wp-content\/uploads\/2020\/10\/Jopa-Nautica-Marca-DUBHE-slider-03-1024x683.jpg\" class=\"attachment-large size-large wp-image-14699\" alt=\"\" srcset=\"https:\/\/jopanautica.com\/wp-content\/uploads\/2020\/10\/Jopa-Nautica-Marca-DUBHE-slider-03-1024x683.jpg 1024w, https:\/\/jopanautica.com\/wp-content\/uploads\/2020\/10\/Jopa-Nautica-Marca-DUBHE-slider-03-600x400.jpg 600w, https:\/\/jopanautica.com\/wp-content\/uploads\/2020\/10\/Jopa-Nautica-Marca-DUBHE-slider-03-300x200.jpg 300w, https:\/\/jopanautica.com\/wp-content\/uploads\/2020\/10\/Jopa-Nautica-Marca-DUBHE-slider-03-768x512.jpg 768w, https:\/\/jopanautica.com\/wp-content\/uploads\/2020\/10\/Jopa-Nautica-Marca-DUBHE-slider-03.jpg 1200w\" sizes=\"(max-width: 1024px) 100vw, 1024px\" \/>\t\t\t\t\t\t\t\t\t\t\t\t\t\t\t<\/div>\n\t\t\t\t<\/div>\n\t\t\t\t<div class=\"elementor-element elementor-element-93c9e8c elementor-widget elementor-widget-button\" data-id=\"93c9e8c\" data-element_type=\"widget\" data-widget_type=\"button.default\">\n\t\t\t\t<div class=\"elementor-widget-container\">\n\t\t\t\t\t\t\t\t\t<div class=\"elementor-button-wrapper\">\n\t\t\t\t\t<a class=\"elementor-button elementor-button-link elementor-size-sm\" href=\"https:\/\/jopanautica.com\/ca\/en-que-podem-ajudar-te\/\">\n\t\t\t\t\t\t<span class=\"elementor-button-content-wrapper\">\n\t\t\t\t\t\t\t\t\t<span class=\"elementor-button-text\">Contacta amb nosaltres<\/span>\n\t\t\t\t\t<\/span>\n\t\t\t\t\t<\/a>\n\t\t\t\t<\/div>\n\t\t\t\t\t\t\t\t<\/div>\n\t\t\t\t<\/div>\n\t\t\t\t\t<\/div>\n\t\t<\/div>\n\t\t\t\t<div class=\"elementor-column elementor-col-33 elementor-top-column elementor-element elementor-element-c6ac4a5\" data-id=\"c6ac4a5\" data-element_type=\"column\">\n\t\t\t<div class=\"elementor-widget-wrap\">\n\t\t\t\t\t\t\t<\/div>\n\t\t<\/div>\n\t\t\t\t\t<\/div>\n\t\t<\/section>\n\t\t\t\t<\/div>\n\t\t","protected":false},"excerpt":{"rendered":"<p>A les drassanes de Dubhe treballen per als amants del mar que volen gaudir de la pesca durant tot l&#8217;any. Potser n\u2019ets un? A les drassanes de Dubhe treballen per als amants del mar que volen gaudir de la pesca durant tot l&#8217;any. Potser n\u2019ets un? Dubhe \u00e9s una marca espanyola que fabriquen a Almeria &#8230; <a title=\"Dubhe\" class=\"read-more\" href=\"https:\/\/jopanautica.com\/ca\/marques\/dubhe\/\" aria-label=\"M\u00e9s informaci\u00f3 sobre Dubhe\">Llegiu m\u00e9s<\/a><\/p>\n","protected":false},"author":1,"featured_media":0,"parent":15525,"menu_order":0,"comment_status":"closed","ping_status":"closed","template":"","meta":{"_acf_changed":false,"footnotes":""},"class_list":["post-15537","page","type-page","status-publish"],"acf":[],"yoast_head":"<!-- This site is optimized with the Yoast SEO Premium plugin v26.7 (Yoast SEO v26.7) - https:\/\/yoast.com\/wordpress\/plugins\/seo\/ -->\n<title>Dubhe - Jopa N\u00e0utica<\/title>\n<meta name=\"robots\" content=\"index, follow, max-snippet:-1, max-image-preview:large, max-video-preview:-1\" \/>\n<link rel=\"canonical\" href=\"https:\/\/jopanautica.com\/marcas\/dubhe\/\" \/>\n<meta property=\"og:locale\" content=\"ca_ES\" \/>\n<meta property=\"og:type\" content=\"article\" \/>\n<meta property=\"og:title\" content=\"Dubhe\" \/>\n<meta property=\"og:description\" content=\"A les drassanes de Dubhe treballen per als amants del mar que volen gaudir de la pesca durant tot l&#8217;any. Potser n\u2019ets un? A les drassanes de Dubhe treballen per als amants del mar que volen gaudir de la pesca durant tot l&#8217;any. Potser n\u2019ets un? Dubhe \u00e9s una marca espanyola que fabriquen a Almeria ... Llegiu m\u00e9s\" \/>\n<meta property=\"og:url\" content=\"https:\/\/jopanautica.com\/marcas\/dubhe\/\" \/>\n<meta property=\"og:site_name\" content=\"Jopa N\u00e0utica\" \/>\n<meta property=\"article:modified_time\" content=\"2021-03-12T09:12:54+00:00\" \/>\n<meta property=\"og:image\" content=\"https:\/\/jopanautica.com\/wp-content\/uploads\/2021\/03\/dubhe1-1.jpg\" \/>\n<meta name=\"twitter:card\" content=\"summary_large_image\" \/>\n<meta name=\"twitter:label1\" content=\"Temps estimat de lectura\" \/>\n\t<meta name=\"twitter:data1\" content=\"2 minuts\" \/>\n<script type=\"application\/ld+json\" class=\"yoast-schema-graph\">{\"@context\":\"https:\/\/schema.org\",\"@graph\":[{\"@type\":\"WebPage\",\"@id\":\"https:\/\/jopanautica.com\/marcas\/dubhe\/\",\"url\":\"https:\/\/jopanautica.com\/marcas\/dubhe\/\",\"name\":\"Dubhe - Jopa N\u00e0utica\",\"isPartOf\":{\"@id\":\"https:\/\/jopanautica.com\/#website\"},\"primaryImageOfPage\":{\"@id\":\"https:\/\/jopanautica.com\/marcas\/dubhe\/#primaryimage\"},\"image\":{\"@id\":\"https:\/\/jopanautica.com\/marcas\/dubhe\/#primaryimage\"},\"thumbnailUrl\":\"https:\/\/jopanautica.com\/wp-content\/uploads\/2021\/03\/dubhe1-1.jpg\",\"datePublished\":\"2021-01-11T14:44:48+00:00\",\"dateModified\":\"2021-03-12T09:12:54+00:00\",\"breadcrumb\":{\"@id\":\"https:\/\/jopanautica.com\/marcas\/dubhe\/#breadcrumb\"},\"inLanguage\":\"ca\",\"potentialAction\":[{\"@type\":\"ReadAction\",\"target\":[\"https:\/\/jopanautica.com\/marcas\/dubhe\/\"]}]},{\"@type\":\"ImageObject\",\"inLanguage\":\"ca\",\"@id\":\"https:\/\/jopanautica.com\/marcas\/dubhe\/#primaryimage\",\"url\":\"https:\/\/jopanautica.com\/wp-content\/uploads\/2021\/03\/dubhe1-1.jpg\",\"contentUrl\":\"https:\/\/jopanautica.com\/wp-content\/uploads\/2021\/03\/dubhe1-1.jpg\"},{\"@type\":\"BreadcrumbList\",\"@id\":\"https:\/\/jopanautica.com\/marcas\/dubhe\/#breadcrumb\",\"itemListElement\":[{\"@type\":\"ListItem\",\"position\":1,\"name\":\"Portada\",\"item\":\"https:\/\/jopanautica.com\/\"},{\"@type\":\"ListItem\",\"position\":2,\"name\":\"Marques\",\"item\":\"https:\/\/jopanautica.com\/marcas\/\"},{\"@type\":\"ListItem\",\"position\":3,\"name\":\"Dubhe\"}]},{\"@type\":\"WebSite\",\"@id\":\"https:\/\/jopanautica.com\/#website\",\"url\":\"https:\/\/jopanautica.com\/\",\"name\":\"Jopa N\u00e0utica\",\"description\":\"Jopa N\u00e0utica l&#039; Escala\",\"publisher\":{\"@id\":\"https:\/\/jopanautica.com\/#organization\"},\"potentialAction\":[{\"@type\":\"SearchAction\",\"target\":{\"@type\":\"EntryPoint\",\"urlTemplate\":\"https:\/\/jopanautica.com\/?s={search_term_string}\"},\"query-input\":{\"@type\":\"PropertyValueSpecification\",\"valueRequired\":true,\"valueName\":\"search_term_string\"}}],\"inLanguage\":\"ca\"},{\"@type\":\"Organization\",\"@id\":\"https:\/\/jopanautica.com\/#organization\",\"name\":\"Jopa N\u00e0utica\",\"url\":\"https:\/\/jopanautica.com\/\",\"logo\":{\"@type\":\"ImageObject\",\"inLanguage\":\"ca\",\"@id\":\"https:\/\/jopanautica.com\/#\/schema\/logo\/image\/\",\"url\":\"https:\/\/jopanautica.com\/wp-content\/uploads\/2020\/06\/jopa-nautica-logo.png\",\"contentUrl\":\"https:\/\/jopanautica.com\/wp-content\/uploads\/2020\/06\/jopa-nautica-logo.png\",\"width\":600,\"height\":159,\"caption\":\"Jopa N\u00e0utica\"},\"image\":{\"@id\":\"https:\/\/jopanautica.com\/#\/schema\/logo\/image\/\"}}]}<\/script>\n<!-- \/ Yoast SEO Premium plugin. -->","yoast_head_json":{"title":"Dubhe - Jopa N\u00e0utica","robots":{"index":"index","follow":"follow","max-snippet":"max-snippet:-1","max-image-preview":"max-image-preview:large","max-video-preview":"max-video-preview:-1"},"canonical":"https:\/\/jopanautica.com\/marcas\/dubhe\/","og_locale":"ca_ES","og_type":"article","og_title":"Dubhe","og_description":"A les drassanes de Dubhe treballen per als amants del mar que volen gaudir de la pesca durant tot l&#8217;any. Potser n\u2019ets un? A les drassanes de Dubhe treballen per als amants del mar que volen gaudir de la pesca durant tot l&#8217;any. Potser n\u2019ets un? Dubhe \u00e9s una marca espanyola que fabriquen a Almeria ... Llegiu m\u00e9s","og_url":"https:\/\/jopanautica.com\/marcas\/dubhe\/","og_site_name":"Jopa N\u00e0utica","article_modified_time":"2021-03-12T09:12:54+00:00","og_image":[{"url":"https:\/\/jopanautica.com\/wp-content\/uploads\/2021\/03\/dubhe1-1.jpg","type":"","width":"","height":""}],"twitter_card":"summary_large_image","twitter_misc":{"Temps estimat de lectura":"2 minuts"},"schema":{"@context":"https:\/\/schema.org","@graph":[{"@type":"WebPage","@id":"https:\/\/jopanautica.com\/marcas\/dubhe\/","url":"https:\/\/jopanautica.com\/marcas\/dubhe\/","name":"Dubhe - Jopa N\u00e0utica","isPartOf":{"@id":"https:\/\/jopanautica.com\/#website"},"primaryImageOfPage":{"@id":"https:\/\/jopanautica.com\/marcas\/dubhe\/#primaryimage"},"image":{"@id":"https:\/\/jopanautica.com\/marcas\/dubhe\/#primaryimage"},"thumbnailUrl":"https:\/\/jopanautica.com\/wp-content\/uploads\/2021\/03\/dubhe1-1.jpg","datePublished":"2021-01-11T14:44:48+00:00","dateModified":"2021-03-12T09:12:54+00:00","breadcrumb":{"@id":"https:\/\/jopanautica.com\/marcas\/dubhe\/#breadcrumb"},"inLanguage":"ca","potentialAction":[{"@type":"ReadAction","target":["https:\/\/jopanautica.com\/marcas\/dubhe\/"]}]},{"@type":"ImageObject","inLanguage":"ca","@id":"https:\/\/jopanautica.com\/marcas\/dubhe\/#primaryimage","url":"https:\/\/jopanautica.com\/wp-content\/uploads\/2021\/03\/dubhe1-1.jpg","contentUrl":"https:\/\/jopanautica.com\/wp-content\/uploads\/2021\/03\/dubhe1-1.jpg"},{"@type":"BreadcrumbList","@id":"https:\/\/jopanautica.com\/marcas\/dubhe\/#breadcrumb","itemListElement":[{"@type":"ListItem","position":1,"name":"Portada","item":"https:\/\/jopanautica.com\/"},{"@type":"ListItem","position":2,"name":"Marques","item":"https:\/\/jopanautica.com\/marcas\/"},{"@type":"ListItem","position":3,"name":"Dubhe"}]},{"@type":"WebSite","@id":"https:\/\/jopanautica.com\/#website","url":"https:\/\/jopanautica.com\/","name":"Jopa N\u00e0utica","description":"Jopa N\u00e0utica l&#039; Escala","publisher":{"@id":"https:\/\/jopanautica.com\/#organization"},"potentialAction":[{"@type":"SearchAction","target":{"@type":"EntryPoint","urlTemplate":"https:\/\/jopanautica.com\/?s={search_term_string}"},"query-input":{"@type":"PropertyValueSpecification","valueRequired":true,"valueName":"search_term_string"}}],"inLanguage":"ca"},{"@type":"Organization","@id":"https:\/\/jopanautica.com\/#organization","name":"Jopa N\u00e0utica","url":"https:\/\/jopanautica.com\/","logo":{"@type":"ImageObject","inLanguage":"ca","@id":"https:\/\/jopanautica.com\/#\/schema\/logo\/image\/","url":"https:\/\/jopanautica.com\/wp-content\/uploads\/2020\/06\/jopa-nautica-logo.png","contentUrl":"https:\/\/jopanautica.com\/wp-content\/uploads\/2020\/06\/jopa-nautica-logo.png","width":600,"height":159,"caption":"Jopa N\u00e0utica"},"image":{"@id":"https:\/\/jopanautica.com\/#\/schema\/logo\/image\/"}}]}},"_links":{"self":[{"href":"https:\/\/jopanautica.com\/ca\/wp-json\/wp\/v2\/pages\/15537","targetHints":{"allow":["GET"]}}],"collection":[{"href":"https:\/\/jopanautica.com\/ca\/wp-json\/wp\/v2\/pages"}],"about":[{"href":"https:\/\/jopanautica.com\/ca\/wp-json\/wp\/v2\/types\/page"}],"author":[{"embeddable":true,"href":"https:\/\/jopanautica.com\/ca\/wp-json\/wp\/v2\/users\/1"}],"replies":[{"embeddable":true,"href":"https:\/\/jopanautica.com\/ca\/wp-json\/wp\/v2\/comments?post=15537"}],"version-history":[{"count":5,"href":"https:\/\/jopanautica.com\/ca\/wp-json\/wp\/v2\/pages\/15537\/revisions"}],"predecessor-version":[{"id":17337,"href":"https:\/\/jopanautica.com\/ca\/wp-json\/wp\/v2\/pages\/15537\/revisions\/17337"}],"up":[{"embeddable":true,"href":"https:\/\/jopanautica.com\/ca\/wp-json\/wp\/v2\/pages\/15525"}],"wp:attachment":[{"href":"https:\/\/jopanautica.com\/ca\/wp-json\/wp\/v2\/media?parent=15537"}],"curies":[{"name":"wp","href":"https:\/\/api.w.org\/{rel}","templated":true}]}}