{"id":15531,"date":"2021-01-11T14:34:01","date_gmt":"2021-01-11T14:34:01","guid":{"rendered":"https:\/\/jopanautica.com\/marques\/bwa\/"},"modified":"2021-01-27T11:14:12","modified_gmt":"2021-01-27T11:14:12","slug":"bwa","status":"publish","type":"page","link":"https:\/\/jopanautica.com\/ca\/marques\/bwa\/","title":{"rendered":"BWA"},"content":{"rendered":"\t\t<div data-elementor-type=\"wp-page\" data-elementor-id=\"15531\" class=\"elementor elementor-15531 elementor-14652\" data-elementor-post-type=\"page\">\n\t\t\t\t\t\t<section class=\"elementor-section elementor-top-section elementor-element elementor-element-6ce55ee elementor-section-boxed elementor-section-height-default elementor-section-height-default\" data-id=\"6ce55ee\" data-element_type=\"section\">\n\t\t\t\t\t\t<div class=\"elementor-container elementor-column-gap-default\">\n\t\t\t\t\t<div class=\"elementor-column elementor-col-100 elementor-top-column elementor-element elementor-element-d26dacf\" data-id=\"d26dacf\" data-element_type=\"column\">\n\t\t\t<div class=\"elementor-widget-wrap elementor-element-populated\">\n\t\t\t\t\t\t<div class=\"elementor-element elementor-element-2deb752 elementor-widget elementor-widget-heading\" data-id=\"2deb752\" data-element_type=\"widget\" data-widget_type=\"heading.default\">\n\t\t\t\t<div class=\"elementor-widget-container\">\n\t\t\t\t\t<h2 class=\"elementor-heading-title elementor-size-default\">BWA<\/h2>\t\t\t\t<\/div>\n\t\t\t\t<\/div>\n\t\t\t\t<div class=\"elementor-element elementor-element-66ad633 elementor-widget elementor-widget-text-editor\" data-id=\"66ad633\" data-element_type=\"widget\" data-widget_type=\"text-editor.default\">\n\t\t\t\t<div class=\"elementor-widget-container\">\n\t\t\t\t\t\t\t\t\t<p>Busques una barca semir\u00edgida on gaudir a plaer amb la teva fam\u00edlia i amics? Llavors, et recomanem BWA.<\/p>\n\t\t\t\t\t\t\t\t<\/div>\n\t\t\t\t<\/div>\n\t\t\t\t<div class=\"elementor-element elementor-element-b1c9f28 elementor-widget elementor-widget-image\" data-id=\"b1c9f28\" data-element_type=\"widget\" data-widget_type=\"image.default\">\n\t\t\t\t<div class=\"elementor-widget-container\">\n\t\t\t\t\t\t\t\t\t\t\t\t\t\t\t<img fetchpriority=\"high\" decoding=\"async\" width=\"1200\" height=\"715\" src=\"https:\/\/jopanautica.com\/wp-content\/uploads\/2020\/07\/Thumb_Jopa-Nautica-Marca-BWA.jpg\" class=\"attachment-full size-full wp-image-14059\" alt=\"\" srcset=\"https:\/\/jopanautica.com\/wp-content\/uploads\/2020\/07\/Thumb_Jopa-Nautica-Marca-BWA.jpg 1200w, https:\/\/jopanautica.com\/wp-content\/uploads\/2020\/07\/Thumb_Jopa-Nautica-Marca-BWA-300x179.jpg 300w, https:\/\/jopanautica.com\/wp-content\/uploads\/2020\/07\/Thumb_Jopa-Nautica-Marca-BWA-1024x610.jpg 1024w, https:\/\/jopanautica.com\/wp-content\/uploads\/2020\/07\/Thumb_Jopa-Nautica-Marca-BWA-768x458.jpg 768w\" sizes=\"(max-width: 1200px) 100vw, 1200px\" \/>\t\t\t\t\t\t\t\t\t\t\t\t\t\t\t<\/div>\n\t\t\t\t<\/div>\n\t\t\t\t\t<\/div>\n\t\t<\/div>\n\t\t\t\t\t<\/div>\n\t\t<\/section>\n\t\t\t\t<section class=\"elementor-section elementor-top-section elementor-element elementor-element-9425904 elementor-section-boxed elementor-section-height-default elementor-section-height-default\" data-id=\"9425904\" data-element_type=\"section\">\n\t\t\t\t\t\t<div class=\"elementor-container elementor-column-gap-default\">\n\t\t\t\t\t<div class=\"elementor-column elementor-col-66 elementor-top-column elementor-element elementor-element-9d60201\" data-id=\"9d60201\" data-element_type=\"column\">\n\t\t\t<div class=\"elementor-widget-wrap elementor-element-populated\">\n\t\t\t\t\t\t<div class=\"elementor-element elementor-element-80855b9 elementor-widget elementor-widget-heading\" data-id=\"80855b9\" data-element_type=\"widget\" data-widget_type=\"heading.default\">\n\t\t\t\t<div class=\"elementor-widget-container\">\n\t\t\t\t\t<h3 class=\"elementor-heading-title elementor-size-default\">T'ho diem aix\u00ed de conven\u00e7uts perqu\u00e8 t\u00e9 tots els accessoris que voldr\u00e0s tenir a bord per gaudir en fam\u00edlia d'un dia de mar: nevera, una zona per prendre el sol...<\/h3>\t\t\t\t<\/div>\n\t\t\t\t<\/div>\n\t\t\t\t<div class=\"elementor-element elementor-element-3c78bc5 elementor-widget elementor-widget-text-editor\" data-id=\"3c78bc5\" data-element_type=\"widget\" data-widget_type=\"text-editor.default\">\n\t\t\t\t<div class=\"elementor-widget-container\">\n\t\t\t\t\t\t\t\t\t<p>Per\u00f2 tenim un altre motiu de pes per confiar en BWA: el seu flotador \u00e9s de neopr\u00e8 en lloc de PVC i aix\u00f2 vol dir que durar\u00e0 el triple de temps sense desgastar-se.<\/p>\n<p>Ens encanta l&#8217;estabilitat i la seguretat que ens donen les BWA a altes velocitats.<\/p>\n<p>Els nostres clients acostumen a triar el model Sport 22S perqu\u00e8 fa menys de 7 metres i navega realment b\u00e9.<\/p>\n<p>Per cert, si practiques submarinisme, has de saber que BWA t\u00e9 una gamma professional espec\u00edfica dedicada a tu.<\/p>\n<p>Ens sentim molt a gust treballant amb aquesta marca perqu\u00e8, com nosaltres, mant\u00e9 l&#8217;esperit de tradici\u00f3 familiar. Va donar els seus primers passos a It\u00e0lia a finals del 1950, de la m\u00e0 de Walter Breventani. A mitjans dels 80, en va recollir el testimoni William Breventani i va fundar l&#8217;actual BWA.<\/p>\n\t\t\t\t\t\t\t\t<\/div>\n\t\t\t\t<\/div>\n\t\t\t\t<div class=\"elementor-element elementor-element-ed6b31d elementor-widget elementor-widget-image-gallery\" data-id=\"ed6b31d\" data-element_type=\"widget\" data-widget_type=\"image-gallery.default\">\n\t\t\t\t<div class=\"elementor-widget-container\">\n\t\t\t\t\t\t\t<div class=\"elementor-image-gallery\">\n\t\t\t<div id='gallery-1' class='gallery galleryid-15531 gallery-columns-6 gallery-size-thumbnail'><figure class='gallery-item'>\n\t\t\t<div class='gallery-icon landscape'>\n\t\t\t\t<a data-elementor-open-lightbox=\"yes\" data-elementor-lightbox-slideshow=\"ed6b31d\" data-elementor-lightbox-title=\"Jopa-Nautica-Marca-BWA-slider-03\" data-e-action-hash=\"#elementor-action%3Aaction%3Dlightbox%26settings%3DeyJpZCI6MTQ2MjUsInVybCI6Imh0dHBzOlwvXC9qb3BhbmF1dGljYS5jb21cL3dwLWNvbnRlbnRcL3VwbG9hZHNcLzIwMjBcLzEwXC9Kb3BhLU5hdXRpY2EtTWFyY2EtQldBLXNsaWRlci0wMy5qcGciLCJzbGlkZXNob3ciOiJlZDZiMzFkIn0%3D\" href='https:\/\/jopanautica.com\/wp-content\/uploads\/2020\/10\/Jopa-Nautica-Marca-BWA-slider-03.jpg'><img decoding=\"async\" width=\"96\" height=\"96\" src=\"https:\/\/jopanautica.com\/wp-content\/uploads\/2020\/10\/Jopa-Nautica-Marca-BWA-slider-03-150x150.jpg\" class=\"attachment-thumbnail size-thumbnail\" alt=\"\" srcset=\"https:\/\/jopanautica.com\/wp-content\/uploads\/2020\/10\/Jopa-Nautica-Marca-BWA-slider-03-150x150.jpg 150w, https:\/\/jopanautica.com\/wp-content\/uploads\/2020\/10\/Jopa-Nautica-Marca-BWA-slider-03-300x300.jpg 300w, https:\/\/jopanautica.com\/wp-content\/uploads\/2020\/10\/Jopa-Nautica-Marca-BWA-slider-03-100x100.jpg 100w\" sizes=\"(max-width: 96px) 100vw, 96px\" \/><\/a>\n\t\t\t<\/div><\/figure><figure class='gallery-item'>\n\t\t\t<div class='gallery-icon landscape'>\n\t\t\t\t<a data-elementor-open-lightbox=\"yes\" data-elementor-lightbox-slideshow=\"ed6b31d\" data-elementor-lightbox-title=\"Jopa-Nautica-Marca-BWA-slider-04\" data-e-action-hash=\"#elementor-action%3Aaction%3Dlightbox%26settings%3DeyJpZCI6MTQ2MjksInVybCI6Imh0dHBzOlwvXC9qb3BhbmF1dGljYS5jb21cL3dwLWNvbnRlbnRcL3VwbG9hZHNcLzIwMjBcLzEwXC9Kb3BhLU5hdXRpY2EtTWFyY2EtQldBLXNsaWRlci0wNC5qcGciLCJzbGlkZXNob3ciOiJlZDZiMzFkIn0%3D\" href='https:\/\/jopanautica.com\/wp-content\/uploads\/2020\/10\/Jopa-Nautica-Marca-BWA-slider-04.jpg'><img decoding=\"async\" width=\"96\" height=\"96\" src=\"https:\/\/jopanautica.com\/wp-content\/uploads\/2020\/10\/Jopa-Nautica-Marca-BWA-slider-04-150x150.jpg\" class=\"attachment-thumbnail size-thumbnail\" alt=\"\" srcset=\"https:\/\/jopanautica.com\/wp-content\/uploads\/2020\/10\/Jopa-Nautica-Marca-BWA-slider-04-150x150.jpg 150w, https:\/\/jopanautica.com\/wp-content\/uploads\/2020\/10\/Jopa-Nautica-Marca-BWA-slider-04-300x300.jpg 300w, https:\/\/jopanautica.com\/wp-content\/uploads\/2020\/10\/Jopa-Nautica-Marca-BWA-slider-04-100x100.jpg 100w\" sizes=\"(max-width: 96px) 100vw, 96px\" \/><\/a>\n\t\t\t<\/div><\/figure><figure class='gallery-item'>\n\t\t\t<div class='gallery-icon landscape'>\n\t\t\t\t<a data-elementor-open-lightbox=\"yes\" data-elementor-lightbox-slideshow=\"ed6b31d\" data-elementor-lightbox-title=\"Jopa-Nautica-Marca-BWA-slider-05\" data-e-action-hash=\"#elementor-action%3Aaction%3Dlightbox%26settings%3DeyJpZCI6MTQ2MzMsInVybCI6Imh0dHBzOlwvXC9qb3BhbmF1dGljYS5jb21cL3dwLWNvbnRlbnRcL3VwbG9hZHNcLzIwMjBcLzEwXC9Kb3BhLU5hdXRpY2EtTWFyY2EtQldBLXNsaWRlci0wNS5qcGciLCJzbGlkZXNob3ciOiJlZDZiMzFkIn0%3D\" href='https:\/\/jopanautica.com\/wp-content\/uploads\/2020\/10\/Jopa-Nautica-Marca-BWA-slider-05.jpg'><img loading=\"lazy\" decoding=\"async\" width=\"96\" height=\"96\" src=\"https:\/\/jopanautica.com\/wp-content\/uploads\/2020\/10\/Jopa-Nautica-Marca-BWA-slider-05-150x150.jpg\" class=\"attachment-thumbnail size-thumbnail\" alt=\"\" srcset=\"https:\/\/jopanautica.com\/wp-content\/uploads\/2020\/10\/Jopa-Nautica-Marca-BWA-slider-05-150x150.jpg 150w, https:\/\/jopanautica.com\/wp-content\/uploads\/2020\/10\/Jopa-Nautica-Marca-BWA-slider-05-300x300.jpg 300w, https:\/\/jopanautica.com\/wp-content\/uploads\/2020\/10\/Jopa-Nautica-Marca-BWA-slider-05-100x100.jpg 100w\" sizes=\"(max-width: 96px) 100vw, 96px\" \/><\/a>\n\t\t\t<\/div><\/figure><figure class='gallery-item'>\n\t\t\t<div class='gallery-icon landscape'>\n\t\t\t\t<a data-elementor-open-lightbox=\"yes\" data-elementor-lightbox-slideshow=\"ed6b31d\" data-elementor-lightbox-title=\"Jopa-Nautica-Marca-BWA-slider-06\" data-e-action-hash=\"#elementor-action%3Aaction%3Dlightbox%26settings%3DeyJpZCI6MTQ2MzcsInVybCI6Imh0dHBzOlwvXC9qb3BhbmF1dGljYS5jb21cL3dwLWNvbnRlbnRcL3VwbG9hZHNcLzIwMjBcLzEwXC9Kb3BhLU5hdXRpY2EtTWFyY2EtQldBLXNsaWRlci0wNi5qcGciLCJzbGlkZXNob3ciOiJlZDZiMzFkIn0%3D\" href='https:\/\/jopanautica.com\/wp-content\/uploads\/2020\/10\/Jopa-Nautica-Marca-BWA-slider-06.jpg'><img loading=\"lazy\" decoding=\"async\" width=\"96\" height=\"96\" src=\"https:\/\/jopanautica.com\/wp-content\/uploads\/2020\/10\/Jopa-Nautica-Marca-BWA-slider-06-150x150.jpg\" class=\"attachment-thumbnail size-thumbnail\" alt=\"\" srcset=\"https:\/\/jopanautica.com\/wp-content\/uploads\/2020\/10\/Jopa-Nautica-Marca-BWA-slider-06-150x150.jpg 150w, https:\/\/jopanautica.com\/wp-content\/uploads\/2020\/10\/Jopa-Nautica-Marca-BWA-slider-06-300x300.jpg 300w, https:\/\/jopanautica.com\/wp-content\/uploads\/2020\/10\/Jopa-Nautica-Marca-BWA-slider-06-100x100.jpg 100w\" sizes=\"(max-width: 96px) 100vw, 96px\" \/><\/a>\n\t\t\t<\/div><\/figure><figure class='gallery-item'>\n\t\t\t<div class='gallery-icon landscape'>\n\t\t\t\t<a data-elementor-open-lightbox=\"yes\" data-elementor-lightbox-slideshow=\"ed6b31d\" data-elementor-lightbox-title=\"Jopa-Nautica-Marca-BWA-slider-08\" data-e-action-hash=\"#elementor-action%3Aaction%3Dlightbox%26settings%3DeyJpZCI6MTQ2NDEsInVybCI6Imh0dHBzOlwvXC9qb3BhbmF1dGljYS5jb21cL3dwLWNvbnRlbnRcL3VwbG9hZHNcLzIwMjBcLzEwXC9Kb3BhLU5hdXRpY2EtTWFyY2EtQldBLXNsaWRlci0wOC5qcGciLCJzbGlkZXNob3ciOiJlZDZiMzFkIn0%3D\" href='https:\/\/jopanautica.com\/wp-content\/uploads\/2020\/10\/Jopa-Nautica-Marca-BWA-slider-08.jpg'><img loading=\"lazy\" decoding=\"async\" width=\"96\" height=\"96\" src=\"https:\/\/jopanautica.com\/wp-content\/uploads\/2020\/10\/Jopa-Nautica-Marca-BWA-slider-08-150x150.jpg\" class=\"attachment-thumbnail size-thumbnail\" alt=\"\" srcset=\"https:\/\/jopanautica.com\/wp-content\/uploads\/2020\/10\/Jopa-Nautica-Marca-BWA-slider-08-150x150.jpg 150w, https:\/\/jopanautica.com\/wp-content\/uploads\/2020\/10\/Jopa-Nautica-Marca-BWA-slider-08-300x300.jpg 300w, https:\/\/jopanautica.com\/wp-content\/uploads\/2020\/10\/Jopa-Nautica-Marca-BWA-slider-08-100x100.jpg 100w\" sizes=\"(max-width: 96px) 100vw, 96px\" \/><\/a>\n\t\t\t<\/div><\/figure><figure class='gallery-item'>\n\t\t\t<div class='gallery-icon landscape'>\n\t\t\t\t<a data-elementor-open-lightbox=\"yes\" data-elementor-lightbox-slideshow=\"ed6b31d\" data-elementor-lightbox-title=\"Jopa-Nautica-Marca-BWA-slider-09\" data-e-action-hash=\"#elementor-action%3Aaction%3Dlightbox%26settings%3DeyJpZCI6MTQ2NDUsInVybCI6Imh0dHBzOlwvXC9qb3BhbmF1dGljYS5jb21cL3dwLWNvbnRlbnRcL3VwbG9hZHNcLzIwMjBcLzEwXC9Kb3BhLU5hdXRpY2EtTWFyY2EtQldBLXNsaWRlci0wOS5qcGciLCJzbGlkZXNob3ciOiJlZDZiMzFkIn0%3D\" href='https:\/\/jopanautica.com\/wp-content\/uploads\/2020\/10\/Jopa-Nautica-Marca-BWA-slider-09.jpg'><img loading=\"lazy\" decoding=\"async\" width=\"96\" height=\"96\" src=\"https:\/\/jopanautica.com\/wp-content\/uploads\/2020\/10\/Jopa-Nautica-Marca-BWA-slider-09-150x150.jpg\" class=\"attachment-thumbnail size-thumbnail\" alt=\"\" srcset=\"https:\/\/jopanautica.com\/wp-content\/uploads\/2020\/10\/Jopa-Nautica-Marca-BWA-slider-09-150x150.jpg 150w, https:\/\/jopanautica.com\/wp-content\/uploads\/2020\/10\/Jopa-Nautica-Marca-BWA-slider-09-300x300.jpg 300w, https:\/\/jopanautica.com\/wp-content\/uploads\/2020\/10\/Jopa-Nautica-Marca-BWA-slider-09-100x100.jpg 100w\" sizes=\"(max-width: 96px) 100vw, 96px\" \/><\/a>\n\t\t\t<\/div><\/figure>\n\t\t<\/div>\n\t\t<\/div>\n\t\t\t\t\t\t<\/div>\n\t\t\t\t<\/div>\n\t\t\t\t<div class=\"elementor-element elementor-element-93c9e8c elementor-widget elementor-widget-button\" data-id=\"93c9e8c\" data-element_type=\"widget\" data-widget_type=\"button.default\">\n\t\t\t\t<div class=\"elementor-widget-container\">\n\t\t\t\t\t\t\t\t\t<div class=\"elementor-button-wrapper\">\n\t\t\t\t\t<a class=\"elementor-button elementor-button-link elementor-size-sm\" href=\"https:\/\/jopanautica.com\/ca\/en-que-podem-ajudar-te\/\">\n\t\t\t\t\t\t<span class=\"elementor-button-content-wrapper\">\n\t\t\t\t\t\t\t\t\t<span class=\"elementor-button-text\">Contacta amb nosaltres<\/span>\n\t\t\t\t\t<\/span>\n\t\t\t\t\t<\/a>\n\t\t\t\t<\/div>\n\t\t\t\t\t\t\t\t<\/div>\n\t\t\t\t<\/div>\n\t\t\t\t\t<\/div>\n\t\t<\/div>\n\t\t\t\t<div class=\"elementor-column elementor-col-33 elementor-top-column elementor-element elementor-element-c6ac4a5\" data-id=\"c6ac4a5\" data-element_type=\"column\">\n\t\t\t<div class=\"elementor-widget-wrap\">\n\t\t\t\t\t\t\t<\/div>\n\t\t<\/div>\n\t\t\t\t\t<\/div>\n\t\t<\/section>\n\t\t\t\t<\/div>\n\t\t","protected":false},"excerpt":{"rendered":"<p>Busques una barca semir\u00edgida on gaudir a plaer amb la teva fam\u00edlia i amics? Llavors, et recomanem BWA. T&#8217;ho diem aix\u00ed de conven\u00e7uts perqu\u00e8 t\u00e9 tots els accessoris que voldr\u00e0s tenir a bord per gaudir en fam\u00edlia d&#8217;un dia de mar: nevera, una zona per prendre el sol&#8230; Per\u00f2 tenim un altre motiu de pes &#8230; <a title=\"BWA\" class=\"read-more\" href=\"https:\/\/jopanautica.com\/ca\/marques\/bwa\/\" aria-label=\"M\u00e9s informaci\u00f3 sobre BWA\">Llegiu m\u00e9s<\/a><\/p>\n","protected":false},"author":1,"featured_media":0,"parent":15525,"menu_order":0,"comment_status":"closed","ping_status":"closed","template":"","meta":{"_acf_changed":false,"footnotes":""},"class_list":["post-15531","page","type-page","status-publish"],"acf":[],"yoast_head":"<!-- This site is optimized with the Yoast SEO Premium plugin v26.7 (Yoast SEO v26.7) - https:\/\/yoast.com\/wordpress\/plugins\/seo\/ -->\n<title>BWA - Jopa N\u00e0utica<\/title>\n<meta name=\"robots\" content=\"index, follow, max-snippet:-1, max-image-preview:large, max-video-preview:-1\" \/>\n<link rel=\"canonical\" href=\"https:\/\/jopanautica.com\/marcas\/bwa\/\" \/>\n<meta property=\"og:locale\" content=\"ca_ES\" \/>\n<meta property=\"og:type\" content=\"article\" \/>\n<meta property=\"og:title\" content=\"BWA\" \/>\n<meta property=\"og:description\" content=\"Busques una barca semir\u00edgida on gaudir a plaer amb la teva fam\u00edlia i amics? Llavors, et recomanem BWA. T&#8217;ho diem aix\u00ed de conven\u00e7uts perqu\u00e8 t\u00e9 tots els accessoris que voldr\u00e0s tenir a bord per gaudir en fam\u00edlia d&#8217;un dia de mar: nevera, una zona per prendre el sol&#8230; Per\u00f2 tenim un altre motiu de pes ... Llegiu m\u00e9s\" \/>\n<meta property=\"og:url\" content=\"https:\/\/jopanautica.com\/marcas\/bwa\/\" \/>\n<meta property=\"og:site_name\" content=\"Jopa N\u00e0utica\" \/>\n<meta property=\"article:modified_time\" content=\"2021-01-27T11:14:12+00:00\" \/>\n<meta property=\"og:image\" content=\"https:\/\/jopanautica.com\/wp-content\/uploads\/2020\/07\/Thumb_Jopa-Nautica-Marca-BWA.jpg\" \/>\n<meta name=\"twitter:card\" content=\"summary_large_image\" \/>\n<meta name=\"twitter:label1\" content=\"Temps estimat de lectura\" \/>\n\t<meta name=\"twitter:data1\" content=\"1 minut\" \/>\n<script type=\"application\/ld+json\" class=\"yoast-schema-graph\">{\"@context\":\"https:\/\/schema.org\",\"@graph\":[{\"@type\":\"WebPage\",\"@id\":\"https:\/\/jopanautica.com\/marcas\/bwa\/\",\"url\":\"https:\/\/jopanautica.com\/marcas\/bwa\/\",\"name\":\"BWA - Jopa N\u00e0utica\",\"isPartOf\":{\"@id\":\"https:\/\/jopanautica.com\/#website\"},\"primaryImageOfPage\":{\"@id\":\"https:\/\/jopanautica.com\/marcas\/bwa\/#primaryimage\"},\"image\":{\"@id\":\"https:\/\/jopanautica.com\/marcas\/bwa\/#primaryimage\"},\"thumbnailUrl\":\"https:\/\/jopanautica.com\/wp-content\/uploads\/2020\/07\/Thumb_Jopa-Nautica-Marca-BWA.jpg\",\"datePublished\":\"2021-01-11T14:34:01+00:00\",\"dateModified\":\"2021-01-27T11:14:12+00:00\",\"breadcrumb\":{\"@id\":\"https:\/\/jopanautica.com\/marcas\/bwa\/#breadcrumb\"},\"inLanguage\":\"ca\",\"potentialAction\":[{\"@type\":\"ReadAction\",\"target\":[\"https:\/\/jopanautica.com\/marcas\/bwa\/\"]}]},{\"@type\":\"ImageObject\",\"inLanguage\":\"ca\",\"@id\":\"https:\/\/jopanautica.com\/marcas\/bwa\/#primaryimage\",\"url\":\"https:\/\/jopanautica.com\/wp-content\/uploads\/2020\/07\/Thumb_Jopa-Nautica-Marca-BWA.jpg\",\"contentUrl\":\"https:\/\/jopanautica.com\/wp-content\/uploads\/2020\/07\/Thumb_Jopa-Nautica-Marca-BWA.jpg\"},{\"@type\":\"BreadcrumbList\",\"@id\":\"https:\/\/jopanautica.com\/marcas\/bwa\/#breadcrumb\",\"itemListElement\":[{\"@type\":\"ListItem\",\"position\":1,\"name\":\"Portada\",\"item\":\"https:\/\/jopanautica.com\/\"},{\"@type\":\"ListItem\",\"position\":2,\"name\":\"Marques\",\"item\":\"https:\/\/jopanautica.com\/marcas\/\"},{\"@type\":\"ListItem\",\"position\":3,\"name\":\"BWA\"}]},{\"@type\":\"WebSite\",\"@id\":\"https:\/\/jopanautica.com\/#website\",\"url\":\"https:\/\/jopanautica.com\/\",\"name\":\"Jopa N\u00e0utica\",\"description\":\"Jopa N\u00e0utica l&#039; Escala\",\"publisher\":{\"@id\":\"https:\/\/jopanautica.com\/#organization\"},\"potentialAction\":[{\"@type\":\"SearchAction\",\"target\":{\"@type\":\"EntryPoint\",\"urlTemplate\":\"https:\/\/jopanautica.com\/?s={search_term_string}\"},\"query-input\":{\"@type\":\"PropertyValueSpecification\",\"valueRequired\":true,\"valueName\":\"search_term_string\"}}],\"inLanguage\":\"ca\"},{\"@type\":\"Organization\",\"@id\":\"https:\/\/jopanautica.com\/#organization\",\"name\":\"Jopa N\u00e0utica\",\"url\":\"https:\/\/jopanautica.com\/\",\"logo\":{\"@type\":\"ImageObject\",\"inLanguage\":\"ca\",\"@id\":\"https:\/\/jopanautica.com\/#\/schema\/logo\/image\/\",\"url\":\"https:\/\/jopanautica.com\/wp-content\/uploads\/2020\/06\/jopa-nautica-logo.png\",\"contentUrl\":\"https:\/\/jopanautica.com\/wp-content\/uploads\/2020\/06\/jopa-nautica-logo.png\",\"width\":600,\"height\":159,\"caption\":\"Jopa N\u00e0utica\"},\"image\":{\"@id\":\"https:\/\/jopanautica.com\/#\/schema\/logo\/image\/\"}}]}<\/script>\n<!-- \/ Yoast SEO Premium plugin. -->","yoast_head_json":{"title":"BWA - Jopa N\u00e0utica","robots":{"index":"index","follow":"follow","max-snippet":"max-snippet:-1","max-image-preview":"max-image-preview:large","max-video-preview":"max-video-preview:-1"},"canonical":"https:\/\/jopanautica.com\/marcas\/bwa\/","og_locale":"ca_ES","og_type":"article","og_title":"BWA","og_description":"Busques una barca semir\u00edgida on gaudir a plaer amb la teva fam\u00edlia i amics? Llavors, et recomanem BWA. T&#8217;ho diem aix\u00ed de conven\u00e7uts perqu\u00e8 t\u00e9 tots els accessoris que voldr\u00e0s tenir a bord per gaudir en fam\u00edlia d&#8217;un dia de mar: nevera, una zona per prendre el sol&#8230; Per\u00f2 tenim un altre motiu de pes ... Llegiu m\u00e9s","og_url":"https:\/\/jopanautica.com\/marcas\/bwa\/","og_site_name":"Jopa N\u00e0utica","article_modified_time":"2021-01-27T11:14:12+00:00","og_image":[{"url":"https:\/\/jopanautica.com\/wp-content\/uploads\/2020\/07\/Thumb_Jopa-Nautica-Marca-BWA.jpg","type":"","width":"","height":""}],"twitter_card":"summary_large_image","twitter_misc":{"Temps estimat de lectura":"1 minut"},"schema":{"@context":"https:\/\/schema.org","@graph":[{"@type":"WebPage","@id":"https:\/\/jopanautica.com\/marcas\/bwa\/","url":"https:\/\/jopanautica.com\/marcas\/bwa\/","name":"BWA - Jopa N\u00e0utica","isPartOf":{"@id":"https:\/\/jopanautica.com\/#website"},"primaryImageOfPage":{"@id":"https:\/\/jopanautica.com\/marcas\/bwa\/#primaryimage"},"image":{"@id":"https:\/\/jopanautica.com\/marcas\/bwa\/#primaryimage"},"thumbnailUrl":"https:\/\/jopanautica.com\/wp-content\/uploads\/2020\/07\/Thumb_Jopa-Nautica-Marca-BWA.jpg","datePublished":"2021-01-11T14:34:01+00:00","dateModified":"2021-01-27T11:14:12+00:00","breadcrumb":{"@id":"https:\/\/jopanautica.com\/marcas\/bwa\/#breadcrumb"},"inLanguage":"ca","potentialAction":[{"@type":"ReadAction","target":["https:\/\/jopanautica.com\/marcas\/bwa\/"]}]},{"@type":"ImageObject","inLanguage":"ca","@id":"https:\/\/jopanautica.com\/marcas\/bwa\/#primaryimage","url":"https:\/\/jopanautica.com\/wp-content\/uploads\/2020\/07\/Thumb_Jopa-Nautica-Marca-BWA.jpg","contentUrl":"https:\/\/jopanautica.com\/wp-content\/uploads\/2020\/07\/Thumb_Jopa-Nautica-Marca-BWA.jpg"},{"@type":"BreadcrumbList","@id":"https:\/\/jopanautica.com\/marcas\/bwa\/#breadcrumb","itemListElement":[{"@type":"ListItem","position":1,"name":"Portada","item":"https:\/\/jopanautica.com\/"},{"@type":"ListItem","position":2,"name":"Marques","item":"https:\/\/jopanautica.com\/marcas\/"},{"@type":"ListItem","position":3,"name":"BWA"}]},{"@type":"WebSite","@id":"https:\/\/jopanautica.com\/#website","url":"https:\/\/jopanautica.com\/","name":"Jopa N\u00e0utica","description":"Jopa N\u00e0utica l&#039; Escala","publisher":{"@id":"https:\/\/jopanautica.com\/#organization"},"potentialAction":[{"@type":"SearchAction","target":{"@type":"EntryPoint","urlTemplate":"https:\/\/jopanautica.com\/?s={search_term_string}"},"query-input":{"@type":"PropertyValueSpecification","valueRequired":true,"valueName":"search_term_string"}}],"inLanguage":"ca"},{"@type":"Organization","@id":"https:\/\/jopanautica.com\/#organization","name":"Jopa N\u00e0utica","url":"https:\/\/jopanautica.com\/","logo":{"@type":"ImageObject","inLanguage":"ca","@id":"https:\/\/jopanautica.com\/#\/schema\/logo\/image\/","url":"https:\/\/jopanautica.com\/wp-content\/uploads\/2020\/06\/jopa-nautica-logo.png","contentUrl":"https:\/\/jopanautica.com\/wp-content\/uploads\/2020\/06\/jopa-nautica-logo.png","width":600,"height":159,"caption":"Jopa N\u00e0utica"},"image":{"@id":"https:\/\/jopanautica.com\/#\/schema\/logo\/image\/"}}]}},"_links":{"self":[{"href":"https:\/\/jopanautica.com\/ca\/wp-json\/wp\/v2\/pages\/15531","targetHints":{"allow":["GET"]}}],"collection":[{"href":"https:\/\/jopanautica.com\/ca\/wp-json\/wp\/v2\/pages"}],"about":[{"href":"https:\/\/jopanautica.com\/ca\/wp-json\/wp\/v2\/types\/page"}],"author":[{"embeddable":true,"href":"https:\/\/jopanautica.com\/ca\/wp-json\/wp\/v2\/users\/1"}],"replies":[{"embeddable":true,"href":"https:\/\/jopanautica.com\/ca\/wp-json\/wp\/v2\/comments?post=15531"}],"version-history":[{"count":5,"href":"https:\/\/jopanautica.com\/ca\/wp-json\/wp\/v2\/pages\/15531\/revisions"}],"predecessor-version":[{"id":16500,"href":"https:\/\/jopanautica.com\/ca\/wp-json\/wp\/v2\/pages\/15531\/revisions\/16500"}],"up":[{"embeddable":true,"href":"https:\/\/jopanautica.com\/ca\/wp-json\/wp\/v2\/pages\/15525"}],"wp:attachment":[{"href":"https:\/\/jopanautica.com\/ca\/wp-json\/wp\/v2\/media?parent=15531"}],"curies":[{"name":"wp","href":"https:\/\/api.w.org\/{rel}","templated":true}]}}